{"id":411,"date":"2021-11-23T12:31:52","date_gmt":"2021-11-23T11:31:52","guid":{"rendered":"https:\/\/www.chauffeurtaxi91.fr\/?page_id=411"},"modified":"2022-02-16T16:37:03","modified_gmt":"2022-02-16T15:37:03","slug":"vtc-corbeil-essonnes","status":"publish","type":"page","link":"https:\/\/www.chauffeurtaxi91.fr\/fr\/vtc-corbeil-essonnes\/","title":{"rendered":"VTC Corbeil-Essonnes"},"content":{"rendered":"\n<h2 class=\"wp-block-heading\" id=\"un-vtc-a-corbeil-essonnes-hl-transport-est-a-votre-service\">Un VTC \u00e0 Corbeil-Essonnes ? HL-Transport est \u00e0 votre service<\/h2>\n\n\n\n<p>Vous voyagez seul ou en groupe ? Vous <strong>d\u00e9sirez vous d\u00e9placer \u00e0 l\u2019int\u00e9rieur de Corbeil-Essonnes<\/strong>, ou \u00e0 l\u2019ext\u00e9rieur de cette commune, pour <strong>vous rendre \u00e0 Paris ou en \u00cele-de-France<\/strong> ? <strong>HL-Transport<\/strong> assure tous vos d\u00e9placements. Parce que vous fid\u00e9liser compte pour nous, que nous vous garantissons les plus bas tarifs pour le meilleur service.<\/p>\n\n\n\n<h2 class=\"wp-block-heading\" id=\"les-services-proposes-par-hl-transport\">Les services propos\u00e9s par HL-Transport<\/h2>\n\n\n\n<p>Une large gamme de services est propos\u00e9e \u00e0 nos clients, que vous soyez particulier, professionnel ou touriste.<\/p>\n\n\n\n<h3 class=\"wp-block-heading\" id=\"transfert-vers-les-aeroports\">Transfert vers les a\u00e9roports<\/h3>\n\n\n\n<p>Vous \u00eates \u00e0 <strong>Corbeil-Essonnes<\/strong> et vous souhaitez <strong>vous d\u00e9placer vers l\u2019un des a\u00e9roports de Paris ?<\/strong><\/p>\n\n\n\n<ul class=\"wp-block-list\"><li>Roissy-Charles-de-Gaulle ;<\/li><li>Orly ;<\/li><li>Le Bourget ;<\/li><\/ul>\n\n\n\n<p>Nous vous garantissons <strong>le transfert \u00e0 l\u2019heure pr\u00e9vue<\/strong> pour que vous commenciez un voyage en toute qui\u00e9tude.<\/p>\n\n\n\n<h3 class=\"wp-block-heading\" id=\"transfert-vers-les-gares\">Transfert vers les gares<\/h3>\n\n\n\n<p>Vous avez <strong>un train \u00e0 prendre<\/strong> ? Notre mission <strong>est que vous soyez \u00e0 l\u2019heure <\/strong>et d\u2019arriver en toute s\u00e9curit\u00e9 \u00e0 n\u2019importe quelle <strong>gare de Paris.<\/strong><\/p>\n\n\n\n<ul class=\"wp-block-list\"><li>La gare de l\u2019Est ;<\/li><li>La gare du Nord ;<\/li><li>La gare de Montparnasse ;<\/li><li>La gare de Saint-Lazare ;<\/li><li>La gare de Lyon ;<\/li><li>La <a href=\"https:\/\/www.garesetconnexions.sncf\/fr\/gare\/frpbe\/paris-bercy-bourgogne-pays-dauvergne\" target=\"_blank\" rel=\"noreferrer noopener\">gare de Bercy<\/a> ;<\/li><li>La gare d\u2019Austerlitz ;<\/li><\/ul>\n\n\n\n<h3 class=\"wp-block-heading\" id=\"nous-faisons-le-trajet-pour-vous\">Nous faisons le trajet pour vous<\/h3>\n\n\n\n<p>Vous avez un rendez-vous important ? Une mission ? Une course \u00e0 faire ? <strong>HL-Transport <\/strong>est votre partenaire en voyage, pour les <strong>petites et longues distances<\/strong>.<\/p>\n\n\n\n<h3 class=\"wp-block-heading\" id=\"un-chauffeur-a-votre-disposition\">Un chauffeur \u00e0 votre disposition<\/h3>\n\n\n\n<p>D\u00e8s lors que vous r\u00e9servez un VTC, <strong>un v\u00e9hicule de votre choix est mis \u00e0 votre disposition avec un conducteur professionnel<\/strong>, qui sera votre chauffeur priv\u00e9 pendant tout le trajet jusqu&rsquo;\u00e0 votre arriv\u00e9e \u00e0 destination.<\/p>\n\n\n\n<h2 class=\"wp-block-heading\" id=\"des-informations-utiles-pour-vos-deplacements-a-partir-de-corbeil-essonnes\">Des informations utiles pour vos d\u00e9placements \u00e0 partir de Corbeil-Essonnes&nbsp;<\/h2>\n\n\n\n<p>Pour vous<strong>, HL-Transport se r\u00e9invente en guide,<\/strong> afin de vous aider \u00e0 vous projeter dans vos d\u00e9placements et de faire votre planning en fonction des distances parcourues et du temps n\u00e9cessaire pour arriver \u00e0 destination.<\/p>\n\n\n\n<h3 class=\"wp-block-heading\" id=\"de-corbeil-essonnes-a-l-aeroport-de-roissy-charles-de-gaulle\">De Corbeil-Essonnes \u00e0 l\u2019a\u00e9roport de Roissy-Charles-de-Gaulle<\/h3>\n\n\n\n<p><strong>Une distance approximative de 70 km s\u00e9pare la commune de Corbeil-Essonnes de l\u2019a\u00e9roport de Paris-Charles-de-Gaulle.<\/strong> Le temps qu\u2019il faut pour arriver \u00e0 destination est soit de :<\/p>\n\n\n\n<ul class=\"wp-block-list\"><li>1 h 12 m ;<\/li><li>1 h 27 m ;<\/li><li>1 h 35 m ;<\/li><\/ul>\n\n\n\n<p>Ce temps d\u00e9pend de l\u2019autoroute emprunt\u00e9e.<\/p>\n\n\n\n<h3 class=\"wp-block-heading\" id=\"de-corbeil-essonnes-a-l-aeroport-d-orly\">De Corbeil-Essonnes \u00e0 l\u2019a\u00e9roport d\u2019Orly<\/h3>\n\n\n\n<p><strong>30 km plus ou moins, s\u00e9parent la Commune de Corbeil-Essonnes de l\u2019a\u00e9roport d\u2019Orly<\/strong>. Il faut entre 32 m et 50 m pour faire cette distance en voiture avec HL-Transport.<\/p>\n\n\n\n<h3 class=\"wp-block-heading\" id=\"de-corbeil-essonnes-a-l-aeroport-de-paris-le-bourget\">De Corbeil-Essonnes \u00e0 l\u2019a\u00e9roport de Paris-Le-Bourget&nbsp;<\/h3>\n\n\n\n<p>1 h 20 m, 1 h 33 min ou 1 h 36 m s\u00e9parent <strong>Corbeil-Essonnes de l\u2019a\u00e9roport de Paris-Le Bourget <\/strong>pour une distance de 74 km. La dur\u00e9e du trajet est variable selon la route emprunt\u00e9e.<\/p>\n\n\n\n<h3 class=\"wp-block-heading\" id=\"de-corbeil-essonnes-a-paris-gare-de-lyon\">De Corbeil-Essonnes \u00e0 Paris-Gare de Lyon<\/h3>\n\n\n\n<p>Tout d\u00e9pend de la route emprunt\u00e9e, la distance et la dur\u00e9e du voyage peuvent plus ou moins changer :<\/p>\n\n\n\n<ul class=\"wp-block-list\"><li>A6, 39 km en 1 heure ;<\/li><li>N6, 40 km en 1 h 5 min ;<\/li><li>N104, 58 km en 1 h 40 min ;<\/li><li>A4, 58 km en 1 h 40 min ;<\/li><\/ul>\n\n\n\n<h3 class=\"wp-block-heading\" id=\"de-corbeil-essonnes-a-la-gare-de-paris-montparnasse\">De Corbeil-Essonnes \u00e0 la Gare de Paris-Montparnasse<\/h3>\n\n\n\n<p>30 km en 37 min pour <strong>vous d\u00e9placer de Corbeil-Essonnes vers la Gare Montparnasse<\/strong> dans l\u2019un de nos v\u00e9hicules conduit par un chauffeur professionnel.&nbsp;<\/p>\n\n\n\n<p>D\u2019autres informations peuvent vous \u00eatre d\u00e9voil\u00e9es par t\u00e9l\u00e9phone sur le <strong>0668824129.<\/strong> N\u2019h\u00e9sitez pas \u00e0 commander votre chauffeur <a href=\"https:\/\/www.chauffeurtaxi91.fr\/reservation-chauffeur-taxi\/\"><strong>en ligne<\/strong><\/a> ou par t\u00e9l\u00e9phone. Notre mission est de vous servir aux plus bas prix.<\/p>\n\n\n\n<div class=\"wp-block-columns is-layout-flex wp-container-core-columns-is-layout-9d6595d7 wp-block-columns-is-layout-flex\">\n<div class=\"wp-block-column is-layout-flow wp-block-column-is-layout-flow\">\n<figure class=\"wp-block-image size-full\"><img loading=\"lazy\" decoding=\"async\" width=\"1024\" height=\"683\" src=\"https:\/\/www.chauffeurtaxi91.fr\/wp-content\/uploads\/2022\/02\/Corbeil-Essonnes-c-bon-min.jpg\" alt=\"VTC Corbeil-Essonnes \" class=\"wp-image-695\" srcset=\"https:\/\/www.chauffeurtaxi91.fr\/wp-content\/uploads\/2022\/02\/Corbeil-Essonnes-c-bon-min.jpg 1024w, https:\/\/www.chauffeurtaxi91.fr\/wp-content\/uploads\/2022\/02\/Corbeil-Essonnes-c-bon-min-980x654.jpg 980w, https:\/\/www.chauffeurtaxi91.fr\/wp-content\/uploads\/2022\/02\/Corbeil-Essonnes-c-bon-min-480x320.jpg 480w\" sizes=\"auto, (min-width: 0px) and (max-width: 480px) 480px, (min-width: 481px) and (max-width: 980px) 980px, (min-width: 981px) 1024px, 100vw\" \/><\/figure>\n<\/div>\n\n\n\n<div class=\"wp-block-column is-layout-flow wp-block-column-is-layout-flow\">\n<iframe src=\"https:\/\/www.google.com\/maps\/embed?pb=!1m18!1m12!1m3!1d42217.71240101101!2d2.4298790241991193!3d48.59822280487501!2m3!1f0!2f0!3f0!3m2!1i1024!2i768!4f13.1!3m3!1m2!1s0x47e5e72a803c541b%3A0x2fb9a503a3a34766!2s91100%20Corbeil-Essonnes%2C%20France!5e0!3m2!1sfr!2stn!4v1645004058811!5m2!1sfr!2stn\" width=\"600\" height=\"300\" style=\"border:0;\" allowfullscreen=\"\" loading=\"lazy\"><\/iframe>\n<\/div>\n<\/div>\n","protected":false},"excerpt":{"rendered":"<p>Un VTC \u00e0 Corbeil-Essonnes ? HL-Transport est \u00e0 votre service Vous voyagez seul ou en groupe ? Vous d\u00e9sirez vous d\u00e9placer \u00e0 l\u2019int\u00e9rieur de Corbeil-Essonnes, ou \u00e0 l\u2019ext\u00e9rieur de cette commune, pour vous rendre \u00e0 Paris ou en \u00cele-de-France ? HL-Transport assure tous vos d\u00e9placements. Parce que vous fid\u00e9liser compte pour nous, que nous vous [&hellip;]<\/p>\n","protected":false},"author":1,"featured_media":0,"parent":0,"menu_order":0,"comment_status":"closed","ping_status":"closed","template":"","meta":{"_et_pb_use_builder":"off","_et_pb_old_content":"","_et_gb_content_width":"","footnotes":""},"class_list":["post-411","page","type-page","status-publish","hentry"],"yoast_head":"<!-- This site is optimized with the Yoast SEO plugin v27.4 - https:\/\/yoast.com\/product\/yoast-seo-wordpress\/ -->\n<title>VTC Corbeil-Essonnes toujours \u00e0 votre service<\/title>\n<meta name=\"description\" content=\"HL-Transport est \u00e0 votre service avec un VTC \u00e0 Corbeil-Essonnes disponible 24h\/24 qualifi\u00e9s et tr\u00e8s comp\u00e9tent\" \/>\n<meta name=\"robots\" content=\"index, follow, max-snippet:-1, max-image-preview:large, max-video-preview:-1\" \/>\n<link rel=\"canonical\" href=\"https:\/\/www.chauffeurtaxi91.fr\/fr\/vtc-corbeil-essonnes\/\" \/>\n<meta property=\"og:locale\" content=\"fr_FR\" \/>\n<meta property=\"og:type\" content=\"article\" \/>\n<meta property=\"og:title\" content=\"VTC Corbeil-Essonnes toujours \u00e0 votre service\" \/>\n<meta property=\"og:description\" content=\"HL-Transport est \u00e0 votre service avec un VTC \u00e0 Corbeil-Essonnes disponible 24h\/24 qualifi\u00e9s et tr\u00e8s comp\u00e9tent\" \/>\n<meta property=\"og:url\" content=\"https:\/\/www.chauffeurtaxi91.fr\/fr\/vtc-corbeil-essonnes\/\" \/>\n<meta property=\"og:site_name\" content=\"Chauffeur Taxi | \u00cele-de-France | Essonne (91) &amp; Seine-et-marne (77)\" \/>\n<meta property=\"article:modified_time\" content=\"2022-02-16T15:37:03+00:00\" \/>\n<meta property=\"og:image\" content=\"https:\/\/www.chauffeurtaxi91.fr\/wp-content\/uploads\/2022\/02\/Corbeil-Essonnes-c-bon-min.jpg\" \/>\n<meta name=\"twitter:card\" content=\"summary_large_image\" \/>\n<meta name=\"twitter:label1\" content=\"Dur\u00e9e de lecture estim\u00e9e\" \/>\n\t<meta name=\"twitter:data1\" content=\"3 minutes\" \/>\n<script type=\"application\/ld+json\" class=\"yoast-schema-graph\">{\"@context\":\"https:\\\/\\\/schema.org\",\"@graph\":[{\"@type\":\"WebPage\",\"@id\":\"https:\\\/\\\/www.chauffeurtaxi91.fr\\\/vtc-corbeil-essonnes\\\/\",\"url\":\"https:\\\/\\\/www.chauffeurtaxi91.fr\\\/vtc-corbeil-essonnes\\\/\",\"name\":\"VTC Corbeil-Essonnes toujours \u00e0 votre service\",\"isPartOf\":{\"@id\":\"https:\\\/\\\/www.chauffeurtaxi91.fr\\\/#website\"},\"primaryImageOfPage\":{\"@id\":\"https:\\\/\\\/www.chauffeurtaxi91.fr\\\/vtc-corbeil-essonnes\\\/#primaryimage\"},\"image\":{\"@id\":\"https:\\\/\\\/www.chauffeurtaxi91.fr\\\/vtc-corbeil-essonnes\\\/#primaryimage\"},\"thumbnailUrl\":\"https:\\\/\\\/www.chauffeurtaxi91.fr\\\/wp-content\\\/uploads\\\/2022\\\/02\\\/Corbeil-Essonnes-c-bon-min.jpg\",\"datePublished\":\"2021-11-23T11:31:52+00:00\",\"dateModified\":\"2022-02-16T15:37:03+00:00\",\"description\":\"HL-Transport est \u00e0 votre service avec un VTC \u00e0 Corbeil-Essonnes disponible 24h\\\/24 qualifi\u00e9s et tr\u00e8s comp\u00e9tent\",\"breadcrumb\":{\"@id\":\"https:\\\/\\\/www.chauffeurtaxi91.fr\\\/vtc-corbeil-essonnes\\\/#breadcrumb\"},\"inLanguage\":\"fr-FR\",\"potentialAction\":[{\"@type\":\"ReadAction\",\"target\":[\"https:\\\/\\\/www.chauffeurtaxi91.fr\\\/vtc-corbeil-essonnes\\\/\"]}]},{\"@type\":\"ImageObject\",\"inLanguage\":\"fr-FR\",\"@id\":\"https:\\\/\\\/www.chauffeurtaxi91.fr\\\/vtc-corbeil-essonnes\\\/#primaryimage\",\"url\":\"https:\\\/\\\/www.chauffeurtaxi91.fr\\\/wp-content\\\/uploads\\\/2022\\\/02\\\/Corbeil-Essonnes-c-bon-min.jpg\",\"contentUrl\":\"https:\\\/\\\/www.chauffeurtaxi91.fr\\\/wp-content\\\/uploads\\\/2022\\\/02\\\/Corbeil-Essonnes-c-bon-min.jpg\"},{\"@type\":\"BreadcrumbList\",\"@id\":\"https:\\\/\\\/www.chauffeurtaxi91.fr\\\/vtc-corbeil-essonnes\\\/#breadcrumb\",\"itemListElement\":[{\"@type\":\"ListItem\",\"position\":1,\"name\":\"Accueil\",\"item\":\"https:\\\/\\\/www.chauffeurtaxi91.fr\\\/fr\\\/\"},{\"@type\":\"ListItem\",\"position\":2,\"name\":\"VTC Corbeil-Essonnes\"}]},{\"@type\":\"WebSite\",\"@id\":\"https:\\\/\\\/www.chauffeurtaxi91.fr\\\/#website\",\"url\":\"https:\\\/\\\/www.chauffeurtaxi91.fr\\\/\",\"name\":\"Chauffeur Taxi | \u00cele-de-France | Essonne (91) &amp; Seine-et-marne (77)\",\"description\":\"R\u00e9servez votre taxi | 24h\\\/24 7j\\\/7\",\"publisher\":{\"@id\":\"https:\\\/\\\/www.chauffeurtaxi91.fr\\\/#organization\"},\"potentialAction\":[{\"@type\":\"SearchAction\",\"target\":{\"@type\":\"EntryPoint\",\"urlTemplate\":\"https:\\\/\\\/www.chauffeurtaxi91.fr\\\/?s={search_term_string}\"},\"query-input\":{\"@type\":\"PropertyValueSpecification\",\"valueRequired\":true,\"valueName\":\"search_term_string\"}}],\"inLanguage\":\"fr-FR\"},{\"@type\":\"Organization\",\"@id\":\"https:\\\/\\\/www.chauffeurtaxi91.fr\\\/#organization\",\"name\":\"HL TRANSPORT\",\"url\":\"https:\\\/\\\/www.chauffeurtaxi91.fr\\\/\",\"logo\":{\"@type\":\"ImageObject\",\"inLanguage\":\"fr-FR\",\"@id\":\"https:\\\/\\\/www.chauffeurtaxi91.fr\\\/#\\\/schema\\\/logo\\\/image\\\/\",\"url\":\"https:\\\/\\\/chauffeurtaxi91.fr\\\/wp-content\\\/uploads\\\/2021\\\/07\\\/cropped-4eec4f87-4fce-4ff6-bbdf-932a1b0f000e-1.jpg\",\"contentUrl\":\"https:\\\/\\\/chauffeurtaxi91.fr\\\/wp-content\\\/uploads\\\/2021\\\/07\\\/cropped-4eec4f87-4fce-4ff6-bbdf-932a1b0f000e-1.jpg\",\"width\":512,\"height\":512,\"caption\":\"HL TRANSPORT\"},\"image\":{\"@id\":\"https:\\\/\\\/www.chauffeurtaxi91.fr\\\/#\\\/schema\\\/logo\\\/image\\\/\"}}]}<\/script>\n<!-- \/ Yoast SEO plugin. -->","yoast_head_json":{"title":"VTC Corbeil-Essonnes toujours \u00e0 votre service","description":"HL-Transport est \u00e0 votre service avec un VTC \u00e0 Corbeil-Essonnes disponible 24h\/24 qualifi\u00e9s et tr\u00e8s comp\u00e9tent","robots":{"index":"index","follow":"follow","max-snippet":"max-snippet:-1","max-image-preview":"max-image-preview:large","max-video-preview":"max-video-preview:-1"},"canonical":"https:\/\/www.chauffeurtaxi91.fr\/fr\/vtc-corbeil-essonnes\/","og_locale":"fr_FR","og_type":"article","og_title":"VTC Corbeil-Essonnes toujours \u00e0 votre service","og_description":"HL-Transport est \u00e0 votre service avec un VTC \u00e0 Corbeil-Essonnes disponible 24h\/24 qualifi\u00e9s et tr\u00e8s comp\u00e9tent","og_url":"https:\/\/www.chauffeurtaxi91.fr\/fr\/vtc-corbeil-essonnes\/","og_site_name":"Chauffeur Taxi | \u00cele-de-France | Essonne (91) &amp; Seine-et-marne (77)","article_modified_time":"2022-02-16T15:37:03+00:00","og_image":[{"url":"https:\/\/www.chauffeurtaxi91.fr\/wp-content\/uploads\/2022\/02\/Corbeil-Essonnes-c-bon-min.jpg","type":"","width":"","height":""}],"twitter_card":"summary_large_image","twitter_misc":{"Dur\u00e9e de lecture estim\u00e9e":"3 minutes"},"schema":{"@context":"https:\/\/schema.org","@graph":[{"@type":"WebPage","@id":"https:\/\/www.chauffeurtaxi91.fr\/vtc-corbeil-essonnes\/","url":"https:\/\/www.chauffeurtaxi91.fr\/vtc-corbeil-essonnes\/","name":"VTC Corbeil-Essonnes toujours \u00e0 votre service","isPartOf":{"@id":"https:\/\/www.chauffeurtaxi91.fr\/#website"},"primaryImageOfPage":{"@id":"https:\/\/www.chauffeurtaxi91.fr\/vtc-corbeil-essonnes\/#primaryimage"},"image":{"@id":"https:\/\/www.chauffeurtaxi91.fr\/vtc-corbeil-essonnes\/#primaryimage"},"thumbnailUrl":"https:\/\/www.chauffeurtaxi91.fr\/wp-content\/uploads\/2022\/02\/Corbeil-Essonnes-c-bon-min.jpg","datePublished":"2021-11-23T11:31:52+00:00","dateModified":"2022-02-16T15:37:03+00:00","description":"HL-Transport est \u00e0 votre service avec un VTC \u00e0 Corbeil-Essonnes disponible 24h\/24 qualifi\u00e9s et tr\u00e8s comp\u00e9tent","breadcrumb":{"@id":"https:\/\/www.chauffeurtaxi91.fr\/vtc-corbeil-essonnes\/#breadcrumb"},"inLanguage":"fr-FR","potentialAction":[{"@type":"ReadAction","target":["https:\/\/www.chauffeurtaxi91.fr\/vtc-corbeil-essonnes\/"]}]},{"@type":"ImageObject","inLanguage":"fr-FR","@id":"https:\/\/www.chauffeurtaxi91.fr\/vtc-corbeil-essonnes\/#primaryimage","url":"https:\/\/www.chauffeurtaxi91.fr\/wp-content\/uploads\/2022\/02\/Corbeil-Essonnes-c-bon-min.jpg","contentUrl":"https:\/\/www.chauffeurtaxi91.fr\/wp-content\/uploads\/2022\/02\/Corbeil-Essonnes-c-bon-min.jpg"},{"@type":"BreadcrumbList","@id":"https:\/\/www.chauffeurtaxi91.fr\/vtc-corbeil-essonnes\/#breadcrumb","itemListElement":[{"@type":"ListItem","position":1,"name":"Accueil","item":"https:\/\/www.chauffeurtaxi91.fr\/fr\/"},{"@type":"ListItem","position":2,"name":"VTC Corbeil-Essonnes"}]},{"@type":"WebSite","@id":"https:\/\/www.chauffeurtaxi91.fr\/#website","url":"https:\/\/www.chauffeurtaxi91.fr\/","name":"Chauffeur Taxi | \u00cele-de-France | Essonne (91) &amp; Seine-et-marne (77)","description":"R\u00e9servez votre taxi | 24h\/24 7j\/7","publisher":{"@id":"https:\/\/www.chauffeurtaxi91.fr\/#organization"},"potentialAction":[{"@type":"SearchAction","target":{"@type":"EntryPoint","urlTemplate":"https:\/\/www.chauffeurtaxi91.fr\/?s={search_term_string}"},"query-input":{"@type":"PropertyValueSpecification","valueRequired":true,"valueName":"search_term_string"}}],"inLanguage":"fr-FR"},{"@type":"Organization","@id":"https:\/\/www.chauffeurtaxi91.fr\/#organization","name":"HL TRANSPORT","url":"https:\/\/www.chauffeurtaxi91.fr\/","logo":{"@type":"ImageObject","inLanguage":"fr-FR","@id":"https:\/\/www.chauffeurtaxi91.fr\/#\/schema\/logo\/image\/","url":"https:\/\/chauffeurtaxi91.fr\/wp-content\/uploads\/2021\/07\/cropped-4eec4f87-4fce-4ff6-bbdf-932a1b0f000e-1.jpg","contentUrl":"https:\/\/chauffeurtaxi91.fr\/wp-content\/uploads\/2021\/07\/cropped-4eec4f87-4fce-4ff6-bbdf-932a1b0f000e-1.jpg","width":512,"height":512,"caption":"HL TRANSPORT"},"image":{"@id":"https:\/\/www.chauffeurtaxi91.fr\/#\/schema\/logo\/image\/"}}]}},"_links":{"self":[{"href":"https:\/\/www.chauffeurtaxi91.fr\/fr\/wp-json\/wp\/v2\/pages\/411","targetHints":{"allow":["GET"]}}],"collection":[{"href":"https:\/\/www.chauffeurtaxi91.fr\/fr\/wp-json\/wp\/v2\/pages"}],"about":[{"href":"https:\/\/www.chauffeurtaxi91.fr\/fr\/wp-json\/wp\/v2\/types\/page"}],"author":[{"embeddable":true,"href":"https:\/\/www.chauffeurtaxi91.fr\/fr\/wp-json\/wp\/v2\/users\/1"}],"replies":[{"embeddable":true,"href":"https:\/\/www.chauffeurtaxi91.fr\/fr\/wp-json\/wp\/v2\/comments?post=411"}],"version-history":[{"count":0,"href":"https:\/\/www.chauffeurtaxi91.fr\/fr\/wp-json\/wp\/v2\/pages\/411\/revisions"}],"wp:attachment":[{"href":"https:\/\/www.chauffeurtaxi91.fr\/fr\/wp-json\/wp\/v2\/media?parent=411"}],"curies":[{"name":"wp","href":"https:\/\/api.w.org\/{rel}","templated":true}]}}