{"id":417,"date":"2021-11-23T14:31:27","date_gmt":"2021-11-23T13:31:27","guid":{"rendered":"https:\/\/www.chauffeurtaxi91.fr\/?page_id=417"},"modified":"2022-02-17T10:54:10","modified_gmt":"2022-02-17T09:54:10","slug":"vtc-evry","status":"publish","type":"page","link":"https:\/\/www.chauffeurtaxi91.fr\/fr\/vtc-evry\/","title":{"rendered":"VTC Evry"},"content":{"rendered":"\n<p>Parce que <strong>voyager en voiture<\/strong> n\u2019est pas qu\u2019un simple transport, mais une exp\u00e9rience, que HL-transport vous fait la promesse de faire de vos trajets l\u2019exp\u00e9rience la plus agr\u00e9able possible. <strong>Vous \u00eates \u00e0 Evry et souhaitez vous d\u00e9placer,<\/strong> \u00e0 l\u2019int\u00e9rieur de cette commune, n\u2019importe ou dans la ville de <strong>Paris ou dans l\u2019\u00cele-de-France<\/strong> ! \u00c0 n\u2019importe quel moment de la journ\u00e9e comme de la nuit et n\u2019importe quel jour, <strong>HL-Transport <\/strong>est votre partenaire par excellence pour <strong>tous vos d\u00e9placements,<\/strong> petits ou grands.<\/p>\n\n\n\n<h2 class=\"wp-block-heading\" id=\"ce-que-vous-trouvez-chez-hl-transport-et-nulle-part-ailleurs\">Ce que vous trouvez chez HL-Transport et nulle part ailleurs<\/h2>\n\n\n\n<p>Aujourd\u2019hui, plusieurs entreprises vous proposent leurs <strong>services de VTC<\/strong>, mais remplir toute une liste de qualit\u00e9s attribu\u00e9es \u00e0 un seul prestataire est le fruit du hasard. <strong>HL-Transport<\/strong> travaille sp\u00e9cifiquement pour ne faillir \u00e0 aucune des qualit\u00e9s exig\u00e9es par ses nouveaux clients et\/ou par ses clients les plus fid\u00e8les.&nbsp;<\/p>\n\n\n\n<h3 class=\"wp-block-heading\" id=\"ponctuel-comme-une-horloge-suisse\">Ponctuel comme une horloge suisse<\/h3>\n\n\n\n<p>Depuis le d\u00e9but du commencement et \u00e0 aucun moment, l\u2019un de nos clients ne s\u2019est plaint d\u2019un retard de la part de nos chauffeurs VTC. Nous ma\u00eetrisons ce que nous faisons et avec pr\u00e9cision. <strong>La ponctualit\u00e9 est une exigence<\/strong> que l&rsquo;on ne peut se permettre de n\u00e9gliger.<\/p>\n\n\n\n<h3 class=\"wp-block-heading\" id=\"les-plus-bas-prix-dans-toute-la-commune-d-evry\">Les plus bas prix dans toute la commune d\u2019Evry<\/h3>\n\n\n\n<p>Compar\u00e9 \u00e0 tous les prix des entreprises VTC de la <a href=\"https:\/\/france.comersis.com\/la-commune-de-Evry-Courcouronnes--91228-91.html\" target=\"_blank\" rel=\"noreferrer noopener\">r\u00e9gion d\u2019Evry<\/a>, nous exer\u00e7ons notre m\u00e9tier de la meilleure fa\u00e7on qui soit et aux <strong>meilleurs prix<\/strong>. Mais en plus HL-Transport vous permet <strong>deux moyens de paiements possibles<\/strong> :<\/p>\n\n\n\n<ul class=\"wp-block-list\"><li>Paiement par carte bancaire ;<\/li><li>Paiement sur place en esp\u00e8ce ;<\/li><\/ul>\n\n\n\n<h3 class=\"wp-block-heading\" id=\"nous-avons-la-priorite-aux-aeroports\">Nous avons la priorit\u00e9 aux a\u00e9roports<\/h3>\n\n\n\n<p>Contrairement \u00e0 tous les autres v\u00e9hicules, nous b\u00e9n\u00e9ficions de la <strong>priorit\u00e9 d\u2019acc\u00e8s aux a\u00e9roports<\/strong>. Vous serez donc imp\u00e9rativement <strong>toujours \u00e0 l\u2019heure<\/strong> pour votre vol avec HL-Transport.<\/p>\n\n\n\n<h3 class=\"wp-block-heading\" id=\"vous-ne-payez-pas-vos-retards\">Vous ne payez pas vos retards<\/h3>\n\n\n\n<p>Si vous r\u00e9servez un <strong>VTC avec <a href=\"https:\/\/www.chauffeurtaxi91.fr\/\">HL-Transport<\/a><\/strong> pour vous attendre \u00e0 l\u2019a\u00e9roport, et que votre vol arrive en retard, ou que vous rencontrez un emp\u00eachement \u00e0 l\u2019int\u00e9rieur de l\u2019a\u00e9roport, <strong>nous vous offrons une heure d\u2019attente, sans la payer<\/strong>.<\/p>\n\n\n\n<h3 class=\"wp-block-heading\" id=\"pas-de-surprise-au-paiement\">Pas de surprise au paiement<\/h3>\n\n\n\n<p>Additionnellement \u00e0 la gratuit\u00e9 pr\u00e9cit\u00e9e, <strong>vous ne r\u00e9glez que ce qui a \u00e9t\u00e9 convenu de payer<\/strong> au d\u00e9part. <strong>Les tarifs sont pr\u00e9alablement fix\u00e9s<\/strong> et en aucun cas vous ne payez de suppl\u00e9ment \u00e0 votre arriv\u00e9e \u00e0 destiation.<\/p>\n\n\n\n<h3 class=\"wp-block-heading\" id=\"le-luxe-a-la-portee-de-tous\">Le luxe \u00e0 la port\u00e9e de tous<\/h3>\n\n\n\n<p>Nous vous proposons une large gamme de v\u00e9hicules dont nous ne n\u00e9gligeons le confort d\u2019aucuns. Chaque v\u00e9hicule vous offre le <strong>confort dont vous avez besoin quelle que soit sa gamme.&nbsp;<\/strong><\/p>\n\n\n\n<h3 class=\"wp-block-heading\" id=\"la-discretion\">La discr\u00e9tion<\/h3>\n\n\n\n<p>Les <strong>chauffeurs professionnels de HL-Transport<\/strong> sont tenus au secret<strong> professionnel<\/strong>. Ils n\u2019ont le droit de divulguer ni l\u2019identit\u00e9 de nos clients ni leurs destinations ou leurs provenances.<\/p>\n\n\n\n<h3 class=\"wp-block-heading\" id=\"nous-sommes-en-synchronisation-avec-vos-demandes\">Nous sommes en synchronisation avec vos demandes<\/h3>\n\n\n\n<p>Une \u00e9quipe travaille <strong>7 jours sur 7, 24 heures sur 24<\/strong>, et m\u00eame les jours f\u00e9ri\u00e9s pour r\u00e9pondre rapidement \u00e0 vos besoins. D\u00e8s lors que <a href=\"https:\/\/www.chauffeurtaxi91.fr\/reservation-chauffeur-taxi\/\">vous r\u00e9servez<\/a> un chauffeur en ligne, nous vous r\u00e9pondons dans l\u2019heure qui suit votre demande.<\/p>\n\n\n\n<p>Peu importe o\u00f9 vous voulez <strong>vous rendre \u00e0 Evry,<\/strong> \u00e0 <strong>Paris ou en \u00cele-de-France<\/strong>, et qu\u2019importe l\u2019heure o\u00f9 vous d\u00e9sirez vous d\u00e9placer et y \u00eatre. Si vous cherchez un moyen de locomotion, s\u00e9rieux et fiable, c\u2019est sans aucun doute que <strong>HL-Transport est le meilleur moyen pour vous d\u2019\u00eatre satisfait.<\/strong> Contactez-nous d\u00e8s \u00e0 pr\u00e9sent sur le <strong>0668824129<\/strong> ou <a href=\"https:\/\/www.chauffeurtaxi91.fr\/reservation-chauffeur-taxi\/\">en ligne<\/a>.<\/p>\n\n\n\n<div class=\"wp-block-columns is-layout-flex wp-container-core-columns-is-layout-9d6595d7 wp-block-columns-is-layout-flex\">\n<div class=\"wp-block-column is-layout-flow wp-block-column-is-layout-flow\">\n<figure class=\"wp-block-image size-full\"><img loading=\"lazy\" decoding=\"async\" width=\"800\" height=\"533\" src=\"https:\/\/www.chauffeurtaxi91.fr\/wp-content\/uploads\/2022\/02\/evry2-min-1.jpg\" alt=\"VTC Evry \" class=\"wp-image-622\" srcset=\"https:\/\/www.chauffeurtaxi91.fr\/wp-content\/uploads\/2022\/02\/evry2-min-1.jpg 800w, https:\/\/www.chauffeurtaxi91.fr\/wp-content\/uploads\/2022\/02\/evry2-min-1-480x320.jpg 480w\" sizes=\"auto, (min-width: 0px) and (max-width: 480px) 480px, (min-width: 481px) 800px, 100vw\" \/><\/figure>\n<\/div>\n\n\n\n<div class=\"wp-block-column is-layout-flow wp-block-column-is-layout-flow\">\n<iframe src=\"https:\/\/www.google.com\/maps\/embed?pb=!1m18!1m12!1m3!1d21095.631420817874!2d2.4242801692989615!3d48.629863686831364!2m3!1f0!2f0!3f0!3m2!1i1024!2i768!4f13.1!3m3!1m2!1s0x47e5de1eaa00cd73%3A0x2fc69a12a2793c39!2s%C3%89vry%2C%2091000%20%C3%89vry-Courcouronnes%2C%20France!5e0!3m2!1sfr!2stn!4v1644919622455!5m2!1sfr!2stn\" width=\"600\" height=\"300\" style=\"border:0;\" allowfullscreen=\"\" loading=\"lazy\"><\/iframe>\n<\/div>\n<\/div>\n","protected":false},"excerpt":{"rendered":"<p>Parce que voyager en voiture n\u2019est pas qu\u2019un simple transport, mais une exp\u00e9rience, que HL-transport vous fait la promesse de faire de vos trajets l\u2019exp\u00e9rience la plus agr\u00e9able possible. Vous \u00eates \u00e0 Evry et souhaitez vous d\u00e9placer, \u00e0 l\u2019int\u00e9rieur de cette commune, n\u2019importe ou dans la ville de Paris ou dans l\u2019\u00cele-de-France ! \u00c0 n\u2019importe [&hellip;]<\/p>\n","protected":false},"author":1,"featured_media":0,"parent":0,"menu_order":0,"comment_status":"closed","ping_status":"closed","template":"","meta":{"_et_pb_use_builder":"off","_et_pb_old_content":"","_et_gb_content_width":"","footnotes":""},"class_list":["post-417","page","type-page","status-publish","hentry"],"yoast_head":"<!-- This site is optimized with the Yoast SEO plugin v27.4 - https:\/\/yoast.com\/product\/yoast-seo-wordpress\/ -->\n<title>VTC d\u2019Evry toujours \u00e0 votre disposition<\/title>\n<meta name=\"description\" content=\"HL Transport offre une meilleure exp\u00e9rience avec un VTC \u00e0 \u00c9vry, n\u2019h\u00e9sitez pas \u00e0 nous contacter pour plus d&#039;informations.\" \/>\n<meta name=\"robots\" content=\"index, follow, max-snippet:-1, max-image-preview:large, max-video-preview:-1\" \/>\n<link rel=\"canonical\" href=\"https:\/\/www.chauffeurtaxi91.fr\/fr\/vtc-evry\/\" \/>\n<meta property=\"og:locale\" content=\"fr_FR\" \/>\n<meta property=\"og:type\" content=\"article\" \/>\n<meta property=\"og:title\" content=\"VTC d\u2019Evry toujours \u00e0 votre disposition\" \/>\n<meta property=\"og:description\" content=\"HL Transport offre une meilleure exp\u00e9rience avec un VTC \u00e0 \u00c9vry, n\u2019h\u00e9sitez pas \u00e0 nous contacter pour plus d&#039;informations.\" \/>\n<meta property=\"og:url\" content=\"https:\/\/www.chauffeurtaxi91.fr\/fr\/vtc-evry\/\" \/>\n<meta property=\"og:site_name\" content=\"Chauffeur Taxi | \u00cele-de-France | Essonne (91) &amp; Seine-et-marne (77)\" \/>\n<meta property=\"article:modified_time\" content=\"2022-02-17T09:54:10+00:00\" \/>\n<meta property=\"og:image\" content=\"https:\/\/www.chauffeurtaxi91.fr\/wp-content\/uploads\/2022\/02\/evry2-min-1.jpg\" \/>\n<meta name=\"twitter:card\" content=\"summary_large_image\" \/>\n<meta name=\"twitter:label1\" content=\"Dur\u00e9e de lecture estim\u00e9e\" \/>\n\t<meta name=\"twitter:data1\" content=\"3 minutes\" \/>\n<script type=\"application\/ld+json\" class=\"yoast-schema-graph\">{\"@context\":\"https:\\\/\\\/schema.org\",\"@graph\":[{\"@type\":\"WebPage\",\"@id\":\"https:\\\/\\\/www.chauffeurtaxi91.fr\\\/vtc-evry\\\/\",\"url\":\"https:\\\/\\\/www.chauffeurtaxi91.fr\\\/vtc-evry\\\/\",\"name\":\"VTC d\u2019Evry toujours \u00e0 votre disposition\",\"isPartOf\":{\"@id\":\"https:\\\/\\\/www.chauffeurtaxi91.fr\\\/#website\"},\"primaryImageOfPage\":{\"@id\":\"https:\\\/\\\/www.chauffeurtaxi91.fr\\\/vtc-evry\\\/#primaryimage\"},\"image\":{\"@id\":\"https:\\\/\\\/www.chauffeurtaxi91.fr\\\/vtc-evry\\\/#primaryimage\"},\"thumbnailUrl\":\"https:\\\/\\\/www.chauffeurtaxi91.fr\\\/wp-content\\\/uploads\\\/2022\\\/02\\\/evry2-min-1.jpg\",\"datePublished\":\"2021-11-23T13:31:27+00:00\",\"dateModified\":\"2022-02-17T09:54:10+00:00\",\"description\":\"HL Transport offre une meilleure exp\u00e9rience avec un VTC \u00e0 \u00c9vry, n\u2019h\u00e9sitez pas \u00e0 nous contacter pour plus d'informations.\",\"breadcrumb\":{\"@id\":\"https:\\\/\\\/www.chauffeurtaxi91.fr\\\/vtc-evry\\\/#breadcrumb\"},\"inLanguage\":\"fr-FR\",\"potentialAction\":[{\"@type\":\"ReadAction\",\"target\":[\"https:\\\/\\\/www.chauffeurtaxi91.fr\\\/vtc-evry\\\/\"]}]},{\"@type\":\"ImageObject\",\"inLanguage\":\"fr-FR\",\"@id\":\"https:\\\/\\\/www.chauffeurtaxi91.fr\\\/vtc-evry\\\/#primaryimage\",\"url\":\"https:\\\/\\\/www.chauffeurtaxi91.fr\\\/wp-content\\\/uploads\\\/2022\\\/02\\\/evry2-min-1.jpg\",\"contentUrl\":\"https:\\\/\\\/www.chauffeurtaxi91.fr\\\/wp-content\\\/uploads\\\/2022\\\/02\\\/evry2-min-1.jpg\"},{\"@type\":\"BreadcrumbList\",\"@id\":\"https:\\\/\\\/www.chauffeurtaxi91.fr\\\/vtc-evry\\\/#breadcrumb\",\"itemListElement\":[{\"@type\":\"ListItem\",\"position\":1,\"name\":\"Accueil\",\"item\":\"https:\\\/\\\/www.chauffeurtaxi91.fr\\\/fr\\\/\"},{\"@type\":\"ListItem\",\"position\":2,\"name\":\"VTC Evry\"}]},{\"@type\":\"WebSite\",\"@id\":\"https:\\\/\\\/www.chauffeurtaxi91.fr\\\/#website\",\"url\":\"https:\\\/\\\/www.chauffeurtaxi91.fr\\\/\",\"name\":\"Chauffeur Taxi | \u00cele-de-France | Essonne (91) &amp; Seine-et-marne (77)\",\"description\":\"R\u00e9servez votre taxi | 24h\\\/24 7j\\\/7\",\"publisher\":{\"@id\":\"https:\\\/\\\/www.chauffeurtaxi91.fr\\\/#organization\"},\"potentialAction\":[{\"@type\":\"SearchAction\",\"target\":{\"@type\":\"EntryPoint\",\"urlTemplate\":\"https:\\\/\\\/www.chauffeurtaxi91.fr\\\/?s={search_term_string}\"},\"query-input\":{\"@type\":\"PropertyValueSpecification\",\"valueRequired\":true,\"valueName\":\"search_term_string\"}}],\"inLanguage\":\"fr-FR\"},{\"@type\":\"Organization\",\"@id\":\"https:\\\/\\\/www.chauffeurtaxi91.fr\\\/#organization\",\"name\":\"HL TRANSPORT\",\"url\":\"https:\\\/\\\/www.chauffeurtaxi91.fr\\\/\",\"logo\":{\"@type\":\"ImageObject\",\"inLanguage\":\"fr-FR\",\"@id\":\"https:\\\/\\\/www.chauffeurtaxi91.fr\\\/#\\\/schema\\\/logo\\\/image\\\/\",\"url\":\"https:\\\/\\\/chauffeurtaxi91.fr\\\/wp-content\\\/uploads\\\/2021\\\/07\\\/cropped-4eec4f87-4fce-4ff6-bbdf-932a1b0f000e-1.jpg\",\"contentUrl\":\"https:\\\/\\\/chauffeurtaxi91.fr\\\/wp-content\\\/uploads\\\/2021\\\/07\\\/cropped-4eec4f87-4fce-4ff6-bbdf-932a1b0f000e-1.jpg\",\"width\":512,\"height\":512,\"caption\":\"HL TRANSPORT\"},\"image\":{\"@id\":\"https:\\\/\\\/www.chauffeurtaxi91.fr\\\/#\\\/schema\\\/logo\\\/image\\\/\"}}]}<\/script>\n<!-- \/ Yoast SEO plugin. -->","yoast_head_json":{"title":"VTC d\u2019Evry toujours \u00e0 votre disposition","description":"HL Transport offre une meilleure exp\u00e9rience avec un VTC \u00e0 \u00c9vry, n\u2019h\u00e9sitez pas \u00e0 nous contacter pour plus d'informations.","robots":{"index":"index","follow":"follow","max-snippet":"max-snippet:-1","max-image-preview":"max-image-preview:large","max-video-preview":"max-video-preview:-1"},"canonical":"https:\/\/www.chauffeurtaxi91.fr\/fr\/vtc-evry\/","og_locale":"fr_FR","og_type":"article","og_title":"VTC d\u2019Evry toujours \u00e0 votre disposition","og_description":"HL Transport offre une meilleure exp\u00e9rience avec un VTC \u00e0 \u00c9vry, n\u2019h\u00e9sitez pas \u00e0 nous contacter pour plus d'informations.","og_url":"https:\/\/www.chauffeurtaxi91.fr\/fr\/vtc-evry\/","og_site_name":"Chauffeur Taxi | \u00cele-de-France | Essonne (91) &amp; Seine-et-marne (77)","article_modified_time":"2022-02-17T09:54:10+00:00","og_image":[{"url":"https:\/\/www.chauffeurtaxi91.fr\/wp-content\/uploads\/2022\/02\/evry2-min-1.jpg","type":"","width":"","height":""}],"twitter_card":"summary_large_image","twitter_misc":{"Dur\u00e9e de lecture estim\u00e9e":"3 minutes"},"schema":{"@context":"https:\/\/schema.org","@graph":[{"@type":"WebPage","@id":"https:\/\/www.chauffeurtaxi91.fr\/vtc-evry\/","url":"https:\/\/www.chauffeurtaxi91.fr\/vtc-evry\/","name":"VTC d\u2019Evry toujours \u00e0 votre disposition","isPartOf":{"@id":"https:\/\/www.chauffeurtaxi91.fr\/#website"},"primaryImageOfPage":{"@id":"https:\/\/www.chauffeurtaxi91.fr\/vtc-evry\/#primaryimage"},"image":{"@id":"https:\/\/www.chauffeurtaxi91.fr\/vtc-evry\/#primaryimage"},"thumbnailUrl":"https:\/\/www.chauffeurtaxi91.fr\/wp-content\/uploads\/2022\/02\/evry2-min-1.jpg","datePublished":"2021-11-23T13:31:27+00:00","dateModified":"2022-02-17T09:54:10+00:00","description":"HL Transport offre une meilleure exp\u00e9rience avec un VTC \u00e0 \u00c9vry, n\u2019h\u00e9sitez pas \u00e0 nous contacter pour plus d'informations.","breadcrumb":{"@id":"https:\/\/www.chauffeurtaxi91.fr\/vtc-evry\/#breadcrumb"},"inLanguage":"fr-FR","potentialAction":[{"@type":"ReadAction","target":["https:\/\/www.chauffeurtaxi91.fr\/vtc-evry\/"]}]},{"@type":"ImageObject","inLanguage":"fr-FR","@id":"https:\/\/www.chauffeurtaxi91.fr\/vtc-evry\/#primaryimage","url":"https:\/\/www.chauffeurtaxi91.fr\/wp-content\/uploads\/2022\/02\/evry2-min-1.jpg","contentUrl":"https:\/\/www.chauffeurtaxi91.fr\/wp-content\/uploads\/2022\/02\/evry2-min-1.jpg"},{"@type":"BreadcrumbList","@id":"https:\/\/www.chauffeurtaxi91.fr\/vtc-evry\/#breadcrumb","itemListElement":[{"@type":"ListItem","position":1,"name":"Accueil","item":"https:\/\/www.chauffeurtaxi91.fr\/fr\/"},{"@type":"ListItem","position":2,"name":"VTC Evry"}]},{"@type":"WebSite","@id":"https:\/\/www.chauffeurtaxi91.fr\/#website","url":"https:\/\/www.chauffeurtaxi91.fr\/","name":"Chauffeur Taxi | \u00cele-de-France | Essonne (91) &amp; Seine-et-marne (77)","description":"R\u00e9servez votre taxi | 24h\/24 7j\/7","publisher":{"@id":"https:\/\/www.chauffeurtaxi91.fr\/#organization"},"potentialAction":[{"@type":"SearchAction","target":{"@type":"EntryPoint","urlTemplate":"https:\/\/www.chauffeurtaxi91.fr\/?s={search_term_string}"},"query-input":{"@type":"PropertyValueSpecification","valueRequired":true,"valueName":"search_term_string"}}],"inLanguage":"fr-FR"},{"@type":"Organization","@id":"https:\/\/www.chauffeurtaxi91.fr\/#organization","name":"HL TRANSPORT","url":"https:\/\/www.chauffeurtaxi91.fr\/","logo":{"@type":"ImageObject","inLanguage":"fr-FR","@id":"https:\/\/www.chauffeurtaxi91.fr\/#\/schema\/logo\/image\/","url":"https:\/\/chauffeurtaxi91.fr\/wp-content\/uploads\/2021\/07\/cropped-4eec4f87-4fce-4ff6-bbdf-932a1b0f000e-1.jpg","contentUrl":"https:\/\/chauffeurtaxi91.fr\/wp-content\/uploads\/2021\/07\/cropped-4eec4f87-4fce-4ff6-bbdf-932a1b0f000e-1.jpg","width":512,"height":512,"caption":"HL TRANSPORT"},"image":{"@id":"https:\/\/www.chauffeurtaxi91.fr\/#\/schema\/logo\/image\/"}}]}},"_links":{"self":[{"href":"https:\/\/www.chauffeurtaxi91.fr\/fr\/wp-json\/wp\/v2\/pages\/417","targetHints":{"allow":["GET"]}}],"collection":[{"href":"https:\/\/www.chauffeurtaxi91.fr\/fr\/wp-json\/wp\/v2\/pages"}],"about":[{"href":"https:\/\/www.chauffeurtaxi91.fr\/fr\/wp-json\/wp\/v2\/types\/page"}],"author":[{"embeddable":true,"href":"https:\/\/www.chauffeurtaxi91.fr\/fr\/wp-json\/wp\/v2\/users\/1"}],"replies":[{"embeddable":true,"href":"https:\/\/www.chauffeurtaxi91.fr\/fr\/wp-json\/wp\/v2\/comments?post=417"}],"version-history":[{"count":0,"href":"https:\/\/www.chauffeurtaxi91.fr\/fr\/wp-json\/wp\/v2\/pages\/417\/revisions"}],"wp:attachment":[{"href":"https:\/\/www.chauffeurtaxi91.fr\/fr\/wp-json\/wp\/v2\/media?parent=417"}],"curies":[{"name":"wp","href":"https:\/\/api.w.org\/{rel}","templated":true}]}}