{"id":420,"date":"2021-11-23T14:41:05","date_gmt":"2021-11-23T13:41:05","guid":{"rendered":"https:\/\/www.chauffeurtaxi91.fr\/?page_id=420"},"modified":"2022-02-17T10:42:34","modified_gmt":"2022-02-17T09:42:34","slug":"vtc-lisses","status":"publish","type":"page","link":"https:\/\/www.chauffeurtaxi91.fr\/fr\/vtc-lisses\/","title":{"rendered":"VTC Lisses"},"content":{"rendered":"\n<h2 class=\"wp-block-heading\" id=\"tout-sur-le-vtc-a-lisses\">Tout sur le VTC \u00e0 Lisses<\/h2>\n\n\n\n<p>Quand <strong>le transport devient savoir-faire<\/strong>, il s\u2019appelle alors HL-Transport. Nous avons appris notre m\u00e9tier, nous l\u2019avons apprivois\u00e9, nous l\u2019avons r\u00e9adapt\u00e9 et nous avons fait du VTC une passion. Si <strong>vous \u00eates \u00e0 Lisses<\/strong> et que vous souhaitez r\u00e9server un chauffeur pour vos <strong>d\u00e9placements sur l\u2019Essonne, <a href=\"https:\/\/seine-et-marne.fr\/fr\" target=\"_blank\" rel=\"noreferrer noopener\">Seine-et-Marne<\/a>, Paris, l\u2019\u00cele-de-France et ses alentours<\/strong>, vous \u00eates \u00e0 la bonne adresse. Qualit\u00e9 de service et performance vous attendent.<\/p>\n\n\n\n<h2 class=\"wp-block-heading\" id=\"pourquoi-choisir-un-vtc-et-non-un-taxi\">Pourquoi choisir un VTC et non un taxi ?<\/h2>\n\n\n\n<p>Mis \u00e0 part l\u2019activit\u00e9 en commun que nous exer\u00e7ons et qu\u2019est le transport, les services que nous vous proposons en tant que VTC, sont d\u2019une <strong>qualit\u00e9 sup\u00e9rieure et adapt\u00e9s \u00e0 vos moindres besoins<\/strong>.&nbsp;<\/p>\n\n\n\n<p>Le plus int\u00e9ressant est que nous exer\u00e7ons \u00e0 des prix imbattables, car sur le march\u00e9 depuis d\u00e9j\u00e0 des ann\u00e9es, notre but est de <strong>fid\u00e9liser un grand nombre de clients<\/strong> et c\u2019est le cas aujourd\u2019hui.<\/p>\n\n\n\n<h2 class=\"wp-block-heading\" id=\"quels-vehicules-propose-hl-transport\">Quels v\u00e9hicules propose HL-Transport ?<\/h2>\n\n\n\n<p><strong>Une gamme vari\u00e9e de v\u00e9hicules vous est propos\u00e9e par <a href=\"https:\/\/www.chauffeurtaxi91.fr\/\" target=\"_blank\" rel=\"noreferrer noopener\">HL-Transport<\/a><\/strong>, et aucun ne vous est impos\u00e9. \u00c0 vous le choix du standing du v\u00e9hicule, mais quelle que soit votre s\u00e9lection<strong>, nos voitures sont toutes confortables les unes que les autres<\/strong>. Le nombre de choix des v\u00e9hicules reste plus vaste quand vous effectuez votre r\u00e9servation \u00e0 l\u2019avance.<\/p>\n\n\n\n<h2 class=\"wp-block-heading\" id=\"est-il-possible-d-avoir-un-chauffeur-prive\">Est-il possible d\u2019avoir un chauffeur priv\u00e9 ?<\/h2>\n\n\n\n<p>Il est absolument possible d\u2019avoir <strong>un chauffeur rien que pour vous<\/strong>, que \u00e7a soit pour quelques heures ou pour quelques jours. Pour un transport vers une gare ou un a\u00e9roport ou pour un transfert \u00e0 partir de ces lieux pr\u00e9cit\u00e9s. Que vous soyez un particulier, un touriste ou un professionnel, que vous soyez seul, \u00e0 deux ou en groupe, <strong>HL-Transport assure tous vos d\u00e9placements, \u00e0 l\u2019int\u00e9rieur de Lisses, dans toute la ville de Paris et en \u00cele-de-France<\/strong> :<\/p>\n\n\n\n<ul class=\"wp-block-list\"><li>D\u2019une administration \u00e0 une autre ;<\/li><li>D\u2019un rendez-vous \u00e0 un autre ;<\/li><li>D\u2019un site touristique \u00e0 un autre ;<\/li><li>D\u2019une boutique \u00e0 une autre\u2026Etc ;<\/li><\/ul>\n\n\n\n<p>Si vous appr\u00e9ciez cette <strong>mise en disposition<\/strong>, et que vous souhaitiez une seconde fois en profiter, vous pouvez m\u00eame redemander le m\u00eame chauffeur, dans la mesure de la disponibilit\u00e9 de ce dernier. Pour mettre toutes les chances de votre c\u00f4t\u00e9, <a href=\"https:\/\/www.chauffeurtaxi91.fr\/reservation-chauffeur-taxi\/\">r\u00e9servez \u00e0 l\u2019avance<\/a>.<\/p>\n\n\n\n<h2 class=\"wp-block-heading\" id=\"combien-coute-un-vehicule-de-transport-avec-chauffeur\">Combien co\u00fbte un v\u00e9hicule de transport avec chauffeur ?<\/h2>\n\n\n\n<p>Sans grande surprise, la tarification pour un VTC change d\u2019une destination \u00e0 une autre. Effectivement, le trajet de Lisses vers l\u2019a\u00e9roport de Paris-Roissy-Charles-de-Gaulle n\u2019a pas le m\u00eame prix qu\u2019un transport \u00e0 l\u2019int\u00e9rieur de la commune de Lisses. Mais <strong>la certitude avec HL-Transport r\u00e9side dans l\u2019exactitude du tarif \u00e0 payer, fix\u00e9 avec vous, avant m\u00eame de monter \u00e0 bord de l\u2019un de nos v\u00e9hicules.<\/strong> Nous tenons \u00e0 pr\u00e9ciser que nous exer\u00e7ons avec <strong>les plus bas tarifs de VTC dans toute la r\u00e9gion de Lisses.<\/strong><\/p>\n\n\n\n<h2 class=\"wp-block-heading\" id=\"a-combien-est-facturee-l-attente-d-un-vtc-a-l-aeroport-en-cas-de-retard-du-client\">\u00c0 combien est factur\u00e9e l\u2019attente d\u2019un VTC \u00e0 l\u2019a\u00e9roport en cas de retard du client ?<\/h2>\n\n\n\n<p>Contrairement aux autres entreprises de VTC, <strong>HL-Transport offre une heure d&rsquo;attente gratuite \u00e0 ses clients (nouveaux qu\u2019ils soient ou habitu\u00e9s),<\/strong> s\u2019ils r\u00e9servent un v\u00e9hicule de transport avec chauffeur pour les accueillir \u00e0 l&rsquo;a\u00e9roport. N\u2019ayez plus le c\u0153ur serr\u00e9 en craignant les retards d\u2019avions, voyagez sereinement, HL-Transport vous attend.<\/p>\n\n\n\n<h2 class=\"wp-block-heading\" id=\"comment-reserver-un-vtc-a-lisses\">Comment r\u00e9server un VTC \u00e0 Lisses ?<\/h2>\n\n\n\n<p>Il est tr\u00e8s simple de r\u00e9server une voiture de transport avec chauffeur chez HL-Transport, il vous suffit de le faire <a href=\"https:\/\/www.chauffeurtaxi91.fr\/reservation-chauffeur-taxi\/\">en ligne<\/a>ou par t\u00e9l\u00e9phone sur le<strong> 0668824129. <\/strong>Une \u00e9quipe est pr\u00e9sente et vous r\u00e9pond 24 H\/ 24, 7 J\/7, et ce, une heure apr\u00e8s votre r\u00e9servation.<\/p>\n\n\n\n<div class=\"wp-block-columns is-layout-flex wp-container-core-columns-is-layout-9d6595d7 wp-block-columns-is-layout-flex\">\n<div class=\"wp-block-column is-layout-flow wp-block-column-is-layout-flow\">\n<figure class=\"wp-block-image size-large\"><img loading=\"lazy\" decoding=\"async\" width=\"1024\" height=\"820\" src=\"https:\/\/www.chauffeurtaxi91.fr\/wp-content\/uploads\/2022\/02\/Lisse-Copie-c-bon-min-1024x820.jpg\" alt=\"VTC Lisses \" class=\"wp-image-630\" srcset=\"https:\/\/www.chauffeurtaxi91.fr\/wp-content\/uploads\/2022\/02\/Lisse-Copie-c-bon-min-980x784.jpg 980w, https:\/\/www.chauffeurtaxi91.fr\/wp-content\/uploads\/2022\/02\/Lisse-Copie-c-bon-min-480x384.jpg 480w\" sizes=\"auto, (min-width: 0px) and (max-width: 480px) 480px, (min-width: 481px) and (max-width: 980px) 980px, (min-width: 981px) 1024px, 100vw\" \/><\/figure>\n<\/div>\n\n\n\n<div class=\"wp-block-column is-layout-flow wp-block-column-is-layout-flow\">\n<iframe src=\"https:\/\/www.google.com\/maps\/embed?pb=!1m18!1m12!1m3!1d21110.819563539375!2d2.408405669224308!3d48.593524057039126!2m3!1f0!2f0!3f0!3m2!1i1024!2i768!4f13.1!3m3!1m2!1s0x47e5ddf123a9a1c1%3A0x17082679fe51fb4c!2s91090%20Lisses%2C%20France!5e0!3m2!1sfr!2stn!4v1644923181727!5m2!1sfr!2stn\" width=\"600\" height=\"300\" style=\"border:0;\" allowfullscreen=\"\" loading=\"lazy\"><\/iframe>\n<\/div>\n<\/div>\n","protected":false},"excerpt":{"rendered":"<p>Tout sur le VTC \u00e0 Lisses Quand le transport devient savoir-faire, il s\u2019appelle alors HL-Transport. Nous avons appris notre m\u00e9tier, nous l\u2019avons apprivois\u00e9, nous l\u2019avons r\u00e9adapt\u00e9 et nous avons fait du VTC une passion. Si vous \u00eates \u00e0 Lisses et que vous souhaitez r\u00e9server un chauffeur pour vos d\u00e9placements sur l\u2019Essonne, Seine-et-Marne, Paris, l\u2019\u00cele-de-France et [&hellip;]<\/p>\n","protected":false},"author":1,"featured_media":0,"parent":0,"menu_order":0,"comment_status":"closed","ping_status":"closed","template":"","meta":{"_et_pb_use_builder":"off","_et_pb_old_content":"","_et_gb_content_width":"","footnotes":""},"class_list":["post-420","page","type-page","status-publish","hentry"],"yoast_head":"<!-- This site is optimized with the Yoast SEO plugin v27.4 - https:\/\/yoast.com\/product\/yoast-seo-wordpress\/ -->\n<title>VTC \u00e0 Lisses \u00e0 votre disposition 24h\/24<\/title>\n<meta name=\"description\" content=\"Tout savoir sur le VTC \u00e0 Lisses , Nous r\u00e9pondons \u00e0 toutes vos interrogations pour que vous soyez bien inform\u00e9 et pour mieux voyager.\" \/>\n<meta name=\"robots\" content=\"index, follow, max-snippet:-1, max-image-preview:large, max-video-preview:-1\" \/>\n<link rel=\"canonical\" href=\"https:\/\/www.chauffeurtaxi91.fr\/fr\/vtc-lisses\/\" \/>\n<meta property=\"og:locale\" content=\"fr_FR\" \/>\n<meta property=\"og:type\" content=\"article\" \/>\n<meta property=\"og:title\" content=\"VTC \u00e0 Lisses \u00e0 votre disposition 24h\/24\" \/>\n<meta property=\"og:description\" content=\"Tout savoir sur le VTC \u00e0 Lisses , Nous r\u00e9pondons \u00e0 toutes vos interrogations pour que vous soyez bien inform\u00e9 et pour mieux voyager.\" \/>\n<meta property=\"og:url\" content=\"https:\/\/www.chauffeurtaxi91.fr\/fr\/vtc-lisses\/\" \/>\n<meta property=\"og:site_name\" content=\"Chauffeur Taxi | \u00cele-de-France | Essonne (91) &amp; Seine-et-marne (77)\" \/>\n<meta property=\"article:modified_time\" content=\"2022-02-17T09:42:34+00:00\" \/>\n<meta property=\"og:image\" content=\"https:\/\/www.chauffeurtaxi91.fr\/wp-content\/uploads\/2022\/02\/Lisse-Copie-c-bon-min-1024x820.jpg\" \/>\n<meta name=\"twitter:card\" content=\"summary_large_image\" \/>\n<meta name=\"twitter:label1\" content=\"Dur\u00e9e de lecture estim\u00e9e\" \/>\n\t<meta name=\"twitter:data1\" content=\"4 minutes\" \/>\n<script type=\"application\/ld+json\" class=\"yoast-schema-graph\">{\"@context\":\"https:\\\/\\\/schema.org\",\"@graph\":[{\"@type\":\"WebPage\",\"@id\":\"https:\\\/\\\/www.chauffeurtaxi91.fr\\\/vtc-lisses\\\/\",\"url\":\"https:\\\/\\\/www.chauffeurtaxi91.fr\\\/vtc-lisses\\\/\",\"name\":\"VTC \u00e0 Lisses \u00e0 votre disposition 24h\\\/24\",\"isPartOf\":{\"@id\":\"https:\\\/\\\/www.chauffeurtaxi91.fr\\\/#website\"},\"primaryImageOfPage\":{\"@id\":\"https:\\\/\\\/www.chauffeurtaxi91.fr\\\/vtc-lisses\\\/#primaryimage\"},\"image\":{\"@id\":\"https:\\\/\\\/www.chauffeurtaxi91.fr\\\/vtc-lisses\\\/#primaryimage\"},\"thumbnailUrl\":\"https:\\\/\\\/www.chauffeurtaxi91.fr\\\/wp-content\\\/uploads\\\/2022\\\/02\\\/Lisse-Copie-c-bon-min-1024x820.jpg\",\"datePublished\":\"2021-11-23T13:41:05+00:00\",\"dateModified\":\"2022-02-17T09:42:34+00:00\",\"description\":\"Tout savoir sur le VTC \u00e0 Lisses , Nous r\u00e9pondons \u00e0 toutes vos interrogations pour que vous soyez bien inform\u00e9 et pour mieux voyager.\",\"breadcrumb\":{\"@id\":\"https:\\\/\\\/www.chauffeurtaxi91.fr\\\/vtc-lisses\\\/#breadcrumb\"},\"inLanguage\":\"fr-FR\",\"potentialAction\":[{\"@type\":\"ReadAction\",\"target\":[\"https:\\\/\\\/www.chauffeurtaxi91.fr\\\/vtc-lisses\\\/\"]}]},{\"@type\":\"ImageObject\",\"inLanguage\":\"fr-FR\",\"@id\":\"https:\\\/\\\/www.chauffeurtaxi91.fr\\\/vtc-lisses\\\/#primaryimage\",\"url\":\"https:\\\/\\\/www.chauffeurtaxi91.fr\\\/wp-content\\\/uploads\\\/2022\\\/02\\\/Lisse-Copie-c-bon-min-1024x820.jpg\",\"contentUrl\":\"https:\\\/\\\/www.chauffeurtaxi91.fr\\\/wp-content\\\/uploads\\\/2022\\\/02\\\/Lisse-Copie-c-bon-min-1024x820.jpg\"},{\"@type\":\"BreadcrumbList\",\"@id\":\"https:\\\/\\\/www.chauffeurtaxi91.fr\\\/vtc-lisses\\\/#breadcrumb\",\"itemListElement\":[{\"@type\":\"ListItem\",\"position\":1,\"name\":\"Accueil\",\"item\":\"https:\\\/\\\/www.chauffeurtaxi91.fr\\\/fr\\\/\"},{\"@type\":\"ListItem\",\"position\":2,\"name\":\"VTC Lisses\"}]},{\"@type\":\"WebSite\",\"@id\":\"https:\\\/\\\/www.chauffeurtaxi91.fr\\\/#website\",\"url\":\"https:\\\/\\\/www.chauffeurtaxi91.fr\\\/\",\"name\":\"Chauffeur Taxi | \u00cele-de-France | Essonne (91) &amp; Seine-et-marne (77)\",\"description\":\"R\u00e9servez votre taxi | 24h\\\/24 7j\\\/7\",\"publisher\":{\"@id\":\"https:\\\/\\\/www.chauffeurtaxi91.fr\\\/#organization\"},\"potentialAction\":[{\"@type\":\"SearchAction\",\"target\":{\"@type\":\"EntryPoint\",\"urlTemplate\":\"https:\\\/\\\/www.chauffeurtaxi91.fr\\\/?s={search_term_string}\"},\"query-input\":{\"@type\":\"PropertyValueSpecification\",\"valueRequired\":true,\"valueName\":\"search_term_string\"}}],\"inLanguage\":\"fr-FR\"},{\"@type\":\"Organization\",\"@id\":\"https:\\\/\\\/www.chauffeurtaxi91.fr\\\/#organization\",\"name\":\"HL TRANSPORT\",\"url\":\"https:\\\/\\\/www.chauffeurtaxi91.fr\\\/\",\"logo\":{\"@type\":\"ImageObject\",\"inLanguage\":\"fr-FR\",\"@id\":\"https:\\\/\\\/www.chauffeurtaxi91.fr\\\/#\\\/schema\\\/logo\\\/image\\\/\",\"url\":\"https:\\\/\\\/chauffeurtaxi91.fr\\\/wp-content\\\/uploads\\\/2021\\\/07\\\/cropped-4eec4f87-4fce-4ff6-bbdf-932a1b0f000e-1.jpg\",\"contentUrl\":\"https:\\\/\\\/chauffeurtaxi91.fr\\\/wp-content\\\/uploads\\\/2021\\\/07\\\/cropped-4eec4f87-4fce-4ff6-bbdf-932a1b0f000e-1.jpg\",\"width\":512,\"height\":512,\"caption\":\"HL TRANSPORT\"},\"image\":{\"@id\":\"https:\\\/\\\/www.chauffeurtaxi91.fr\\\/#\\\/schema\\\/logo\\\/image\\\/\"}}]}<\/script>\n<!-- \/ Yoast SEO plugin. -->","yoast_head_json":{"title":"VTC \u00e0 Lisses \u00e0 votre disposition 24h\/24","description":"Tout savoir sur le VTC \u00e0 Lisses , Nous r\u00e9pondons \u00e0 toutes vos interrogations pour que vous soyez bien inform\u00e9 et pour mieux voyager.","robots":{"index":"index","follow":"follow","max-snippet":"max-snippet:-1","max-image-preview":"max-image-preview:large","max-video-preview":"max-video-preview:-1"},"canonical":"https:\/\/www.chauffeurtaxi91.fr\/fr\/vtc-lisses\/","og_locale":"fr_FR","og_type":"article","og_title":"VTC \u00e0 Lisses \u00e0 votre disposition 24h\/24","og_description":"Tout savoir sur le VTC \u00e0 Lisses , Nous r\u00e9pondons \u00e0 toutes vos interrogations pour que vous soyez bien inform\u00e9 et pour mieux voyager.","og_url":"https:\/\/www.chauffeurtaxi91.fr\/fr\/vtc-lisses\/","og_site_name":"Chauffeur Taxi | \u00cele-de-France | Essonne (91) &amp; Seine-et-marne (77)","article_modified_time":"2022-02-17T09:42:34+00:00","og_image":[{"url":"https:\/\/www.chauffeurtaxi91.fr\/wp-content\/uploads\/2022\/02\/Lisse-Copie-c-bon-min-1024x820.jpg","type":"","width":"","height":""}],"twitter_card":"summary_large_image","twitter_misc":{"Dur\u00e9e de lecture estim\u00e9e":"4 minutes"},"schema":{"@context":"https:\/\/schema.org","@graph":[{"@type":"WebPage","@id":"https:\/\/www.chauffeurtaxi91.fr\/vtc-lisses\/","url":"https:\/\/www.chauffeurtaxi91.fr\/vtc-lisses\/","name":"VTC \u00e0 Lisses \u00e0 votre disposition 24h\/24","isPartOf":{"@id":"https:\/\/www.chauffeurtaxi91.fr\/#website"},"primaryImageOfPage":{"@id":"https:\/\/www.chauffeurtaxi91.fr\/vtc-lisses\/#primaryimage"},"image":{"@id":"https:\/\/www.chauffeurtaxi91.fr\/vtc-lisses\/#primaryimage"},"thumbnailUrl":"https:\/\/www.chauffeurtaxi91.fr\/wp-content\/uploads\/2022\/02\/Lisse-Copie-c-bon-min-1024x820.jpg","datePublished":"2021-11-23T13:41:05+00:00","dateModified":"2022-02-17T09:42:34+00:00","description":"Tout savoir sur le VTC \u00e0 Lisses , Nous r\u00e9pondons \u00e0 toutes vos interrogations pour que vous soyez bien inform\u00e9 et pour mieux voyager.","breadcrumb":{"@id":"https:\/\/www.chauffeurtaxi91.fr\/vtc-lisses\/#breadcrumb"},"inLanguage":"fr-FR","potentialAction":[{"@type":"ReadAction","target":["https:\/\/www.chauffeurtaxi91.fr\/vtc-lisses\/"]}]},{"@type":"ImageObject","inLanguage":"fr-FR","@id":"https:\/\/www.chauffeurtaxi91.fr\/vtc-lisses\/#primaryimage","url":"https:\/\/www.chauffeurtaxi91.fr\/wp-content\/uploads\/2022\/02\/Lisse-Copie-c-bon-min-1024x820.jpg","contentUrl":"https:\/\/www.chauffeurtaxi91.fr\/wp-content\/uploads\/2022\/02\/Lisse-Copie-c-bon-min-1024x820.jpg"},{"@type":"BreadcrumbList","@id":"https:\/\/www.chauffeurtaxi91.fr\/vtc-lisses\/#breadcrumb","itemListElement":[{"@type":"ListItem","position":1,"name":"Accueil","item":"https:\/\/www.chauffeurtaxi91.fr\/fr\/"},{"@type":"ListItem","position":2,"name":"VTC Lisses"}]},{"@type":"WebSite","@id":"https:\/\/www.chauffeurtaxi91.fr\/#website","url":"https:\/\/www.chauffeurtaxi91.fr\/","name":"Chauffeur Taxi | \u00cele-de-France | Essonne (91) &amp; Seine-et-marne (77)","description":"R\u00e9servez votre taxi | 24h\/24 7j\/7","publisher":{"@id":"https:\/\/www.chauffeurtaxi91.fr\/#organization"},"potentialAction":[{"@type":"SearchAction","target":{"@type":"EntryPoint","urlTemplate":"https:\/\/www.chauffeurtaxi91.fr\/?s={search_term_string}"},"query-input":{"@type":"PropertyValueSpecification","valueRequired":true,"valueName":"search_term_string"}}],"inLanguage":"fr-FR"},{"@type":"Organization","@id":"https:\/\/www.chauffeurtaxi91.fr\/#organization","name":"HL TRANSPORT","url":"https:\/\/www.chauffeurtaxi91.fr\/","logo":{"@type":"ImageObject","inLanguage":"fr-FR","@id":"https:\/\/www.chauffeurtaxi91.fr\/#\/schema\/logo\/image\/","url":"https:\/\/chauffeurtaxi91.fr\/wp-content\/uploads\/2021\/07\/cropped-4eec4f87-4fce-4ff6-bbdf-932a1b0f000e-1.jpg","contentUrl":"https:\/\/chauffeurtaxi91.fr\/wp-content\/uploads\/2021\/07\/cropped-4eec4f87-4fce-4ff6-bbdf-932a1b0f000e-1.jpg","width":512,"height":512,"caption":"HL TRANSPORT"},"image":{"@id":"https:\/\/www.chauffeurtaxi91.fr\/#\/schema\/logo\/image\/"}}]}},"_links":{"self":[{"href":"https:\/\/www.chauffeurtaxi91.fr\/fr\/wp-json\/wp\/v2\/pages\/420","targetHints":{"allow":["GET"]}}],"collection":[{"href":"https:\/\/www.chauffeurtaxi91.fr\/fr\/wp-json\/wp\/v2\/pages"}],"about":[{"href":"https:\/\/www.chauffeurtaxi91.fr\/fr\/wp-json\/wp\/v2\/types\/page"}],"author":[{"embeddable":true,"href":"https:\/\/www.chauffeurtaxi91.fr\/fr\/wp-json\/wp\/v2\/users\/1"}],"replies":[{"embeddable":true,"href":"https:\/\/www.chauffeurtaxi91.fr\/fr\/wp-json\/wp\/v2\/comments?post=420"}],"version-history":[{"count":0,"href":"https:\/\/www.chauffeurtaxi91.fr\/fr\/wp-json\/wp\/v2\/pages\/420\/revisions"}],"wp:attachment":[{"href":"https:\/\/www.chauffeurtaxi91.fr\/fr\/wp-json\/wp\/v2\/media?parent=420"}],"curies":[{"name":"wp","href":"https:\/\/api.w.org\/{rel}","templated":true}]}}