{"id":428,"date":"2021-11-23T16:04:06","date_gmt":"2021-11-23T15:04:06","guid":{"rendered":"https:\/\/www.chauffeurtaxi91.fr\/?page_id=428"},"modified":"2022-02-17T10:39:58","modified_gmt":"2022-02-17T09:39:58","slug":"vtc-mennecy","status":"publish","type":"page","link":"https:\/\/www.chauffeurtaxi91.fr\/fr\/vtc-mennecy\/","title":{"rendered":"VTC Mennecy"},"content":{"rendered":"\n<h2 class=\"wp-block-heading\" id=\"le-vtc-de-mennecy-avec-hl-transport\">Le VTC de Mennecy avec HL-Transport<\/h2>\n\n\n\n<p>Parce que vous ne disposez pas de v\u00e9hicule, ou seulement <strong>par besoin ou par envie d\u2019\u00eatre transport\u00e9 de <a href=\"https:\/\/www.mennecy.fr\/\" target=\"_blank\" rel=\"noreferrer noopener\">Mennecy<\/a><\/strong> vers toutes les r\u00e9gions de l\u2019Essonne 91, de Seine-et-Marne 77, de l\u2019\u00cele-de-France et de Paris, HL-Transport <strong>se met enti\u00e8rement \u00e0 votre disposition et \u00e0 votre service<\/strong>. De jour comme de nuit, pendant la semaine ou les week-ends et m\u00eame les jours f\u00e9ri\u00e9s, nous vous accompagnons partout o\u00f9 vous voulez et \u00e0 n\u2019importe quelle heure.<\/p>\n\n\n\n<h2 class=\"wp-block-heading\" id=\"transport-pour-les-petites-ou-longues-distances\">Transport pour les petites ou longues distances<\/h2>\n\n\n\n<p>Vous avez <strong>un d\u00e9placement \u00e0 faire<\/strong>, dans un cadre <strong>personnel ou professionnel<\/strong>, seul ou en groupe. Nous vous accompagnons dans votre voyage, peu importe la distance parcourue. Nous vous r\u00e9servons le confort dont vous avez besoin pour <strong>passer un agr\u00e9able trajet<\/strong> tout en \u00e9tant d\u00e9tendu, un chauffeur professionnel assure la conduite pour vous.<\/p>\n\n\n\n<h2 class=\"wp-block-heading\" id=\"mise-a-disposition\">Mise \u00e0 disposition<\/h2>\n\n\n\n<p>Pour une <strong>visite touristique<\/strong> d\u2019un site \u00e0 un autre dans toute la ville de Paris, en \u00cele-de-France, en Essonne, pour un \u00e9v\u00e9nement, pour un <strong>d\u00e9placement professionnel<\/strong> ou pour plusieurs rendez-vous \u00e0 honorer. HL-Transport met \u00e0 votre disposition, pour quelques heures ou pour quelques jours (selon vos besoins) un v\u00e9hicule avec un chauffeur professionnel, dont l\u2019apparence est particuli\u00e8rement soign\u00e9e et dont toute l\u2019attention vous revient, <strong>afin de vous accompagner o\u00f9 vous le d\u00e9sirez<\/strong>.<\/p>\n\n\n\n<h2 class=\"wp-block-heading\" id=\"transferts-gares-et-aeroports\">Transferts gares et a\u00e9roports<\/h2>\n\n\n\n<p>Vous \u00eates \u00e0 Mennecy et vous avez un vol \u00e0 prendre ou un train qui vous attend ? <strong>HL-Transport<\/strong> se charge de <strong>vous d\u00e9poser \u00e0 l\u2019heure \u00e0 votre destination<\/strong>, sans stress des embouteillages ni la peur de ne pas arriver \u00e0 temps.<\/p>\n\n\n\n<p>Par ailleurs, vous rentrez de voyage et vous cherchez un transport qui vous accompagne \u00e0 votre domicile ou \u00e0 votre lieu de travail ? Nous sommes ceux sur qui vous pouvez compter <strong>pour vous r\u00e9cup\u00e9rer et porter vos bagages, apr\u00e8s un voyage fatigant<\/strong>et vous d\u00e9poser e fin \u00e0 l\u2019endroit o\u00f9 vous voulez, au d\u00e9partement de l\u2019Essonne, de Seine-et-Marne, en \u00cele-de-France et ses alentours ou \u00e0 Paris.<\/p>\n\n\n\n<h2 class=\"wp-block-heading\" id=\"nous-vous-aidons-a-vous-projeter-pour-mieux-organiser-vos-deplacements\">Nous vous aidons \u00e0 vous projeter pour mieux organiser vos d\u00e9placements<\/h2>\n\n\n\n<p>Avoir toutes <strong>les informations n\u00e9cessaires sur les distances<\/strong> que vous allez <strong>parcourir en VTC<\/strong> et le temps que cela va prendre, vous permet de mieux vous organiser avant votre d\u00e9placement et surtout d\u2019optimiser votre temps. HL-Transport ne se contente pas de vous transporter, mais \u00e9galement de vous assister et de vous permettre de vous projeter avant m\u00eame d\u2019\u00eatre \u00e0 bord de nos v\u00e9hicules. Voici quelques informations pratiques :<\/p>\n\n\n\n<ul class=\"wp-block-list\"><li>Distance de 30 km entre Mennecy et l\u2019a\u00e9roport de Paris Orly, parcourue en 25 min ;<\/li><li>Distance de 75 km en moyenne, entre Mennecy et l\u2019a\u00e9roport de Paris-Charles-de-Gaulle, parcourue en 1 h 40 ;<\/li><li>Distance de 65 km entre Mennecy et l\u2019a\u00e9roport de Paris-Le-Bourget ; pour une dur\u00e9e de 50 min approximativement ;<\/li><\/ul>\n\n\n\n<p>Toutes ces informations d\u00e9voil\u00e9es peuvent varier plus ou moins en fonction de beaucoup de facteurs comme la m\u00e9t\u00e9o et les embouteillages, mais nos <strong>chauffeurs exp\u00e9riment\u00e9s<\/strong> mettent tout en \u0153uvre pour optimiser les trajets et faire en sorte que vous soyez \u00e0 destination bien avant l\u2019heure pour prendre votre vol. Notre mission est de vous servir.<\/p>\n\n\n\n<h2 class=\"wp-block-heading\" id=\"reservez-votre-vehicule-avec-chauffeur-a-mennecy\">R\u00e9servez votre v\u00e9hicule avec chauffeur \u00e0 Mennecy<\/h2>\n\n\n\n<p>L\u2019accessibilit\u00e9 \u00e0 nos services n\u2019a pas de limite horaire. Vous avez la possibilit\u00e9 de <strong>nous contacter n\u2019importe quel jour et \u00e0 n\u2019importe quelle heure de la journ\u00e9e ou de la nuit<\/strong>. Pour plus d\u2019informations ou pour une r\u00e9servation, contactez-nous par t\u00e9l\u00e9phone sur le <strong>0668824129<\/strong>, ou <a href=\"https:\/\/www.chauffeurtaxi91.fr\/reservation-chauffeur-taxi\/\">en ligne<\/a><\/p>\n\n\n\n<div class=\"wp-block-columns is-layout-flex wp-container-core-columns-is-layout-9d6595d7 wp-block-columns-is-layout-flex\">\n<div class=\"wp-block-column is-layout-flow wp-block-column-is-layout-flow\">\n<figure class=\"wp-block-image size-full is-resized\"><img loading=\"lazy\" decoding=\"async\" src=\"https:\/\/www.chauffeurtaxi91.fr\/wp-content\/uploads\/2022\/02\/Mennecy-Essonne-France-c-bon-min.jpg\" alt=\"VTC Mennecy\" class=\"wp-image-743\" width=\"408\" height=\"272\"\/><\/figure>\n<\/div>\n\n\n\n<div class=\"wp-block-column is-layout-flow wp-block-column-is-layout-flow\">\n<iframe src=\"https:\/\/www.google.com\/maps\/embed?pb=!1m18!1m12!1m3!1d21125.150975113964!2d2.418722669863425!3d48.559215622579906!2m3!1f0!2f0!3f0!3m2!1i1024!2i768!4f13.1!3m3!1m2!1s0x47e5e780ee3676c7%3A0x651910df1d529349!2s91540%20Mennecy%2C%20France!5e0!3m2!1sfr!2stn!4v1645090031800!5m2!1sfr!2stn\" width=\"600\" height=\"300\" style=\"border:0;\" allowfullscreen=\"\" loading=\"lazy\"><\/iframe>\n<\/div>\n<\/div>\n","protected":false},"excerpt":{"rendered":"<p>Le VTC de Mennecy avec HL-Transport Parce que vous ne disposez pas de v\u00e9hicule, ou seulement par besoin ou par envie d\u2019\u00eatre transport\u00e9 de Mennecy vers toutes les r\u00e9gions de l\u2019Essonne 91, de Seine-et-Marne 77, de l\u2019\u00cele-de-France et de Paris, HL-Transport se met enti\u00e8rement \u00e0 votre disposition et \u00e0 votre service. De jour comme de [&hellip;]<\/p>\n","protected":false},"author":1,"featured_media":0,"parent":0,"menu_order":0,"comment_status":"closed","ping_status":"closed","template":"","meta":{"_et_pb_use_builder":"off","_et_pb_old_content":"","_et_gb_content_width":"","footnotes":""},"class_list":["post-428","page","type-page","status-publish","hentry"],"yoast_head":"<!-- This site is optimized with the Yoast SEO plugin v27.3 - https:\/\/yoast.com\/product\/yoast-seo-wordpress\/ -->\n<title>VTC Mennecy avec les professionnels de la route.<\/title>\n<meta name=\"description\" content=\"Il est devenu facile de r\u00e9server un VTC \u00e0 Mennecy, et \u00e7a a travers la visite de notre site web HL Transport.\" \/>\n<meta name=\"robots\" content=\"index, follow, max-snippet:-1, max-image-preview:large, max-video-preview:-1\" \/>\n<link rel=\"canonical\" href=\"https:\/\/www.chauffeurtaxi91.fr\/fr\/vtc-mennecy\/\" \/>\n<meta property=\"og:locale\" content=\"fr_FR\" \/>\n<meta property=\"og:type\" content=\"article\" \/>\n<meta property=\"og:title\" content=\"VTC Mennecy avec les professionnels de la route.\" \/>\n<meta property=\"og:description\" content=\"Il est devenu facile de r\u00e9server un VTC \u00e0 Mennecy, et \u00e7a a travers la visite de notre site web HL Transport.\" \/>\n<meta property=\"og:url\" content=\"https:\/\/www.chauffeurtaxi91.fr\/fr\/vtc-mennecy\/\" \/>\n<meta property=\"og:site_name\" content=\"Chauffeur Taxi | \u00cele-de-France | Essonne (91) &amp; Seine-et-marne (77)\" \/>\n<meta property=\"article:modified_time\" content=\"2022-02-17T09:39:58+00:00\" \/>\n<meta property=\"og:image\" content=\"https:\/\/www.chauffeurtaxi91.fr\/wp-content\/uploads\/2022\/02\/Mennecy-Essonne-France-c-bon-min.jpg\" \/>\n<meta name=\"twitter:card\" content=\"summary_large_image\" \/>\n<meta name=\"twitter:label1\" content=\"Dur\u00e9e de lecture estim\u00e9e\" \/>\n\t<meta name=\"twitter:data1\" content=\"4 minutes\" \/>\n<script type=\"application\/ld+json\" class=\"yoast-schema-graph\">{\"@context\":\"https:\\\/\\\/schema.org\",\"@graph\":[{\"@type\":\"WebPage\",\"@id\":\"https:\\\/\\\/www.chauffeurtaxi91.fr\\\/vtc-mennecy\\\/\",\"url\":\"https:\\\/\\\/www.chauffeurtaxi91.fr\\\/vtc-mennecy\\\/\",\"name\":\"VTC Mennecy avec les professionnels de la route.\",\"isPartOf\":{\"@id\":\"https:\\\/\\\/www.chauffeurtaxi91.fr\\\/#website\"},\"primaryImageOfPage\":{\"@id\":\"https:\\\/\\\/www.chauffeurtaxi91.fr\\\/vtc-mennecy\\\/#primaryimage\"},\"image\":{\"@id\":\"https:\\\/\\\/www.chauffeurtaxi91.fr\\\/vtc-mennecy\\\/#primaryimage\"},\"thumbnailUrl\":\"https:\\\/\\\/www.chauffeurtaxi91.fr\\\/wp-content\\\/uploads\\\/2022\\\/02\\\/Mennecy-Essonne-France-c-bon-min.jpg\",\"datePublished\":\"2021-11-23T15:04:06+00:00\",\"dateModified\":\"2022-02-17T09:39:58+00:00\",\"description\":\"Il est devenu facile de r\u00e9server un VTC \u00e0 Mennecy, et \u00e7a a travers la visite de notre site web HL Transport.\",\"breadcrumb\":{\"@id\":\"https:\\\/\\\/www.chauffeurtaxi91.fr\\\/vtc-mennecy\\\/#breadcrumb\"},\"inLanguage\":\"fr-FR\",\"potentialAction\":[{\"@type\":\"ReadAction\",\"target\":[\"https:\\\/\\\/www.chauffeurtaxi91.fr\\\/vtc-mennecy\\\/\"]}]},{\"@type\":\"ImageObject\",\"inLanguage\":\"fr-FR\",\"@id\":\"https:\\\/\\\/www.chauffeurtaxi91.fr\\\/vtc-mennecy\\\/#primaryimage\",\"url\":\"https:\\\/\\\/www.chauffeurtaxi91.fr\\\/wp-content\\\/uploads\\\/2022\\\/02\\\/Mennecy-Essonne-France-c-bon-min.jpg\",\"contentUrl\":\"https:\\\/\\\/www.chauffeurtaxi91.fr\\\/wp-content\\\/uploads\\\/2022\\\/02\\\/Mennecy-Essonne-France-c-bon-min.jpg\"},{\"@type\":\"BreadcrumbList\",\"@id\":\"https:\\\/\\\/www.chauffeurtaxi91.fr\\\/vtc-mennecy\\\/#breadcrumb\",\"itemListElement\":[{\"@type\":\"ListItem\",\"position\":1,\"name\":\"Accueil\",\"item\":\"https:\\\/\\\/www.chauffeurtaxi91.fr\\\/fr\\\/\"},{\"@type\":\"ListItem\",\"position\":2,\"name\":\"VTC Mennecy\"}]},{\"@type\":\"WebSite\",\"@id\":\"https:\\\/\\\/www.chauffeurtaxi91.fr\\\/#website\",\"url\":\"https:\\\/\\\/www.chauffeurtaxi91.fr\\\/\",\"name\":\"Chauffeur Taxi | \u00cele-de-France | Essonne (91) &amp; Seine-et-marne (77)\",\"description\":\"R\u00e9servez votre taxi | 24h\\\/24 7j\\\/7\",\"publisher\":{\"@id\":\"https:\\\/\\\/www.chauffeurtaxi91.fr\\\/#organization\"},\"potentialAction\":[{\"@type\":\"SearchAction\",\"target\":{\"@type\":\"EntryPoint\",\"urlTemplate\":\"https:\\\/\\\/www.chauffeurtaxi91.fr\\\/?s={search_term_string}\"},\"query-input\":{\"@type\":\"PropertyValueSpecification\",\"valueRequired\":true,\"valueName\":\"search_term_string\"}}],\"inLanguage\":\"fr-FR\"},{\"@type\":\"Organization\",\"@id\":\"https:\\\/\\\/www.chauffeurtaxi91.fr\\\/#organization\",\"name\":\"HL TRANSPORT\",\"url\":\"https:\\\/\\\/www.chauffeurtaxi91.fr\\\/\",\"logo\":{\"@type\":\"ImageObject\",\"inLanguage\":\"fr-FR\",\"@id\":\"https:\\\/\\\/www.chauffeurtaxi91.fr\\\/#\\\/schema\\\/logo\\\/image\\\/\",\"url\":\"https:\\\/\\\/chauffeurtaxi91.fr\\\/wp-content\\\/uploads\\\/2021\\\/07\\\/cropped-4eec4f87-4fce-4ff6-bbdf-932a1b0f000e-1.jpg\",\"contentUrl\":\"https:\\\/\\\/chauffeurtaxi91.fr\\\/wp-content\\\/uploads\\\/2021\\\/07\\\/cropped-4eec4f87-4fce-4ff6-bbdf-932a1b0f000e-1.jpg\",\"width\":512,\"height\":512,\"caption\":\"HL TRANSPORT\"},\"image\":{\"@id\":\"https:\\\/\\\/www.chauffeurtaxi91.fr\\\/#\\\/schema\\\/logo\\\/image\\\/\"}}]}<\/script>\n<!-- \/ Yoast SEO plugin. -->","yoast_head_json":{"title":"VTC Mennecy avec les professionnels de la route.","description":"Il est devenu facile de r\u00e9server un VTC \u00e0 Mennecy, et \u00e7a a travers la visite de notre site web HL Transport.","robots":{"index":"index","follow":"follow","max-snippet":"max-snippet:-1","max-image-preview":"max-image-preview:large","max-video-preview":"max-video-preview:-1"},"canonical":"https:\/\/www.chauffeurtaxi91.fr\/fr\/vtc-mennecy\/","og_locale":"fr_FR","og_type":"article","og_title":"VTC Mennecy avec les professionnels de la route.","og_description":"Il est devenu facile de r\u00e9server un VTC \u00e0 Mennecy, et \u00e7a a travers la visite de notre site web HL Transport.","og_url":"https:\/\/www.chauffeurtaxi91.fr\/fr\/vtc-mennecy\/","og_site_name":"Chauffeur Taxi | \u00cele-de-France | Essonne (91) &amp; Seine-et-marne (77)","article_modified_time":"2022-02-17T09:39:58+00:00","og_image":[{"url":"https:\/\/www.chauffeurtaxi91.fr\/wp-content\/uploads\/2022\/02\/Mennecy-Essonne-France-c-bon-min.jpg","type":"","width":"","height":""}],"twitter_card":"summary_large_image","twitter_misc":{"Dur\u00e9e de lecture estim\u00e9e":"4 minutes"},"schema":{"@context":"https:\/\/schema.org","@graph":[{"@type":"WebPage","@id":"https:\/\/www.chauffeurtaxi91.fr\/vtc-mennecy\/","url":"https:\/\/www.chauffeurtaxi91.fr\/vtc-mennecy\/","name":"VTC Mennecy avec les professionnels de la route.","isPartOf":{"@id":"https:\/\/www.chauffeurtaxi91.fr\/#website"},"primaryImageOfPage":{"@id":"https:\/\/www.chauffeurtaxi91.fr\/vtc-mennecy\/#primaryimage"},"image":{"@id":"https:\/\/www.chauffeurtaxi91.fr\/vtc-mennecy\/#primaryimage"},"thumbnailUrl":"https:\/\/www.chauffeurtaxi91.fr\/wp-content\/uploads\/2022\/02\/Mennecy-Essonne-France-c-bon-min.jpg","datePublished":"2021-11-23T15:04:06+00:00","dateModified":"2022-02-17T09:39:58+00:00","description":"Il est devenu facile de r\u00e9server un VTC \u00e0 Mennecy, et \u00e7a a travers la visite de notre site web HL Transport.","breadcrumb":{"@id":"https:\/\/www.chauffeurtaxi91.fr\/vtc-mennecy\/#breadcrumb"},"inLanguage":"fr-FR","potentialAction":[{"@type":"ReadAction","target":["https:\/\/www.chauffeurtaxi91.fr\/vtc-mennecy\/"]}]},{"@type":"ImageObject","inLanguage":"fr-FR","@id":"https:\/\/www.chauffeurtaxi91.fr\/vtc-mennecy\/#primaryimage","url":"https:\/\/www.chauffeurtaxi91.fr\/wp-content\/uploads\/2022\/02\/Mennecy-Essonne-France-c-bon-min.jpg","contentUrl":"https:\/\/www.chauffeurtaxi91.fr\/wp-content\/uploads\/2022\/02\/Mennecy-Essonne-France-c-bon-min.jpg"},{"@type":"BreadcrumbList","@id":"https:\/\/www.chauffeurtaxi91.fr\/vtc-mennecy\/#breadcrumb","itemListElement":[{"@type":"ListItem","position":1,"name":"Accueil","item":"https:\/\/www.chauffeurtaxi91.fr\/fr\/"},{"@type":"ListItem","position":2,"name":"VTC Mennecy"}]},{"@type":"WebSite","@id":"https:\/\/www.chauffeurtaxi91.fr\/#website","url":"https:\/\/www.chauffeurtaxi91.fr\/","name":"Chauffeur Taxi | \u00cele-de-France | Essonne (91) &amp; Seine-et-marne (77)","description":"R\u00e9servez votre taxi | 24h\/24 7j\/7","publisher":{"@id":"https:\/\/www.chauffeurtaxi91.fr\/#organization"},"potentialAction":[{"@type":"SearchAction","target":{"@type":"EntryPoint","urlTemplate":"https:\/\/www.chauffeurtaxi91.fr\/?s={search_term_string}"},"query-input":{"@type":"PropertyValueSpecification","valueRequired":true,"valueName":"search_term_string"}}],"inLanguage":"fr-FR"},{"@type":"Organization","@id":"https:\/\/www.chauffeurtaxi91.fr\/#organization","name":"HL TRANSPORT","url":"https:\/\/www.chauffeurtaxi91.fr\/","logo":{"@type":"ImageObject","inLanguage":"fr-FR","@id":"https:\/\/www.chauffeurtaxi91.fr\/#\/schema\/logo\/image\/","url":"https:\/\/chauffeurtaxi91.fr\/wp-content\/uploads\/2021\/07\/cropped-4eec4f87-4fce-4ff6-bbdf-932a1b0f000e-1.jpg","contentUrl":"https:\/\/chauffeurtaxi91.fr\/wp-content\/uploads\/2021\/07\/cropped-4eec4f87-4fce-4ff6-bbdf-932a1b0f000e-1.jpg","width":512,"height":512,"caption":"HL TRANSPORT"},"image":{"@id":"https:\/\/www.chauffeurtaxi91.fr\/#\/schema\/logo\/image\/"}}]}},"_links":{"self":[{"href":"https:\/\/www.chauffeurtaxi91.fr\/fr\/wp-json\/wp\/v2\/pages\/428","targetHints":{"allow":["GET"]}}],"collection":[{"href":"https:\/\/www.chauffeurtaxi91.fr\/fr\/wp-json\/wp\/v2\/pages"}],"about":[{"href":"https:\/\/www.chauffeurtaxi91.fr\/fr\/wp-json\/wp\/v2\/types\/page"}],"author":[{"embeddable":true,"href":"https:\/\/www.chauffeurtaxi91.fr\/fr\/wp-json\/wp\/v2\/users\/1"}],"replies":[{"embeddable":true,"href":"https:\/\/www.chauffeurtaxi91.fr\/fr\/wp-json\/wp\/v2\/comments?post=428"}],"version-history":[{"count":0,"href":"https:\/\/www.chauffeurtaxi91.fr\/fr\/wp-json\/wp\/v2\/pages\/428\/revisions"}],"wp:attachment":[{"href":"https:\/\/www.chauffeurtaxi91.fr\/fr\/wp-json\/wp\/v2\/media?parent=428"}],"curies":[{"name":"wp","href":"https:\/\/api.w.org\/{rel}","templated":true}]}}