{"id":431,"date":"2021-11-23T16:18:28","date_gmt":"2021-11-23T15:18:28","guid":{"rendered":"https:\/\/www.chauffeurtaxi91.fr\/?page_id=431"},"modified":"2022-02-17T10:12:30","modified_gmt":"2022-02-17T09:12:30","slug":"vtc-saint-germain-les-corbeil","status":"publish","type":"page","link":"https:\/\/www.chauffeurtaxi91.fr\/fr\/vtc-saint-germain-les-corbeil\/","title":{"rendered":"VTC Saint-Germain-l\u00e8s-Corbeil"},"content":{"rendered":"\n<h2 class=\"wp-block-heading\" id=\"hl-transport-l-elite-du-vtc-a-saint-germain-les-corbeil\">HL-Transport : l\u2019\u00e9lite du VTC \u00e0 Saint-Germain-l\u00e8s-Corbeil<\/h2>\n\n\n\n<p>Les trajets en ville ou m\u00eame en dehors de la ville peuvent parfois \u00eatre contraignants et vous fatiguer. <strong>Si vous \u00eates \u00e0 Saint-Germain-l\u00e8s-Corbeil<\/strong> et vous d\u00e9sirez \u00eatre choy\u00e9 et b\u00e9n\u00e9ficier pour quelques heures ou quelques jours, d\u2019un <strong>v\u00e9hicule de transport avec chauffeur priv\u00e9<\/strong> ! HL-Transport rel\u00e8ve cette mission avec brio. Gr\u00e2ce \u00e0 notre savoir-faire, \u00e0 notre <strong>connaissance de la route<\/strong> et \u00e0 l\u2019int\u00e9r\u00eat particulier qu\u2019on porte \u00e0 nos clients, cette exp\u00e9rience sera un succ\u00e8s pour vous.<\/p>\n\n\n\n<h2 class=\"wp-block-heading\" id=\"quel-interet-a-choisir-hl-transport-pour-vos-deplacements\">Quel int\u00e9r\u00eat \u00e0 choisir HL-Transport pour vos d\u00e9placements ?<\/h2>\n\n\n\n<p>Vous trouverez s\u00fbrement plein de v\u00e9hicules de transport avec chauffeur en ligne, mais <strong>la r\u00e9f\u00e9rence du VTC \u00e0 Saint-Germain-l\u00e8s-Corbeil, c\u2019est HL-Transport<\/strong>, et ce n\u2019est pas par hasard. Nous exigeons de nous le meilleur afin de vous servir dans des conditions irr\u00e9prochables.<\/p>\n\n\n\n<h3 class=\"wp-block-heading\" id=\"la-securite\">La s\u00e9curit\u00e9<\/h3>\n\n\n\n<p>Tous nos chauffeurs ont b\u00e9n\u00e9fici\u00e9 de <strong>250 heures minimum de formation professionnelle.<\/strong> Plus une remise \u00e0 niveau chaque 5 ans avec une autre formation. <strong>Nos chauffeurs ont tous <a href=\"https:\/\/www.linternaute.fr\/expression\/langue-francaise\/15523\/casier-judiciaire-vierge\/#:~:text=Fichier%20ne%20contenant%20aucune%20condamnation%20ou%20amende.\" target=\"_blank\" rel=\"noreferrer noopener\">un casier judiciaire vierge<\/a><\/strong>, et sont tous soumis \u00e0 des examens m\u00e9dicaux pour \u00e9carter toutes contraintes pendant la conduite.<\/p>\n\n\n\n<h3 class=\"wp-block-heading\" id=\"la-discretion\">La discr\u00e9tion<\/h3>\n\n\n\n<p>Tous les v\u00e9hicules de HL-Transport sont sans signes distinctifs, et notre personnel est tenu de respecter le secret professionnel. Il est donc strictement <strong>interdit de d\u00e9voiler l\u2019identit\u00e9 des voyageurs et leurs destinations<\/strong>. Vous pouvez ainsi vous d\u00e9placer en toute discr\u00e9tion.<\/p>\n\n\n\n<h3 class=\"wp-block-heading\" id=\"la-disponibilite\">La disponibilit\u00e9<\/h3>\n\n\n\n<p>Nous disposons de <strong>nombreux v\u00e9hicules avec chauffeur \u00e0 Saint-Germain-l\u00e8s-Corbeil<\/strong>, au moment de votre <a href=\"https:\/\/www.chauffeurtaxi91.fr\/reservation-chauffeur-taxi\/\">r\u00e9servation<\/a><strong>, <\/strong>vous \u00eates s\u00fbr d\u2019avoir une r\u00e9ponse favorable \u00e0 votre demande, et cela, sous <strong>un d\u00e9lai d\u2019une heure.<\/strong><\/p>\n\n\n\n<h3 class=\"wp-block-heading\" id=\"la-gratuite\">La gratuit\u00e9<\/h3>\n\n\n\n<p>Si vous <a href=\"https:\/\/www.chauffeurtaxi91.fr\/reservation-chauffeur-taxi\/\">r\u00e9servez<\/a> votre v\u00e9hicule de transport avec chauffeur, chez HL-Transport pour un d\u00e9placement \u00e0 partir d\u2019un a\u00e9roport. Nous vous offrons 1 heure d\u2019attente gratuite, et le prix convenu au d\u00e9part ne change pas.<\/p>\n\n\n\n<h3 class=\"wp-block-heading\" id=\"le-choix\">Le choix<\/h3>\n\n\n\n<p>Vous avez le choix entre deux modalit\u00e9s diff\u00e9rentes de paiement et selon votre convenance :<\/p>\n\n\n\n<ul class=\"wp-block-list\"><li>Le moyen de payer par carte bancaire ;<\/li><li>Le moyen de payer en esp\u00e8ces ;<\/li><\/ul>\n\n\n\n<h3 class=\"wp-block-heading\" id=\"la-priorite\">La priorit\u00e9<\/h3>\n\n\n\n<p>Gr\u00e2ce \u00e0 nos badges, nous b\u00e9n\u00e9ficions d\u2019un acc\u00e8s prioritaire \u00e0 tous les a\u00e9roports, pour vous \u00e9viter l\u2019attente. Votre temps est pr\u00e9cieux et nous le respectons.<\/p>\n\n\n\n<h3 class=\"wp-block-heading\" id=\"le-confort\">Le confort<\/h3>\n\n\n\n<p>Qu\u2019importe le v\u00e9hicule que vous choisissez, toutes nos voitures sont con\u00e7ues pour votre plus grand confort, afin de rendre votre transport agr\u00e9able.<\/p>\n\n\n\n<h3 class=\"wp-block-heading\" id=\"la-rapidite\">La rapidit\u00e9<\/h3>\n\n\n\n<p>Si <strong>vous r\u00e9servez votre VTC<\/strong> <a href=\"https:\/\/www.chauffeurtaxi91.fr\/reservation-chauffeur-taxi\/\" target=\"_blank\" rel=\"noreferrer noopener\">en ligne<\/a>, la d\u00e9marche est simple et la r\u00e9ponse est prompte. <strong>Vous \u00eates pris en charge en une heure<\/strong> et ce qu\u2019importe le jour de la semaine ou les week-ends, nous restons \u00e0 votre enti\u00e8re disposition<strong> 24 heures sur 24.<\/strong><\/p>\n\n\n\n<h3 class=\"wp-block-heading\" id=\"le-prix-fixe\">Le prix fixe<\/h3>\n\n\n\n<p>Une fois que <strong>vous indiquez votre destination<\/strong>, nous vous fixons un prix. Ce prix reste le m\u00eame en cas d\u2019embouteillages. Quoique, nous faisons tout pour les \u00e9viter gr\u00e2ce \u00e0 notre GPS qui nous indique les routes les plus fluides.<\/p>\n\n\n\n<h3 class=\"wp-block-heading\" id=\"la-fidelisation\">La fid\u00e9lisation<\/h3>\n\n\n\n<p>Le meilleur moyen pour nous <strong>de fid\u00e9liser nos clients<\/strong>, est de leur offrir tout ce dont ils ont besoin au plus bas prix. Notre int\u00e9r\u00eat est d\u2019avoir un<strong> bon retour d\u2019exp\u00e9rience <\/strong>de la part des personnes que nous transportons, qu\u2019elles soient professionnelles ou non.<\/p>\n\n\n\n<p>Qu\u2019attendez-vous pour tenter l\u2019exp\u00e9rience avec HL-Transport.&nbsp; <a href=\"https:\/\/www.chauffeurtaxi91.fr\/reservation-chauffeur-taxi\/\">Contactez-nous<\/a> et vous serez satisfaits.<\/p>\n\n\n\n<div class=\"wp-block-columns is-layout-flex wp-container-core-columns-is-layout-9d6595d7 wp-block-columns-is-layout-flex\">\n<div class=\"wp-block-column is-layout-flow wp-block-column-is-layout-flow\">\n<figure class=\"wp-block-image size-large is-resized\"><img loading=\"lazy\" decoding=\"async\" src=\"https:\/\/www.chauffeurtaxi91.fr\/wp-content\/uploads\/2022\/02\/saint-c-bon-min-1024x576.jpg\" alt=\"VTC Saint-Germain-l\u00e8s-Corbeil\" class=\"wp-image-725\" width=\"408\" height=\"230\"\/><\/figure>\n<\/div>\n\n\n\n<div class=\"wp-block-column is-layout-flow wp-block-column-is-layout-flow\">\n<iframe src=\"https:\/\/www.google.com\/maps\/embed?pb=!1m18!1m12!1m3!1d21096.620470673337!2d2.474401420026287!3d48.6274978729788!2m3!1f0!2f0!3f0!3m2!1i1024!2i768!4f13.1!3m3!1m2!1s0x47e5e123434ac2c7%3A0x40b82c3688b4180!2s91250%20Saint-Germain-l%C3%A8s-Corbeil%2C%20France!5e0!3m2!1sfr!2stn!4v1645088664036!5m2!1sfr!2stn\" width=\"600\" height=\"300\" style=\"border:0;\" allowfullscreen=\"\" loading=\"lazy\"><\/iframe>\n<\/div>\n<\/div>\n","protected":false},"excerpt":{"rendered":"<p>HL-Transport : l\u2019\u00e9lite du VTC \u00e0 Saint-Germain-l\u00e8s-Corbeil Les trajets en ville ou m\u00eame en dehors de la ville peuvent parfois \u00eatre contraignants et vous fatiguer. Si vous \u00eates \u00e0 Saint-Germain-l\u00e8s-Corbeil et vous d\u00e9sirez \u00eatre choy\u00e9 et b\u00e9n\u00e9ficier pour quelques heures ou quelques jours, d\u2019un v\u00e9hicule de transport avec chauffeur priv\u00e9 ! HL-Transport rel\u00e8ve cette mission [&hellip;]<\/p>\n","protected":false},"author":1,"featured_media":0,"parent":0,"menu_order":0,"comment_status":"closed","ping_status":"closed","template":"","meta":{"_et_pb_use_builder":"off","_et_pb_old_content":"","_et_gb_content_width":"","footnotes":""},"class_list":["post-431","page","type-page","status-publish","hentry"],"yoast_head":"<!-- This site is optimized with the Yoast SEO plugin v27.4 - https:\/\/yoast.com\/product\/yoast-seo-wordpress\/ -->\n<title>VTC \u00e0 Saint-Germain-l\u00e8s-Corbeil, vehicule confort avec un chauffeur priv\u00e9.<\/title>\n<meta name=\"description\" content=\"Vous cherchez un v\u00e9hicule de transport avec chauffeur priv\u00e9 \u00e0 Saint-Germain-l\u00e8s-Corbeil. R\u00e9servez-le en quelques clics avec HL-Transport.\" \/>\n<meta name=\"robots\" content=\"index, follow, max-snippet:-1, max-image-preview:large, max-video-preview:-1\" \/>\n<link rel=\"canonical\" href=\"https:\/\/www.chauffeurtaxi91.fr\/fr\/vtc-saint-germain-les-corbeil\/\" \/>\n<meta property=\"og:locale\" content=\"fr_FR\" \/>\n<meta property=\"og:type\" content=\"article\" \/>\n<meta property=\"og:title\" content=\"VTC \u00e0 Saint-Germain-l\u00e8s-Corbeil, vehicule confort avec un chauffeur priv\u00e9.\" \/>\n<meta property=\"og:description\" content=\"Vous cherchez un v\u00e9hicule de transport avec chauffeur priv\u00e9 \u00e0 Saint-Germain-l\u00e8s-Corbeil. R\u00e9servez-le en quelques clics avec HL-Transport.\" \/>\n<meta property=\"og:url\" content=\"https:\/\/www.chauffeurtaxi91.fr\/fr\/vtc-saint-germain-les-corbeil\/\" \/>\n<meta property=\"og:site_name\" content=\"Chauffeur Taxi | \u00cele-de-France | Essonne (91) &amp; Seine-et-marne (77)\" \/>\n<meta property=\"article:modified_time\" content=\"2022-02-17T09:12:30+00:00\" \/>\n<meta property=\"og:image\" content=\"https:\/\/www.chauffeurtaxi91.fr\/wp-content\/uploads\/2022\/02\/saint-c-bon-min-1024x576.jpg\" \/>\n<meta name=\"twitter:card\" content=\"summary_large_image\" \/>\n<meta name=\"twitter:label1\" content=\"Dur\u00e9e de lecture estim\u00e9e\" \/>\n\t<meta name=\"twitter:data1\" content=\"3 minutes\" \/>\n<script type=\"application\/ld+json\" class=\"yoast-schema-graph\">{\"@context\":\"https:\\\/\\\/schema.org\",\"@graph\":[{\"@type\":\"WebPage\",\"@id\":\"https:\\\/\\\/www.chauffeurtaxi91.fr\\\/vtc-saint-germain-les-corbeil\\\/\",\"url\":\"https:\\\/\\\/www.chauffeurtaxi91.fr\\\/vtc-saint-germain-les-corbeil\\\/\",\"name\":\"VTC \u00e0 Saint-Germain-l\u00e8s-Corbeil, vehicule confort avec un chauffeur priv\u00e9.\",\"isPartOf\":{\"@id\":\"https:\\\/\\\/www.chauffeurtaxi91.fr\\\/#website\"},\"primaryImageOfPage\":{\"@id\":\"https:\\\/\\\/www.chauffeurtaxi91.fr\\\/vtc-saint-germain-les-corbeil\\\/#primaryimage\"},\"image\":{\"@id\":\"https:\\\/\\\/www.chauffeurtaxi91.fr\\\/vtc-saint-germain-les-corbeil\\\/#primaryimage\"},\"thumbnailUrl\":\"https:\\\/\\\/www.chauffeurtaxi91.fr\\\/wp-content\\\/uploads\\\/2022\\\/02\\\/saint-c-bon-min-1024x576.jpg\",\"datePublished\":\"2021-11-23T15:18:28+00:00\",\"dateModified\":\"2022-02-17T09:12:30+00:00\",\"description\":\"Vous cherchez un v\u00e9hicule de transport avec chauffeur priv\u00e9 \u00e0 Saint-Germain-l\u00e8s-Corbeil. R\u00e9servez-le en quelques clics avec HL-Transport.\",\"breadcrumb\":{\"@id\":\"https:\\\/\\\/www.chauffeurtaxi91.fr\\\/vtc-saint-germain-les-corbeil\\\/#breadcrumb\"},\"inLanguage\":\"fr-FR\",\"potentialAction\":[{\"@type\":\"ReadAction\",\"target\":[\"https:\\\/\\\/www.chauffeurtaxi91.fr\\\/vtc-saint-germain-les-corbeil\\\/\"]}]},{\"@type\":\"ImageObject\",\"inLanguage\":\"fr-FR\",\"@id\":\"https:\\\/\\\/www.chauffeurtaxi91.fr\\\/vtc-saint-germain-les-corbeil\\\/#primaryimage\",\"url\":\"https:\\\/\\\/www.chauffeurtaxi91.fr\\\/wp-content\\\/uploads\\\/2022\\\/02\\\/saint-c-bon-min-1024x576.jpg\",\"contentUrl\":\"https:\\\/\\\/www.chauffeurtaxi91.fr\\\/wp-content\\\/uploads\\\/2022\\\/02\\\/saint-c-bon-min-1024x576.jpg\"},{\"@type\":\"BreadcrumbList\",\"@id\":\"https:\\\/\\\/www.chauffeurtaxi91.fr\\\/vtc-saint-germain-les-corbeil\\\/#breadcrumb\",\"itemListElement\":[{\"@type\":\"ListItem\",\"position\":1,\"name\":\"Accueil\",\"item\":\"https:\\\/\\\/www.chauffeurtaxi91.fr\\\/fr\\\/\"},{\"@type\":\"ListItem\",\"position\":2,\"name\":\"VTC Saint-Germain-l\u00e8s-Corbeil\"}]},{\"@type\":\"WebSite\",\"@id\":\"https:\\\/\\\/www.chauffeurtaxi91.fr\\\/#website\",\"url\":\"https:\\\/\\\/www.chauffeurtaxi91.fr\\\/\",\"name\":\"Chauffeur Taxi | \u00cele-de-France | Essonne (91) &amp; Seine-et-marne (77)\",\"description\":\"R\u00e9servez votre taxi | 24h\\\/24 7j\\\/7\",\"publisher\":{\"@id\":\"https:\\\/\\\/www.chauffeurtaxi91.fr\\\/#organization\"},\"potentialAction\":[{\"@type\":\"SearchAction\",\"target\":{\"@type\":\"EntryPoint\",\"urlTemplate\":\"https:\\\/\\\/www.chauffeurtaxi91.fr\\\/?s={search_term_string}\"},\"query-input\":{\"@type\":\"PropertyValueSpecification\",\"valueRequired\":true,\"valueName\":\"search_term_string\"}}],\"inLanguage\":\"fr-FR\"},{\"@type\":\"Organization\",\"@id\":\"https:\\\/\\\/www.chauffeurtaxi91.fr\\\/#organization\",\"name\":\"HL TRANSPORT\",\"url\":\"https:\\\/\\\/www.chauffeurtaxi91.fr\\\/\",\"logo\":{\"@type\":\"ImageObject\",\"inLanguage\":\"fr-FR\",\"@id\":\"https:\\\/\\\/www.chauffeurtaxi91.fr\\\/#\\\/schema\\\/logo\\\/image\\\/\",\"url\":\"https:\\\/\\\/chauffeurtaxi91.fr\\\/wp-content\\\/uploads\\\/2021\\\/07\\\/cropped-4eec4f87-4fce-4ff6-bbdf-932a1b0f000e-1.jpg\",\"contentUrl\":\"https:\\\/\\\/chauffeurtaxi91.fr\\\/wp-content\\\/uploads\\\/2021\\\/07\\\/cropped-4eec4f87-4fce-4ff6-bbdf-932a1b0f000e-1.jpg\",\"width\":512,\"height\":512,\"caption\":\"HL TRANSPORT\"},\"image\":{\"@id\":\"https:\\\/\\\/www.chauffeurtaxi91.fr\\\/#\\\/schema\\\/logo\\\/image\\\/\"}}]}<\/script>\n<!-- \/ Yoast SEO plugin. -->","yoast_head_json":{"title":"VTC \u00e0 Saint-Germain-l\u00e8s-Corbeil, vehicule confort avec un chauffeur priv\u00e9.","description":"Vous cherchez un v\u00e9hicule de transport avec chauffeur priv\u00e9 \u00e0 Saint-Germain-l\u00e8s-Corbeil. R\u00e9servez-le en quelques clics avec HL-Transport.","robots":{"index":"index","follow":"follow","max-snippet":"max-snippet:-1","max-image-preview":"max-image-preview:large","max-video-preview":"max-video-preview:-1"},"canonical":"https:\/\/www.chauffeurtaxi91.fr\/fr\/vtc-saint-germain-les-corbeil\/","og_locale":"fr_FR","og_type":"article","og_title":"VTC \u00e0 Saint-Germain-l\u00e8s-Corbeil, vehicule confort avec un chauffeur priv\u00e9.","og_description":"Vous cherchez un v\u00e9hicule de transport avec chauffeur priv\u00e9 \u00e0 Saint-Germain-l\u00e8s-Corbeil. R\u00e9servez-le en quelques clics avec HL-Transport.","og_url":"https:\/\/www.chauffeurtaxi91.fr\/fr\/vtc-saint-germain-les-corbeil\/","og_site_name":"Chauffeur Taxi | \u00cele-de-France | Essonne (91) &amp; Seine-et-marne (77)","article_modified_time":"2022-02-17T09:12:30+00:00","og_image":[{"url":"https:\/\/www.chauffeurtaxi91.fr\/wp-content\/uploads\/2022\/02\/saint-c-bon-min-1024x576.jpg","type":"","width":"","height":""}],"twitter_card":"summary_large_image","twitter_misc":{"Dur\u00e9e de lecture estim\u00e9e":"3 minutes"},"schema":{"@context":"https:\/\/schema.org","@graph":[{"@type":"WebPage","@id":"https:\/\/www.chauffeurtaxi91.fr\/vtc-saint-germain-les-corbeil\/","url":"https:\/\/www.chauffeurtaxi91.fr\/vtc-saint-germain-les-corbeil\/","name":"VTC \u00e0 Saint-Germain-l\u00e8s-Corbeil, vehicule confort avec un chauffeur priv\u00e9.","isPartOf":{"@id":"https:\/\/www.chauffeurtaxi91.fr\/#website"},"primaryImageOfPage":{"@id":"https:\/\/www.chauffeurtaxi91.fr\/vtc-saint-germain-les-corbeil\/#primaryimage"},"image":{"@id":"https:\/\/www.chauffeurtaxi91.fr\/vtc-saint-germain-les-corbeil\/#primaryimage"},"thumbnailUrl":"https:\/\/www.chauffeurtaxi91.fr\/wp-content\/uploads\/2022\/02\/saint-c-bon-min-1024x576.jpg","datePublished":"2021-11-23T15:18:28+00:00","dateModified":"2022-02-17T09:12:30+00:00","description":"Vous cherchez un v\u00e9hicule de transport avec chauffeur priv\u00e9 \u00e0 Saint-Germain-l\u00e8s-Corbeil. R\u00e9servez-le en quelques clics avec HL-Transport.","breadcrumb":{"@id":"https:\/\/www.chauffeurtaxi91.fr\/vtc-saint-germain-les-corbeil\/#breadcrumb"},"inLanguage":"fr-FR","potentialAction":[{"@type":"ReadAction","target":["https:\/\/www.chauffeurtaxi91.fr\/vtc-saint-germain-les-corbeil\/"]}]},{"@type":"ImageObject","inLanguage":"fr-FR","@id":"https:\/\/www.chauffeurtaxi91.fr\/vtc-saint-germain-les-corbeil\/#primaryimage","url":"https:\/\/www.chauffeurtaxi91.fr\/wp-content\/uploads\/2022\/02\/saint-c-bon-min-1024x576.jpg","contentUrl":"https:\/\/www.chauffeurtaxi91.fr\/wp-content\/uploads\/2022\/02\/saint-c-bon-min-1024x576.jpg"},{"@type":"BreadcrumbList","@id":"https:\/\/www.chauffeurtaxi91.fr\/vtc-saint-germain-les-corbeil\/#breadcrumb","itemListElement":[{"@type":"ListItem","position":1,"name":"Accueil","item":"https:\/\/www.chauffeurtaxi91.fr\/fr\/"},{"@type":"ListItem","position":2,"name":"VTC Saint-Germain-l\u00e8s-Corbeil"}]},{"@type":"WebSite","@id":"https:\/\/www.chauffeurtaxi91.fr\/#website","url":"https:\/\/www.chauffeurtaxi91.fr\/","name":"Chauffeur Taxi | \u00cele-de-France | Essonne (91) &amp; Seine-et-marne (77)","description":"R\u00e9servez votre taxi | 24h\/24 7j\/7","publisher":{"@id":"https:\/\/www.chauffeurtaxi91.fr\/#organization"},"potentialAction":[{"@type":"SearchAction","target":{"@type":"EntryPoint","urlTemplate":"https:\/\/www.chauffeurtaxi91.fr\/?s={search_term_string}"},"query-input":{"@type":"PropertyValueSpecification","valueRequired":true,"valueName":"search_term_string"}}],"inLanguage":"fr-FR"},{"@type":"Organization","@id":"https:\/\/www.chauffeurtaxi91.fr\/#organization","name":"HL TRANSPORT","url":"https:\/\/www.chauffeurtaxi91.fr\/","logo":{"@type":"ImageObject","inLanguage":"fr-FR","@id":"https:\/\/www.chauffeurtaxi91.fr\/#\/schema\/logo\/image\/","url":"https:\/\/chauffeurtaxi91.fr\/wp-content\/uploads\/2021\/07\/cropped-4eec4f87-4fce-4ff6-bbdf-932a1b0f000e-1.jpg","contentUrl":"https:\/\/chauffeurtaxi91.fr\/wp-content\/uploads\/2021\/07\/cropped-4eec4f87-4fce-4ff6-bbdf-932a1b0f000e-1.jpg","width":512,"height":512,"caption":"HL TRANSPORT"},"image":{"@id":"https:\/\/www.chauffeurtaxi91.fr\/#\/schema\/logo\/image\/"}}]}},"_links":{"self":[{"href":"https:\/\/www.chauffeurtaxi91.fr\/fr\/wp-json\/wp\/v2\/pages\/431","targetHints":{"allow":["GET"]}}],"collection":[{"href":"https:\/\/www.chauffeurtaxi91.fr\/fr\/wp-json\/wp\/v2\/pages"}],"about":[{"href":"https:\/\/www.chauffeurtaxi91.fr\/fr\/wp-json\/wp\/v2\/types\/page"}],"author":[{"embeddable":true,"href":"https:\/\/www.chauffeurtaxi91.fr\/fr\/wp-json\/wp\/v2\/users\/1"}],"replies":[{"embeddable":true,"href":"https:\/\/www.chauffeurtaxi91.fr\/fr\/wp-json\/wp\/v2\/comments?post=431"}],"version-history":[{"count":0,"href":"https:\/\/www.chauffeurtaxi91.fr\/fr\/wp-json\/wp\/v2\/pages\/431\/revisions"}],"wp:attachment":[{"href":"https:\/\/www.chauffeurtaxi91.fr\/fr\/wp-json\/wp\/v2\/media?parent=431"}],"curies":[{"name":"wp","href":"https:\/\/api.w.org\/{rel}","templated":true}]}}