{"id":465,"date":"2022-01-10T20:55:56","date_gmt":"2022-01-10T19:55:56","guid":{"rendered":"https:\/\/www.chauffeurtaxi91.fr\/?page_id=465"},"modified":"2022-02-23T10:16:50","modified_gmt":"2022-02-23T09:16:50","slug":"vtc-bretigny-sur-orge","status":"publish","type":"page","link":"https:\/\/www.chauffeurtaxi91.fr\/fr\/vtc-bretigny-sur-orge\/","title":{"rendered":"VTC Br\u00e9tigny-sur-Orge"},"content":{"rendered":"\n<p>Pour <strong>vous d\u00e9placer \u00e0 Br\u00e9tigny-sur-Orge<\/strong>, dans le d\u00e9partement de <strong>l\u2019Essonne<\/strong> et en <strong>\u00cele-de-France<\/strong>, il est n\u00e9cessaire de faire appel \u00e0 un professionnel de qualit\u00e9. <strong>HL-Transport, <\/strong>en plus de vous fournir un savoir-faire irr\u00e9prochable, elle vous propose \u00e9galement des prestations \u00e0 la demande et adaptables \u00e0 vos besoins. En, effet, nous faisons en sorte que votre satisfaction soit au-del\u00e0 de vos attentes.<\/p>\n\n\n\n<h2 class=\"wp-block-heading\">Pourquoi avoir recours aux comp\u00e9tences d\u2019un VTC Br\u00e9tigny-sur-Orge<\/h2>\n\n\n\n<p><strong>Les services d\u2019un VTC<\/strong> sont pointilleux et d\u2019une qualit\u00e9 sup\u00e9rieure. En effet, les prestations propos\u00e9es par un <strong>chauffeur VTC<\/strong> sont adaptables \u00e0 vos demandes, quelle que soit leur nature.<\/p>\n\n\n\n<h3 class=\"wp-block-heading\"><strong>Service de transfert a\u00e9roport<\/strong><\/h3>\n\n\n\n<p>En plus de vos d\u00e9placements quotidiens, un <strong>VTC<\/strong> vous propose un service de <strong>navette a\u00e9roport Br\u00e9tigny-sur-Orge et le trajet inverse<\/strong>. Les chauffeurs VTC de HL-Transport vous garantissent :<\/p>\n\n\n\n<ul class=\"wp-block-list\"><li>Ponctualit\u00e9 ;<\/li><li>Acc\u00e8s prioritaire \u00e0 tous les a\u00e9roports de l&rsquo;\u00cele-de-France ;<\/li><li>Une heure d\u2019attente non factur\u00e9e aux a\u00e9roports ;<\/li><\/ul>\n\n\n\n<h3 class=\"wp-block-heading\">Service de transfert gare<\/h3>\n\n\n\n<p>HL-Transport vous propose de vous conduire<strong> \u00e0 destination et \u00e0 partir de toutes les gares de la r\u00e9gion parisienne<\/strong> :<\/p>\n\n\n\n<ul class=\"wp-block-list\"><li>La gare de Paris Est ;<\/li><li>La gare de Paris Nord ;<\/li><li>Paris gare de Lyon ;<\/li><li>La gare de Paris Montparnasse ;<\/li><li>La gare de Paris Saint Lazare ;<\/li><li>La gare de Paris Bercy Bourgogne ;<\/li><li>La gare de Paris Austerlitz ;<\/li><\/ul>\n\n\n\n<p>Pour avoir des <strong>estimations r\u00e9elles sur vos trajets, \u00e0 partir de Br\u00e9tigny-sur-Orge<\/strong> vers toutes les gares de Paris, nous vous communiquons ces informations utiles :<\/p>\n\n\n\n<ul class=\"wp-block-list\"><li>De Br\u00e9tigny-sur-Orge \u00e0 la gare de Paris Austerlitz : 53 min de trajet, pour une distance de 42 km ;<\/li><li>De Br\u00e9tigny-sur-Orge \u00e0 la gare de Paris Bercy Bourgogne : 43 min de trajet pour 34 km ;<\/li><li>De Br\u00e9tigny-sur-Orge \u00e0 la gare de Paris Saint Lazare : 1 h 27 min pour une distance de 49 km ;<\/li><li>De Br\u00e9tigny-sur-Orge \u00e0 la gare de Paris Montparnasse : 1 h 15 min de trajet, pour une distance de 33 km ;<\/li><li>De Br\u00e9tigny-sur-Orge \u00e0 la gare de Lyon : 1 h 13 min de trajet, pour une distance de 35 km ;<\/li><li>De Br\u00e9tigny-sur-Orge \u00e0 la gare de Paris Nord : 1 h 36 min pour 45 km ;<\/li><li>De Br\u00e9tigny-sur-Orge \u00e0 la gare de Paris Est ; 34 min de trajet pour une distance de 34 km ;<\/li><\/ul>\n\n\n\n<h2 class=\"wp-block-heading\">Trajet courtes et longues distances<\/h2>\n\n\n\n<p>Nous assurons tous vos d\u00e9placements, <strong>\u00e0 partir de Br\u00e9tigny-sur-Orge vers l\u2019ensemble du d\u00e9partement de l\u2019Essonne<\/strong>, ainsi que l&rsquo;\u00cele-de-France et ses alentours. HL-Transport est \u00e0 votre enti\u00e8re disposition 7j\/7 24h\/24. Il vous suffit de nous faire parvenir votre demande par simple r\u00e9servation <strong>en ligne<\/strong>, ou par t\u00e9l\u00e9phone, en appelant le <strong><a href=\"tel:0668824129\">06 68 82 41 29<\/a><\/strong>. Nous vous r\u00e9pondons dans l\u2019heure qui suit.<\/p>\n\n\n\n<h2 class=\"wp-block-heading\">Mise \u00e0 disposition<\/h2>\n\n\n\n<p>Pour plusieurs <strong>rendez-vous d\u2019affaires \u00e0 Paris ou en Essonne<\/strong>, ou pour une journ\u00e9e shopping, seul ou \u00e0 plusieurs. Ne vous pr\u00e9occupez plus de votre transport, du stress de la conduite et du stationnement. <strong>HL-Transport vous fournit un v\u00e9hicule confortable<\/strong> et accueillant avec un<strong> chauffeur priv\u00e9<\/strong> aussi courtois que professionnel. Vous pouvez b\u00e9n\u00e9ficier de cette mise \u00e0 disposition selon votre convenance, de quelques heures \u00e0 quelques jours.<\/p>\n\n\n\n<p>Vous avez la possibilit\u00e9 de r\u00e9server d\u00e8s \u00e0 pr\u00e9sent<strong> votre chauffeur VTC <\/strong>sur notre <a href=\"https:\/\/www.chauffeurtaxi91.fr\/\">site<\/a>, ou par t\u00e9l\u00e9phone au <strong><a href=\"tel:0668824129\">06 68 82 41 29<\/a><\/strong>.<\/p>\n\n\n\n<div class=\"wp-block-columns is-layout-flex wp-container-core-columns-is-layout-9d6595d7 wp-block-columns-is-layout-flex\">\n<div class=\"wp-block-column is-layout-flow wp-block-column-is-layout-flow\">\n<figure class=\"wp-block-image size-full is-resized\"><img loading=\"lazy\" decoding=\"async\" src=\"https:\/\/www.chauffeurtaxi91.fr\/wp-content\/uploads\/2022\/02\/bretigny-sur-orge-une-min-1.jpg\" alt=\"VTC Br\u00e9tigny-sur-Orge\" class=\"wp-image-943\" width=\"415\" height=\"268\"\/><\/figure>\n<\/div>\n\n\n\n<div class=\"wp-block-column is-layout-flow wp-block-column-is-layout-flow\">\n<iframe src=\"https:\/\/www.google.com\/maps\/embed?pb=!1m18!1m12!1m3!1d42215.435511448304!2d2.2639149514938204!3d48.600947191218694!2m3!1f0!2f0!3f0!3m2!1i1024!2i768!4f13.1!3m3!1m2!1s0x47e5da3482f319e5%3A0x40b82c3688b4950!2s91220%20Br%C3%A9tigny-sur-Orge%2C%20France!5e0!3m2!1sfr!2stn!4v1645607745177!5m2!1sfr!2stn\" width=\"600\" height=\"300\" style=\"border:0;\" allowfullscreen=\"\" loading=\"lazy\"><\/iframe>\n<\/div>\n<\/div>\n","protected":false},"excerpt":{"rendered":"<p>Pour quelques heures ou quelques jours, il est facile de r\u00e9server un VTC \u00e0 Br\u00e9tigny-sur-Orge pour tous vos d\u00e9placements.<\/p>\n","protected":false},"author":1,"featured_media":0,"parent":0,"menu_order":0,"comment_status":"closed","ping_status":"closed","template":"","meta":{"_et_pb_use_builder":"off","_et_pb_old_content":"","_et_gb_content_width":"","footnotes":""},"class_list":["post-465","page","type-page","status-publish","hentry"],"yoast_head":"<!-- This site is optimized with the Yoast SEO plugin v27.4 - https:\/\/yoast.com\/product\/yoast-seo-wordpress\/ -->\n<title>VTC Br\u00e9tigny-sur-Orge votre VTC \u00e0 la demande<\/title>\n<meta name=\"description\" content=\"Pour quelques heures ou quelques jours, il est facile de r\u00e9server un VTC \u00e0 Br\u00e9tigny-sur-Orge pour tous vos d\u00e9placements.\" \/>\n<meta name=\"robots\" content=\"index, follow, max-snippet:-1, max-image-preview:large, max-video-preview:-1\" \/>\n<link rel=\"canonical\" href=\"https:\/\/www.chauffeurtaxi91.fr\/fr\/vtc-bretigny-sur-orge\/\" \/>\n<meta property=\"og:locale\" content=\"fr_FR\" \/>\n<meta property=\"og:type\" content=\"article\" \/>\n<meta property=\"og:title\" content=\"VTC Br\u00e9tigny-sur-Orge votre VTC \u00e0 la demande\" \/>\n<meta property=\"og:description\" content=\"Pour quelques heures ou quelques jours, il est facile de r\u00e9server un VTC \u00e0 Br\u00e9tigny-sur-Orge pour tous vos d\u00e9placements.\" \/>\n<meta property=\"og:url\" content=\"https:\/\/www.chauffeurtaxi91.fr\/fr\/vtc-bretigny-sur-orge\/\" \/>\n<meta property=\"og:site_name\" content=\"Chauffeur Taxi | \u00cele-de-France | Essonne (91) &amp; Seine-et-marne (77)\" \/>\n<meta property=\"article:modified_time\" content=\"2022-02-23T09:16:50+00:00\" \/>\n<meta property=\"og:image\" content=\"https:\/\/www.chauffeurtaxi91.fr\/wp-content\/uploads\/2022\/02\/bretigny-sur-orge-une-min-1.jpg\" \/>\n<meta name=\"twitter:card\" content=\"summary_large_image\" \/>\n<meta name=\"twitter:label1\" content=\"Dur\u00e9e de lecture estim\u00e9e\" \/>\n\t<meta name=\"twitter:data1\" content=\"3 minutes\" \/>\n<script type=\"application\/ld+json\" class=\"yoast-schema-graph\">{\"@context\":\"https:\\\/\\\/schema.org\",\"@graph\":[{\"@type\":\"WebPage\",\"@id\":\"https:\\\/\\\/www.chauffeurtaxi91.fr\\\/vtc-bretigny-sur-orge\\\/\",\"url\":\"https:\\\/\\\/www.chauffeurtaxi91.fr\\\/vtc-bretigny-sur-orge\\\/\",\"name\":\"VTC Br\u00e9tigny-sur-Orge votre VTC \u00e0 la demande\",\"isPartOf\":{\"@id\":\"https:\\\/\\\/www.chauffeurtaxi91.fr\\\/#website\"},\"primaryImageOfPage\":{\"@id\":\"https:\\\/\\\/www.chauffeurtaxi91.fr\\\/vtc-bretigny-sur-orge\\\/#primaryimage\"},\"image\":{\"@id\":\"https:\\\/\\\/www.chauffeurtaxi91.fr\\\/vtc-bretigny-sur-orge\\\/#primaryimage\"},\"thumbnailUrl\":\"https:\\\/\\\/www.chauffeurtaxi91.fr\\\/wp-content\\\/uploads\\\/2022\\\/02\\\/bretigny-sur-orge-une-min-1.jpg\",\"datePublished\":\"2022-01-10T19:55:56+00:00\",\"dateModified\":\"2022-02-23T09:16:50+00:00\",\"description\":\"Pour quelques heures ou quelques jours, il est facile de r\u00e9server un VTC \u00e0 Br\u00e9tigny-sur-Orge pour tous vos d\u00e9placements.\",\"breadcrumb\":{\"@id\":\"https:\\\/\\\/www.chauffeurtaxi91.fr\\\/vtc-bretigny-sur-orge\\\/#breadcrumb\"},\"inLanguage\":\"fr-FR\",\"potentialAction\":[{\"@type\":\"ReadAction\",\"target\":[\"https:\\\/\\\/www.chauffeurtaxi91.fr\\\/vtc-bretigny-sur-orge\\\/\"]}]},{\"@type\":\"ImageObject\",\"inLanguage\":\"fr-FR\",\"@id\":\"https:\\\/\\\/www.chauffeurtaxi91.fr\\\/vtc-bretigny-sur-orge\\\/#primaryimage\",\"url\":\"https:\\\/\\\/www.chauffeurtaxi91.fr\\\/wp-content\\\/uploads\\\/2022\\\/02\\\/bretigny-sur-orge-une-min-1.jpg\",\"contentUrl\":\"https:\\\/\\\/www.chauffeurtaxi91.fr\\\/wp-content\\\/uploads\\\/2022\\\/02\\\/bretigny-sur-orge-une-min-1.jpg\"},{\"@type\":\"BreadcrumbList\",\"@id\":\"https:\\\/\\\/www.chauffeurtaxi91.fr\\\/vtc-bretigny-sur-orge\\\/#breadcrumb\",\"itemListElement\":[{\"@type\":\"ListItem\",\"position\":1,\"name\":\"Accueil\",\"item\":\"https:\\\/\\\/www.chauffeurtaxi91.fr\\\/fr\\\/\"},{\"@type\":\"ListItem\",\"position\":2,\"name\":\"VTC Br\u00e9tigny-sur-Orge\"}]},{\"@type\":\"WebSite\",\"@id\":\"https:\\\/\\\/www.chauffeurtaxi91.fr\\\/#website\",\"url\":\"https:\\\/\\\/www.chauffeurtaxi91.fr\\\/\",\"name\":\"Chauffeur Taxi | \u00cele-de-France | Essonne (91) &amp; Seine-et-marne (77)\",\"description\":\"R\u00e9servez votre taxi | 24h\\\/24 7j\\\/7\",\"publisher\":{\"@id\":\"https:\\\/\\\/www.chauffeurtaxi91.fr\\\/#organization\"},\"potentialAction\":[{\"@type\":\"SearchAction\",\"target\":{\"@type\":\"EntryPoint\",\"urlTemplate\":\"https:\\\/\\\/www.chauffeurtaxi91.fr\\\/?s={search_term_string}\"},\"query-input\":{\"@type\":\"PropertyValueSpecification\",\"valueRequired\":true,\"valueName\":\"search_term_string\"}}],\"inLanguage\":\"fr-FR\"},{\"@type\":\"Organization\",\"@id\":\"https:\\\/\\\/www.chauffeurtaxi91.fr\\\/#organization\",\"name\":\"HL TRANSPORT\",\"url\":\"https:\\\/\\\/www.chauffeurtaxi91.fr\\\/\",\"logo\":{\"@type\":\"ImageObject\",\"inLanguage\":\"fr-FR\",\"@id\":\"https:\\\/\\\/www.chauffeurtaxi91.fr\\\/#\\\/schema\\\/logo\\\/image\\\/\",\"url\":\"https:\\\/\\\/chauffeurtaxi91.fr\\\/wp-content\\\/uploads\\\/2021\\\/07\\\/cropped-4eec4f87-4fce-4ff6-bbdf-932a1b0f000e-1.jpg\",\"contentUrl\":\"https:\\\/\\\/chauffeurtaxi91.fr\\\/wp-content\\\/uploads\\\/2021\\\/07\\\/cropped-4eec4f87-4fce-4ff6-bbdf-932a1b0f000e-1.jpg\",\"width\":512,\"height\":512,\"caption\":\"HL TRANSPORT\"},\"image\":{\"@id\":\"https:\\\/\\\/www.chauffeurtaxi91.fr\\\/#\\\/schema\\\/logo\\\/image\\\/\"}}]}<\/script>\n<!-- \/ Yoast SEO plugin. -->","yoast_head_json":{"title":"VTC Br\u00e9tigny-sur-Orge votre VTC \u00e0 la demande","description":"Pour quelques heures ou quelques jours, il est facile de r\u00e9server un VTC \u00e0 Br\u00e9tigny-sur-Orge pour tous vos d\u00e9placements.","robots":{"index":"index","follow":"follow","max-snippet":"max-snippet:-1","max-image-preview":"max-image-preview:large","max-video-preview":"max-video-preview:-1"},"canonical":"https:\/\/www.chauffeurtaxi91.fr\/fr\/vtc-bretigny-sur-orge\/","og_locale":"fr_FR","og_type":"article","og_title":"VTC Br\u00e9tigny-sur-Orge votre VTC \u00e0 la demande","og_description":"Pour quelques heures ou quelques jours, il est facile de r\u00e9server un VTC \u00e0 Br\u00e9tigny-sur-Orge pour tous vos d\u00e9placements.","og_url":"https:\/\/www.chauffeurtaxi91.fr\/fr\/vtc-bretigny-sur-orge\/","og_site_name":"Chauffeur Taxi | \u00cele-de-France | Essonne (91) &amp; Seine-et-marne (77)","article_modified_time":"2022-02-23T09:16:50+00:00","og_image":[{"url":"https:\/\/www.chauffeurtaxi91.fr\/wp-content\/uploads\/2022\/02\/bretigny-sur-orge-une-min-1.jpg","type":"","width":"","height":""}],"twitter_card":"summary_large_image","twitter_misc":{"Dur\u00e9e de lecture estim\u00e9e":"3 minutes"},"schema":{"@context":"https:\/\/schema.org","@graph":[{"@type":"WebPage","@id":"https:\/\/www.chauffeurtaxi91.fr\/vtc-bretigny-sur-orge\/","url":"https:\/\/www.chauffeurtaxi91.fr\/vtc-bretigny-sur-orge\/","name":"VTC Br\u00e9tigny-sur-Orge votre VTC \u00e0 la demande","isPartOf":{"@id":"https:\/\/www.chauffeurtaxi91.fr\/#website"},"primaryImageOfPage":{"@id":"https:\/\/www.chauffeurtaxi91.fr\/vtc-bretigny-sur-orge\/#primaryimage"},"image":{"@id":"https:\/\/www.chauffeurtaxi91.fr\/vtc-bretigny-sur-orge\/#primaryimage"},"thumbnailUrl":"https:\/\/www.chauffeurtaxi91.fr\/wp-content\/uploads\/2022\/02\/bretigny-sur-orge-une-min-1.jpg","datePublished":"2022-01-10T19:55:56+00:00","dateModified":"2022-02-23T09:16:50+00:00","description":"Pour quelques heures ou quelques jours, il est facile de r\u00e9server un VTC \u00e0 Br\u00e9tigny-sur-Orge pour tous vos d\u00e9placements.","breadcrumb":{"@id":"https:\/\/www.chauffeurtaxi91.fr\/vtc-bretigny-sur-orge\/#breadcrumb"},"inLanguage":"fr-FR","potentialAction":[{"@type":"ReadAction","target":["https:\/\/www.chauffeurtaxi91.fr\/vtc-bretigny-sur-orge\/"]}]},{"@type":"ImageObject","inLanguage":"fr-FR","@id":"https:\/\/www.chauffeurtaxi91.fr\/vtc-bretigny-sur-orge\/#primaryimage","url":"https:\/\/www.chauffeurtaxi91.fr\/wp-content\/uploads\/2022\/02\/bretigny-sur-orge-une-min-1.jpg","contentUrl":"https:\/\/www.chauffeurtaxi91.fr\/wp-content\/uploads\/2022\/02\/bretigny-sur-orge-une-min-1.jpg"},{"@type":"BreadcrumbList","@id":"https:\/\/www.chauffeurtaxi91.fr\/vtc-bretigny-sur-orge\/#breadcrumb","itemListElement":[{"@type":"ListItem","position":1,"name":"Accueil","item":"https:\/\/www.chauffeurtaxi91.fr\/fr\/"},{"@type":"ListItem","position":2,"name":"VTC Br\u00e9tigny-sur-Orge"}]},{"@type":"WebSite","@id":"https:\/\/www.chauffeurtaxi91.fr\/#website","url":"https:\/\/www.chauffeurtaxi91.fr\/","name":"Chauffeur Taxi | \u00cele-de-France | Essonne (91) &amp; Seine-et-marne (77)","description":"R\u00e9servez votre taxi | 24h\/24 7j\/7","publisher":{"@id":"https:\/\/www.chauffeurtaxi91.fr\/#organization"},"potentialAction":[{"@type":"SearchAction","target":{"@type":"EntryPoint","urlTemplate":"https:\/\/www.chauffeurtaxi91.fr\/?s={search_term_string}"},"query-input":{"@type":"PropertyValueSpecification","valueRequired":true,"valueName":"search_term_string"}}],"inLanguage":"fr-FR"},{"@type":"Organization","@id":"https:\/\/www.chauffeurtaxi91.fr\/#organization","name":"HL TRANSPORT","url":"https:\/\/www.chauffeurtaxi91.fr\/","logo":{"@type":"ImageObject","inLanguage":"fr-FR","@id":"https:\/\/www.chauffeurtaxi91.fr\/#\/schema\/logo\/image\/","url":"https:\/\/chauffeurtaxi91.fr\/wp-content\/uploads\/2021\/07\/cropped-4eec4f87-4fce-4ff6-bbdf-932a1b0f000e-1.jpg","contentUrl":"https:\/\/chauffeurtaxi91.fr\/wp-content\/uploads\/2021\/07\/cropped-4eec4f87-4fce-4ff6-bbdf-932a1b0f000e-1.jpg","width":512,"height":512,"caption":"HL TRANSPORT"},"image":{"@id":"https:\/\/www.chauffeurtaxi91.fr\/#\/schema\/logo\/image\/"}}]}},"_links":{"self":[{"href":"https:\/\/www.chauffeurtaxi91.fr\/fr\/wp-json\/wp\/v2\/pages\/465","targetHints":{"allow":["GET"]}}],"collection":[{"href":"https:\/\/www.chauffeurtaxi91.fr\/fr\/wp-json\/wp\/v2\/pages"}],"about":[{"href":"https:\/\/www.chauffeurtaxi91.fr\/fr\/wp-json\/wp\/v2\/types\/page"}],"author":[{"embeddable":true,"href":"https:\/\/www.chauffeurtaxi91.fr\/fr\/wp-json\/wp\/v2\/users\/1"}],"replies":[{"embeddable":true,"href":"https:\/\/www.chauffeurtaxi91.fr\/fr\/wp-json\/wp\/v2\/comments?post=465"}],"version-history":[{"count":0,"href":"https:\/\/www.chauffeurtaxi91.fr\/fr\/wp-json\/wp\/v2\/pages\/465\/revisions"}],"wp:attachment":[{"href":"https:\/\/www.chauffeurtaxi91.fr\/fr\/wp-json\/wp\/v2\/media?parent=465"}],"curies":[{"name":"wp","href":"https:\/\/api.w.org\/{rel}","templated":true}]}}