{"id":471,"date":"2022-01-10T21:09:37","date_gmt":"2022-01-10T20:09:37","guid":{"rendered":"https:\/\/www.chauffeurtaxi91.fr\/?page_id=471"},"modified":"2022-01-10T21:09:38","modified_gmt":"2022-01-10T20:09:38","slug":"vtc-orsay","status":"publish","type":"page","link":"https:\/\/www.chauffeurtaxi91.fr\/fr\/vtc-orsay\/","title":{"rendered":"VTC Orsay"},"content":{"rendered":"\n<p>Ce qui d\u00e9finit un trajet r\u00e9ussi, sont les \u00e9motions positives que l\u2019on ressent lors de cette exp\u00e9rience. Si l\u2019on rajoute en plus<strong>, le sentiment de s\u00e9curit\u00e9 et de bien-\u00eatre<\/strong>, vous ne pourrez plus vous d\u00e9placer autrement.&nbsp;<\/p>\n\n\n\n<p><strong>HL-Transport <\/strong>met tout en \u0153uvre pour vous garantir ce qui a de meilleur <strong>dans les transports en VTC \u00e0 Orsay<\/strong>.<\/p>\n\n\n\n<h2 class=\"wp-block-heading\">Que vous propose HL-Transport \u00e0 Orsay?<\/h2>\n\n\n\n<p>Des professionnels de la route depuis de nombreuses ann\u00e9es, nous vous proposons une gamme vari\u00e9e de services \u00e0 votre demande. Ces prestations sont accessibles <a href=\"https:\/\/www.chauffeurtaxi91.fr\/reservation-chauffeur-taxi\/\">en ligne<\/a>, ou par t\u00e9l\u00e9phone au <strong><a href=\"tel:0668824129\">06 68 82 41 29<\/a><\/strong>.<\/p>\n\n\n\n<h3 class=\"wp-block-heading\">Desserte a\u00e9roports de Paris<\/h3>\n\n\n\n<p>HL-transport se met \u00e0 votre disposition <strong>pour tous vos transports \u00e0 destination et \u00e0 partir des a\u00e9roports de Paris.<\/strong> Si vous avez un vol \u00e0 prendre, ou si vous rentrez de voyage. Faites appel \u00e0 nos services, un chauffeur priv\u00e9 vous est propos\u00e9 \u00e0 bord d\u2019un v\u00e9hicule confortable.<\/p>\n\n\n\n<p>Nous vous assurons le transfert vers :<\/p>\n\n\n\n<ul class=\"wp-block-list\"><li>L\u2019a\u00e9roport de Paris-Roissy-Charles-de-Gaulle ;<\/li><li>L\u2019a\u00e9roport de Paris-Le-Bourget ;<\/li><li>L\u2019a\u00e9roport de Paris-Orly ;<\/li><\/ul>\n\n\n\n<h3 class=\"wp-block-heading\">Transfert gare<\/h3>\n\n\n\n<p>Notre service de transfert \u00e0 partir d\u2019Orsay et \u00e0 destination des gares de Paris -tout en assurant le transfert inverse- est disponible <strong>sur r\u00e9servation <\/strong>en ligne 7j\/7 et 24h\/24. Nous sommes \u00e9galement joignables par t\u00e9l\u00e9phone au <strong>06 68 82 41 29<\/strong><\/p>\n\n\n\n<h3 class=\"wp-block-heading\">Mise \u00e0 disposition \u00e0 Orsay<\/h3>\n\n\n\n<p>Pour une dur\u00e9e de quelques heures \u00e0 quelques jours, il est tout \u00e0 fait possible de <strong>b\u00e9n\u00e9ficier d\u2019un chauffeur personnel qui vous sera r\u00e9serv\u00e9 pour tous vos d\u00e9placements.<\/strong> Sans vous soucier de qui va vous r\u00e9cup\u00e9rer, vous d\u00e9poser ou m\u00eame vous attendre pendant des heures.<\/p>\n\n\n\n<h3 class=\"wp-block-heading\">Transport professionnel \u00e0 Orsay<\/h3>\n\n\n\n<p>Pour tous vos rendez-vous business, vos meetings, vos d\u00e9jeuners ou d\u00eeners d\u2019affaires. Qu\u2019ils soient r\u00e9p\u00e9t\u00e9s dans la m\u00eame journ\u00e9e ou uniques, faites confiance \u00e0 notre professionnalisme. <strong>Nous nous chargeons de vous y conduire \u00e0 l\u2019heure et dans les d\u00e9lais.<\/strong><\/p>\n\n\n\n<h3 class=\"wp-block-heading\">Transport priv\u00e9 \u00e0 Orsay<\/h3>\n\n\n\n<p>Pour assister \u00e0 un \u00e9v\u00e9nement, faire du shopping ou encore faire du tourisme. Que vous soyez seul ou accompagn\u00e9, <strong>nous vous conduisons l\u00e0 o\u00f9 vous voulez, \u00e0 l\u2019heure que vous voulez<\/strong>. Vous n\u2019avez qu\u2019\u00e0 profiter paisiblement du trajet sans vous soucier de l\u2019itin\u00e9raire, de l\u2019heure ou m\u00eame du stationnement.<\/p>\n\n\n\n<h3 class=\"wp-block-heading\">Trajet<\/h3>\n\n\n\n<p>Si vous avez un d\u00e9placement \u00e0 faire \u00e0 partir d\u2019Orsay, vers n\u2019importe quelle commune du <strong>d\u00e9partement de l\u2019Essonne, ou dans la r\u00e9gion parisienne et ses alentours<\/strong>. Confiez-nous vos trajets.<\/p>\n\n\n\n<p>Profitez de tous vos d\u00e9placements avec une conduite s\u00e9curis\u00e9e et un chauffeur pr\u00e9sentable et \u00e0 l\u2019\u00e9coute, dont la seule pr\u00e9occupation est de vous mettre \u00e0 l\u2019aise.<\/p>\n\n\n\n<h2 class=\"wp-block-heading\">Pourquoi choisir HL-Transport pour vos d\u00e9placements \u00e0 Orsay ?<\/h2>\n\n\n\n<p>Les contraintes li\u00e9es \u00e0 la route peuvent \u00eatre multiples. Les embouteillages, le stress de ne pas \u00eatre \u00e0 l\u2019heure, l\u2019itin\u00e9raire \u00e0 prendre, la place de parking et le stationnement. <strong>Avec HL-Transport, oubliez toutes les contraintes et voyagez sereinement<\/strong>. Vous \u00eates \u00e0 bord d\u2019un v\u00e9hicule s\u00e9curis\u00e9, avec un chauffeur professionnel et form\u00e9.<\/p>\n\n\n\n<p>Par ailleurs, tous les services que nous vous proposons ne sont pas chers. Nous \u00e9tudions nos tarifs qui sont tr\u00e8s attractifs.<\/p>\n\n\n\n<p>N\u2019h\u00e9sitez pas \u00e0 r\u00e9server votre chauffeur VTC <strong>en ligne<\/strong> ou par t\u00e9l\u00e9phone au <strong><a href=\"tel:0668824129\">06 68 82 41 29<\/a>.<\/strong><\/p>\n","protected":false},"excerpt":{"rendered":"<p>M\u00eame en plein c\u0153ur d&rsquo;Orsay, votre transport peut \u00eatre assur\u00e9 par un VTC, quelle que soit la distance \u00e0 faire. <\/p>\n","protected":false},"author":1,"featured_media":0,"parent":0,"menu_order":0,"comment_status":"closed","ping_status":"closed","template":"","meta":{"_et_pb_use_builder":"off","_et_pb_old_content":"","_et_gb_content_width":"","footnotes":""},"class_list":["post-471","page","type-page","status-publish","hentry"],"yoast_head":"<!-- This site is optimized with the Yoast SEO plugin v27.4 - https:\/\/yoast.com\/product\/yoast-seo-wordpress\/ -->\n<title>VTC Orsay - HL-Transport : votre VTC de confiance \u00e0 Orsay<\/title>\n<meta name=\"description\" content=\"M\u00eame en plein c\u0153ur d&#039;Orsay, votre transport peut \u00eatre assur\u00e9 par un VTC, quelle que soit la distance \u00e0 faire.\" \/>\n<meta name=\"robots\" content=\"index, follow, max-snippet:-1, max-image-preview:large, max-video-preview:-1\" \/>\n<link rel=\"canonical\" href=\"https:\/\/www.chauffeurtaxi91.fr\/fr\/vtc-orsay\/\" \/>\n<meta property=\"og:locale\" content=\"fr_FR\" \/>\n<meta property=\"og:type\" content=\"article\" \/>\n<meta property=\"og:title\" content=\"VTC Orsay - HL-Transport : votre VTC de confiance \u00e0 Orsay\" \/>\n<meta property=\"og:description\" content=\"M\u00eame en plein c\u0153ur d&#039;Orsay, votre transport peut \u00eatre assur\u00e9 par un VTC, quelle que soit la distance \u00e0 faire.\" \/>\n<meta property=\"og:url\" content=\"https:\/\/www.chauffeurtaxi91.fr\/fr\/vtc-orsay\/\" \/>\n<meta property=\"og:site_name\" content=\"Chauffeur Taxi | \u00cele-de-France | Essonne (91) &amp; Seine-et-marne (77)\" \/>\n<meta property=\"article:modified_time\" content=\"2022-01-10T20:09:38+00:00\" \/>\n<meta name=\"twitter:card\" content=\"summary_large_image\" \/>\n<meta name=\"twitter:label1\" content=\"Dur\u00e9e de lecture estim\u00e9e\" \/>\n\t<meta name=\"twitter:data1\" content=\"3 minutes\" \/>\n<script type=\"application\/ld+json\" class=\"yoast-schema-graph\">{\"@context\":\"https:\\\/\\\/schema.org\",\"@graph\":[{\"@type\":\"WebPage\",\"@id\":\"https:\\\/\\\/www.chauffeurtaxi91.fr\\\/vtc-orsay\\\/\",\"url\":\"https:\\\/\\\/www.chauffeurtaxi91.fr\\\/vtc-orsay\\\/\",\"name\":\"VTC Orsay - HL-Transport : votre VTC de confiance \u00e0 Orsay\",\"isPartOf\":{\"@id\":\"https:\\\/\\\/www.chauffeurtaxi91.fr\\\/#website\"},\"datePublished\":\"2022-01-10T20:09:37+00:00\",\"dateModified\":\"2022-01-10T20:09:38+00:00\",\"description\":\"M\u00eame en plein c\u0153ur d'Orsay, votre transport peut \u00eatre assur\u00e9 par un VTC, quelle que soit la distance \u00e0 faire.\",\"breadcrumb\":{\"@id\":\"https:\\\/\\\/www.chauffeurtaxi91.fr\\\/vtc-orsay\\\/#breadcrumb\"},\"inLanguage\":\"fr-FR\",\"potentialAction\":[{\"@type\":\"ReadAction\",\"target\":[\"https:\\\/\\\/www.chauffeurtaxi91.fr\\\/vtc-orsay\\\/\"]}]},{\"@type\":\"BreadcrumbList\",\"@id\":\"https:\\\/\\\/www.chauffeurtaxi91.fr\\\/vtc-orsay\\\/#breadcrumb\",\"itemListElement\":[{\"@type\":\"ListItem\",\"position\":1,\"name\":\"Accueil\",\"item\":\"https:\\\/\\\/www.chauffeurtaxi91.fr\\\/fr\\\/\"},{\"@type\":\"ListItem\",\"position\":2,\"name\":\"VTC Orsay\"}]},{\"@type\":\"WebSite\",\"@id\":\"https:\\\/\\\/www.chauffeurtaxi91.fr\\\/#website\",\"url\":\"https:\\\/\\\/www.chauffeurtaxi91.fr\\\/\",\"name\":\"Chauffeur Taxi | \u00cele-de-France | Essonne (91) &amp; Seine-et-marne (77)\",\"description\":\"R\u00e9servez votre taxi | 24h\\\/24 7j\\\/7\",\"publisher\":{\"@id\":\"https:\\\/\\\/www.chauffeurtaxi91.fr\\\/#organization\"},\"potentialAction\":[{\"@type\":\"SearchAction\",\"target\":{\"@type\":\"EntryPoint\",\"urlTemplate\":\"https:\\\/\\\/www.chauffeurtaxi91.fr\\\/?s={search_term_string}\"},\"query-input\":{\"@type\":\"PropertyValueSpecification\",\"valueRequired\":true,\"valueName\":\"search_term_string\"}}],\"inLanguage\":\"fr-FR\"},{\"@type\":\"Organization\",\"@id\":\"https:\\\/\\\/www.chauffeurtaxi91.fr\\\/#organization\",\"name\":\"HL TRANSPORT\",\"url\":\"https:\\\/\\\/www.chauffeurtaxi91.fr\\\/\",\"logo\":{\"@type\":\"ImageObject\",\"inLanguage\":\"fr-FR\",\"@id\":\"https:\\\/\\\/www.chauffeurtaxi91.fr\\\/#\\\/schema\\\/logo\\\/image\\\/\",\"url\":\"https:\\\/\\\/chauffeurtaxi91.fr\\\/wp-content\\\/uploads\\\/2021\\\/07\\\/cropped-4eec4f87-4fce-4ff6-bbdf-932a1b0f000e-1.jpg\",\"contentUrl\":\"https:\\\/\\\/chauffeurtaxi91.fr\\\/wp-content\\\/uploads\\\/2021\\\/07\\\/cropped-4eec4f87-4fce-4ff6-bbdf-932a1b0f000e-1.jpg\",\"width\":512,\"height\":512,\"caption\":\"HL TRANSPORT\"},\"image\":{\"@id\":\"https:\\\/\\\/www.chauffeurtaxi91.fr\\\/#\\\/schema\\\/logo\\\/image\\\/\"}}]}<\/script>\n<!-- \/ Yoast SEO plugin. -->","yoast_head_json":{"title":"VTC Orsay - HL-Transport : votre VTC de confiance \u00e0 Orsay","description":"M\u00eame en plein c\u0153ur d'Orsay, votre transport peut \u00eatre assur\u00e9 par un VTC, quelle que soit la distance \u00e0 faire.","robots":{"index":"index","follow":"follow","max-snippet":"max-snippet:-1","max-image-preview":"max-image-preview:large","max-video-preview":"max-video-preview:-1"},"canonical":"https:\/\/www.chauffeurtaxi91.fr\/fr\/vtc-orsay\/","og_locale":"fr_FR","og_type":"article","og_title":"VTC Orsay - HL-Transport : votre VTC de confiance \u00e0 Orsay","og_description":"M\u00eame en plein c\u0153ur d'Orsay, votre transport peut \u00eatre assur\u00e9 par un VTC, quelle que soit la distance \u00e0 faire.","og_url":"https:\/\/www.chauffeurtaxi91.fr\/fr\/vtc-orsay\/","og_site_name":"Chauffeur Taxi | \u00cele-de-France | Essonne (91) &amp; Seine-et-marne (77)","article_modified_time":"2022-01-10T20:09:38+00:00","twitter_card":"summary_large_image","twitter_misc":{"Dur\u00e9e de lecture estim\u00e9e":"3 minutes"},"schema":{"@context":"https:\/\/schema.org","@graph":[{"@type":"WebPage","@id":"https:\/\/www.chauffeurtaxi91.fr\/vtc-orsay\/","url":"https:\/\/www.chauffeurtaxi91.fr\/vtc-orsay\/","name":"VTC Orsay - HL-Transport : votre VTC de confiance \u00e0 Orsay","isPartOf":{"@id":"https:\/\/www.chauffeurtaxi91.fr\/#website"},"datePublished":"2022-01-10T20:09:37+00:00","dateModified":"2022-01-10T20:09:38+00:00","description":"M\u00eame en plein c\u0153ur d'Orsay, votre transport peut \u00eatre assur\u00e9 par un VTC, quelle que soit la distance \u00e0 faire.","breadcrumb":{"@id":"https:\/\/www.chauffeurtaxi91.fr\/vtc-orsay\/#breadcrumb"},"inLanguage":"fr-FR","potentialAction":[{"@type":"ReadAction","target":["https:\/\/www.chauffeurtaxi91.fr\/vtc-orsay\/"]}]},{"@type":"BreadcrumbList","@id":"https:\/\/www.chauffeurtaxi91.fr\/vtc-orsay\/#breadcrumb","itemListElement":[{"@type":"ListItem","position":1,"name":"Accueil","item":"https:\/\/www.chauffeurtaxi91.fr\/fr\/"},{"@type":"ListItem","position":2,"name":"VTC Orsay"}]},{"@type":"WebSite","@id":"https:\/\/www.chauffeurtaxi91.fr\/#website","url":"https:\/\/www.chauffeurtaxi91.fr\/","name":"Chauffeur Taxi | \u00cele-de-France | Essonne (91) &amp; Seine-et-marne (77)","description":"R\u00e9servez votre taxi | 24h\/24 7j\/7","publisher":{"@id":"https:\/\/www.chauffeurtaxi91.fr\/#organization"},"potentialAction":[{"@type":"SearchAction","target":{"@type":"EntryPoint","urlTemplate":"https:\/\/www.chauffeurtaxi91.fr\/?s={search_term_string}"},"query-input":{"@type":"PropertyValueSpecification","valueRequired":true,"valueName":"search_term_string"}}],"inLanguage":"fr-FR"},{"@type":"Organization","@id":"https:\/\/www.chauffeurtaxi91.fr\/#organization","name":"HL TRANSPORT","url":"https:\/\/www.chauffeurtaxi91.fr\/","logo":{"@type":"ImageObject","inLanguage":"fr-FR","@id":"https:\/\/www.chauffeurtaxi91.fr\/#\/schema\/logo\/image\/","url":"https:\/\/chauffeurtaxi91.fr\/wp-content\/uploads\/2021\/07\/cropped-4eec4f87-4fce-4ff6-bbdf-932a1b0f000e-1.jpg","contentUrl":"https:\/\/chauffeurtaxi91.fr\/wp-content\/uploads\/2021\/07\/cropped-4eec4f87-4fce-4ff6-bbdf-932a1b0f000e-1.jpg","width":512,"height":512,"caption":"HL TRANSPORT"},"image":{"@id":"https:\/\/www.chauffeurtaxi91.fr\/#\/schema\/logo\/image\/"}}]}},"_links":{"self":[{"href":"https:\/\/www.chauffeurtaxi91.fr\/fr\/wp-json\/wp\/v2\/pages\/471","targetHints":{"allow":["GET"]}}],"collection":[{"href":"https:\/\/www.chauffeurtaxi91.fr\/fr\/wp-json\/wp\/v2\/pages"}],"about":[{"href":"https:\/\/www.chauffeurtaxi91.fr\/fr\/wp-json\/wp\/v2\/types\/page"}],"author":[{"embeddable":true,"href":"https:\/\/www.chauffeurtaxi91.fr\/fr\/wp-json\/wp\/v2\/users\/1"}],"replies":[{"embeddable":true,"href":"https:\/\/www.chauffeurtaxi91.fr\/fr\/wp-json\/wp\/v2\/comments?post=471"}],"version-history":[{"count":0,"href":"https:\/\/www.chauffeurtaxi91.fr\/fr\/wp-json\/wp\/v2\/pages\/471\/revisions"}],"wp:attachment":[{"href":"https:\/\/www.chauffeurtaxi91.fr\/fr\/wp-json\/wp\/v2\/media?parent=471"}],"curies":[{"name":"wp","href":"https:\/\/api.w.org\/{rel}","templated":true}]}}