{"id":473,"date":"2022-01-10T21:13:44","date_gmt":"2022-01-10T20:13:44","guid":{"rendered":"https:\/\/www.chauffeurtaxi91.fr\/?page_id=473"},"modified":"2022-02-23T12:14:57","modified_gmt":"2022-02-23T11:14:57","slug":"vtc-viry-chatillon","status":"publish","type":"page","link":"https:\/\/www.chauffeurtaxi91.fr\/fr\/vtc-viry-chatillon\/","title":{"rendered":"VTC Viry-Ch\u00e2tillon"},"content":{"rendered":"\n<p>Les d\u00e9placements peuvent parfois \u00eatre fatigants et contraignants. Mais pour rendre votre transport le plus agr\u00e9able possible. <strong>HL-Transport<\/strong> met \u00e0 votre disposition des <strong>v\u00e9hicules avec des chauffeurs professionnels<\/strong>, dont les principales qualit\u00e9s sont le s\u00e9rieux et la ponctualit\u00e9.<\/p>\n\n\n\n<h2 class=\"wp-block-heading\">Les trajets au d\u00e9part de Viry-Ch\u00e2tillon<\/h2>\n\n\n\n<p>Pour une <strong>courte ou une longue distance<\/strong>, vous allez appr\u00e9cier le voyage avec HL-Transport. Nous vous transportons selon votre demande <strong>\u00e0 partir de Viry-Ch\u00e2tillon vers l\u2019ensemble du d\u00e9partement de l\u2019Essonne, l\u2019\u00cele-de-France et ses alentours<\/strong>. Nous mettons tout en \u0153uvre pour vous offrir tout le confort dont vous avez besoin.<\/p>\n\n\n\n<h2 class=\"wp-block-heading\">Les transferts vers et \u00e0 partir des a\u00e9roports<\/h2>\n\n\n\n<p>Au fil des ann\u00e9es, notre exp\u00e9rience s\u2019est forg\u00e9e en <strong>transfert \u00e0 partir et en direction des a\u00e9roports<\/strong>. Ponctualit\u00e9 et efficacit\u00e9 font de nous la r\u00e9f\u00e9rence du VTC en Essonne. Vous appr\u00e9cierez d\u2019autant plus l\u2019heure d\u2019attente gratuite que nous vous offrons -en cas de retard de votre vol- si vous r\u00e9servez votre chauffeur \u00e0 partir de l\u2019a\u00e9roport.<\/p>\n\n\n\n<h2 class=\"wp-block-heading\">Les transferts vers et \u00e0 partir des gares<\/h2>\n\n\n\n<p><strong>HL-Transport <\/strong>vous propose ses services de transfert \u00e0 destination et au retour des gares de Paris. Un chauffeur priv\u00e9 vous attend \u00e0 votre arriv\u00e9e de voyage, et <strong>vous conduit vers Viry-Ch\u00e2tillon<\/strong>. Le transfert \u00e0 partir de votre domicile est \u00e9galement assur\u00e9.<\/p>\n\n\n\n<p>N\u2019attendez donc plus pour r\u00e9server votre transport vers ou depuis :<\/p>\n\n\n\n<ul class=\"wp-block-list\"><li>La gare de Paris Est ;<\/li><li>La gare de Paris Nord ;<\/li><li>Paris gare de Lyon ;<\/li><li>La gare de Paris Montparnasse ;<\/li><li>La gare de Paris Saint Lazare ;<\/li><li>La gare de Paris Bercy Bourgogne ;<\/li><li>La gare de Paris Austerlitz ;<\/li><\/ul>\n\n\n\n<h2 class=\"wp-block-heading\">La mise \u00e0 disposition \u00e0 Viry-Ch\u00e2tillon<\/h2>\n\n\n\n<p>Il est tout \u00e0 fait possible de b\u00e9n\u00e9ficier avec HL-Transport d\u2019un <strong>chauffeur personnel<\/strong> le temps de quelques heures, d\u2019une journ\u00e9e ou de quelques jours.<\/p>\n\n\n\n<p>Vous avez plusieurs rendez-vous ou plusieurs conf\u00e9rences auxquels vous devez assister ? Ou encore, vous avez des courses \u00e0 faire ou vous souhaitez visiter l\u2019Essonne et la r\u00e9gion parisienne ? Que ce soit pour un transport business ou personnel, nous nous mettons \u00e0 votre enti\u00e8re disposition. N\u2019h\u00e9sitez pas \u00e0 <a href=\"tel:0668824129\">faire appel<\/a> \u00e0 nos services ! Nous vous assurons enti\u00e8re satisfaction.<\/p>\n\n\n\n<h2 class=\"wp-block-heading\">Pourquoi choisir de voyager avec HL-Transport \u00e0 Viry-Ch\u00e2tillon ?<\/h2>\n\n\n\n<p>Notre premier int\u00e9r\u00eat est de <strong>vous satisfaire<\/strong> et de vous fid\u00e9liser. Nous travaillons donc pour vous fournir le meilleur :<\/p>\n\n\n\n<ul class=\"wp-block-list\"><li>Confort du v\u00e9hicule ;<\/li><li>Rapidit\u00e9 d\u2019intervention ;<\/li><li>Disponibilit\u00e9 jour et nuit ;<\/li><li>Priorit\u00e9 aux a\u00e9roports gr\u00e2ce \u00e0 nos badges professionnels ;<\/li><li>Prix fix\u00e9 au moment de la r\u00e9servation, qui reste invariable apr\u00e8s votre d\u00e9placement ;<\/li><\/ul>\n\n\n\n<h2 class=\"wp-block-heading\">Comment r\u00e9server votre v\u00e9hicule avec chauffeur \u00e0 Viry-Ch\u00e2tillon?<\/h2>\n\n\n\n<p>Il est tr\u00e8s simple de r\u00e9server l\u2019un de nos <strong>chauffeurs priv\u00e9s \u00e0 Viry-Ch\u00e2tillon<\/strong>, et de nous faire parvenir vos besoins. Vous avez le choix de r\u00e9diger votre demande via notre <a href=\"https:\/\/www.chauffeurtaxi91.fr\/\">site<\/a><strong>. <\/strong>Un formulaire de seulement 7 questions est \u00e0 remplir. Vous pouvez par ailleurs nous contacter par t\u00e9l\u00e9phone au <strong><a href=\"tel:0668824129\">06 68 82 41 29<\/a>.&nbsp;<\/strong><\/p>\n\n\n\n<p>Une \u00e9quipe enti\u00e8re travaille de jour comme de nuit, les week-ends, et m\u00eame les jours f\u00e9ri\u00e9s, pour apporter r\u00e9ponse \u00e0 votre qu\u00eate en un tr\u00e8s bref d\u00e9lai.<\/p>\n\n\n\n<div class=\"wp-block-columns is-layout-flex wp-container-core-columns-is-layout-9d6595d7 wp-block-columns-is-layout-flex\">\n<div class=\"wp-block-column is-layout-flow wp-block-column-is-layout-flow\">\n<figure class=\"wp-block-image size-large\"><img loading=\"lazy\" decoding=\"async\" width=\"1024\" height=\"673\" src=\"https:\/\/www.chauffeurtaxi91.fr\/wp-content\/uploads\/2022\/02\/viry-chatillon-c-ok-min-1024x673.jpg\" alt=\"VTC Viry-Ch\u00e2tillon\" class=\"wp-image-972\" srcset=\"https:\/\/www.chauffeurtaxi91.fr\/wp-content\/uploads\/2022\/02\/viry-chatillon-c-ok-min-980x645.jpg 980w, https:\/\/www.chauffeurtaxi91.fr\/wp-content\/uploads\/2022\/02\/viry-chatillon-c-ok-min-480x316.jpg 480w\" sizes=\"auto, (min-width: 0px) and (max-width: 480px) 480px, (min-width: 481px) and (max-width: 980px) 980px, (min-width: 981px) 1024px, 100vw\" \/><\/figure>\n<\/div>\n\n\n\n<div class=\"wp-block-column is-layout-flow wp-block-column-is-layout-flow\">\n<iframe src=\"https:\/\/www.google.com\/maps\/embed?pb=!1m18!1m12!1m3!1d42160.85584187793!2d2.340778152120668!3d48.66621974276116!2m3!1f0!2f0!3f0!3m2!1i1024!2i768!4f13.1!3m3!1m2!1s0x47e5df17a4927b8d%3A0x40b82c3688b3f10!2s91170%20Viry-Ch%C3%A2tillon%2C%20France!5e0!3m2!1sfr!2stn!4v1645614711257!5m2!1sfr!2stn\" width=\"600\" height=\"300\" style=\"border:0;\" allowfullscreen=\"\" loading=\"lazy\"><\/iframe>\n<\/div>\n<\/div>\n","protected":false},"excerpt":{"rendered":"<p>Vous d\u00e9placer dans la commune de Viry-Ch\u00e2tillon, n\u2019a jamais \u00e9t\u00e9 aussi agr\u00e9able, qu\u2019avec HL-Transport. Professionnalisme et savoir-faire sont au rendez-vous.  <\/p>\n","protected":false},"author":1,"featured_media":0,"parent":0,"menu_order":0,"comment_status":"closed","ping_status":"closed","template":"","meta":{"_et_pb_use_builder":"off","_et_pb_old_content":"","_et_gb_content_width":"","footnotes":""},"class_list":["post-473","page","type-page","status-publish","hentry"],"yoast_head":"<!-- This site is optimized with the Yoast SEO plugin v27.4 - https:\/\/yoast.com\/product\/yoast-seo-wordpress\/ -->\n<title>VTC Viry-Ch\u00e2tillon - HL-Transport : le VTC de qualit\u00e9 \u00e0 Viry-Ch\u00e2tillon<\/title>\n<meta name=\"description\" content=\"Vous d\u00e9placer dans la commune de Viry-Ch\u00e2tillon, n\u2019a jamais \u00e9t\u00e9 aussi agr\u00e9able, qu\u2019avec HL-Transport, Professionnalisme et savoir-faire.\" \/>\n<meta name=\"robots\" content=\"index, follow, max-snippet:-1, max-image-preview:large, max-video-preview:-1\" \/>\n<link rel=\"canonical\" href=\"https:\/\/www.chauffeurtaxi91.fr\/fr\/vtc-viry-chatillon\/\" \/>\n<meta property=\"og:locale\" content=\"fr_FR\" \/>\n<meta property=\"og:type\" content=\"article\" \/>\n<meta property=\"og:title\" content=\"VTC Viry-Ch\u00e2tillon - HL-Transport : le VTC de qualit\u00e9 \u00e0 Viry-Ch\u00e2tillon\" \/>\n<meta property=\"og:description\" content=\"Vous d\u00e9placer dans la commune de Viry-Ch\u00e2tillon, n\u2019a jamais \u00e9t\u00e9 aussi agr\u00e9able, qu\u2019avec HL-Transport, Professionnalisme et savoir-faire.\" \/>\n<meta property=\"og:url\" content=\"https:\/\/www.chauffeurtaxi91.fr\/fr\/vtc-viry-chatillon\/\" \/>\n<meta property=\"og:site_name\" content=\"Chauffeur Taxi | \u00cele-de-France | Essonne (91) &amp; Seine-et-marne (77)\" \/>\n<meta property=\"article:modified_time\" content=\"2022-02-23T11:14:57+00:00\" \/>\n<meta property=\"og:image\" content=\"https:\/\/www.chauffeurtaxi91.fr\/wp-content\/uploads\/2022\/02\/viry-chatillon-c-ok-min-1024x673.jpg\" \/>\n<meta name=\"twitter:card\" content=\"summary_large_image\" \/>\n<meta name=\"twitter:label1\" content=\"Dur\u00e9e de lecture estim\u00e9e\" \/>\n\t<meta name=\"twitter:data1\" content=\"3 minutes\" \/>\n<script type=\"application\/ld+json\" class=\"yoast-schema-graph\">{\"@context\":\"https:\\\/\\\/schema.org\",\"@graph\":[{\"@type\":\"WebPage\",\"@id\":\"https:\\\/\\\/www.chauffeurtaxi91.fr\\\/vtc-viry-chatillon\\\/\",\"url\":\"https:\\\/\\\/www.chauffeurtaxi91.fr\\\/vtc-viry-chatillon\\\/\",\"name\":\"VTC Viry-Ch\u00e2tillon - HL-Transport : le VTC de qualit\u00e9 \u00e0 Viry-Ch\u00e2tillon\",\"isPartOf\":{\"@id\":\"https:\\\/\\\/www.chauffeurtaxi91.fr\\\/#website\"},\"primaryImageOfPage\":{\"@id\":\"https:\\\/\\\/www.chauffeurtaxi91.fr\\\/vtc-viry-chatillon\\\/#primaryimage\"},\"image\":{\"@id\":\"https:\\\/\\\/www.chauffeurtaxi91.fr\\\/vtc-viry-chatillon\\\/#primaryimage\"},\"thumbnailUrl\":\"https:\\\/\\\/www.chauffeurtaxi91.fr\\\/wp-content\\\/uploads\\\/2022\\\/02\\\/viry-chatillon-c-ok-min-1024x673.jpg\",\"datePublished\":\"2022-01-10T20:13:44+00:00\",\"dateModified\":\"2022-02-23T11:14:57+00:00\",\"description\":\"Vous d\u00e9placer dans la commune de Viry-Ch\u00e2tillon, n\u2019a jamais \u00e9t\u00e9 aussi agr\u00e9able, qu\u2019avec HL-Transport, Professionnalisme et savoir-faire.\",\"breadcrumb\":{\"@id\":\"https:\\\/\\\/www.chauffeurtaxi91.fr\\\/vtc-viry-chatillon\\\/#breadcrumb\"},\"inLanguage\":\"fr-FR\",\"potentialAction\":[{\"@type\":\"ReadAction\",\"target\":[\"https:\\\/\\\/www.chauffeurtaxi91.fr\\\/vtc-viry-chatillon\\\/\"]}]},{\"@type\":\"ImageObject\",\"inLanguage\":\"fr-FR\",\"@id\":\"https:\\\/\\\/www.chauffeurtaxi91.fr\\\/vtc-viry-chatillon\\\/#primaryimage\",\"url\":\"https:\\\/\\\/www.chauffeurtaxi91.fr\\\/wp-content\\\/uploads\\\/2022\\\/02\\\/viry-chatillon-c-ok-min-1024x673.jpg\",\"contentUrl\":\"https:\\\/\\\/www.chauffeurtaxi91.fr\\\/wp-content\\\/uploads\\\/2022\\\/02\\\/viry-chatillon-c-ok-min-1024x673.jpg\"},{\"@type\":\"BreadcrumbList\",\"@id\":\"https:\\\/\\\/www.chauffeurtaxi91.fr\\\/vtc-viry-chatillon\\\/#breadcrumb\",\"itemListElement\":[{\"@type\":\"ListItem\",\"position\":1,\"name\":\"Accueil\",\"item\":\"https:\\\/\\\/www.chauffeurtaxi91.fr\\\/fr\\\/\"},{\"@type\":\"ListItem\",\"position\":2,\"name\":\"VTC Viry-Ch\u00e2tillon\"}]},{\"@type\":\"WebSite\",\"@id\":\"https:\\\/\\\/www.chauffeurtaxi91.fr\\\/#website\",\"url\":\"https:\\\/\\\/www.chauffeurtaxi91.fr\\\/\",\"name\":\"Chauffeur Taxi | \u00cele-de-France | Essonne (91) &amp; Seine-et-marne (77)\",\"description\":\"R\u00e9servez votre taxi | 24h\\\/24 7j\\\/7\",\"publisher\":{\"@id\":\"https:\\\/\\\/www.chauffeurtaxi91.fr\\\/#organization\"},\"potentialAction\":[{\"@type\":\"SearchAction\",\"target\":{\"@type\":\"EntryPoint\",\"urlTemplate\":\"https:\\\/\\\/www.chauffeurtaxi91.fr\\\/?s={search_term_string}\"},\"query-input\":{\"@type\":\"PropertyValueSpecification\",\"valueRequired\":true,\"valueName\":\"search_term_string\"}}],\"inLanguage\":\"fr-FR\"},{\"@type\":\"Organization\",\"@id\":\"https:\\\/\\\/www.chauffeurtaxi91.fr\\\/#organization\",\"name\":\"HL TRANSPORT\",\"url\":\"https:\\\/\\\/www.chauffeurtaxi91.fr\\\/\",\"logo\":{\"@type\":\"ImageObject\",\"inLanguage\":\"fr-FR\",\"@id\":\"https:\\\/\\\/www.chauffeurtaxi91.fr\\\/#\\\/schema\\\/logo\\\/image\\\/\",\"url\":\"https:\\\/\\\/chauffeurtaxi91.fr\\\/wp-content\\\/uploads\\\/2021\\\/07\\\/cropped-4eec4f87-4fce-4ff6-bbdf-932a1b0f000e-1.jpg\",\"contentUrl\":\"https:\\\/\\\/chauffeurtaxi91.fr\\\/wp-content\\\/uploads\\\/2021\\\/07\\\/cropped-4eec4f87-4fce-4ff6-bbdf-932a1b0f000e-1.jpg\",\"width\":512,\"height\":512,\"caption\":\"HL TRANSPORT\"},\"image\":{\"@id\":\"https:\\\/\\\/www.chauffeurtaxi91.fr\\\/#\\\/schema\\\/logo\\\/image\\\/\"}}]}<\/script>\n<!-- \/ Yoast SEO plugin. -->","yoast_head_json":{"title":"VTC Viry-Ch\u00e2tillon - HL-Transport : le VTC de qualit\u00e9 \u00e0 Viry-Ch\u00e2tillon","description":"Vous d\u00e9placer dans la commune de Viry-Ch\u00e2tillon, n\u2019a jamais \u00e9t\u00e9 aussi agr\u00e9able, qu\u2019avec HL-Transport, Professionnalisme et savoir-faire.","robots":{"index":"index","follow":"follow","max-snippet":"max-snippet:-1","max-image-preview":"max-image-preview:large","max-video-preview":"max-video-preview:-1"},"canonical":"https:\/\/www.chauffeurtaxi91.fr\/fr\/vtc-viry-chatillon\/","og_locale":"fr_FR","og_type":"article","og_title":"VTC Viry-Ch\u00e2tillon - HL-Transport : le VTC de qualit\u00e9 \u00e0 Viry-Ch\u00e2tillon","og_description":"Vous d\u00e9placer dans la commune de Viry-Ch\u00e2tillon, n\u2019a jamais \u00e9t\u00e9 aussi agr\u00e9able, qu\u2019avec HL-Transport, Professionnalisme et savoir-faire.","og_url":"https:\/\/www.chauffeurtaxi91.fr\/fr\/vtc-viry-chatillon\/","og_site_name":"Chauffeur Taxi | \u00cele-de-France | Essonne (91) &amp; Seine-et-marne (77)","article_modified_time":"2022-02-23T11:14:57+00:00","og_image":[{"url":"https:\/\/www.chauffeurtaxi91.fr\/wp-content\/uploads\/2022\/02\/viry-chatillon-c-ok-min-1024x673.jpg","type":"","width":"","height":""}],"twitter_card":"summary_large_image","twitter_misc":{"Dur\u00e9e de lecture estim\u00e9e":"3 minutes"},"schema":{"@context":"https:\/\/schema.org","@graph":[{"@type":"WebPage","@id":"https:\/\/www.chauffeurtaxi91.fr\/vtc-viry-chatillon\/","url":"https:\/\/www.chauffeurtaxi91.fr\/vtc-viry-chatillon\/","name":"VTC Viry-Ch\u00e2tillon - HL-Transport : le VTC de qualit\u00e9 \u00e0 Viry-Ch\u00e2tillon","isPartOf":{"@id":"https:\/\/www.chauffeurtaxi91.fr\/#website"},"primaryImageOfPage":{"@id":"https:\/\/www.chauffeurtaxi91.fr\/vtc-viry-chatillon\/#primaryimage"},"image":{"@id":"https:\/\/www.chauffeurtaxi91.fr\/vtc-viry-chatillon\/#primaryimage"},"thumbnailUrl":"https:\/\/www.chauffeurtaxi91.fr\/wp-content\/uploads\/2022\/02\/viry-chatillon-c-ok-min-1024x673.jpg","datePublished":"2022-01-10T20:13:44+00:00","dateModified":"2022-02-23T11:14:57+00:00","description":"Vous d\u00e9placer dans la commune de Viry-Ch\u00e2tillon, n\u2019a jamais \u00e9t\u00e9 aussi agr\u00e9able, qu\u2019avec HL-Transport, Professionnalisme et savoir-faire.","breadcrumb":{"@id":"https:\/\/www.chauffeurtaxi91.fr\/vtc-viry-chatillon\/#breadcrumb"},"inLanguage":"fr-FR","potentialAction":[{"@type":"ReadAction","target":["https:\/\/www.chauffeurtaxi91.fr\/vtc-viry-chatillon\/"]}]},{"@type":"ImageObject","inLanguage":"fr-FR","@id":"https:\/\/www.chauffeurtaxi91.fr\/vtc-viry-chatillon\/#primaryimage","url":"https:\/\/www.chauffeurtaxi91.fr\/wp-content\/uploads\/2022\/02\/viry-chatillon-c-ok-min-1024x673.jpg","contentUrl":"https:\/\/www.chauffeurtaxi91.fr\/wp-content\/uploads\/2022\/02\/viry-chatillon-c-ok-min-1024x673.jpg"},{"@type":"BreadcrumbList","@id":"https:\/\/www.chauffeurtaxi91.fr\/vtc-viry-chatillon\/#breadcrumb","itemListElement":[{"@type":"ListItem","position":1,"name":"Accueil","item":"https:\/\/www.chauffeurtaxi91.fr\/fr\/"},{"@type":"ListItem","position":2,"name":"VTC Viry-Ch\u00e2tillon"}]},{"@type":"WebSite","@id":"https:\/\/www.chauffeurtaxi91.fr\/#website","url":"https:\/\/www.chauffeurtaxi91.fr\/","name":"Chauffeur Taxi | \u00cele-de-France | Essonne (91) &amp; Seine-et-marne (77)","description":"R\u00e9servez votre taxi | 24h\/24 7j\/7","publisher":{"@id":"https:\/\/www.chauffeurtaxi91.fr\/#organization"},"potentialAction":[{"@type":"SearchAction","target":{"@type":"EntryPoint","urlTemplate":"https:\/\/www.chauffeurtaxi91.fr\/?s={search_term_string}"},"query-input":{"@type":"PropertyValueSpecification","valueRequired":true,"valueName":"search_term_string"}}],"inLanguage":"fr-FR"},{"@type":"Organization","@id":"https:\/\/www.chauffeurtaxi91.fr\/#organization","name":"HL TRANSPORT","url":"https:\/\/www.chauffeurtaxi91.fr\/","logo":{"@type":"ImageObject","inLanguage":"fr-FR","@id":"https:\/\/www.chauffeurtaxi91.fr\/#\/schema\/logo\/image\/","url":"https:\/\/chauffeurtaxi91.fr\/wp-content\/uploads\/2021\/07\/cropped-4eec4f87-4fce-4ff6-bbdf-932a1b0f000e-1.jpg","contentUrl":"https:\/\/chauffeurtaxi91.fr\/wp-content\/uploads\/2021\/07\/cropped-4eec4f87-4fce-4ff6-bbdf-932a1b0f000e-1.jpg","width":512,"height":512,"caption":"HL TRANSPORT"},"image":{"@id":"https:\/\/www.chauffeurtaxi91.fr\/#\/schema\/logo\/image\/"}}]}},"_links":{"self":[{"href":"https:\/\/www.chauffeurtaxi91.fr\/fr\/wp-json\/wp\/v2\/pages\/473","targetHints":{"allow":["GET"]}}],"collection":[{"href":"https:\/\/www.chauffeurtaxi91.fr\/fr\/wp-json\/wp\/v2\/pages"}],"about":[{"href":"https:\/\/www.chauffeurtaxi91.fr\/fr\/wp-json\/wp\/v2\/types\/page"}],"author":[{"embeddable":true,"href":"https:\/\/www.chauffeurtaxi91.fr\/fr\/wp-json\/wp\/v2\/users\/1"}],"replies":[{"embeddable":true,"href":"https:\/\/www.chauffeurtaxi91.fr\/fr\/wp-json\/wp\/v2\/comments?post=473"}],"version-history":[{"count":0,"href":"https:\/\/www.chauffeurtaxi91.fr\/fr\/wp-json\/wp\/v2\/pages\/473\/revisions"}],"wp:attachment":[{"href":"https:\/\/www.chauffeurtaxi91.fr\/fr\/wp-json\/wp\/v2\/media?parent=473"}],"curies":[{"name":"wp","href":"https:\/\/api.w.org\/{rel}","templated":true}]}}