{"id":475,"date":"2022-01-10T21:55:02","date_gmt":"2022-01-10T20:55:02","guid":{"rendered":"https:\/\/www.chauffeurtaxi91.fr\/?page_id=475"},"modified":"2022-02-23T10:30:36","modified_gmt":"2022-02-23T09:30:36","slug":"vtc-juvisy-sur-orge","status":"publish","type":"page","link":"https:\/\/www.chauffeurtaxi91.fr\/fr\/vtc-juvisy-sur-orge\/","title":{"rendered":"VTC Juvisy-sur-Orge"},"content":{"rendered":"\n<p>Se d\u00e9placer en voiture devient un vrai moment de d\u00e9tente avec <strong>HL-Transport, l&rsquo;entreprise<\/strong> pionni\u00e8re du VTC. Vous \u00eates \u00e0 <strong>Juvisy-sur-Orge<\/strong>, et vous avez besoin <strong>d\u2019un moyen de locomotion pour vous rendre en Essonne, \u00e0 Paris ou en \u00cele-de-France<\/strong> ? Nous mettons \u00e0 votre profit notre longue exp\u00e9rience et notre professionnalisme pour vous servir de la meilleure fa\u00e7on qui soit et toujours au meilleur prix.<\/p>\n\n\n\n<h2 class=\"wp-block-heading\">Ce que HL-Transport assure pour vous<\/h2>\n\n\n\n<p><strong>HL-Transport assure tous vos d\u00e9placements \u00e0 partir de Juvisy-sur-Orge<\/strong> ou en provenance de Paris et de l\u2019\u00cele-de-France vers Juvisy-sur-Orge. Que vous soyez professionnel, particulier ou touriste, nous nous plions \u00e0 toutes vos demandes :<\/p>\n\n\n\n<h3 class=\"wp-block-heading\">Transfert vers ou \u00e0 partir des a\u00e9roports<\/h3>\n\n\n\n<p>Nous vous r\u00e9cup\u00e9rons <strong>\u00e0 partir de votre domicile pour vous d\u00e9poser \u00e0 l\u2019heure \u00e0 votre a\u00e9roport<\/strong>. Pour votre retour de voyage, <strong>un chauffeur vous attend \u00e0 votre arriv\u00e9e<\/strong>, m\u00eame si votre vol fait du retard, le chauffeur vous attendra.&nbsp;<\/p>\n\n\n\n<p>Pour vous aider \u00e0 planifier vos d\u00e9placements nous vous mentionnons ces quelques informations.<\/p>\n\n\n\n<ul class=\"wp-block-list\"><li>De Juvisy-sur-Orge \u00e0 l\u2019a\u00e9roport de Paris-Charles-de-Gaulle, il y a 47 km, pour 40 min de route<\/li><li>De Juvisy-sur-Orge \u00e0 l\u2019a\u00e9roport de Paris-Orly, il y a 7 km, pour 13 min de route<\/li><li>De Juvisy-sur-Orge \u00e0 l\u2019a\u00e9roport de Paris-Le-Bourget, il y a 33 km, pour 30 \u00e0 40 min de route<\/li><\/ul>\n\n\n\n<h3 class=\"wp-block-heading\">Transfert vers ou \u00e0 partir des gares<\/h3>\n\n\n\n<p>Un chauffeur<strong> personnel vous appelle \u00e0 l\u2019arriv\u00e9e \u00e0 votre domicile pour vous r\u00e9cup\u00e9rer<\/strong>. Si en revanche, vous avez rendez-vous dans une gare, il vous attendra avec votre nom \u00e0 la main.<strong> Vous n\u2019avez qu\u2019\u00e0 vous d\u00e9tendre, il se charge de votre installation en voiture et vous accompagne l\u00e0 o\u00f9 vous le souhaitez<\/strong>.<\/p>\n\n\n\n<p>Nous vous \u00e9clairons sur <strong>les distances entre Juvisy-sur-Orge et les diff\u00e9rentes gares de Paris.<\/strong> Nous tenons \u00e0 pr\u00e9ciser que ces distances et la dur\u00e9e qu\u2019il faut pour les parcourir changent en fonction des routes et des p\u00e9riph\u00e9riques :<\/p>\n\n\n\n<ul class=\"wp-block-list\"><li>De Juvisy-sur-Orge \u00e0 la gare de l\u2019Est : il existe une distance de 24 \u00e0 30 km, pour une dur\u00e9e de 50 \u00e0 56 min par route ;<\/li><li>De Juvisy-Sur-Orge \u00e0 la gare du nord : 25 \u00e0 29 km, en 54 min \u00e0 1 heure ;<\/li><li>De Juvisy-sur-Orge \u00e0 la gare de Montparnasse : 18 \u00e0 24 km, en 30 \u00e0 38 min ;<\/li><li>De Juvisy-sur-Orge \u00e0 la gare de Saint-Lazare : 26 ou 35 km, en 46 \u00e0 57 min ;<\/li><li>De Juvisy-sur-Orge \u00e0 la gare de Lyon : 20 ou 26 km, en 35 \u00e0 55 min ;<\/li><li>De Juvisy-sur-Orge \u00e0 la gare de Bercy : 20 \u00e0 26 km, en 33 \u00e0 55 min ;<\/li><li>De Juvisy-sur-Orge \u00e0 la gare d\u2019Austerlitz : 21 \u00e0 27 km, en 37 \u00e0 44 min ;<\/li><\/ul>\n\n\n\n<h2 class=\"wp-block-heading\">Assurer vos trajets \u00e0 Juvisy-sur-Orge<\/h2>\n\n\n\n<p><strong>HL-Transport vous accompagne dans tous vos trajets<\/strong>, en <a href=\"https:\/\/www.chauffeurtaxi91.fr\/chauffeur-vtc-essonne-91\/\" target=\"_blank\" rel=\"noreferrer noopener\">Essonne<\/a> , en <a href=\"https:\/\/www.chauffeurtaxi91.fr\/chauffeur-vtc-seine-et-marne-77\/\" target=\"_blank\" rel=\"noreferrer noopener\">Seine-Et-Marne<\/a> et en \u00cele-de-France. De jour comme de nuit, nous restons \u00e0 votre disposition. M\u00eame pendant les week-ends et les jours f\u00e9ri\u00e9s, nous sommes toujours <strong>votre partenaire de route<\/strong>.<\/p>\n\n\n\n<h3 class=\"wp-block-heading\">Une mise \u00e0 disposition<\/h3>\n\n\n\n<p>Seul, \u00e0 deux ou en groupe, pour tous vos rendez-vous professionnels, toutes vos visites touristiques et toutes vos activit\u00e9s et vos \u00e9v\u00e9nements, HL-Transport <strong>met \u00e0 votre disposition personnelle un chauffeur professionnel<\/strong>, pour un laps de temps pr\u00e9d\u00e9fini, de quelques heures \u00e0 quelques jours.<\/p>\n\n\n\n<p>Nous contacter \u00e0 Juvisy-sur-Orge<\/p>\n\n\n\n<p>Si vous d\u00e9sirez vous d\u00e9placer dans toute la r\u00e9gion parisienne et \u00e0 Juvisy-sur-Orge, \u00e0 prix r\u00e9duit et en toute s\u00e9curit\u00e9, appelez-nous au <strong><a href=\"tel:0668824129\">06 68 82 41 29<\/a><\/strong>, ou r\u00e9servez votre chauffeur priv\u00e9 <a href=\"https:\/\/www.chauffeurtaxi91.fr\/reservation-chauffeur-taxi\/\">en ligne<\/a><strong>.<\/strong><\/p>\n\n\n\n<div class=\"wp-block-columns is-layout-flex wp-container-core-columns-is-layout-9d6595d7 wp-block-columns-is-layout-flex\">\n<div class=\"wp-block-column is-layout-flow wp-block-column-is-layout-flow\">\n<figure class=\"wp-block-image size-full\"><img loading=\"lazy\" decoding=\"async\" width=\"960\" height=\"640\" src=\"https:\/\/www.chauffeurtaxi91.fr\/wp-content\/uploads\/2022\/02\/VTC-Juvisy-sur-Orge-min.jpg\" alt=\"VTC Juvisy-sur-Orge\" class=\"wp-image-947\" srcset=\"https:\/\/www.chauffeurtaxi91.fr\/wp-content\/uploads\/2022\/02\/VTC-Juvisy-sur-Orge-min.jpg 960w, https:\/\/www.chauffeurtaxi91.fr\/wp-content\/uploads\/2022\/02\/VTC-Juvisy-sur-Orge-min-480x320.jpg 480w\" sizes=\"auto, (min-width: 0px) and (max-width: 480px) 480px, (min-width: 481px) 960px, 100vw\" \/><\/figure>\n<\/div>\n\n\n\n<div class=\"wp-block-column is-layout-flow wp-block-column-is-layout-flow\">\n<iframe src=\"https:\/\/www.google.com\/maps\/embed?pb=!1m18!1m12!1m3!1d10534.874719469673!2d2.363435989909224!3d48.691743018342564!2m3!1f0!2f0!3f0!3m2!1i1024!2i768!4f13.1!3m3!1m2!1s0x47e5df5ef9936fad%3A0x40b82c3688b4550!2s91260%20Juvisy-sur-Orge%2C%20France!5e0!3m2!1sfr!2stn!4v1645608364755!5m2!1sfr!2stn\" width=\"600\" height=\"300\" style=\"border:0;\" allowfullscreen=\"\" loading=\"lazy\"><\/iframe>\n<\/div>\n<\/div>\n","protected":false},"excerpt":{"rendered":"<p>Le d\u00e9placement en VTC \u00e0 partir de, et vers Juvisy-sur-Orge, est le moyen le plus fiable pour voyager en toute confiance. <\/p>\n","protected":false},"author":1,"featured_media":0,"parent":0,"menu_order":0,"comment_status":"closed","ping_status":"closed","template":"","meta":{"_et_pb_use_builder":"off","_et_pb_old_content":"","_et_gb_content_width":"","footnotes":""},"class_list":["post-475","page","type-page","status-publish","hentry"],"yoast_head":"<!-- This site is optimized with the Yoast SEO plugin v27.4 - https:\/\/yoast.com\/product\/yoast-seo-wordpress\/ -->\n<title>VTC Juvisy-sur-Orge - R\u00e9servez votre VTC \u00e0 Juvisy-sur-Orge<\/title>\n<meta name=\"description\" content=\"Le d\u00e9placement en VTC \u00e0 partir de, et vers Juvisy-sur-Orge, est le moyen le plus fiable pour voyager en toute confiance.\" \/>\n<meta name=\"robots\" content=\"index, follow, max-snippet:-1, max-image-preview:large, max-video-preview:-1\" \/>\n<link rel=\"canonical\" href=\"https:\/\/www.chauffeurtaxi91.fr\/fr\/vtc-juvisy-sur-orge\/\" \/>\n<meta property=\"og:locale\" content=\"fr_FR\" \/>\n<meta property=\"og:type\" content=\"article\" \/>\n<meta property=\"og:title\" content=\"VTC Juvisy-sur-Orge - R\u00e9servez votre VTC \u00e0 Juvisy-sur-Orge\" \/>\n<meta property=\"og:description\" content=\"Le d\u00e9placement en VTC \u00e0 partir de, et vers Juvisy-sur-Orge, est le moyen le plus fiable pour voyager en toute confiance.\" \/>\n<meta property=\"og:url\" content=\"https:\/\/www.chauffeurtaxi91.fr\/fr\/vtc-juvisy-sur-orge\/\" \/>\n<meta property=\"og:site_name\" content=\"Chauffeur Taxi | \u00cele-de-France | Essonne (91) &amp; Seine-et-marne (77)\" \/>\n<meta property=\"article:modified_time\" content=\"2022-02-23T09:30:36+00:00\" \/>\n<meta property=\"og:image\" content=\"https:\/\/www.chauffeurtaxi91.fr\/wp-content\/uploads\/2022\/02\/VTC-Juvisy-sur-Orge-min.jpg\" \/>\n<meta name=\"twitter:card\" content=\"summary_large_image\" \/>\n<meta name=\"twitter:label1\" content=\"Dur\u00e9e de lecture estim\u00e9e\" \/>\n\t<meta name=\"twitter:data1\" content=\"4 minutes\" \/>\n<script type=\"application\/ld+json\" class=\"yoast-schema-graph\">{\"@context\":\"https:\\\/\\\/schema.org\",\"@graph\":[{\"@type\":\"WebPage\",\"@id\":\"https:\\\/\\\/www.chauffeurtaxi91.fr\\\/vtc-juvisy-sur-orge\\\/\",\"url\":\"https:\\\/\\\/www.chauffeurtaxi91.fr\\\/vtc-juvisy-sur-orge\\\/\",\"name\":\"VTC Juvisy-sur-Orge - R\u00e9servez votre VTC \u00e0 Juvisy-sur-Orge\",\"isPartOf\":{\"@id\":\"https:\\\/\\\/www.chauffeurtaxi91.fr\\\/#website\"},\"primaryImageOfPage\":{\"@id\":\"https:\\\/\\\/www.chauffeurtaxi91.fr\\\/vtc-juvisy-sur-orge\\\/#primaryimage\"},\"image\":{\"@id\":\"https:\\\/\\\/www.chauffeurtaxi91.fr\\\/vtc-juvisy-sur-orge\\\/#primaryimage\"},\"thumbnailUrl\":\"https:\\\/\\\/www.chauffeurtaxi91.fr\\\/wp-content\\\/uploads\\\/2022\\\/02\\\/VTC-Juvisy-sur-Orge-min.jpg\",\"datePublished\":\"2022-01-10T20:55:02+00:00\",\"dateModified\":\"2022-02-23T09:30:36+00:00\",\"description\":\"Le d\u00e9placement en VTC \u00e0 partir de, et vers Juvisy-sur-Orge, est le moyen le plus fiable pour voyager en toute confiance.\",\"breadcrumb\":{\"@id\":\"https:\\\/\\\/www.chauffeurtaxi91.fr\\\/vtc-juvisy-sur-orge\\\/#breadcrumb\"},\"inLanguage\":\"fr-FR\",\"potentialAction\":[{\"@type\":\"ReadAction\",\"target\":[\"https:\\\/\\\/www.chauffeurtaxi91.fr\\\/vtc-juvisy-sur-orge\\\/\"]}]},{\"@type\":\"ImageObject\",\"inLanguage\":\"fr-FR\",\"@id\":\"https:\\\/\\\/www.chauffeurtaxi91.fr\\\/vtc-juvisy-sur-orge\\\/#primaryimage\",\"url\":\"https:\\\/\\\/www.chauffeurtaxi91.fr\\\/wp-content\\\/uploads\\\/2022\\\/02\\\/VTC-Juvisy-sur-Orge-min.jpg\",\"contentUrl\":\"https:\\\/\\\/www.chauffeurtaxi91.fr\\\/wp-content\\\/uploads\\\/2022\\\/02\\\/VTC-Juvisy-sur-Orge-min.jpg\"},{\"@type\":\"BreadcrumbList\",\"@id\":\"https:\\\/\\\/www.chauffeurtaxi91.fr\\\/vtc-juvisy-sur-orge\\\/#breadcrumb\",\"itemListElement\":[{\"@type\":\"ListItem\",\"position\":1,\"name\":\"Accueil\",\"item\":\"https:\\\/\\\/www.chauffeurtaxi91.fr\\\/fr\\\/\"},{\"@type\":\"ListItem\",\"position\":2,\"name\":\"VTC Juvisy-sur-Orge\"}]},{\"@type\":\"WebSite\",\"@id\":\"https:\\\/\\\/www.chauffeurtaxi91.fr\\\/#website\",\"url\":\"https:\\\/\\\/www.chauffeurtaxi91.fr\\\/\",\"name\":\"Chauffeur Taxi | \u00cele-de-France | Essonne (91) &amp; Seine-et-marne (77)\",\"description\":\"R\u00e9servez votre taxi | 24h\\\/24 7j\\\/7\",\"publisher\":{\"@id\":\"https:\\\/\\\/www.chauffeurtaxi91.fr\\\/#organization\"},\"potentialAction\":[{\"@type\":\"SearchAction\",\"target\":{\"@type\":\"EntryPoint\",\"urlTemplate\":\"https:\\\/\\\/www.chauffeurtaxi91.fr\\\/?s={search_term_string}\"},\"query-input\":{\"@type\":\"PropertyValueSpecification\",\"valueRequired\":true,\"valueName\":\"search_term_string\"}}],\"inLanguage\":\"fr-FR\"},{\"@type\":\"Organization\",\"@id\":\"https:\\\/\\\/www.chauffeurtaxi91.fr\\\/#organization\",\"name\":\"HL TRANSPORT\",\"url\":\"https:\\\/\\\/www.chauffeurtaxi91.fr\\\/\",\"logo\":{\"@type\":\"ImageObject\",\"inLanguage\":\"fr-FR\",\"@id\":\"https:\\\/\\\/www.chauffeurtaxi91.fr\\\/#\\\/schema\\\/logo\\\/image\\\/\",\"url\":\"https:\\\/\\\/chauffeurtaxi91.fr\\\/wp-content\\\/uploads\\\/2021\\\/07\\\/cropped-4eec4f87-4fce-4ff6-bbdf-932a1b0f000e-1.jpg\",\"contentUrl\":\"https:\\\/\\\/chauffeurtaxi91.fr\\\/wp-content\\\/uploads\\\/2021\\\/07\\\/cropped-4eec4f87-4fce-4ff6-bbdf-932a1b0f000e-1.jpg\",\"width\":512,\"height\":512,\"caption\":\"HL TRANSPORT\"},\"image\":{\"@id\":\"https:\\\/\\\/www.chauffeurtaxi91.fr\\\/#\\\/schema\\\/logo\\\/image\\\/\"}}]}<\/script>\n<!-- \/ Yoast SEO plugin. -->","yoast_head_json":{"title":"VTC Juvisy-sur-Orge - R\u00e9servez votre VTC \u00e0 Juvisy-sur-Orge","description":"Le d\u00e9placement en VTC \u00e0 partir de, et vers Juvisy-sur-Orge, est le moyen le plus fiable pour voyager en toute confiance.","robots":{"index":"index","follow":"follow","max-snippet":"max-snippet:-1","max-image-preview":"max-image-preview:large","max-video-preview":"max-video-preview:-1"},"canonical":"https:\/\/www.chauffeurtaxi91.fr\/fr\/vtc-juvisy-sur-orge\/","og_locale":"fr_FR","og_type":"article","og_title":"VTC Juvisy-sur-Orge - R\u00e9servez votre VTC \u00e0 Juvisy-sur-Orge","og_description":"Le d\u00e9placement en VTC \u00e0 partir de, et vers Juvisy-sur-Orge, est le moyen le plus fiable pour voyager en toute confiance.","og_url":"https:\/\/www.chauffeurtaxi91.fr\/fr\/vtc-juvisy-sur-orge\/","og_site_name":"Chauffeur Taxi | \u00cele-de-France | Essonne (91) &amp; Seine-et-marne (77)","article_modified_time":"2022-02-23T09:30:36+00:00","og_image":[{"url":"https:\/\/www.chauffeurtaxi91.fr\/wp-content\/uploads\/2022\/02\/VTC-Juvisy-sur-Orge-min.jpg","type":"","width":"","height":""}],"twitter_card":"summary_large_image","twitter_misc":{"Dur\u00e9e de lecture estim\u00e9e":"4 minutes"},"schema":{"@context":"https:\/\/schema.org","@graph":[{"@type":"WebPage","@id":"https:\/\/www.chauffeurtaxi91.fr\/vtc-juvisy-sur-orge\/","url":"https:\/\/www.chauffeurtaxi91.fr\/vtc-juvisy-sur-orge\/","name":"VTC Juvisy-sur-Orge - R\u00e9servez votre VTC \u00e0 Juvisy-sur-Orge","isPartOf":{"@id":"https:\/\/www.chauffeurtaxi91.fr\/#website"},"primaryImageOfPage":{"@id":"https:\/\/www.chauffeurtaxi91.fr\/vtc-juvisy-sur-orge\/#primaryimage"},"image":{"@id":"https:\/\/www.chauffeurtaxi91.fr\/vtc-juvisy-sur-orge\/#primaryimage"},"thumbnailUrl":"https:\/\/www.chauffeurtaxi91.fr\/wp-content\/uploads\/2022\/02\/VTC-Juvisy-sur-Orge-min.jpg","datePublished":"2022-01-10T20:55:02+00:00","dateModified":"2022-02-23T09:30:36+00:00","description":"Le d\u00e9placement en VTC \u00e0 partir de, et vers Juvisy-sur-Orge, est le moyen le plus fiable pour voyager en toute confiance.","breadcrumb":{"@id":"https:\/\/www.chauffeurtaxi91.fr\/vtc-juvisy-sur-orge\/#breadcrumb"},"inLanguage":"fr-FR","potentialAction":[{"@type":"ReadAction","target":["https:\/\/www.chauffeurtaxi91.fr\/vtc-juvisy-sur-orge\/"]}]},{"@type":"ImageObject","inLanguage":"fr-FR","@id":"https:\/\/www.chauffeurtaxi91.fr\/vtc-juvisy-sur-orge\/#primaryimage","url":"https:\/\/www.chauffeurtaxi91.fr\/wp-content\/uploads\/2022\/02\/VTC-Juvisy-sur-Orge-min.jpg","contentUrl":"https:\/\/www.chauffeurtaxi91.fr\/wp-content\/uploads\/2022\/02\/VTC-Juvisy-sur-Orge-min.jpg"},{"@type":"BreadcrumbList","@id":"https:\/\/www.chauffeurtaxi91.fr\/vtc-juvisy-sur-orge\/#breadcrumb","itemListElement":[{"@type":"ListItem","position":1,"name":"Accueil","item":"https:\/\/www.chauffeurtaxi91.fr\/fr\/"},{"@type":"ListItem","position":2,"name":"VTC Juvisy-sur-Orge"}]},{"@type":"WebSite","@id":"https:\/\/www.chauffeurtaxi91.fr\/#website","url":"https:\/\/www.chauffeurtaxi91.fr\/","name":"Chauffeur Taxi | \u00cele-de-France | Essonne (91) &amp; Seine-et-marne (77)","description":"R\u00e9servez votre taxi | 24h\/24 7j\/7","publisher":{"@id":"https:\/\/www.chauffeurtaxi91.fr\/#organization"},"potentialAction":[{"@type":"SearchAction","target":{"@type":"EntryPoint","urlTemplate":"https:\/\/www.chauffeurtaxi91.fr\/?s={search_term_string}"},"query-input":{"@type":"PropertyValueSpecification","valueRequired":true,"valueName":"search_term_string"}}],"inLanguage":"fr-FR"},{"@type":"Organization","@id":"https:\/\/www.chauffeurtaxi91.fr\/#organization","name":"HL TRANSPORT","url":"https:\/\/www.chauffeurtaxi91.fr\/","logo":{"@type":"ImageObject","inLanguage":"fr-FR","@id":"https:\/\/www.chauffeurtaxi91.fr\/#\/schema\/logo\/image\/","url":"https:\/\/chauffeurtaxi91.fr\/wp-content\/uploads\/2021\/07\/cropped-4eec4f87-4fce-4ff6-bbdf-932a1b0f000e-1.jpg","contentUrl":"https:\/\/chauffeurtaxi91.fr\/wp-content\/uploads\/2021\/07\/cropped-4eec4f87-4fce-4ff6-bbdf-932a1b0f000e-1.jpg","width":512,"height":512,"caption":"HL TRANSPORT"},"image":{"@id":"https:\/\/www.chauffeurtaxi91.fr\/#\/schema\/logo\/image\/"}}]}},"_links":{"self":[{"href":"https:\/\/www.chauffeurtaxi91.fr\/fr\/wp-json\/wp\/v2\/pages\/475","targetHints":{"allow":["GET"]}}],"collection":[{"href":"https:\/\/www.chauffeurtaxi91.fr\/fr\/wp-json\/wp\/v2\/pages"}],"about":[{"href":"https:\/\/www.chauffeurtaxi91.fr\/fr\/wp-json\/wp\/v2\/types\/page"}],"author":[{"embeddable":true,"href":"https:\/\/www.chauffeurtaxi91.fr\/fr\/wp-json\/wp\/v2\/users\/1"}],"replies":[{"embeddable":true,"href":"https:\/\/www.chauffeurtaxi91.fr\/fr\/wp-json\/wp\/v2\/comments?post=475"}],"version-history":[{"count":0,"href":"https:\/\/www.chauffeurtaxi91.fr\/fr\/wp-json\/wp\/v2\/pages\/475\/revisions"}],"wp:attachment":[{"href":"https:\/\/www.chauffeurtaxi91.fr\/fr\/wp-json\/wp\/v2\/media?parent=475"}],"curies":[{"name":"wp","href":"https:\/\/api.w.org\/{rel}","templated":true}]}}