{"id":477,"date":"2022-01-10T21:58:46","date_gmt":"2022-01-10T20:58:46","guid":{"rendered":"https:\/\/www.chauffeurtaxi91.fr\/?page_id=477"},"modified":"2022-02-22T09:22:19","modified_gmt":"2022-02-22T08:22:19","slug":"vtc-montgeron","status":"publish","type":"page","link":"https:\/\/www.chauffeurtaxi91.fr\/fr\/vtc-montgeron\/","title":{"rendered":"VTC Montgeron"},"content":{"rendered":"\n<p><strong>HL-Transport est l\u2019adresse incontournable<\/strong> pour vous procurer un v\u00e9hicule de transport avec chauffeur priv\u00e9, <strong>\u00e0 partir ou vers Montgeron<\/strong>. La qualit\u00e9 de transport exemplaire et le service de qualit\u00e9 sont au rendez-vous. Un large choix de v\u00e9hicules, et des chauffeurs aussi exp\u00e9riment\u00e9s les uns que les autres, vous sont propos\u00e9s.<\/p>\n\n\n\n<h2 class=\"wp-block-heading\" id=\"les-extras-gratuits-que-vous-propose-hl-transport-a-montgeron\">Les extras gratuits que vous propose HL-Transport \u00e0 Montgeron&nbsp;<\/h2>\n\n\n\n<p>Quand les extras sont payants chez d\u2019autres prestataires de services, <strong>HL-Transport vous les offre<\/strong>.<\/p>\n\n\n\n<h3 class=\"wp-block-heading\" id=\"la-priorite-rien-que-pour-vous\">La priorit\u00e9 rien que pour vous<\/h3>\n\n\n\n<p>Vous avez un vol \u00e0 prendre ? Votre chauffeur priv\u00e9 vous accompagne de Montgeron vers l&rsquo;a\u00e9roport de Paris de votre choix, et <strong>vous b\u00e9n\u00e9ficiez d\u2019un acc\u00e8s prioritaire<\/strong> aux a\u00e9roports, sans file d\u2019attente interminable. Vous \u00eates notre VIP.<\/p>\n\n\n\n<h3 class=\"wp-block-heading\" id=\"gratuite\">Gratuit\u00e9<\/h3>\n\n\n\n<p>Vous arrivez d\u2019un voyage et votre vol risque de prendre du retard ! <strong><a href=\"https:\/\/www.chauffeurtaxi91.fr\/\" target=\"_blank\" rel=\"noreferrer noopener\">Vous avez command\u00e9 votre VTC chez HL-Transport<\/a><\/strong> ? Soyez serein ! Votre chauffeur priv\u00e9 <strong>vous attendra 1 heure gratuitement<\/strong> sans vous la faire facturer. Vous fid\u00e9liser est plus important que de vous faire payer.<\/p>\n\n\n\n<h3 class=\"wp-block-heading\" id=\"le-confort-luxueux-pour-tous\">Le confort luxueux pour tous<\/h3>\n\n\n\n<p>Toutes nos gammes de v\u00e9hicules sont sans exception <strong>confortables et adapt\u00e9es \u00e0 vos besoins<\/strong>. Payer moins cher avec HL-Transport est loin de vous priver de confort. Votre bien-\u00eatre est notre priorit\u00e9.<\/p>\n\n\n\n<h3 class=\"wp-block-heading\" id=\"l-attention-particuliere-pour-tous-nos-clients\">L\u2019attention particuli\u00e8re pour tous nos clients<\/h3>\n\n\n\n<p>Que vous soyez un nouveau client ou l\u2019un de nos plus fid\u00e8les, notre attention et r\u00e9activit\u00e9 envers vos demandes demeurent la m\u00eame. <strong>Toutes vos commandes sont prioritaires<\/strong>, sans m\u00eame payer un suppl\u00e9ment pour devenir <strong>un client avantag\u00e9<\/strong>. Il vous suffit de <a href=\"https:\/\/www.chauffeurtaxi91.fr\/reservation-chauffeur-taxi\/\">r\u00e9server en ligne<\/a> votre v\u00e9hicule avec chauffeur, vous obtenez votre r\u00e9ponse en une heure et ce, m\u00eame pendant la nuit, pendant un week-end ou pendant un jour f\u00e9ri\u00e9.<\/p>\n\n\n\n<h3 class=\"wp-block-heading\" id=\"pas-de-supplement-a-payer\">Pas de suppl\u00e9ment \u00e0 payer<\/h3>\n\n\n\n<p>Pour tous vos d\u00e9placements, courts ou longs, <strong>les prix sont fix\u00e9s \u00e0 l\u2019avance et ne changent pas<\/strong>, m\u00eame en cas d\u2019embouteillages, ou m\u00eame si votre chauffeur doit faire un grand d\u00e9tour. <strong>Soyez d\u00e9tendu pendant tout le voyage<\/strong>, nous sommes votre <strong>prestataire de confiance<\/strong>.<\/p>\n\n\n\n<h2 class=\"wp-block-heading\" id=\"des-informations-utiles-pour-etre-mieux-organise-en-voyageant\">Des informations utiles pour \u00eatre mieux organis\u00e9 en voyageant<\/h2>\n\n\n\n<p>Pour que vous ayez connaissance <strong>des distances entre Montgeron et les a\u00e9roports de Paris<\/strong>. HL-Transport vous facilite la t\u00e2che et vous dit tout, afin de vous aider \u00e0 mieux organiser votre timing.<\/p>\n\n\n\n<ul class=\"wp-block-list\"><li>Temps et distance parcourue entre Montgeron et l\u2019a\u00e9roport de Paris-Roissy-Charles-de-Gaulle : 50 min \u00e0 1 heure, pour 40 \u00e0 60, km d\u00e9pendamment de la route emprunt\u00e9e ;<\/li><li>Temps et distance parcourue entre Montgeron et l\u2019a\u00e9roport de Paris-Orly : 30 min pour 12 km ;<\/li><li>Temps et distance parcourue entre Montgeron et l\u2019a\u00e9roport de Paris-Le-Bourget : 50 min \u00e0 1 heure pour une distance de 35 \u00e0 70 km, d\u00e9pendamment de la route emprunt\u00e9e ;<\/li><\/ul>\n\n\n\n<h2 class=\"wp-block-heading\" id=\"reservez-votre-vtc-des-a-present-a-montgeron\">R\u00e9servez votre VTC d\u00e8s \u00e0 pr\u00e9sent \u00e0 Montgeron<\/h2>\n\n\n\n<p>Il est tr\u00e8s simple de <strong>passer votre commande avec HL-Transport<\/strong>. Vous pouvez r\u00e9server votre chauffeur priv\u00e9 via votre site web en ligne, ou par t\u00e9l\u00e9phone au <strong><a href=\"tel:0668824129\">06 68 82 41 29<\/a><\/strong>. Une \u00e9quipe travaille pour vous, 24 heures sur 24 et 7 jours sur 7 pour satisfaire vos attentes.&nbsp;&nbsp;<\/p>\n\n\n\n<div class=\"wp-block-columns is-layout-flex wp-container-core-columns-is-layout-9d6595d7 wp-block-columns-is-layout-flex\">\n<div class=\"wp-block-column is-layout-flow wp-block-column-is-layout-flow\">\n<figure class=\"wp-block-image size-full\"><img loading=\"lazy\" decoding=\"async\" width=\"1005\" height=\"668\" src=\"https:\/\/www.chauffeurtaxi91.fr\/wp-content\/uploads\/2022\/02\/Montageron-min.jpg\" alt=\"VTC Montgeron\" class=\"wp-image-763\" srcset=\"https:\/\/www.chauffeurtaxi91.fr\/wp-content\/uploads\/2022\/02\/Montageron-min.jpg 1005w, https:\/\/www.chauffeurtaxi91.fr\/wp-content\/uploads\/2022\/02\/Montageron-min-980x651.jpg 980w, https:\/\/www.chauffeurtaxi91.fr\/wp-content\/uploads\/2022\/02\/Montageron-min-480x319.jpg 480w\" sizes=\"auto, (min-width: 0px) and (max-width: 480px) 480px, (min-width: 481px) and (max-width: 980px) 980px, (min-width: 981px) 1005px, 100vw\" \/><\/figure>\n<\/div>\n\n\n\n<div class=\"wp-block-column is-layout-flow wp-block-column-is-layout-flow\">\n<iframe src=\"https:\/\/www.google.com\/maps\/embed?pb=!1m18!1m12!1m3!1d42136.62539795144!2d2.428824153857636!3d48.695176293409205!2m3!1f0!2f0!3f0!3m2!1i1024!2i768!4f13.1!3m3!1m2!1s0x47e60aa1b4eb236f%3A0x40b82c3688b43d0!2s91230%20Montgeron%2C%20France!5e0!3m2!1sfr!2stn!4v1645281053582!5m2!1sfr!2stn\" width=\"600\" height=\"300\" style=\"border:0;\" allowfullscreen=\"\" loading=\"lazy\"><\/iframe>\n<\/div>\n<\/div>\n","protected":false},"excerpt":{"rendered":"<p>Un bon VTC se caract\u00e9rise par la qualit\u00e9 de ses services et les avantages qu\u2019il apporte \u00e0 ses clients. Si vous \u00eates \u00e0 Montgeron, vous allez d\u00e9couvrir quel est le meilleur VTC<\/p>\n","protected":false},"author":1,"featured_media":0,"parent":0,"menu_order":0,"comment_status":"closed","ping_status":"closed","template":"","meta":{"_et_pb_use_builder":"off","_et_pb_old_content":"","_et_gb_content_width":"","footnotes":""},"class_list":["post-477","page","type-page","status-publish","hentry"],"yoast_head":"<!-- This site is optimized with the Yoast SEO plugin v27.4 - https:\/\/yoast.com\/product\/yoast-seo-wordpress\/ -->\n<title>VTC Montgeron - R\u00e9server un VTC \u00e0 Montgeron<\/title>\n<meta name=\"description\" content=\"HL Transport avec un bon VTC, se caract\u00e9rise par la qualit\u00e9 de ses services et les avantages qu\u2019il apporte \u00e0 ses clients.\" \/>\n<meta name=\"robots\" content=\"index, follow, max-snippet:-1, max-image-preview:large, max-video-preview:-1\" \/>\n<link rel=\"canonical\" href=\"https:\/\/www.chauffeurtaxi91.fr\/fr\/vtc-montgeron\/\" \/>\n<meta property=\"og:locale\" content=\"fr_FR\" \/>\n<meta property=\"og:type\" content=\"article\" \/>\n<meta property=\"og:title\" content=\"VTC Montgeron - R\u00e9server un VTC \u00e0 Montgeron\" \/>\n<meta property=\"og:description\" content=\"HL Transport avec un bon VTC, se caract\u00e9rise par la qualit\u00e9 de ses services et les avantages qu\u2019il apporte \u00e0 ses clients.\" \/>\n<meta property=\"og:url\" content=\"https:\/\/www.chauffeurtaxi91.fr\/fr\/vtc-montgeron\/\" \/>\n<meta property=\"og:site_name\" content=\"Chauffeur Taxi | \u00cele-de-France | Essonne (91) &amp; Seine-et-marne (77)\" \/>\n<meta property=\"article:modified_time\" content=\"2022-02-22T08:22:19+00:00\" \/>\n<meta property=\"og:image\" content=\"https:\/\/www.chauffeurtaxi91.fr\/wp-content\/uploads\/2022\/02\/Montageron-min.jpg\" \/>\n<meta name=\"twitter:card\" content=\"summary_large_image\" \/>\n<meta name=\"twitter:label1\" content=\"Dur\u00e9e de lecture estim\u00e9e\" \/>\n\t<meta name=\"twitter:data1\" content=\"3 minutes\" \/>\n<script type=\"application\/ld+json\" class=\"yoast-schema-graph\">{\"@context\":\"https:\\\/\\\/schema.org\",\"@graph\":[{\"@type\":\"WebPage\",\"@id\":\"https:\\\/\\\/www.chauffeurtaxi91.fr\\\/vtc-montgeron\\\/\",\"url\":\"https:\\\/\\\/www.chauffeurtaxi91.fr\\\/vtc-montgeron\\\/\",\"name\":\"VTC Montgeron - R\u00e9server un VTC \u00e0 Montgeron\",\"isPartOf\":{\"@id\":\"https:\\\/\\\/www.chauffeurtaxi91.fr\\\/#website\"},\"primaryImageOfPage\":{\"@id\":\"https:\\\/\\\/www.chauffeurtaxi91.fr\\\/vtc-montgeron\\\/#primaryimage\"},\"image\":{\"@id\":\"https:\\\/\\\/www.chauffeurtaxi91.fr\\\/vtc-montgeron\\\/#primaryimage\"},\"thumbnailUrl\":\"https:\\\/\\\/www.chauffeurtaxi91.fr\\\/wp-content\\\/uploads\\\/2022\\\/02\\\/Montageron-min.jpg\",\"datePublished\":\"2022-01-10T20:58:46+00:00\",\"dateModified\":\"2022-02-22T08:22:19+00:00\",\"description\":\"HL Transport avec un bon VTC, se caract\u00e9rise par la qualit\u00e9 de ses services et les avantages qu\u2019il apporte \u00e0 ses clients.\",\"breadcrumb\":{\"@id\":\"https:\\\/\\\/www.chauffeurtaxi91.fr\\\/vtc-montgeron\\\/#breadcrumb\"},\"inLanguage\":\"fr-FR\",\"potentialAction\":[{\"@type\":\"ReadAction\",\"target\":[\"https:\\\/\\\/www.chauffeurtaxi91.fr\\\/vtc-montgeron\\\/\"]}]},{\"@type\":\"ImageObject\",\"inLanguage\":\"fr-FR\",\"@id\":\"https:\\\/\\\/www.chauffeurtaxi91.fr\\\/vtc-montgeron\\\/#primaryimage\",\"url\":\"https:\\\/\\\/www.chauffeurtaxi91.fr\\\/wp-content\\\/uploads\\\/2022\\\/02\\\/Montageron-min.jpg\",\"contentUrl\":\"https:\\\/\\\/www.chauffeurtaxi91.fr\\\/wp-content\\\/uploads\\\/2022\\\/02\\\/Montageron-min.jpg\"},{\"@type\":\"BreadcrumbList\",\"@id\":\"https:\\\/\\\/www.chauffeurtaxi91.fr\\\/vtc-montgeron\\\/#breadcrumb\",\"itemListElement\":[{\"@type\":\"ListItem\",\"position\":1,\"name\":\"Accueil\",\"item\":\"https:\\\/\\\/www.chauffeurtaxi91.fr\\\/fr\\\/\"},{\"@type\":\"ListItem\",\"position\":2,\"name\":\"VTC Montgeron\"}]},{\"@type\":\"WebSite\",\"@id\":\"https:\\\/\\\/www.chauffeurtaxi91.fr\\\/#website\",\"url\":\"https:\\\/\\\/www.chauffeurtaxi91.fr\\\/\",\"name\":\"Chauffeur Taxi | \u00cele-de-France | Essonne (91) &amp; Seine-et-marne (77)\",\"description\":\"R\u00e9servez votre taxi | 24h\\\/24 7j\\\/7\",\"publisher\":{\"@id\":\"https:\\\/\\\/www.chauffeurtaxi91.fr\\\/#organization\"},\"potentialAction\":[{\"@type\":\"SearchAction\",\"target\":{\"@type\":\"EntryPoint\",\"urlTemplate\":\"https:\\\/\\\/www.chauffeurtaxi91.fr\\\/?s={search_term_string}\"},\"query-input\":{\"@type\":\"PropertyValueSpecification\",\"valueRequired\":true,\"valueName\":\"search_term_string\"}}],\"inLanguage\":\"fr-FR\"},{\"@type\":\"Organization\",\"@id\":\"https:\\\/\\\/www.chauffeurtaxi91.fr\\\/#organization\",\"name\":\"HL TRANSPORT\",\"url\":\"https:\\\/\\\/www.chauffeurtaxi91.fr\\\/\",\"logo\":{\"@type\":\"ImageObject\",\"inLanguage\":\"fr-FR\",\"@id\":\"https:\\\/\\\/www.chauffeurtaxi91.fr\\\/#\\\/schema\\\/logo\\\/image\\\/\",\"url\":\"https:\\\/\\\/chauffeurtaxi91.fr\\\/wp-content\\\/uploads\\\/2021\\\/07\\\/cropped-4eec4f87-4fce-4ff6-bbdf-932a1b0f000e-1.jpg\",\"contentUrl\":\"https:\\\/\\\/chauffeurtaxi91.fr\\\/wp-content\\\/uploads\\\/2021\\\/07\\\/cropped-4eec4f87-4fce-4ff6-bbdf-932a1b0f000e-1.jpg\",\"width\":512,\"height\":512,\"caption\":\"HL TRANSPORT\"},\"image\":{\"@id\":\"https:\\\/\\\/www.chauffeurtaxi91.fr\\\/#\\\/schema\\\/logo\\\/image\\\/\"}}]}<\/script>\n<!-- \/ Yoast SEO plugin. -->","yoast_head_json":{"title":"VTC Montgeron - R\u00e9server un VTC \u00e0 Montgeron","description":"HL Transport avec un bon VTC, se caract\u00e9rise par la qualit\u00e9 de ses services et les avantages qu\u2019il apporte \u00e0 ses clients.","robots":{"index":"index","follow":"follow","max-snippet":"max-snippet:-1","max-image-preview":"max-image-preview:large","max-video-preview":"max-video-preview:-1"},"canonical":"https:\/\/www.chauffeurtaxi91.fr\/fr\/vtc-montgeron\/","og_locale":"fr_FR","og_type":"article","og_title":"VTC Montgeron - R\u00e9server un VTC \u00e0 Montgeron","og_description":"HL Transport avec un bon VTC, se caract\u00e9rise par la qualit\u00e9 de ses services et les avantages qu\u2019il apporte \u00e0 ses clients.","og_url":"https:\/\/www.chauffeurtaxi91.fr\/fr\/vtc-montgeron\/","og_site_name":"Chauffeur Taxi | \u00cele-de-France | Essonne (91) &amp; Seine-et-marne (77)","article_modified_time":"2022-02-22T08:22:19+00:00","og_image":[{"url":"https:\/\/www.chauffeurtaxi91.fr\/wp-content\/uploads\/2022\/02\/Montageron-min.jpg","type":"","width":"","height":""}],"twitter_card":"summary_large_image","twitter_misc":{"Dur\u00e9e de lecture estim\u00e9e":"3 minutes"},"schema":{"@context":"https:\/\/schema.org","@graph":[{"@type":"WebPage","@id":"https:\/\/www.chauffeurtaxi91.fr\/vtc-montgeron\/","url":"https:\/\/www.chauffeurtaxi91.fr\/vtc-montgeron\/","name":"VTC Montgeron - R\u00e9server un VTC \u00e0 Montgeron","isPartOf":{"@id":"https:\/\/www.chauffeurtaxi91.fr\/#website"},"primaryImageOfPage":{"@id":"https:\/\/www.chauffeurtaxi91.fr\/vtc-montgeron\/#primaryimage"},"image":{"@id":"https:\/\/www.chauffeurtaxi91.fr\/vtc-montgeron\/#primaryimage"},"thumbnailUrl":"https:\/\/www.chauffeurtaxi91.fr\/wp-content\/uploads\/2022\/02\/Montageron-min.jpg","datePublished":"2022-01-10T20:58:46+00:00","dateModified":"2022-02-22T08:22:19+00:00","description":"HL Transport avec un bon VTC, se caract\u00e9rise par la qualit\u00e9 de ses services et les avantages qu\u2019il apporte \u00e0 ses clients.","breadcrumb":{"@id":"https:\/\/www.chauffeurtaxi91.fr\/vtc-montgeron\/#breadcrumb"},"inLanguage":"fr-FR","potentialAction":[{"@type":"ReadAction","target":["https:\/\/www.chauffeurtaxi91.fr\/vtc-montgeron\/"]}]},{"@type":"ImageObject","inLanguage":"fr-FR","@id":"https:\/\/www.chauffeurtaxi91.fr\/vtc-montgeron\/#primaryimage","url":"https:\/\/www.chauffeurtaxi91.fr\/wp-content\/uploads\/2022\/02\/Montageron-min.jpg","contentUrl":"https:\/\/www.chauffeurtaxi91.fr\/wp-content\/uploads\/2022\/02\/Montageron-min.jpg"},{"@type":"BreadcrumbList","@id":"https:\/\/www.chauffeurtaxi91.fr\/vtc-montgeron\/#breadcrumb","itemListElement":[{"@type":"ListItem","position":1,"name":"Accueil","item":"https:\/\/www.chauffeurtaxi91.fr\/fr\/"},{"@type":"ListItem","position":2,"name":"VTC Montgeron"}]},{"@type":"WebSite","@id":"https:\/\/www.chauffeurtaxi91.fr\/#website","url":"https:\/\/www.chauffeurtaxi91.fr\/","name":"Chauffeur Taxi | \u00cele-de-France | Essonne (91) &amp; Seine-et-marne (77)","description":"R\u00e9servez votre taxi | 24h\/24 7j\/7","publisher":{"@id":"https:\/\/www.chauffeurtaxi91.fr\/#organization"},"potentialAction":[{"@type":"SearchAction","target":{"@type":"EntryPoint","urlTemplate":"https:\/\/www.chauffeurtaxi91.fr\/?s={search_term_string}"},"query-input":{"@type":"PropertyValueSpecification","valueRequired":true,"valueName":"search_term_string"}}],"inLanguage":"fr-FR"},{"@type":"Organization","@id":"https:\/\/www.chauffeurtaxi91.fr\/#organization","name":"HL TRANSPORT","url":"https:\/\/www.chauffeurtaxi91.fr\/","logo":{"@type":"ImageObject","inLanguage":"fr-FR","@id":"https:\/\/www.chauffeurtaxi91.fr\/#\/schema\/logo\/image\/","url":"https:\/\/chauffeurtaxi91.fr\/wp-content\/uploads\/2021\/07\/cropped-4eec4f87-4fce-4ff6-bbdf-932a1b0f000e-1.jpg","contentUrl":"https:\/\/chauffeurtaxi91.fr\/wp-content\/uploads\/2021\/07\/cropped-4eec4f87-4fce-4ff6-bbdf-932a1b0f000e-1.jpg","width":512,"height":512,"caption":"HL TRANSPORT"},"image":{"@id":"https:\/\/www.chauffeurtaxi91.fr\/#\/schema\/logo\/image\/"}}]}},"_links":{"self":[{"href":"https:\/\/www.chauffeurtaxi91.fr\/fr\/wp-json\/wp\/v2\/pages\/477","targetHints":{"allow":["GET"]}}],"collection":[{"href":"https:\/\/www.chauffeurtaxi91.fr\/fr\/wp-json\/wp\/v2\/pages"}],"about":[{"href":"https:\/\/www.chauffeurtaxi91.fr\/fr\/wp-json\/wp\/v2\/types\/page"}],"author":[{"embeddable":true,"href":"https:\/\/www.chauffeurtaxi91.fr\/fr\/wp-json\/wp\/v2\/users\/1"}],"replies":[{"embeddable":true,"href":"https:\/\/www.chauffeurtaxi91.fr\/fr\/wp-json\/wp\/v2\/comments?post=477"}],"version-history":[{"count":0,"href":"https:\/\/www.chauffeurtaxi91.fr\/fr\/wp-json\/wp\/v2\/pages\/477\/revisions"}],"wp:attachment":[{"href":"https:\/\/www.chauffeurtaxi91.fr\/fr\/wp-json\/wp\/v2\/media?parent=477"}],"curies":[{"name":"wp","href":"https:\/\/api.w.org\/{rel}","templated":true}]}}