{"id":482,"date":"2022-01-10T22:13:02","date_gmt":"2022-01-10T21:13:02","guid":{"rendered":"https:\/\/www.chauffeurtaxi91.fr\/?page_id=482"},"modified":"2022-02-23T10:08:58","modified_gmt":"2022-02-23T09:08:58","slug":"vtc-savigny-sur-orge","status":"publish","type":"page","link":"https:\/\/www.chauffeurtaxi91.fr\/fr\/vtc-savigny-sur-orge\/","title":{"rendered":"VTC Savigny-sur-Orge"},"content":{"rendered":"\n<p>Pour tous vos d\u00e9placements \u00e0 <strong>Savigny-sur-Orge, en Essonne et aux alentours de l\u2019\u00cele-de-France<\/strong>, il est imp\u00e9ratif de faire appel aux services d\u2019un prestataire \u00e0 la hauteur de vos attentes. <strong>HL-Transport, la r\u00e9f\u00e9rence du VTC en Essonne<\/strong>, rassemble pour vous, professionnalisme et prix concurrentiel \u00e0 la fois.<\/p>\n\n\n\n<h2 class=\"wp-block-heading\" id=\"le-moyen-le-moins-cher-pour-vos-deplacements\">Le moyen le moins cher pour vos d\u00e9placements <\/h2>\n\n\n\n<p>Si vous avez envie d\u2019une <strong>escapade touristique pendant une journ\u00e9e ou plus<\/strong>, que vous soyez seul ou en groupe. HL-Transport participe en vous y emmenant d\u00e9couvrir les plus beaux sites de <strong>la r\u00e9gion de l\u2019Essonne.<\/strong> Vous d\u00e9sirez vous \u00e9loigner encore plus et faire du tourisme \u00e0 Paris ? <strong>Visiter la tour Eiffel, le mus\u00e9e du Louvre ou passer une journ\u00e9e \u00e0 Disneyland Paris<\/strong> ? HL-Transport se met \u00e0 votre enti\u00e8re disposition afin de vous accompagner l\u00e0 o\u00f9 vous d\u00e9sirez, de site en site, de mus\u00e9e en mus\u00e9e et d\u2019un endroit \u00e0 un autre.<\/p>\n\n\n\n<h2 class=\"wp-block-heading\" id=\"transport-professionnel-savigny-sur-orge\">Transport professionnel Savigny-sur-Orge<\/h2>\n\n\n\n<p>Nos prestations sont multiples et <strong>s\u2019adaptent \u00e0 tous vos besoins<\/strong>. Nous vous fournissons un service \u00e0 la port\u00e9e de <strong>tous les professionnels<\/strong>.&nbsp;<\/p>\n\n\n\n<p>En effet, si vous avez un ou plusieurs rendez-vous professionnels ou que vous devez vous rendre \u00e0 un d\u00eener d&rsquo;affaires, votre <strong>chauffeur priv\u00e9 via HL-Transport<\/strong> se charge de vous conduire \u00e0 toutes vos entrevues.<\/p>\n\n\n\n<p>Plus encore, vous \u00eates patron, et vous souhaitez transporter vos employ\u00e9s <strong>\u00e0 partir de Savigny-sur-Orge<\/strong>, pour assister \u00e0 un s\u00e9minaire dans le d\u00e9partement de <strong><a href=\"https:\/\/www.chauffeurtaxi91.fr\/chauffeur-vtc-essonne-91\/\" target=\"_blank\" rel=\"noreferrer noopener\">l\u2019Essonne<\/a>, ou dans la r\u00e9gion Parisienne<\/strong>. Nos chauffeurs se chargent d\u2019assurer cette mission.<\/p>\n\n\n\n<h3 class=\"wp-block-heading\" id=\"transfert-aeroport\">Transfert a\u00e9roport<\/h3>\n\n\n\n<p>HL-Transport propose <strong>un service de transfert pour les professionnels et les particuliers<\/strong>, de Savigny-sur-Orge vers tous les a\u00e9roports de Paris. Le transfert inverse est \u00e9galement valable.<\/p>\n\n\n\n<p>D\u2019ailleurs, <strong>vous b\u00e9n\u00e9ficiez d\u2019une heure d\u2019attente gratuite<\/strong> si vous commandez un v\u00e9hicule avec chauffeur pour le d\u00e9part d\u2019un a\u00e9roport.<\/p>\n\n\n\n<p>Nous assurons les transferts pour tous les a\u00e9roports de Paris :<\/p>\n\n\n\n<ul class=\"wp-block-list\"><li>Paris-Orly ;<\/li><li>Paris-Roissy-Charles-de-Gaulle ;<\/li><li>Paris-Le-Bourget ;<\/li><\/ul>\n\n\n\n<h3 class=\"wp-block-heading\" id=\"transfert-gare-a-savigny-sur-orge\">Transfert Gare \u00e0 Savigny-sur-Orge<\/h3>\n\n\n\n<p>Nous mettons \u00e0 votre service un <strong>v\u00e9hicule avec chauffeur priv\u00e9 d\u00e8s votre arriv\u00e9e en gare<\/strong> pour vous accompagner \u00e0 une adresse pr\u00e9cise. En toute \u00e9vidence, le trajet inverse est \u00e9galement assur\u00e9, \u00e0 partir de chez vous <strong>vers n\u2019importe quelle gare de Paris<\/strong>.<\/p>\n\n\n\n<p>Les gares desservies sont les suivantes :<\/p>\n\n\n\n<ul class=\"wp-block-list\"><li>La gare de Paris Est ;<\/li><li>La gare de Paris Nord ;<\/li><li>Paris gare de Lyon ;<\/li><li>La gare de Paris Montparnasse ;<\/li><li>La gare de Paris Saint Lazare ;<\/li><li>La gare de Paris Bercy Bourgogne ;<\/li><li>La gare de Paris Austerlitz ;<\/li><\/ul>\n\n\n\n<h3 class=\"wp-block-heading\" id=\"prix-concurrentiel\">Prix concurrentiel<\/h3>\n\n\n\n<p>La r\u00e9gion parisienne est vaste, elle est \u00e9galement connue pour son grand trafic qui dans la plupart du temps cause des embouteillages. <a href=\"https:\/\/www.chauffeurtaxi91.fr\/\" target=\"_blank\" rel=\"noreferrer noopener\">HL-Transport<\/a>, <strong>le VTC du d\u00e9partement de l\u2019Essonne et de l\u2019\u00cele-de-France<\/strong> vous transporte avec des prix fixes, malgr\u00e9 toutes les contraintes de la route, contrairement aux taxis.<\/p>\n\n\n\n<p>Toujours est-il, notre int\u00e9r\u00eat est que vous soyez <strong>\u00e0 l\u2019heure d\u00e9sir\u00e9e, \u00e0 l\u2019endroit souhait\u00e9<\/strong>, nous vous y emmenons donc par les voies routi\u00e8res les plus fluides.<\/p>\n\n\n\n<h3 class=\"wp-block-heading\" id=\"reservation-24h-24-7j-7\">R\u00e9servation 24H\/24, 7J\/7<\/h3>\n\n\n\n<p>Si vous souhaitez b\u00e9n\u00e9ficier d\u2019un transport fiable, confortable et en toute s\u00e9curit\u00e9, c\u2019est sans aucun doute HL-Transport qui vous l\u2019offre. Vous pouvez <a href=\"https:\/\/www.chauffeurtaxi91.fr\/reservation-chauffeur-taxi\/\">r\u00e9server<\/a> \u00e0 tout moment votre VTC, de jour comme de nuit, nous vous r\u00e9pondons en 1 heure.<\/p>\n\n\n\n<div class=\"wp-block-columns is-layout-flex wp-container-core-columns-is-layout-9d6595d7 wp-block-columns-is-layout-flex\">\n<div class=\"wp-block-column is-layout-flow wp-block-column-is-layout-flow\">\n<figure class=\"wp-block-image size-full\"><img loading=\"lazy\" decoding=\"async\" width=\"860\" height=\"571\" src=\"https:\/\/www.chauffeurtaxi91.fr\/wp-content\/uploads\/2022\/02\/savigny-sur-org-c-ok-min.png\" alt=\"VTC Savigny-sur-Orge\" class=\"wp-image-938\" srcset=\"https:\/\/www.chauffeurtaxi91.fr\/wp-content\/uploads\/2022\/02\/savigny-sur-org-c-ok-min.png 860w, https:\/\/www.chauffeurtaxi91.fr\/wp-content\/uploads\/2022\/02\/savigny-sur-org-c-ok-min-480x319.png 480w\" sizes=\"auto, (min-width: 0px) and (max-width: 480px) 480px, (min-width: 481px) 860px, 100vw\" \/><\/figure>\n<\/div>\n\n\n\n<div class=\"wp-block-column is-layout-flow wp-block-column-is-layout-flow\">\n<iframe src=\"https:\/\/www.google.com\/maps\/embed?pb=!1m18!1m12!1m3!1d42145.035775951845!2d2.3142936037314006!3d48.68512694316803!2m3!1f0!2f0!3f0!3m2!1i1024!2i768!4f13.1!3m3!1m2!1s0x47e5d8b278401069%3A0x40b82c3688b40d0!2s91600%20Savigny-sur-Orge%2C%20France!5e0!3m2!1sfr!2stn!4v1645281987187!5m2!1sfr!2stn\" width=\"600\" height=\"300\" style=\"border:0;\" allowfullscreen=\"\" loading=\"lazy\"><\/iframe>\n<\/div>\n<\/div>\n","protected":false},"excerpt":{"rendered":"<p>L\u2019int\u00e9gralit\u00e9 des services que propose un VTC \u00e0 Savigny-sur-Orge et dans la r\u00e9gion parisienne, que vous soyez un particulier ou un professionnel.<\/p>\n","protected":false},"author":1,"featured_media":0,"parent":0,"menu_order":0,"comment_status":"closed","ping_status":"closed","template":"","meta":{"_et_pb_use_builder":"off","_et_pb_old_content":"","_et_gb_content_width":"","footnotes":""},"class_list":["post-482","page","type-page","status-publish","hentry"],"yoast_head":"<!-- This site is optimized with the Yoast SEO plugin v27.4 - https:\/\/yoast.com\/product\/yoast-seo-wordpress\/ -->\n<title>VTC Savigny-sur-Orge - services chauffeur priv\u00e9 et r\u00e9servation en ligne.<\/title>\n<meta name=\"description\" content=\"HL Transport vous propose un VTC \u00e0 Savigny-sur-Orge et dans la r\u00e9gion parisienne, que vous soyez un particulier ou un professionnel.\" \/>\n<meta name=\"robots\" content=\"index, follow, max-snippet:-1, max-image-preview:large, max-video-preview:-1\" \/>\n<link rel=\"canonical\" href=\"https:\/\/www.chauffeurtaxi91.fr\/fr\/vtc-savigny-sur-orge\/\" \/>\n<meta property=\"og:locale\" content=\"fr_FR\" \/>\n<meta property=\"og:type\" content=\"article\" \/>\n<meta property=\"og:title\" content=\"VTC Savigny-sur-Orge - services chauffeur priv\u00e9 et r\u00e9servation en ligne.\" \/>\n<meta property=\"og:description\" content=\"HL Transport vous propose un VTC \u00e0 Savigny-sur-Orge et dans la r\u00e9gion parisienne, que vous soyez un particulier ou un professionnel.\" \/>\n<meta property=\"og:url\" content=\"https:\/\/www.chauffeurtaxi91.fr\/fr\/vtc-savigny-sur-orge\/\" \/>\n<meta property=\"og:site_name\" content=\"Chauffeur Taxi | \u00cele-de-France | Essonne (91) &amp; Seine-et-marne (77)\" \/>\n<meta property=\"article:modified_time\" content=\"2022-02-23T09:08:58+00:00\" \/>\n<meta property=\"og:image\" content=\"https:\/\/www.chauffeurtaxi91.fr\/wp-content\/uploads\/2022\/02\/savigny-sur-org-c-ok-min.png\" \/>\n<meta name=\"twitter:card\" content=\"summary_large_image\" \/>\n<meta name=\"twitter:label1\" content=\"Dur\u00e9e de lecture estim\u00e9e\" \/>\n\t<meta name=\"twitter:data1\" content=\"3 minutes\" \/>\n<script type=\"application\/ld+json\" class=\"yoast-schema-graph\">{\"@context\":\"https:\\\/\\\/schema.org\",\"@graph\":[{\"@type\":\"WebPage\",\"@id\":\"https:\\\/\\\/www.chauffeurtaxi91.fr\\\/vtc-savigny-sur-orge\\\/\",\"url\":\"https:\\\/\\\/www.chauffeurtaxi91.fr\\\/vtc-savigny-sur-orge\\\/\",\"name\":\"VTC Savigny-sur-Orge - services chauffeur priv\u00e9 et r\u00e9servation en ligne.\",\"isPartOf\":{\"@id\":\"https:\\\/\\\/www.chauffeurtaxi91.fr\\\/#website\"},\"primaryImageOfPage\":{\"@id\":\"https:\\\/\\\/www.chauffeurtaxi91.fr\\\/vtc-savigny-sur-orge\\\/#primaryimage\"},\"image\":{\"@id\":\"https:\\\/\\\/www.chauffeurtaxi91.fr\\\/vtc-savigny-sur-orge\\\/#primaryimage\"},\"thumbnailUrl\":\"https:\\\/\\\/www.chauffeurtaxi91.fr\\\/wp-content\\\/uploads\\\/2022\\\/02\\\/savigny-sur-org-c-ok-min.png\",\"datePublished\":\"2022-01-10T21:13:02+00:00\",\"dateModified\":\"2022-02-23T09:08:58+00:00\",\"description\":\"HL Transport vous propose un VTC \u00e0 Savigny-sur-Orge et dans la r\u00e9gion parisienne, que vous soyez un particulier ou un professionnel.\",\"breadcrumb\":{\"@id\":\"https:\\\/\\\/www.chauffeurtaxi91.fr\\\/vtc-savigny-sur-orge\\\/#breadcrumb\"},\"inLanguage\":\"fr-FR\",\"potentialAction\":[{\"@type\":\"ReadAction\",\"target\":[\"https:\\\/\\\/www.chauffeurtaxi91.fr\\\/vtc-savigny-sur-orge\\\/\"]}]},{\"@type\":\"ImageObject\",\"inLanguage\":\"fr-FR\",\"@id\":\"https:\\\/\\\/www.chauffeurtaxi91.fr\\\/vtc-savigny-sur-orge\\\/#primaryimage\",\"url\":\"https:\\\/\\\/www.chauffeurtaxi91.fr\\\/wp-content\\\/uploads\\\/2022\\\/02\\\/savigny-sur-org-c-ok-min.png\",\"contentUrl\":\"https:\\\/\\\/www.chauffeurtaxi91.fr\\\/wp-content\\\/uploads\\\/2022\\\/02\\\/savigny-sur-org-c-ok-min.png\"},{\"@type\":\"BreadcrumbList\",\"@id\":\"https:\\\/\\\/www.chauffeurtaxi91.fr\\\/vtc-savigny-sur-orge\\\/#breadcrumb\",\"itemListElement\":[{\"@type\":\"ListItem\",\"position\":1,\"name\":\"Accueil\",\"item\":\"https:\\\/\\\/www.chauffeurtaxi91.fr\\\/fr\\\/\"},{\"@type\":\"ListItem\",\"position\":2,\"name\":\"VTC Savigny-sur-Orge\"}]},{\"@type\":\"WebSite\",\"@id\":\"https:\\\/\\\/www.chauffeurtaxi91.fr\\\/#website\",\"url\":\"https:\\\/\\\/www.chauffeurtaxi91.fr\\\/\",\"name\":\"Chauffeur Taxi | \u00cele-de-France | Essonne (91) &amp; Seine-et-marne (77)\",\"description\":\"R\u00e9servez votre taxi | 24h\\\/24 7j\\\/7\",\"publisher\":{\"@id\":\"https:\\\/\\\/www.chauffeurtaxi91.fr\\\/#organization\"},\"potentialAction\":[{\"@type\":\"SearchAction\",\"target\":{\"@type\":\"EntryPoint\",\"urlTemplate\":\"https:\\\/\\\/www.chauffeurtaxi91.fr\\\/?s={search_term_string}\"},\"query-input\":{\"@type\":\"PropertyValueSpecification\",\"valueRequired\":true,\"valueName\":\"search_term_string\"}}],\"inLanguage\":\"fr-FR\"},{\"@type\":\"Organization\",\"@id\":\"https:\\\/\\\/www.chauffeurtaxi91.fr\\\/#organization\",\"name\":\"HL TRANSPORT\",\"url\":\"https:\\\/\\\/www.chauffeurtaxi91.fr\\\/\",\"logo\":{\"@type\":\"ImageObject\",\"inLanguage\":\"fr-FR\",\"@id\":\"https:\\\/\\\/www.chauffeurtaxi91.fr\\\/#\\\/schema\\\/logo\\\/image\\\/\",\"url\":\"https:\\\/\\\/chauffeurtaxi91.fr\\\/wp-content\\\/uploads\\\/2021\\\/07\\\/cropped-4eec4f87-4fce-4ff6-bbdf-932a1b0f000e-1.jpg\",\"contentUrl\":\"https:\\\/\\\/chauffeurtaxi91.fr\\\/wp-content\\\/uploads\\\/2021\\\/07\\\/cropped-4eec4f87-4fce-4ff6-bbdf-932a1b0f000e-1.jpg\",\"width\":512,\"height\":512,\"caption\":\"HL TRANSPORT\"},\"image\":{\"@id\":\"https:\\\/\\\/www.chauffeurtaxi91.fr\\\/#\\\/schema\\\/logo\\\/image\\\/\"}}]}<\/script>\n<!-- \/ Yoast SEO plugin. -->","yoast_head_json":{"title":"VTC Savigny-sur-Orge - services chauffeur priv\u00e9 et r\u00e9servation en ligne.","description":"HL Transport vous propose un VTC \u00e0 Savigny-sur-Orge et dans la r\u00e9gion parisienne, que vous soyez un particulier ou un professionnel.","robots":{"index":"index","follow":"follow","max-snippet":"max-snippet:-1","max-image-preview":"max-image-preview:large","max-video-preview":"max-video-preview:-1"},"canonical":"https:\/\/www.chauffeurtaxi91.fr\/fr\/vtc-savigny-sur-orge\/","og_locale":"fr_FR","og_type":"article","og_title":"VTC Savigny-sur-Orge - services chauffeur priv\u00e9 et r\u00e9servation en ligne.","og_description":"HL Transport vous propose un VTC \u00e0 Savigny-sur-Orge et dans la r\u00e9gion parisienne, que vous soyez un particulier ou un professionnel.","og_url":"https:\/\/www.chauffeurtaxi91.fr\/fr\/vtc-savigny-sur-orge\/","og_site_name":"Chauffeur Taxi | \u00cele-de-France | Essonne (91) &amp; Seine-et-marne (77)","article_modified_time":"2022-02-23T09:08:58+00:00","og_image":[{"url":"https:\/\/www.chauffeurtaxi91.fr\/wp-content\/uploads\/2022\/02\/savigny-sur-org-c-ok-min.png","type":"","width":"","height":""}],"twitter_card":"summary_large_image","twitter_misc":{"Dur\u00e9e de lecture estim\u00e9e":"3 minutes"},"schema":{"@context":"https:\/\/schema.org","@graph":[{"@type":"WebPage","@id":"https:\/\/www.chauffeurtaxi91.fr\/vtc-savigny-sur-orge\/","url":"https:\/\/www.chauffeurtaxi91.fr\/vtc-savigny-sur-orge\/","name":"VTC Savigny-sur-Orge - services chauffeur priv\u00e9 et r\u00e9servation en ligne.","isPartOf":{"@id":"https:\/\/www.chauffeurtaxi91.fr\/#website"},"primaryImageOfPage":{"@id":"https:\/\/www.chauffeurtaxi91.fr\/vtc-savigny-sur-orge\/#primaryimage"},"image":{"@id":"https:\/\/www.chauffeurtaxi91.fr\/vtc-savigny-sur-orge\/#primaryimage"},"thumbnailUrl":"https:\/\/www.chauffeurtaxi91.fr\/wp-content\/uploads\/2022\/02\/savigny-sur-org-c-ok-min.png","datePublished":"2022-01-10T21:13:02+00:00","dateModified":"2022-02-23T09:08:58+00:00","description":"HL Transport vous propose un VTC \u00e0 Savigny-sur-Orge et dans la r\u00e9gion parisienne, que vous soyez un particulier ou un professionnel.","breadcrumb":{"@id":"https:\/\/www.chauffeurtaxi91.fr\/vtc-savigny-sur-orge\/#breadcrumb"},"inLanguage":"fr-FR","potentialAction":[{"@type":"ReadAction","target":["https:\/\/www.chauffeurtaxi91.fr\/vtc-savigny-sur-orge\/"]}]},{"@type":"ImageObject","inLanguage":"fr-FR","@id":"https:\/\/www.chauffeurtaxi91.fr\/vtc-savigny-sur-orge\/#primaryimage","url":"https:\/\/www.chauffeurtaxi91.fr\/wp-content\/uploads\/2022\/02\/savigny-sur-org-c-ok-min.png","contentUrl":"https:\/\/www.chauffeurtaxi91.fr\/wp-content\/uploads\/2022\/02\/savigny-sur-org-c-ok-min.png"},{"@type":"BreadcrumbList","@id":"https:\/\/www.chauffeurtaxi91.fr\/vtc-savigny-sur-orge\/#breadcrumb","itemListElement":[{"@type":"ListItem","position":1,"name":"Accueil","item":"https:\/\/www.chauffeurtaxi91.fr\/fr\/"},{"@type":"ListItem","position":2,"name":"VTC Savigny-sur-Orge"}]},{"@type":"WebSite","@id":"https:\/\/www.chauffeurtaxi91.fr\/#website","url":"https:\/\/www.chauffeurtaxi91.fr\/","name":"Chauffeur Taxi | \u00cele-de-France | Essonne (91) &amp; Seine-et-marne (77)","description":"R\u00e9servez votre taxi | 24h\/24 7j\/7","publisher":{"@id":"https:\/\/www.chauffeurtaxi91.fr\/#organization"},"potentialAction":[{"@type":"SearchAction","target":{"@type":"EntryPoint","urlTemplate":"https:\/\/www.chauffeurtaxi91.fr\/?s={search_term_string}"},"query-input":{"@type":"PropertyValueSpecification","valueRequired":true,"valueName":"search_term_string"}}],"inLanguage":"fr-FR"},{"@type":"Organization","@id":"https:\/\/www.chauffeurtaxi91.fr\/#organization","name":"HL TRANSPORT","url":"https:\/\/www.chauffeurtaxi91.fr\/","logo":{"@type":"ImageObject","inLanguage":"fr-FR","@id":"https:\/\/www.chauffeurtaxi91.fr\/#\/schema\/logo\/image\/","url":"https:\/\/chauffeurtaxi91.fr\/wp-content\/uploads\/2021\/07\/cropped-4eec4f87-4fce-4ff6-bbdf-932a1b0f000e-1.jpg","contentUrl":"https:\/\/chauffeurtaxi91.fr\/wp-content\/uploads\/2021\/07\/cropped-4eec4f87-4fce-4ff6-bbdf-932a1b0f000e-1.jpg","width":512,"height":512,"caption":"HL TRANSPORT"},"image":{"@id":"https:\/\/www.chauffeurtaxi91.fr\/#\/schema\/logo\/image\/"}}]}},"_links":{"self":[{"href":"https:\/\/www.chauffeurtaxi91.fr\/fr\/wp-json\/wp\/v2\/pages\/482","targetHints":{"allow":["GET"]}}],"collection":[{"href":"https:\/\/www.chauffeurtaxi91.fr\/fr\/wp-json\/wp\/v2\/pages"}],"about":[{"href":"https:\/\/www.chauffeurtaxi91.fr\/fr\/wp-json\/wp\/v2\/types\/page"}],"author":[{"embeddable":true,"href":"https:\/\/www.chauffeurtaxi91.fr\/fr\/wp-json\/wp\/v2\/users\/1"}],"replies":[{"embeddable":true,"href":"https:\/\/www.chauffeurtaxi91.fr\/fr\/wp-json\/wp\/v2\/comments?post=482"}],"version-history":[{"count":0,"href":"https:\/\/www.chauffeurtaxi91.fr\/fr\/wp-json\/wp\/v2\/pages\/482\/revisions"}],"wp:attachment":[{"href":"https:\/\/www.chauffeurtaxi91.fr\/fr\/wp-json\/wp\/v2\/media?parent=482"}],"curies":[{"name":"wp","href":"https:\/\/api.w.org\/{rel}","templated":true}]}}