{"id":484,"date":"2022-01-10T22:18:38","date_gmt":"2022-01-10T21:18:38","guid":{"rendered":"https:\/\/www.chauffeurtaxi91.fr\/?page_id=484"},"modified":"2022-02-23T10:01:55","modified_gmt":"2022-02-23T09:01:55","slug":"vtc-vigneux-sur-seine","status":"publish","type":"page","link":"https:\/\/www.chauffeurtaxi91.fr\/fr\/vtc-vigneux-sur-seine\/","title":{"rendered":"VTC Vigneux-sur-Seine"},"content":{"rendered":"\n<p>Vous avez besoin d\u2019<strong>un transport \u00e0 partir ou vers Vigneux-sur-Seine<\/strong> ? Vous \u00eates tr\u00e8s ponctuel dans vos d\u00e9placements ? Vous appr\u00e9ciez les trajets agr\u00e9ables ? HL-Transport vous fournit un service de transport de qualit\u00e9.&nbsp; N\u2019h\u00e9sitez donc pas \u00e0 r\u00e9server votre VTC <a href=\"https:\/\/www.chauffeurtaxi91.fr\/reservation-chauffeur-taxi\/\">en ligne<\/a> d\u00e8s \u00e0 pr\u00e9sent.<\/p>\n\n\n\n<h2 class=\"wp-block-heading\" id=\"visiter-le-departement-de-l-essonne-et-la-region-parisienne\">Visiter le d\u00e9partement de l\u2019Essonne et la r\u00e9gion parisienne<\/h2>\n\n\n\n<p>Si vous souhaitez d\u00e9couvrir et visiter l\u2019Essonne et l\u2019ensemble de l\u2019\u00cele-de-France, <strong>HL-Transport se charge de vous accompagner dans votre trajet<\/strong>, en vous proposant des v\u00e9hicules confortables, et un chauffeur priv\u00e9 exp\u00e9riment\u00e9 dans la conduite professionnelle.<\/p>\n\n\n\n<h2 class=\"wp-block-heading\" id=\"un-chauffeur-prive-rien-que-pour-vous-a-vigneux-sur-seine\">Un chauffeur priv\u00e9 rien que pour vous \u00e0 Vigneux-sur-Seine<\/h2>\n\n\n\n<p>Vous avez plusieurs d\u00e9placements pr\u00e9vus dans la m\u00eame journ\u00e9e ? <strong>Un chauffeur personnel vous y conduit<\/strong>, et se met \u00e0 votre disposition aussi longtemps que vous le souhaitiez. Ce service de <strong>mise \u00e0 disposition<\/strong> vous est propos\u00e9 pour <strong>vos d\u00e9placements professionnels et personnels<\/strong>.<\/p>\n\n\n\n<p>Courtoisie et professionnalisme sont les ma\u00eetres-mots du comportement de nos chauffeurs VTC, pour rendre votre trajet aussi agr\u00e9able que possible.<\/p>\n\n\n\n<h3 class=\"wp-block-heading\" id=\"transfert-aeroport\">Transfert a\u00e9roport<\/h3>\n\n\n\n<p>Sur r\u00e9servation, nous mettons <strong>\u00e0 votre service un v\u00e9hicule avec chauffeur professionnel<\/strong>, pour vous conduire de Vigneux-sur-Seine vers n\u2019importe quel a\u00e9roport de la r\u00e9gion parisienne :<\/p>\n\n\n\n<ul class=\"wp-block-list\"><li>A\u00e9roport de Paris-Orly ;<\/li><li>A\u00e9roport de Paris-Roissy-Charles-de-Gaulle ;<\/li><li>A\u00e9roport de Paris-Le-Bourget ;<\/li><\/ul>\n\n\n\n<p>Le trajet inverse est valable. Depuis l\u2019un de ces a\u00e9roports <strong><a href=\"https:\/\/www.chauffeurtaxi91.fr\/chauffeur-vtc-essonne-91\/\" target=\"_blank\" rel=\"noreferrer noopener\">vers tout le d\u00e9partement de L\u2019Essonne<\/a><\/strong>, dont Vigneux-sur-Seine, il vous suffit de contacter HL-Transport pour tous vos <strong>transferts de jour comme de nuit.<\/strong><\/p>\n\n\n\n<h3 class=\"wp-block-heading\" id=\"transfert-gare\">Transfert gare<\/h3>\n\n\n\n<p><strong>HL-Transport vous simplifie vos d\u00e9placements<\/strong> en prenant en charge une partie de votre voyage. En, effet, nous vous permettons de <strong>b\u00e9n\u00e9ficier d\u2019un transfert vers toutes les gares de Paris<\/strong> depuis :<\/p>\n\n\n\n<ul class=\"wp-block-list\"><li>Votre h\u00f4tel ;<\/li><li>Votre domicile ;<\/li><li>Votre lieu de travail ;<\/li><\/ul>\n\n\n\n<p>Bien \u00e9videmment, nous vous assurons \u00e9galement, le trajet <strong>depuis les gares de la r\u00e9gion parisienne vers Vigneux-sur-Seine<\/strong>.<\/p>\n\n\n\n<p>Pourquoi choisir HL-Transport pour vos d\u00e9placements \u00e0 Vigneux-sur-Seine ?<\/p>\n\n\n\n<p><strong>Nos plus grands atouts<\/strong> sont notre longue exp\u00e9rience et notre professionnalisme. Les deux principales qualit\u00e9s pour vous assurer un transport d\u2019exception, <strong>depuis et vers Vigneux-sur-Seine<\/strong>, HL-Transport met tout en place pour vous garantir satisfaction :<\/p>\n\n\n\n<h3 class=\"wp-block-heading\" id=\"rapidite\">Rapidit\u00e9<\/h3>\n\n\n\n<p>Il est tr\u00e8s simple de commander un <a href=\"https:\/\/www.chauffeurtaxi91.fr\/\">chauffeur VTC avec HL-Transport<\/a>. Vous avez la possibilit\u00e9 de r\u00e9server en ligne, ou par t\u00e9l\u00e9phone au <strong><a href=\"tel:0668824129\">06 68 82 41 29<\/a><\/strong>. Nous vous r\u00e9pondons dans l\u2019heure qui suit.<\/p>\n\n\n\n<h3 class=\"wp-block-heading\" id=\"confort\">Confort<\/h3>\n\n\n\n<p>Vous permettre de <strong>voyager dans un v\u00e9hicule confortable<\/strong> est notre objectif, quel que soit votre budget et quelle que soit la gamme du v\u00e9hicule que vous choisissez.<\/p>\n\n\n\n<h3 class=\"wp-block-heading\" id=\"deux-modalites-de-paiement\">Deux modalit\u00e9s de paiement<\/h3>\n\n\n\n<p>HL-Transport accepte deux moyens de paiement :<\/p>\n\n\n\n<ul class=\"wp-block-list\"><li>En esp\u00e8ces ;<\/li><li>Par carte bancaire ;<\/li><\/ul>\n\n\n\n<h3 class=\"wp-block-heading\" id=\"1-heure-d-attente-gratuite\">1 heure d\u2019attente gratuite<\/h3>\n\n\n\n<p>Vous b\u00e9n\u00e9ficiez avec HL-Transport <strong>d\u2019une heure gratuite <\/strong>en cas d\u2019attente, lorsque vous r\u00e9servez votre transfert depuis un a\u00e9roport.<\/p>\n\n\n\n<h3 class=\"wp-block-heading\" id=\"la-priorite-aux-aeroports\">La priorit\u00e9 aux a\u00e9roports<\/h3>\n\n\n\n<p>Gr\u00e2ce \u00e0 nos badges professionnels, <strong>nous acc\u00e9dons prioritairement aux a\u00e9roports<\/strong>.<\/p>\n\n\n\n<h3 class=\"wp-block-heading\" id=\"prix-prefixe\">Prix pr\u00e9fix\u00e9<\/h3>\n\n\n\n<p>Additionnellement aux <strong>prix attractifs<\/strong> avec lesquels nous exer\u00e7ons, nos prix sont fix\u00e9s \u00e0 l\u2019avance. D\u00e8s votre r\u00e9servation, vous prenez connaissance du montant \u00e0 payer. Ce dernier n\u2019augmente pas, m\u00eame en cas d\u2019embouteillages.<\/p>\n\n\n\n<div class=\"wp-block-columns is-layout-flex wp-container-core-columns-is-layout-9d6595d7 wp-block-columns-is-layout-flex\">\n<div class=\"wp-block-column is-layout-flow wp-block-column-is-layout-flow\">\n<figure class=\"wp-block-image size-full\"><img loading=\"lazy\" decoding=\"async\" width=\"622\" height=\"395\" src=\"https:\/\/www.chauffeurtaxi91.fr\/wp-content\/uploads\/2022\/02\/vineux-sur-seine-Copie-min.jpg\" alt=\"VTC Vigneux-sur-Seine\" class=\"wp-image-935\" srcset=\"https:\/\/www.chauffeurtaxi91.fr\/wp-content\/uploads\/2022\/02\/vineux-sur-seine-Copie-min.jpg 622w, https:\/\/www.chauffeurtaxi91.fr\/wp-content\/uploads\/2022\/02\/vineux-sur-seine-Copie-min-480x305.jpg 480w\" sizes=\"auto, (min-width: 0px) and (max-width: 480px) 480px, (min-width: 481px) 622px, 100vw\" \/><\/figure>\n<\/div>\n\n\n\n<div class=\"wp-block-column is-layout-flow wp-block-column-is-layout-flow\">\n<iframe src=\"https:\/\/www.google.com\/maps\/embed?pb=!1m18!1m12!1m3!1d42130.867520933534!2d2.3924277039440667!3d48.70205534357465!2m3!1f0!2f0!3f0!3m2!1i1024!2i768!4f13.1!3m3!1m2!1s0x47e67545018e6cff%3A0x4ec2412ea11bc9a7!2sVigneux-sur-Seine%2C%20France!5e0!3m2!1sfr!2stn!4v1645279829102!5m2!1sfr!2stn\" width=\"600\" height=\"300\" style=\"border:0;\" allowfullscreen=\"\" loading=\"lazy\"><\/iframe>\n<\/div>\n<\/div>\n","protected":false},"excerpt":{"rendered":"<p>Pour vos d\u00e9placements \u00e0 Vigneux-sur-Seine et dans toute la r\u00e9gion parisienne, les services d\u2019un VTC s\u2019imposent comme le moyen de transport le plus fiable.<\/p>\n","protected":false},"author":1,"featured_media":0,"parent":0,"menu_order":0,"comment_status":"closed","ping_status":"closed","template":"","meta":{"_et_pb_use_builder":"off","_et_pb_old_content":"","_et_gb_content_width":"","footnotes":""},"class_list":["post-484","page","type-page","status-publish","hentry"],"yoast_head":"<!-- This site is optimized with the Yoast SEO plugin v27.4 - https:\/\/yoast.com\/product\/yoast-seo-wordpress\/ -->\n<title>VTC Vigneux-sur-Seine - r\u00e9servation en ligne chauffeur priv\u00e9 0668824129<\/title>\n<meta name=\"description\" content=\"HL Transport c&#039;est pour vos d\u00e9placements \u00e0 Vigneux-sur-Seine , les services d\u2019un VTC s\u2019imposent comme le moyen de transport le plus fiable.\" \/>\n<meta name=\"robots\" content=\"index, follow, max-snippet:-1, max-image-preview:large, max-video-preview:-1\" \/>\n<link rel=\"canonical\" href=\"https:\/\/www.chauffeurtaxi91.fr\/fr\/vtc-vigneux-sur-seine\/\" \/>\n<meta property=\"og:locale\" content=\"fr_FR\" \/>\n<meta property=\"og:type\" content=\"article\" \/>\n<meta property=\"og:title\" content=\"VTC Vigneux-sur-Seine - r\u00e9servation en ligne chauffeur priv\u00e9 0668824129\" \/>\n<meta property=\"og:description\" content=\"HL Transport c&#039;est pour vos d\u00e9placements \u00e0 Vigneux-sur-Seine , les services d\u2019un VTC s\u2019imposent comme le moyen de transport le plus fiable.\" \/>\n<meta property=\"og:url\" content=\"https:\/\/www.chauffeurtaxi91.fr\/fr\/vtc-vigneux-sur-seine\/\" \/>\n<meta property=\"og:site_name\" content=\"Chauffeur Taxi | \u00cele-de-France | Essonne (91) &amp; Seine-et-marne (77)\" \/>\n<meta property=\"article:modified_time\" content=\"2022-02-23T09:01:55+00:00\" \/>\n<meta property=\"og:image\" content=\"https:\/\/www.chauffeurtaxi91.fr\/wp-content\/uploads\/2022\/02\/vineux-sur-seine-Copie-min.jpg\" \/>\n<meta name=\"twitter:card\" content=\"summary_large_image\" \/>\n<meta name=\"twitter:label1\" content=\"Dur\u00e9e de lecture estim\u00e9e\" \/>\n\t<meta name=\"twitter:data1\" content=\"3 minutes\" \/>\n<script type=\"application\/ld+json\" class=\"yoast-schema-graph\">{\"@context\":\"https:\\\/\\\/schema.org\",\"@graph\":[{\"@type\":\"WebPage\",\"@id\":\"https:\\\/\\\/www.chauffeurtaxi91.fr\\\/vtc-vigneux-sur-seine\\\/\",\"url\":\"https:\\\/\\\/www.chauffeurtaxi91.fr\\\/vtc-vigneux-sur-seine\\\/\",\"name\":\"VTC Vigneux-sur-Seine - r\u00e9servation en ligne chauffeur priv\u00e9 0668824129\",\"isPartOf\":{\"@id\":\"https:\\\/\\\/www.chauffeurtaxi91.fr\\\/#website\"},\"primaryImageOfPage\":{\"@id\":\"https:\\\/\\\/www.chauffeurtaxi91.fr\\\/vtc-vigneux-sur-seine\\\/#primaryimage\"},\"image\":{\"@id\":\"https:\\\/\\\/www.chauffeurtaxi91.fr\\\/vtc-vigneux-sur-seine\\\/#primaryimage\"},\"thumbnailUrl\":\"https:\\\/\\\/www.chauffeurtaxi91.fr\\\/wp-content\\\/uploads\\\/2022\\\/02\\\/vineux-sur-seine-Copie-min.jpg\",\"datePublished\":\"2022-01-10T21:18:38+00:00\",\"dateModified\":\"2022-02-23T09:01:55+00:00\",\"description\":\"HL Transport c'est pour vos d\u00e9placements \u00e0 Vigneux-sur-Seine , les services d\u2019un VTC s\u2019imposent comme le moyen de transport le plus fiable.\",\"breadcrumb\":{\"@id\":\"https:\\\/\\\/www.chauffeurtaxi91.fr\\\/vtc-vigneux-sur-seine\\\/#breadcrumb\"},\"inLanguage\":\"fr-FR\",\"potentialAction\":[{\"@type\":\"ReadAction\",\"target\":[\"https:\\\/\\\/www.chauffeurtaxi91.fr\\\/vtc-vigneux-sur-seine\\\/\"]}]},{\"@type\":\"ImageObject\",\"inLanguage\":\"fr-FR\",\"@id\":\"https:\\\/\\\/www.chauffeurtaxi91.fr\\\/vtc-vigneux-sur-seine\\\/#primaryimage\",\"url\":\"https:\\\/\\\/www.chauffeurtaxi91.fr\\\/wp-content\\\/uploads\\\/2022\\\/02\\\/vineux-sur-seine-Copie-min.jpg\",\"contentUrl\":\"https:\\\/\\\/www.chauffeurtaxi91.fr\\\/wp-content\\\/uploads\\\/2022\\\/02\\\/vineux-sur-seine-Copie-min.jpg\"},{\"@type\":\"BreadcrumbList\",\"@id\":\"https:\\\/\\\/www.chauffeurtaxi91.fr\\\/vtc-vigneux-sur-seine\\\/#breadcrumb\",\"itemListElement\":[{\"@type\":\"ListItem\",\"position\":1,\"name\":\"Accueil\",\"item\":\"https:\\\/\\\/www.chauffeurtaxi91.fr\\\/fr\\\/\"},{\"@type\":\"ListItem\",\"position\":2,\"name\":\"VTC Vigneux-sur-Seine\"}]},{\"@type\":\"WebSite\",\"@id\":\"https:\\\/\\\/www.chauffeurtaxi91.fr\\\/#website\",\"url\":\"https:\\\/\\\/www.chauffeurtaxi91.fr\\\/\",\"name\":\"Chauffeur Taxi | \u00cele-de-France | Essonne (91) &amp; Seine-et-marne (77)\",\"description\":\"R\u00e9servez votre taxi | 24h\\\/24 7j\\\/7\",\"publisher\":{\"@id\":\"https:\\\/\\\/www.chauffeurtaxi91.fr\\\/#organization\"},\"potentialAction\":[{\"@type\":\"SearchAction\",\"target\":{\"@type\":\"EntryPoint\",\"urlTemplate\":\"https:\\\/\\\/www.chauffeurtaxi91.fr\\\/?s={search_term_string}\"},\"query-input\":{\"@type\":\"PropertyValueSpecification\",\"valueRequired\":true,\"valueName\":\"search_term_string\"}}],\"inLanguage\":\"fr-FR\"},{\"@type\":\"Organization\",\"@id\":\"https:\\\/\\\/www.chauffeurtaxi91.fr\\\/#organization\",\"name\":\"HL TRANSPORT\",\"url\":\"https:\\\/\\\/www.chauffeurtaxi91.fr\\\/\",\"logo\":{\"@type\":\"ImageObject\",\"inLanguage\":\"fr-FR\",\"@id\":\"https:\\\/\\\/www.chauffeurtaxi91.fr\\\/#\\\/schema\\\/logo\\\/image\\\/\",\"url\":\"https:\\\/\\\/chauffeurtaxi91.fr\\\/wp-content\\\/uploads\\\/2021\\\/07\\\/cropped-4eec4f87-4fce-4ff6-bbdf-932a1b0f000e-1.jpg\",\"contentUrl\":\"https:\\\/\\\/chauffeurtaxi91.fr\\\/wp-content\\\/uploads\\\/2021\\\/07\\\/cropped-4eec4f87-4fce-4ff6-bbdf-932a1b0f000e-1.jpg\",\"width\":512,\"height\":512,\"caption\":\"HL TRANSPORT\"},\"image\":{\"@id\":\"https:\\\/\\\/www.chauffeurtaxi91.fr\\\/#\\\/schema\\\/logo\\\/image\\\/\"}}]}<\/script>\n<!-- \/ Yoast SEO plugin. -->","yoast_head_json":{"title":"VTC Vigneux-sur-Seine - r\u00e9servation en ligne chauffeur priv\u00e9 0668824129","description":"HL Transport c'est pour vos d\u00e9placements \u00e0 Vigneux-sur-Seine , les services d\u2019un VTC s\u2019imposent comme le moyen de transport le plus fiable.","robots":{"index":"index","follow":"follow","max-snippet":"max-snippet:-1","max-image-preview":"max-image-preview:large","max-video-preview":"max-video-preview:-1"},"canonical":"https:\/\/www.chauffeurtaxi91.fr\/fr\/vtc-vigneux-sur-seine\/","og_locale":"fr_FR","og_type":"article","og_title":"VTC Vigneux-sur-Seine - r\u00e9servation en ligne chauffeur priv\u00e9 0668824129","og_description":"HL Transport c'est pour vos d\u00e9placements \u00e0 Vigneux-sur-Seine , les services d\u2019un VTC s\u2019imposent comme le moyen de transport le plus fiable.","og_url":"https:\/\/www.chauffeurtaxi91.fr\/fr\/vtc-vigneux-sur-seine\/","og_site_name":"Chauffeur Taxi | \u00cele-de-France | Essonne (91) &amp; Seine-et-marne (77)","article_modified_time":"2022-02-23T09:01:55+00:00","og_image":[{"url":"https:\/\/www.chauffeurtaxi91.fr\/wp-content\/uploads\/2022\/02\/vineux-sur-seine-Copie-min.jpg","type":"","width":"","height":""}],"twitter_card":"summary_large_image","twitter_misc":{"Dur\u00e9e de lecture estim\u00e9e":"3 minutes"},"schema":{"@context":"https:\/\/schema.org","@graph":[{"@type":"WebPage","@id":"https:\/\/www.chauffeurtaxi91.fr\/vtc-vigneux-sur-seine\/","url":"https:\/\/www.chauffeurtaxi91.fr\/vtc-vigneux-sur-seine\/","name":"VTC Vigneux-sur-Seine - r\u00e9servation en ligne chauffeur priv\u00e9 0668824129","isPartOf":{"@id":"https:\/\/www.chauffeurtaxi91.fr\/#website"},"primaryImageOfPage":{"@id":"https:\/\/www.chauffeurtaxi91.fr\/vtc-vigneux-sur-seine\/#primaryimage"},"image":{"@id":"https:\/\/www.chauffeurtaxi91.fr\/vtc-vigneux-sur-seine\/#primaryimage"},"thumbnailUrl":"https:\/\/www.chauffeurtaxi91.fr\/wp-content\/uploads\/2022\/02\/vineux-sur-seine-Copie-min.jpg","datePublished":"2022-01-10T21:18:38+00:00","dateModified":"2022-02-23T09:01:55+00:00","description":"HL Transport c'est pour vos d\u00e9placements \u00e0 Vigneux-sur-Seine , les services d\u2019un VTC s\u2019imposent comme le moyen de transport le plus fiable.","breadcrumb":{"@id":"https:\/\/www.chauffeurtaxi91.fr\/vtc-vigneux-sur-seine\/#breadcrumb"},"inLanguage":"fr-FR","potentialAction":[{"@type":"ReadAction","target":["https:\/\/www.chauffeurtaxi91.fr\/vtc-vigneux-sur-seine\/"]}]},{"@type":"ImageObject","inLanguage":"fr-FR","@id":"https:\/\/www.chauffeurtaxi91.fr\/vtc-vigneux-sur-seine\/#primaryimage","url":"https:\/\/www.chauffeurtaxi91.fr\/wp-content\/uploads\/2022\/02\/vineux-sur-seine-Copie-min.jpg","contentUrl":"https:\/\/www.chauffeurtaxi91.fr\/wp-content\/uploads\/2022\/02\/vineux-sur-seine-Copie-min.jpg"},{"@type":"BreadcrumbList","@id":"https:\/\/www.chauffeurtaxi91.fr\/vtc-vigneux-sur-seine\/#breadcrumb","itemListElement":[{"@type":"ListItem","position":1,"name":"Accueil","item":"https:\/\/www.chauffeurtaxi91.fr\/fr\/"},{"@type":"ListItem","position":2,"name":"VTC Vigneux-sur-Seine"}]},{"@type":"WebSite","@id":"https:\/\/www.chauffeurtaxi91.fr\/#website","url":"https:\/\/www.chauffeurtaxi91.fr\/","name":"Chauffeur Taxi | \u00cele-de-France | Essonne (91) &amp; Seine-et-marne (77)","description":"R\u00e9servez votre taxi | 24h\/24 7j\/7","publisher":{"@id":"https:\/\/www.chauffeurtaxi91.fr\/#organization"},"potentialAction":[{"@type":"SearchAction","target":{"@type":"EntryPoint","urlTemplate":"https:\/\/www.chauffeurtaxi91.fr\/?s={search_term_string}"},"query-input":{"@type":"PropertyValueSpecification","valueRequired":true,"valueName":"search_term_string"}}],"inLanguage":"fr-FR"},{"@type":"Organization","@id":"https:\/\/www.chauffeurtaxi91.fr\/#organization","name":"HL TRANSPORT","url":"https:\/\/www.chauffeurtaxi91.fr\/","logo":{"@type":"ImageObject","inLanguage":"fr-FR","@id":"https:\/\/www.chauffeurtaxi91.fr\/#\/schema\/logo\/image\/","url":"https:\/\/chauffeurtaxi91.fr\/wp-content\/uploads\/2021\/07\/cropped-4eec4f87-4fce-4ff6-bbdf-932a1b0f000e-1.jpg","contentUrl":"https:\/\/chauffeurtaxi91.fr\/wp-content\/uploads\/2021\/07\/cropped-4eec4f87-4fce-4ff6-bbdf-932a1b0f000e-1.jpg","width":512,"height":512,"caption":"HL TRANSPORT"},"image":{"@id":"https:\/\/www.chauffeurtaxi91.fr\/#\/schema\/logo\/image\/"}}]}},"_links":{"self":[{"href":"https:\/\/www.chauffeurtaxi91.fr\/fr\/wp-json\/wp\/v2\/pages\/484","targetHints":{"allow":["GET"]}}],"collection":[{"href":"https:\/\/www.chauffeurtaxi91.fr\/fr\/wp-json\/wp\/v2\/pages"}],"about":[{"href":"https:\/\/www.chauffeurtaxi91.fr\/fr\/wp-json\/wp\/v2\/types\/page"}],"author":[{"embeddable":true,"href":"https:\/\/www.chauffeurtaxi91.fr\/fr\/wp-json\/wp\/v2\/users\/1"}],"replies":[{"embeddable":true,"href":"https:\/\/www.chauffeurtaxi91.fr\/fr\/wp-json\/wp\/v2\/comments?post=484"}],"version-history":[{"count":0,"href":"https:\/\/www.chauffeurtaxi91.fr\/fr\/wp-json\/wp\/v2\/pages\/484\/revisions"}],"wp:attachment":[{"href":"https:\/\/www.chauffeurtaxi91.fr\/fr\/wp-json\/wp\/v2\/media?parent=484"}],"curies":[{"name":"wp","href":"https:\/\/api.w.org\/{rel}","templated":true}]}}