{"id":509,"date":"2022-02-11T15:05:52","date_gmt":"2022-02-11T14:05:52","guid":{"rendered":"https:\/\/www.chauffeurtaxi91.fr\/?page_id=509"},"modified":"2022-02-19T16:03:40","modified_gmt":"2022-02-19T15:03:40","slug":"vtc-cesson","status":"publish","type":"page","link":"https:\/\/www.chauffeurtaxi91.fr\/fr\/vtc-cesson\/","title":{"rendered":"VTC Cesson"},"content":{"rendered":"\n<p>Un mariage au c\u0153ur de la nuit&nbsp;?&nbsp; Un \u00e9v\u00e9nement important \u00e0 assister&nbsp;? Un vol que vous devez joindre en urgence&nbsp;? &nbsp;HL Transport met \u00e0 votre disposition un r\u00e9seau de chauffeurs fiables et comp\u00e9tents qui bloquent leur planning sp\u00e9cialement pour vous prendre en charge.<\/p>\n\n\n\n<p>Nos chauffeurs sont joignables 7j\/7 et 24h\/24 pour intervenir et vous emmener l\u00e0 o\u00f9 vous souhaitez dans les meilleurs d\u00e9lais. Nos tarifs sont fixes et tout compris, ainsi vous n\u2019avez rien \u00e0 payer \u00e0 bord.<\/p>\n\n\n\n<h2 class=\"wp-block-heading\" id=\"un-transfert-par-vtc-et-une-reservation-en-avance-bien-garantie\">Un Transfert par VTC et une r\u00e9servation en avance bien garantie<\/h2>\n\n\n\n<p>Pour\u00a0rejoindre facilement votre destination, solliciter les services d\u2019une soci\u00e9t\u00e9 de transport peut av\u00e9rer n\u00e9cessaire pour profiter d\u2019un d\u00e9placement s\u00e9curis\u00e9 et fiable. <a href=\"https:\/\/www.chauffeurtaxi91.fr\/\" target=\"_blank\" rel=\"noreferrer noopener\">Notre soci\u00e9t\u00e9 HL Transport<\/a> vous permet de profiter d\u2019une prestation de transfert VTC qui remplit parfaitement ces crit\u00e8res.<\/p>\n\n\n\n<ul class=\"wp-block-list\"><li><strong>Accueil gare&nbsp;: <\/strong>pour joindre la gare, optez pour un taxi VTC vous permettra de profiter d\u2019un d\u00e9placement confortable et haut standing.<\/li><li><strong>Accueil a\u00e9roport&nbsp;:<\/strong> votre chauffeur priv\u00e9 vous prendra en charge et vous emm\u00e8nera \u00e0&nbsp; l\u2019a\u00e9roport \u00e0 temps.&nbsp;Il prendra soin de tous vos bagages jusqu\u2019\u00e0 votre terminale d\u2019arriv\u00e9e.<\/li><li><strong>Transport \u00e9v\u00e8nementielle&nbsp;: <\/strong>quel que soit le type d\u2019\u00e9v\u00e9nement que vous devez assister, nos chauffeurs sont l\u00e0 pour vous servir. <\/li><li><strong>Transport priv\u00e9&nbsp;: <\/strong>besoin d\u2019un voyage pour affaires , les Espaces Business sont des espaces de travail connect\u00e9s au Wifi haut d\u00e9bit, \u00e9quip\u00e9s de tables de networking et d&rsquo;espaces individuels mis \u00e0 votre disposition pour vous permettre d&rsquo;optimiser votre temps.<\/li><li><strong>Transport professionnel&nbsp;: <\/strong>les chauffeurs d\u2019HL Transport vous aideront \u00e0 joindre votre lieu de travail en toute tranquillit\u00e9 tout en respectant les d\u00e9lais.<\/li><li><strong>Accueil mariage et&nbsp;s\u00e9minaires&nbsp;: <\/strong>les chauffeursd\u2019HL Transport vous permettent de joindre un mariage ou un s\u00e9minaire avec une voiture haut standing qui met ces grands \u00e9v\u00e9nements en valeur.<\/li><li><strong>Trajets touristiques&nbsp;: <\/strong>les chauffeurs d\u2019HL Transport vous accompagnent lors de vos trajets touristiques et vous prodigueront les meilleurs conseils qui concernent votre destination (h\u00f4tels,&nbsp; restaurants, centres commerciaux, activit\u00e9s,\u2026).<\/li><li><strong>Et encore plus.<\/strong><\/li><\/ul>\n\n\n\n<p><a href=\"https:\/\/www.chauffeurtaxi91.fr\/reservation-chauffeur-taxi\/\" target=\"_blank\" rel=\"noreferrer noopener\">Pour r\u00e9servez votre taxi ou une voiture<\/a>, il vous suffit de consulter notre site ou notre application et remplir les informations demand\u00e9es. Votre v\u00e9hicule est simplement r\u00e9serv\u00e9 en quelques petits clics. Nos tarifs sans clairs et sans majoration. Ils sont reconnus au moment de la r\u00e9servation.<\/p>\n\n\n\n<h2 class=\"wp-block-heading\" id=\"votre-vtc-a-cesson\">Votre VTC \u00e0 Cesson<\/h2>\n\n\n\n<p>Bien exp\u00e9riment\u00e9e dans le domaine, HL Transport vous permet de profiter d\u2019un service de transport irr\u00e9prochable qui satisfait toutes vos ambitions. En choisissant HL Transport vous \u00eates garanti de&nbsp;:<\/p>\n\n\n\n<ul class=\"wp-block-list\"><li>Un site web accessible \u00e0 tout&nbsp; le monde&nbsp;;<\/li><li>Un payement s\u00e9curis\u00e9 par paypal et pay plug&nbsp;;<\/li><li>Un d\u00e9placement s\u00e9curis\u00e9 et crypt\u00e9&nbsp;;<\/li><li>Une r\u00e9servation par application mobile&nbsp;;<\/li><li>Des v\u00e9hicules hauts de gamme&nbsp;;<\/li><li>Des chauffeurs bien form\u00e9s et professionnels&nbsp;;<\/li><li>Un accueil privil\u00e9gi\u00e9&nbsp;vers toutes les destinations ;<\/li><li>Une d\u00e9coration personnalisable&nbsp;;<\/li><li>Une tarification fixe et claire&nbsp;;<\/li><li>Un accueil super chaleureux est bien garanti&nbsp;;<\/li><li>Une absence totale de frais suppl\u00e9mentaires ou de majoration.<\/li><\/ul>\n\n\n\n<p>Venez solliciter les services d\u2019HL Transport et vous ne regrettez jamais&nbsp;!<\/p>\n\n\n\n<div class=\"wp-block-columns is-layout-flex wp-container-core-columns-is-layout-9d6595d7 wp-block-columns-is-layout-flex\">\n<div class=\"wp-block-column is-layout-flow wp-block-column-is-layout-flow\">\n<figure class=\"wp-block-image size-full is-resized\"><img loading=\"lazy\" decoding=\"async\" src=\"https:\/\/www.chauffeurtaxi91.fr\/wp-content\/uploads\/2022\/02\/Cesson-c-bon-min.jpg\" alt=\"VTC Cesson\" class=\"wp-image-611\" width=\"401\" height=\"267\"\/><\/figure>\n<\/div>\n\n\n\n<div class=\"wp-block-column is-layout-flow wp-block-column-is-layout-flow\">\n<iframe src=\"https:\/\/www.google.com\/maps\/embed?pb=!1m18!1m12!1m3!1d42241.665400287486!2d2.5543353011925753!3d48.569555190486724!2m3!1f0!2f0!3f0!3m2!1i1024!2i768!4f13.1!3m3!1m2!1s0x47e5e520061f65dd%3A0x40b82c3688c61c0!2s77240%20Cesson%2C%20France!5e0!3m2!1sfr!2stn!4v1644917626521!5m2!1sfr!2stn\" width=\"600\" height=\"300\" style=\"border:0;\" allowfullscreen=\"\" loading=\"lazy\"><\/iframe>\n<\/div>\n<\/div>\n","protected":false},"excerpt":{"rendered":"<p>Un mariage au c\u0153ur de la nuit&nbsp;?&nbsp; Un \u00e9v\u00e9nement important \u00e0 assister&nbsp;? Un vol que vous devez joindre en urgence&nbsp;? &nbsp;HL Transport met \u00e0 votre disposition un r\u00e9seau de chauffeurs fiables et comp\u00e9tents qui bloquent leur planning sp\u00e9cialement pour vous prendre en charge. Nos chauffeurs sont joignables 7j\/7 et 24h\/24 pour intervenir et vous emmener [&hellip;]<\/p>\n","protected":false},"author":1,"featured_media":0,"parent":0,"menu_order":0,"comment_status":"closed","ping_status":"closed","template":"","meta":{"_et_pb_use_builder":"","_et_pb_old_content":"","_et_gb_content_width":"","footnotes":""},"class_list":["post-509","page","type-page","status-publish","hentry"],"yoast_head":"<!-- This site is optimized with the Yoast SEO plugin v27.4 - https:\/\/yoast.com\/product\/yoast-seo-wordpress\/ -->\n<title>VTC Cesson, r\u00e9servation VTC en ligne et rapide<\/title>\n<meta name=\"description\" content=\"\u00a0HL Transport met \u00e0 votre disposition un r\u00e9seau de chauffeurs fiables et comp\u00e9tents c&#039;est Votre VTC \u00e0 Cesson.\" \/>\n<meta name=\"robots\" content=\"index, follow, max-snippet:-1, max-image-preview:large, max-video-preview:-1\" \/>\n<link rel=\"canonical\" href=\"https:\/\/www.chauffeurtaxi91.fr\/fr\/vtc-cesson\/\" \/>\n<meta property=\"og:locale\" content=\"fr_FR\" \/>\n<meta property=\"og:type\" content=\"article\" \/>\n<meta property=\"og:title\" content=\"VTC Cesson, r\u00e9servation VTC en ligne et rapide\" \/>\n<meta property=\"og:description\" content=\"\u00a0HL Transport met \u00e0 votre disposition un r\u00e9seau de chauffeurs fiables et comp\u00e9tents c&#039;est Votre VTC \u00e0 Cesson.\" \/>\n<meta property=\"og:url\" content=\"https:\/\/www.chauffeurtaxi91.fr\/fr\/vtc-cesson\/\" \/>\n<meta property=\"og:site_name\" content=\"Chauffeur Taxi | \u00cele-de-France | Essonne (91) &amp; Seine-et-marne (77)\" \/>\n<meta property=\"article:modified_time\" content=\"2022-02-19T15:03:40+00:00\" \/>\n<meta property=\"og:image\" content=\"https:\/\/www.chauffeurtaxi91.fr\/wp-content\/uploads\/2022\/02\/Cesson-c-bon-min.jpg\" \/>\n<meta name=\"twitter:card\" content=\"summary_large_image\" \/>\n<meta name=\"twitter:label1\" content=\"Dur\u00e9e de lecture estim\u00e9e\" \/>\n\t<meta name=\"twitter:data1\" content=\"3 minutes\" \/>\n<script type=\"application\/ld+json\" class=\"yoast-schema-graph\">{\"@context\":\"https:\\\/\\\/schema.org\",\"@graph\":[{\"@type\":\"WebPage\",\"@id\":\"https:\\\/\\\/www.chauffeurtaxi91.fr\\\/vtc-cesson\\\/\",\"url\":\"https:\\\/\\\/www.chauffeurtaxi91.fr\\\/vtc-cesson\\\/\",\"name\":\"VTC Cesson, r\u00e9servation VTC en ligne et rapide\",\"isPartOf\":{\"@id\":\"https:\\\/\\\/www.chauffeurtaxi91.fr\\\/#website\"},\"primaryImageOfPage\":{\"@id\":\"https:\\\/\\\/www.chauffeurtaxi91.fr\\\/vtc-cesson\\\/#primaryimage\"},\"image\":{\"@id\":\"https:\\\/\\\/www.chauffeurtaxi91.fr\\\/vtc-cesson\\\/#primaryimage\"},\"thumbnailUrl\":\"https:\\\/\\\/www.chauffeurtaxi91.fr\\\/wp-content\\\/uploads\\\/2022\\\/02\\\/Cesson-c-bon-min.jpg\",\"datePublished\":\"2022-02-11T14:05:52+00:00\",\"dateModified\":\"2022-02-19T15:03:40+00:00\",\"description\":\"\u00a0HL Transport met \u00e0 votre disposition un r\u00e9seau de chauffeurs fiables et comp\u00e9tents c'est Votre VTC \u00e0 Cesson.\",\"breadcrumb\":{\"@id\":\"https:\\\/\\\/www.chauffeurtaxi91.fr\\\/vtc-cesson\\\/#breadcrumb\"},\"inLanguage\":\"fr-FR\",\"potentialAction\":[{\"@type\":\"ReadAction\",\"target\":[\"https:\\\/\\\/www.chauffeurtaxi91.fr\\\/vtc-cesson\\\/\"]}]},{\"@type\":\"ImageObject\",\"inLanguage\":\"fr-FR\",\"@id\":\"https:\\\/\\\/www.chauffeurtaxi91.fr\\\/vtc-cesson\\\/#primaryimage\",\"url\":\"https:\\\/\\\/www.chauffeurtaxi91.fr\\\/wp-content\\\/uploads\\\/2022\\\/02\\\/Cesson-c-bon-min.jpg\",\"contentUrl\":\"https:\\\/\\\/www.chauffeurtaxi91.fr\\\/wp-content\\\/uploads\\\/2022\\\/02\\\/Cesson-c-bon-min.jpg\"},{\"@type\":\"BreadcrumbList\",\"@id\":\"https:\\\/\\\/www.chauffeurtaxi91.fr\\\/vtc-cesson\\\/#breadcrumb\",\"itemListElement\":[{\"@type\":\"ListItem\",\"position\":1,\"name\":\"Accueil\",\"item\":\"https:\\\/\\\/www.chauffeurtaxi91.fr\\\/fr\\\/\"},{\"@type\":\"ListItem\",\"position\":2,\"name\":\"VTC Cesson\"}]},{\"@type\":\"WebSite\",\"@id\":\"https:\\\/\\\/www.chauffeurtaxi91.fr\\\/#website\",\"url\":\"https:\\\/\\\/www.chauffeurtaxi91.fr\\\/\",\"name\":\"Chauffeur Taxi | \u00cele-de-France | Essonne (91) &amp; Seine-et-marne (77)\",\"description\":\"R\u00e9servez votre taxi | 24h\\\/24 7j\\\/7\",\"publisher\":{\"@id\":\"https:\\\/\\\/www.chauffeurtaxi91.fr\\\/#organization\"},\"potentialAction\":[{\"@type\":\"SearchAction\",\"target\":{\"@type\":\"EntryPoint\",\"urlTemplate\":\"https:\\\/\\\/www.chauffeurtaxi91.fr\\\/?s={search_term_string}\"},\"query-input\":{\"@type\":\"PropertyValueSpecification\",\"valueRequired\":true,\"valueName\":\"search_term_string\"}}],\"inLanguage\":\"fr-FR\"},{\"@type\":\"Organization\",\"@id\":\"https:\\\/\\\/www.chauffeurtaxi91.fr\\\/#organization\",\"name\":\"HL TRANSPORT\",\"url\":\"https:\\\/\\\/www.chauffeurtaxi91.fr\\\/\",\"logo\":{\"@type\":\"ImageObject\",\"inLanguage\":\"fr-FR\",\"@id\":\"https:\\\/\\\/www.chauffeurtaxi91.fr\\\/#\\\/schema\\\/logo\\\/image\\\/\",\"url\":\"https:\\\/\\\/chauffeurtaxi91.fr\\\/wp-content\\\/uploads\\\/2021\\\/07\\\/cropped-4eec4f87-4fce-4ff6-bbdf-932a1b0f000e-1.jpg\",\"contentUrl\":\"https:\\\/\\\/chauffeurtaxi91.fr\\\/wp-content\\\/uploads\\\/2021\\\/07\\\/cropped-4eec4f87-4fce-4ff6-bbdf-932a1b0f000e-1.jpg\",\"width\":512,\"height\":512,\"caption\":\"HL TRANSPORT\"},\"image\":{\"@id\":\"https:\\\/\\\/www.chauffeurtaxi91.fr\\\/#\\\/schema\\\/logo\\\/image\\\/\"}}]}<\/script>\n<!-- \/ Yoast SEO plugin. -->","yoast_head_json":{"title":"VTC Cesson, r\u00e9servation VTC en ligne et rapide","description":"\u00a0HL Transport met \u00e0 votre disposition un r\u00e9seau de chauffeurs fiables et comp\u00e9tents c'est Votre VTC \u00e0 Cesson.","robots":{"index":"index","follow":"follow","max-snippet":"max-snippet:-1","max-image-preview":"max-image-preview:large","max-video-preview":"max-video-preview:-1"},"canonical":"https:\/\/www.chauffeurtaxi91.fr\/fr\/vtc-cesson\/","og_locale":"fr_FR","og_type":"article","og_title":"VTC Cesson, r\u00e9servation VTC en ligne et rapide","og_description":"\u00a0HL Transport met \u00e0 votre disposition un r\u00e9seau de chauffeurs fiables et comp\u00e9tents c'est Votre VTC \u00e0 Cesson.","og_url":"https:\/\/www.chauffeurtaxi91.fr\/fr\/vtc-cesson\/","og_site_name":"Chauffeur Taxi | \u00cele-de-France | Essonne (91) &amp; Seine-et-marne (77)","article_modified_time":"2022-02-19T15:03:40+00:00","og_image":[{"url":"https:\/\/www.chauffeurtaxi91.fr\/wp-content\/uploads\/2022\/02\/Cesson-c-bon-min.jpg","type":"","width":"","height":""}],"twitter_card":"summary_large_image","twitter_misc":{"Dur\u00e9e de lecture estim\u00e9e":"3 minutes"},"schema":{"@context":"https:\/\/schema.org","@graph":[{"@type":"WebPage","@id":"https:\/\/www.chauffeurtaxi91.fr\/vtc-cesson\/","url":"https:\/\/www.chauffeurtaxi91.fr\/vtc-cesson\/","name":"VTC Cesson, r\u00e9servation VTC en ligne et rapide","isPartOf":{"@id":"https:\/\/www.chauffeurtaxi91.fr\/#website"},"primaryImageOfPage":{"@id":"https:\/\/www.chauffeurtaxi91.fr\/vtc-cesson\/#primaryimage"},"image":{"@id":"https:\/\/www.chauffeurtaxi91.fr\/vtc-cesson\/#primaryimage"},"thumbnailUrl":"https:\/\/www.chauffeurtaxi91.fr\/wp-content\/uploads\/2022\/02\/Cesson-c-bon-min.jpg","datePublished":"2022-02-11T14:05:52+00:00","dateModified":"2022-02-19T15:03:40+00:00","description":"\u00a0HL Transport met \u00e0 votre disposition un r\u00e9seau de chauffeurs fiables et comp\u00e9tents c'est Votre VTC \u00e0 Cesson.","breadcrumb":{"@id":"https:\/\/www.chauffeurtaxi91.fr\/vtc-cesson\/#breadcrumb"},"inLanguage":"fr-FR","potentialAction":[{"@type":"ReadAction","target":["https:\/\/www.chauffeurtaxi91.fr\/vtc-cesson\/"]}]},{"@type":"ImageObject","inLanguage":"fr-FR","@id":"https:\/\/www.chauffeurtaxi91.fr\/vtc-cesson\/#primaryimage","url":"https:\/\/www.chauffeurtaxi91.fr\/wp-content\/uploads\/2022\/02\/Cesson-c-bon-min.jpg","contentUrl":"https:\/\/www.chauffeurtaxi91.fr\/wp-content\/uploads\/2022\/02\/Cesson-c-bon-min.jpg"},{"@type":"BreadcrumbList","@id":"https:\/\/www.chauffeurtaxi91.fr\/vtc-cesson\/#breadcrumb","itemListElement":[{"@type":"ListItem","position":1,"name":"Accueil","item":"https:\/\/www.chauffeurtaxi91.fr\/fr\/"},{"@type":"ListItem","position":2,"name":"VTC Cesson"}]},{"@type":"WebSite","@id":"https:\/\/www.chauffeurtaxi91.fr\/#website","url":"https:\/\/www.chauffeurtaxi91.fr\/","name":"Chauffeur Taxi | \u00cele-de-France | Essonne (91) &amp; Seine-et-marne (77)","description":"R\u00e9servez votre taxi | 24h\/24 7j\/7","publisher":{"@id":"https:\/\/www.chauffeurtaxi91.fr\/#organization"},"potentialAction":[{"@type":"SearchAction","target":{"@type":"EntryPoint","urlTemplate":"https:\/\/www.chauffeurtaxi91.fr\/?s={search_term_string}"},"query-input":{"@type":"PropertyValueSpecification","valueRequired":true,"valueName":"search_term_string"}}],"inLanguage":"fr-FR"},{"@type":"Organization","@id":"https:\/\/www.chauffeurtaxi91.fr\/#organization","name":"HL TRANSPORT","url":"https:\/\/www.chauffeurtaxi91.fr\/","logo":{"@type":"ImageObject","inLanguage":"fr-FR","@id":"https:\/\/www.chauffeurtaxi91.fr\/#\/schema\/logo\/image\/","url":"https:\/\/chauffeurtaxi91.fr\/wp-content\/uploads\/2021\/07\/cropped-4eec4f87-4fce-4ff6-bbdf-932a1b0f000e-1.jpg","contentUrl":"https:\/\/chauffeurtaxi91.fr\/wp-content\/uploads\/2021\/07\/cropped-4eec4f87-4fce-4ff6-bbdf-932a1b0f000e-1.jpg","width":512,"height":512,"caption":"HL TRANSPORT"},"image":{"@id":"https:\/\/www.chauffeurtaxi91.fr\/#\/schema\/logo\/image\/"}}]}},"_links":{"self":[{"href":"https:\/\/www.chauffeurtaxi91.fr\/fr\/wp-json\/wp\/v2\/pages\/509","targetHints":{"allow":["GET"]}}],"collection":[{"href":"https:\/\/www.chauffeurtaxi91.fr\/fr\/wp-json\/wp\/v2\/pages"}],"about":[{"href":"https:\/\/www.chauffeurtaxi91.fr\/fr\/wp-json\/wp\/v2\/types\/page"}],"author":[{"embeddable":true,"href":"https:\/\/www.chauffeurtaxi91.fr\/fr\/wp-json\/wp\/v2\/users\/1"}],"replies":[{"embeddable":true,"href":"https:\/\/www.chauffeurtaxi91.fr\/fr\/wp-json\/wp\/v2\/comments?post=509"}],"version-history":[{"count":0,"href":"https:\/\/www.chauffeurtaxi91.fr\/fr\/wp-json\/wp\/v2\/pages\/509\/revisions"}],"wp:attachment":[{"href":"https:\/\/www.chauffeurtaxi91.fr\/fr\/wp-json\/wp\/v2\/media?parent=509"}],"curies":[{"name":"wp","href":"https:\/\/api.w.org\/{rel}","templated":true}]}}