{"id":514,"date":"2022-02-11T15:20:32","date_gmt":"2022-02-11T14:20:32","guid":{"rendered":"https:\/\/www.chauffeurtaxi91.fr\/?page_id=514"},"modified":"2022-02-14T12:32:00","modified_gmt":"2022-02-14T11:32:00","slug":"vtc-chatelet-en-brie","status":"publish","type":"page","link":"https:\/\/www.chauffeurtaxi91.fr\/fr\/vtc-chatelet-en-brie\/","title":{"rendered":"VTC Ch\u00e2telet-en-Brie"},"content":{"rendered":"\n<p>HL Transport est une soci\u00e9t\u00e9 fiable qui propose des services de transports admirables et confortables \u00e0 un excellent rapport qualit\u00e9\/prix. Qu\u2019il s\u2019agit d\u2019un&nbsp;<strong>transfert \u00e0 l\u2019a\u00e9roport, \u00e0 la gare ou<\/strong>&nbsp;vers un \u00e9v\u00e9nement sp\u00e9cial, les prestations de nos chauffeurs seront \u00e0 la hauteur de tous vos besoins.<\/p>\n\n\n\n<p>Nous comptons une cinquantaine de chauffeurs qui se caract\u00e9risent par leur ponctualit\u00e9 sans faille et leurs services de qualit\u00e9 irr\u00e9prochable. Nous pratiquons des tarifs fixes et sans majoration qui vous seront annonc\u00e9s lors de la r\u00e9servation.<\/p>\n\n\n\n<h2 class=\"wp-block-heading\" id=\"choisir-la-bonne-offre-et-le-bon-vehicule-vtc-pour-tous-vos-deplacements\">Choisir la bonne offre et le bon v\u00e9hicule VTC&nbsp;pour tous vos d\u00e9placements<\/h2>\n\n\n\n<p>Une fois \u00e0 l\u2019arriv\u00e9e d\u2019un train ou d\u2019un exit de l\u2019a\u00e9roport, HL Transport vous prendra en charge et assurera votre transfert chez vous. Nos chauffeurs comp\u00e9tents et bien exp\u00e9riment\u00e9s vous permettront de profiter d\u2019une conduite fluide et confortable m\u00eame lors des heures de pointe.<\/p>\n\n\n\n<p>En choisissant les services d\u2019HL Transport vous \u00eates garanti de&nbsp;:<\/p>\n\n\n\n<ul class=\"wp-block-list\"><li>Une grande ponctualit\u00e9&nbsp;;<\/li><li>Une grande&nbsp; discr\u00e9tion&nbsp;;<\/li><li>Des v\u00e9hicules propres et luxueux&nbsp;;<\/li><li>Des chauffeurs bien exp\u00e9riment\u00e9s et hautement qualifi\u00e9s&nbsp;;<\/li><li>Une tarification fixe&nbsp;;<\/li><li>Pas de frais en arri\u00e8re&nbsp;;<\/li><li>Personnels honn\u00eates et polis&nbsp;;<\/li><li>Confidentialit\u00e9 lors du paiement&nbsp;;<\/li><li>Service adapt\u00e9 \u00e0 tous vos besoins&nbsp;;<\/li><li>Une large disponibilit\u00e9&nbsp;;<\/li><li>Meilleur tarif du march\u00e9&nbsp;;<\/li><li>Une satisfaction totale et bien garantie&nbsp;;<\/li><li>Transparence totale et pas de mauvaises surprises&nbsp;;<\/li><li>Des voitures confortables et bien \u00e9quip\u00e9s&nbsp;;<\/li><li>Une large s\u00e9lection de voitures pour s\u2019adapter \u00e0 tous les besoins.<\/li><\/ul>\n\n\n\n<p>Nos chauffeurs priv\u00e9s sont form\u00e9s par nos propres soins et gr\u00e2ce \u00e0 leur exp\u00e9rience significative dans &nbsp;le domaine de transport des personnes, ils seront \u00e0 votre \u00e9coute tout le long de votre trajet pour r\u00e9pondre \u00e0 tous vos besoins qui le rende plus confortable.<\/p>\n\n\n\n<h2 class=\"wp-block-heading\" id=\"reservez-un-taxi-ou-un-chauffeur-vtc-au-meilleur-tarif-du-marche\">&nbsp;R\u00e9servez un taxi ou un chauffeur VTC au meilleur tarif du march\u00e9<\/h2>\n\n\n\n<p>Titulaires d\u2019une carte professionnelle, nos chauffeurs sauront bien communiquer avec vous et se montrent toujours pr\u00eats pour vous conseiller et vous servir. &nbsp;Si vous \u00eates un touriste, ils vous orienteront vers les meilleurs endroits \u00e0 visiter pour un s\u00e9jour riche et adorable.&nbsp;<\/p>\n\n\n\n<p>Qu\u2019il s\u2019agit d\u2019un transfert occasionnel ou continu, notre entreprise s\u2019est diversifi\u00e9e pour vous offrir des prestations de transport de qualit\u00e9 qui satisfait toutes vos attentes<\/p>\n\n\n\n<p>Qu\u2019il s\u2019agit d\u2019un s\u00e9minaire, d\u2019un d\u00e9fil\u00e9 de mode ou d\u2019un \u00e9v\u00e8nement culturel \u00e0 assister, HL Transport vous propose un service de transport fiable et appropri\u00e9 qui s\u2019adapte parfaitement \u00e0 tous vos besoins.<\/p>\n\n\n\n<p>Nos tarifs sont tr\u00e8s concurrentiels, adorables et figurent parmi les meilleurs du march\u00e9. Venez r\u00e9servez votre chauffeur VTC gr\u00e2ce \u00e0 un petit SMS, notre application mobile ou encore \u00e0 travers notre site mise \u00e0 votre disposition en ligne. N\u2019h\u00e9sitez pas \u00e0 nous communiquer un maximum de d\u00e9tail, cela nous permettra de vous orientez vers le bon v\u00e9hicule et le bon chauffeur VTC qui r\u00e9pondra parfaitement \u00e0 vos attentes. Lors de la r\u00e9servation vous recevez un devis gratuit qui une fois valid\u00e9 vous le payez \u00e0 la fin de votre trajet sans aucune majoration appliqu\u00e9e.<\/p>\n\n\n\n<div class=\"wp-block-columns is-layout-flex wp-container-core-columns-is-layout-9d6595d7 wp-block-columns-is-layout-flex\">\n<div class=\"wp-block-column is-layout-flow wp-block-column-is-layout-flow\">\n<figure class=\"wp-block-image size-large is-resized\"><img loading=\"lazy\" decoding=\"async\" src=\"https:\/\/www.chauffeurtaxi91.fr\/wp-content\/uploads\/2022\/02\/Chatelet-en-brie-VILLE-C-BON-min-1024x683.jpg\" alt=\"VTC Ch\u00e2telet-en-Brie \" class=\"wp-image-566\" width=\"411\" height=\"275\"\/><\/figure>\n<\/div>\n\n\n\n<div class=\"wp-block-column is-layout-flow wp-block-column-is-layout-flow\">\n<iframe src=\"https:\/\/www.google.com\/maps\/embed?pb=!1m18!1m12!1m3!1d42298.5721030662!2d2.7665507505390123!3d48.501396838919376!2m3!1f0!2f0!3f0!3m2!1i1024!2i768!4f13.1!3m3!1m2!1s0x47ef580d0f39268f%3A0x87d90631eafd31fd!2s77820%20Le%20Ch%C3%A2telet-en-Brie%2C%20France!5e0!3m2!1sfr!2stn!4v1644837560844!5m2!1sfr!2stn\" width=\"600\" height=\"300\" style=\"border:0;\" allowfullscreen=\"\" loading=\"lazy\"><\/iframe>\n<\/div>\n<\/div>\n\n\n\n<p><\/p>\n","protected":false},"excerpt":{"rendered":"<p>HL Transport est une soci\u00e9t\u00e9 fiable qui propose des services de transports admirables et confortables \u00e0 un excellent rapport qualit\u00e9\/prix. Qu\u2019il s\u2019agit d\u2019un&nbsp;transfert \u00e0 l\u2019a\u00e9roport, \u00e0 la gare ou&nbsp;vers un \u00e9v\u00e9nement sp\u00e9cial, les prestations de nos chauffeurs seront \u00e0 la hauteur de tous vos besoins. Nous comptons une cinquantaine de chauffeurs qui se caract\u00e9risent par [&hellip;]<\/p>\n","protected":false},"author":1,"featured_media":0,"parent":0,"menu_order":0,"comment_status":"closed","ping_status":"closed","template":"","meta":{"_et_pb_use_builder":"","_et_pb_old_content":"","_et_gb_content_width":"","footnotes":""},"class_list":["post-514","page","type-page","status-publish","hentry"],"yoast_head":"<!-- This site is optimized with the Yoast SEO plugin v27.3 - https:\/\/yoast.com\/product\/yoast-seo-wordpress\/ -->\n<title>VTC Ch\u00e2telet-en-Brie avec HL Transport r\u00e9servation chauffeur priv\u00e9 VTC<\/title>\n<meta name=\"description\" content=\"HL Transport, la soci\u00e9t\u00e9 la plus performante en terme du service de transports avec des chauffeurs VTC au meilleur tarif du march\u00e9.\" \/>\n<meta name=\"robots\" content=\"index, follow, max-snippet:-1, max-image-preview:large, max-video-preview:-1\" \/>\n<link rel=\"canonical\" href=\"https:\/\/www.chauffeurtaxi91.fr\/fr\/vtc-chatelet-en-brie\/\" \/>\n<meta property=\"og:locale\" content=\"fr_FR\" \/>\n<meta property=\"og:type\" content=\"article\" \/>\n<meta property=\"og:title\" content=\"VTC Ch\u00e2telet-en-Brie avec HL Transport r\u00e9servation chauffeur priv\u00e9 VTC\" \/>\n<meta property=\"og:description\" content=\"HL Transport, la soci\u00e9t\u00e9 la plus performante en terme du service de transports avec des chauffeurs VTC au meilleur tarif du march\u00e9.\" \/>\n<meta property=\"og:url\" content=\"https:\/\/www.chauffeurtaxi91.fr\/fr\/vtc-chatelet-en-brie\/\" \/>\n<meta property=\"og:site_name\" content=\"Chauffeur Taxi | \u00cele-de-France | Essonne (91) &amp; Seine-et-marne (77)\" \/>\n<meta property=\"article:modified_time\" content=\"2022-02-14T11:32:00+00:00\" \/>\n<meta property=\"og:image\" content=\"https:\/\/www.chauffeurtaxi91.fr\/wp-content\/uploads\/2022\/02\/Chatelet-en-brie-VILLE-C-BON-min-1024x683.jpg\" \/>\n<meta name=\"twitter:card\" content=\"summary_large_image\" \/>\n<meta name=\"twitter:label1\" content=\"Dur\u00e9e de lecture estim\u00e9e\" \/>\n\t<meta name=\"twitter:data1\" content=\"3 minutes\" \/>\n<script type=\"application\/ld+json\" class=\"yoast-schema-graph\">{\"@context\":\"https:\\\/\\\/schema.org\",\"@graph\":[{\"@type\":\"WebPage\",\"@id\":\"https:\\\/\\\/www.chauffeurtaxi91.fr\\\/vtc-chatelet-en-brie\\\/\",\"url\":\"https:\\\/\\\/www.chauffeurtaxi91.fr\\\/vtc-chatelet-en-brie\\\/\",\"name\":\"VTC Ch\u00e2telet-en-Brie avec HL Transport r\u00e9servation chauffeur priv\u00e9 VTC\",\"isPartOf\":{\"@id\":\"https:\\\/\\\/www.chauffeurtaxi91.fr\\\/#website\"},\"primaryImageOfPage\":{\"@id\":\"https:\\\/\\\/www.chauffeurtaxi91.fr\\\/vtc-chatelet-en-brie\\\/#primaryimage\"},\"image\":{\"@id\":\"https:\\\/\\\/www.chauffeurtaxi91.fr\\\/vtc-chatelet-en-brie\\\/#primaryimage\"},\"thumbnailUrl\":\"https:\\\/\\\/www.chauffeurtaxi91.fr\\\/wp-content\\\/uploads\\\/2022\\\/02\\\/Chatelet-en-brie-VILLE-C-BON-min-1024x683.jpg\",\"datePublished\":\"2022-02-11T14:20:32+00:00\",\"dateModified\":\"2022-02-14T11:32:00+00:00\",\"description\":\"HL Transport, la soci\u00e9t\u00e9 la plus performante en terme du service de transports avec des chauffeurs VTC au meilleur tarif du march\u00e9.\",\"breadcrumb\":{\"@id\":\"https:\\\/\\\/www.chauffeurtaxi91.fr\\\/vtc-chatelet-en-brie\\\/#breadcrumb\"},\"inLanguage\":\"fr-FR\",\"potentialAction\":[{\"@type\":\"ReadAction\",\"target\":[\"https:\\\/\\\/www.chauffeurtaxi91.fr\\\/vtc-chatelet-en-brie\\\/\"]}]},{\"@type\":\"ImageObject\",\"inLanguage\":\"fr-FR\",\"@id\":\"https:\\\/\\\/www.chauffeurtaxi91.fr\\\/vtc-chatelet-en-brie\\\/#primaryimage\",\"url\":\"https:\\\/\\\/www.chauffeurtaxi91.fr\\\/wp-content\\\/uploads\\\/2022\\\/02\\\/Chatelet-en-brie-VILLE-C-BON-min-1024x683.jpg\",\"contentUrl\":\"https:\\\/\\\/www.chauffeurtaxi91.fr\\\/wp-content\\\/uploads\\\/2022\\\/02\\\/Chatelet-en-brie-VILLE-C-BON-min-1024x683.jpg\"},{\"@type\":\"BreadcrumbList\",\"@id\":\"https:\\\/\\\/www.chauffeurtaxi91.fr\\\/vtc-chatelet-en-brie\\\/#breadcrumb\",\"itemListElement\":[{\"@type\":\"ListItem\",\"position\":1,\"name\":\"Accueil\",\"item\":\"https:\\\/\\\/www.chauffeurtaxi91.fr\\\/fr\\\/\"},{\"@type\":\"ListItem\",\"position\":2,\"name\":\"VTC Ch\u00e2telet-en-Brie\"}]},{\"@type\":\"WebSite\",\"@id\":\"https:\\\/\\\/www.chauffeurtaxi91.fr\\\/#website\",\"url\":\"https:\\\/\\\/www.chauffeurtaxi91.fr\\\/\",\"name\":\"Chauffeur Taxi | \u00cele-de-France | Essonne (91) &amp; Seine-et-marne (77)\",\"description\":\"R\u00e9servez votre taxi | 24h\\\/24 7j\\\/7\",\"publisher\":{\"@id\":\"https:\\\/\\\/www.chauffeurtaxi91.fr\\\/#organization\"},\"potentialAction\":[{\"@type\":\"SearchAction\",\"target\":{\"@type\":\"EntryPoint\",\"urlTemplate\":\"https:\\\/\\\/www.chauffeurtaxi91.fr\\\/?s={search_term_string}\"},\"query-input\":{\"@type\":\"PropertyValueSpecification\",\"valueRequired\":true,\"valueName\":\"search_term_string\"}}],\"inLanguage\":\"fr-FR\"},{\"@type\":\"Organization\",\"@id\":\"https:\\\/\\\/www.chauffeurtaxi91.fr\\\/#organization\",\"name\":\"HL TRANSPORT\",\"url\":\"https:\\\/\\\/www.chauffeurtaxi91.fr\\\/\",\"logo\":{\"@type\":\"ImageObject\",\"inLanguage\":\"fr-FR\",\"@id\":\"https:\\\/\\\/www.chauffeurtaxi91.fr\\\/#\\\/schema\\\/logo\\\/image\\\/\",\"url\":\"https:\\\/\\\/chauffeurtaxi91.fr\\\/wp-content\\\/uploads\\\/2021\\\/07\\\/cropped-4eec4f87-4fce-4ff6-bbdf-932a1b0f000e-1.jpg\",\"contentUrl\":\"https:\\\/\\\/chauffeurtaxi91.fr\\\/wp-content\\\/uploads\\\/2021\\\/07\\\/cropped-4eec4f87-4fce-4ff6-bbdf-932a1b0f000e-1.jpg\",\"width\":512,\"height\":512,\"caption\":\"HL TRANSPORT\"},\"image\":{\"@id\":\"https:\\\/\\\/www.chauffeurtaxi91.fr\\\/#\\\/schema\\\/logo\\\/image\\\/\"}}]}<\/script>\n<!-- \/ Yoast SEO plugin. -->","yoast_head_json":{"title":"VTC Ch\u00e2telet-en-Brie avec HL Transport r\u00e9servation chauffeur priv\u00e9 VTC","description":"HL Transport, la soci\u00e9t\u00e9 la plus performante en terme du service de transports avec des chauffeurs VTC au meilleur tarif du march\u00e9.","robots":{"index":"index","follow":"follow","max-snippet":"max-snippet:-1","max-image-preview":"max-image-preview:large","max-video-preview":"max-video-preview:-1"},"canonical":"https:\/\/www.chauffeurtaxi91.fr\/fr\/vtc-chatelet-en-brie\/","og_locale":"fr_FR","og_type":"article","og_title":"VTC Ch\u00e2telet-en-Brie avec HL Transport r\u00e9servation chauffeur priv\u00e9 VTC","og_description":"HL Transport, la soci\u00e9t\u00e9 la plus performante en terme du service de transports avec des chauffeurs VTC au meilleur tarif du march\u00e9.","og_url":"https:\/\/www.chauffeurtaxi91.fr\/fr\/vtc-chatelet-en-brie\/","og_site_name":"Chauffeur Taxi | \u00cele-de-France | Essonne (91) &amp; Seine-et-marne (77)","article_modified_time":"2022-02-14T11:32:00+00:00","og_image":[{"url":"https:\/\/www.chauffeurtaxi91.fr\/wp-content\/uploads\/2022\/02\/Chatelet-en-brie-VILLE-C-BON-min-1024x683.jpg","type":"","width":"","height":""}],"twitter_card":"summary_large_image","twitter_misc":{"Dur\u00e9e de lecture estim\u00e9e":"3 minutes"},"schema":{"@context":"https:\/\/schema.org","@graph":[{"@type":"WebPage","@id":"https:\/\/www.chauffeurtaxi91.fr\/vtc-chatelet-en-brie\/","url":"https:\/\/www.chauffeurtaxi91.fr\/vtc-chatelet-en-brie\/","name":"VTC Ch\u00e2telet-en-Brie avec HL Transport r\u00e9servation chauffeur priv\u00e9 VTC","isPartOf":{"@id":"https:\/\/www.chauffeurtaxi91.fr\/#website"},"primaryImageOfPage":{"@id":"https:\/\/www.chauffeurtaxi91.fr\/vtc-chatelet-en-brie\/#primaryimage"},"image":{"@id":"https:\/\/www.chauffeurtaxi91.fr\/vtc-chatelet-en-brie\/#primaryimage"},"thumbnailUrl":"https:\/\/www.chauffeurtaxi91.fr\/wp-content\/uploads\/2022\/02\/Chatelet-en-brie-VILLE-C-BON-min-1024x683.jpg","datePublished":"2022-02-11T14:20:32+00:00","dateModified":"2022-02-14T11:32:00+00:00","description":"HL Transport, la soci\u00e9t\u00e9 la plus performante en terme du service de transports avec des chauffeurs VTC au meilleur tarif du march\u00e9.","breadcrumb":{"@id":"https:\/\/www.chauffeurtaxi91.fr\/vtc-chatelet-en-brie\/#breadcrumb"},"inLanguage":"fr-FR","potentialAction":[{"@type":"ReadAction","target":["https:\/\/www.chauffeurtaxi91.fr\/vtc-chatelet-en-brie\/"]}]},{"@type":"ImageObject","inLanguage":"fr-FR","@id":"https:\/\/www.chauffeurtaxi91.fr\/vtc-chatelet-en-brie\/#primaryimage","url":"https:\/\/www.chauffeurtaxi91.fr\/wp-content\/uploads\/2022\/02\/Chatelet-en-brie-VILLE-C-BON-min-1024x683.jpg","contentUrl":"https:\/\/www.chauffeurtaxi91.fr\/wp-content\/uploads\/2022\/02\/Chatelet-en-brie-VILLE-C-BON-min-1024x683.jpg"},{"@type":"BreadcrumbList","@id":"https:\/\/www.chauffeurtaxi91.fr\/vtc-chatelet-en-brie\/#breadcrumb","itemListElement":[{"@type":"ListItem","position":1,"name":"Accueil","item":"https:\/\/www.chauffeurtaxi91.fr\/fr\/"},{"@type":"ListItem","position":2,"name":"VTC Ch\u00e2telet-en-Brie"}]},{"@type":"WebSite","@id":"https:\/\/www.chauffeurtaxi91.fr\/#website","url":"https:\/\/www.chauffeurtaxi91.fr\/","name":"Chauffeur Taxi | \u00cele-de-France | Essonne (91) &amp; Seine-et-marne (77)","description":"R\u00e9servez votre taxi | 24h\/24 7j\/7","publisher":{"@id":"https:\/\/www.chauffeurtaxi91.fr\/#organization"},"potentialAction":[{"@type":"SearchAction","target":{"@type":"EntryPoint","urlTemplate":"https:\/\/www.chauffeurtaxi91.fr\/?s={search_term_string}"},"query-input":{"@type":"PropertyValueSpecification","valueRequired":true,"valueName":"search_term_string"}}],"inLanguage":"fr-FR"},{"@type":"Organization","@id":"https:\/\/www.chauffeurtaxi91.fr\/#organization","name":"HL TRANSPORT","url":"https:\/\/www.chauffeurtaxi91.fr\/","logo":{"@type":"ImageObject","inLanguage":"fr-FR","@id":"https:\/\/www.chauffeurtaxi91.fr\/#\/schema\/logo\/image\/","url":"https:\/\/chauffeurtaxi91.fr\/wp-content\/uploads\/2021\/07\/cropped-4eec4f87-4fce-4ff6-bbdf-932a1b0f000e-1.jpg","contentUrl":"https:\/\/chauffeurtaxi91.fr\/wp-content\/uploads\/2021\/07\/cropped-4eec4f87-4fce-4ff6-bbdf-932a1b0f000e-1.jpg","width":512,"height":512,"caption":"HL TRANSPORT"},"image":{"@id":"https:\/\/www.chauffeurtaxi91.fr\/#\/schema\/logo\/image\/"}}]}},"_links":{"self":[{"href":"https:\/\/www.chauffeurtaxi91.fr\/fr\/wp-json\/wp\/v2\/pages\/514","targetHints":{"allow":["GET"]}}],"collection":[{"href":"https:\/\/www.chauffeurtaxi91.fr\/fr\/wp-json\/wp\/v2\/pages"}],"about":[{"href":"https:\/\/www.chauffeurtaxi91.fr\/fr\/wp-json\/wp\/v2\/types\/page"}],"author":[{"embeddable":true,"href":"https:\/\/www.chauffeurtaxi91.fr\/fr\/wp-json\/wp\/v2\/users\/1"}],"replies":[{"embeddable":true,"href":"https:\/\/www.chauffeurtaxi91.fr\/fr\/wp-json\/wp\/v2\/comments?post=514"}],"version-history":[{"count":0,"href":"https:\/\/www.chauffeurtaxi91.fr\/fr\/wp-json\/wp\/v2\/pages\/514\/revisions"}],"wp:attachment":[{"href":"https:\/\/www.chauffeurtaxi91.fr\/fr\/wp-json\/wp\/v2\/media?parent=514"}],"curies":[{"name":"wp","href":"https:\/\/api.w.org\/{rel}","templated":true}]}}