{"id":517,"date":"2022-02-11T15:27:16","date_gmt":"2022-02-11T14:27:16","guid":{"rendered":"https:\/\/www.chauffeurtaxi91.fr\/?page_id=517"},"modified":"2022-02-14T12:12:18","modified_gmt":"2022-02-14T11:12:18","slug":"vtc-melun","status":"publish","type":"page","link":"https:\/\/www.chauffeurtaxi91.fr\/fr\/vtc-melun\/","title":{"rendered":"VTC Melun"},"content":{"rendered":"\n<p>HLTransport est une soci\u00e9t\u00e9 qui assure le transport des personnes gr\u00e2ce \u00e0 des chauffeurs VTC partout \u00e0 Melun. Nos services concernent les longues et les courtes distances. Elle est ouverte \u00e0 toutes les demandes sp\u00e9cifiques qui concernent le transport priv\u00e9 des gens.<\/p>\n\n\n\n<p>Gagnez votre temps pr\u00e9cieux et r\u00e9servez vite votre chauffeur d\u00e8s l\u2019instant. Qu\u2019il s\u2019agit d\u2019un trajet professionnel, d\u2019une soir\u00e9e ou d\u2019un \u00e9v\u00e9nement important. Il vous suffit de nous&nbsp; indiquer votre adresse de d\u00e9part et celle d&rsquo;arriv\u00e9e pour qu\u2019un chauffeur VTC se d\u00e9place rapidement chez vous ! Contrairement aux transports classiques, pas de malentendus&nbsp;! Nos tarifs sont fixes et connus au moment de votre r\u00e9servation.<\/p>\n\n\n\n<h2 class=\"wp-block-heading\" id=\"un-tarif-sans-surprise\"><strong>Un tarif sans surprise<\/strong><\/h2>\n\n\n\n<p>Quel que soit votre destination (l\u2019a\u00e9roport, votre lieux de travail, la gare, votre domicile,\u2026) et quel que soit l\u2019horaire, vous trouverez continuellement &nbsp;un chauffeur VTC disponible pour vous emmener \u00e0 votre destination souhait\u00e9e en toute s\u00e9curit\u00e9.<\/p>\n\n\n\n<p>Quel que soit votre emplacement, vous \u00eates libres de commander votre chauffeur VTC&nbsp; tout en restant zen, les prix sont fixes et annonc\u00e9s \u00e0 l\u2019avance ! HLTransport s&rsquo;engage sur ce&nbsp;tarif bien fixe et forfaitaire pour vous \u00e9viter les risques de mauvaise surprise \u00e0 votre arriv\u00e9e !<\/p>\n\n\n\n<p>HLTransport vous offre la possibilit\u00e9 de r\u00e9server votre taxi ou votre chauffeur VTC en quelques petits clics \u00e0 travers les applications suivantes&nbsp;:<\/p>\n\n\n\n<ul class=\"wp-block-list\"><li>L&rsquo;application mobile iOS&nbsp;;<\/li><li>L\u2019application Android&nbsp;;<\/li><li>Notre&nbsp;plateforme en ligne&nbsp;;<\/li><li>Votre ligne t\u00e9l\u00e9phonique&nbsp;;<\/li><li>Self Booking Tools (Concur et KDS)&nbsp;;<\/li><li>Un SMS&nbsp;;<\/li><\/ul>\n\n\n\n<p>Avec HLTransport circulez en toute tranquillit\u00e9 sur toute la r\u00e9gion de Melun ! Notre entreprise attache une grande importance particuli\u00e8re \u00e0 la s\u00e9curit\u00e9 routi\u00e8re mais aussi sanitaire. Tous nos chauffeurs collaborateurs sont s\u00e9lectionn\u00e9s avec prudence et form\u00e9s par nos soins pour vous faire profiter d\u2019une prestation de qualit\u00e9 sup\u00e9rieure qui satisfait toutes vos attentes.<\/p>\n\n\n\n<h2 class=\"wp-block-heading\" id=\"un-chauffeur-vtc-a-meulun\"><strong>Un chauffeur VTC \u00e0 Meulun<\/strong><\/h2>\n\n\n\n<p>HLTransport propose une qualit\u00e9 de prestation irr\u00e9prochable partout \u00e0 Melun dans un v\u00e9hicule confortable et bien s\u00e9curis\u00e9. Le v\u00e9hicule est \u00e9quip\u00e9 une bonne climatisation, d\u2019un gel, d\u2019une paroi antivirus et de bouteilles d\u2019eau afin que nos chers clients prennent du plaisir \u00e0 circuler tranquillement.<\/p>\n\n\n\n<p>Bien soucieux de votre s\u00e9curit\u00e9 sanitaire, nous d\u00e9sinfectons nos v\u00e9hicules avec un spray virucide. Aussi la&nbsp;paroi antivirus qui vous s\u00e9pare du chauffeur&nbsp;vous offre une s\u00e9curit\u00e9 suppl\u00e9mentaire en mati\u00e8re de protection.<\/p>\n\n\n\n<p><em><br><\/em>Nos chauffeurs connaissent bien la r\u00e9gion de Melun et disposent de v\u00e9hicules confortables pour s\u2019adapter \u00e0 vos besoins et vos envies. Que vous soyez en famille ou seul, que vous d\u00e9siriez joindre votre domicile ou votre lieux de travail, une simple demande de votre part suffit\u2009pour qu\u2019un chauffeur se d\u00e9placera rapidement chez vous et vous aider \u00e0 joindre votre destination. Pour \u00eatre toujours \u00e0 votre service, HLTransport met \u00e0 votre disposition un service client qui est joignable 7j\/7 et 24h\/24 pour r\u00e9pondre \u00e0 toutes vos demandes particuli\u00e8res. N\u2019h\u00e9sitez pas \u00e0 nous joindre \u00e0 n\u2019importe quel moment de la journ\u00e9e, notre \u00e9quipe professionnelle r\u00e9pondra \u00e0 tous vos besoins et vous orientera vers la meilleure solution qui s\u2019adapte parfaitement \u00e0 votre situation.<\/p>\n\n\n\n<div class=\"wp-block-columns is-layout-flex wp-container-core-columns-is-layout-9d6595d7 wp-block-columns-is-layout-flex\">\n<div class=\"wp-block-column is-layout-flow wp-block-column-is-layout-flow\">\n<figure class=\"wp-block-image size-full is-resized\"><img loading=\"lazy\" decoding=\"async\" src=\"https:\/\/www.chauffeurtaxi91.fr\/wp-content\/uploads\/2022\/02\/MELUN-OK-min.jpg\" alt=\"Un chauffeur VTC \u00e0 Melun\" class=\"wp-image-551\" width=\"441\" height=\"331\"\/><\/figure>\n<\/div>\n\n\n\n<div class=\"wp-block-column is-layout-flow wp-block-column-is-layout-flow\">\n<iframe src=\"https:\/\/www.google.com\/maps\/embed?pb=!1m18!1m12!1m3!1d42264.571582186276!2d2.6202260746498407!3d48.5421285898596!2m3!1f0!2f0!3f0!3m2!1i1024!2i768!4f13.1!3m3!1m2!1s0x47e5fa62379c029f%3A0x40b82c3688c5450!2s77000%20Melun%2C%20France!5e0!3m2!1sfr!2stn!4v1644834536203!5m2!1sfr!2stn\" width=\"400\" height=\"450\" style=\"border:0;\" allowfullscreen=\"\" loading=\"lazy\"><\/iframe>\n<\/div>\n<\/div>\n","protected":false},"excerpt":{"rendered":"<p>HLTransport est une soci\u00e9t\u00e9 qui assure le transport des personnes gr\u00e2ce \u00e0 des chauffeurs VTC partout \u00e0 Melun. Nos services concernent les longues et les courtes distances. Elle est ouverte \u00e0 toutes les demandes sp\u00e9cifiques qui concernent le transport priv\u00e9 des gens. Gagnez votre temps pr\u00e9cieux et r\u00e9servez vite votre chauffeur d\u00e8s l\u2019instant. Qu\u2019il s\u2019agit [&hellip;]<\/p>\n","protected":false},"author":1,"featured_media":0,"parent":0,"menu_order":0,"comment_status":"closed","ping_status":"closed","template":"","meta":{"_et_pb_use_builder":"","_et_pb_old_content":"","_et_gb_content_width":"","footnotes":""},"class_list":["post-517","page","type-page","status-publish","hentry"],"yoast_head":"<!-- This site is optimized with the Yoast SEO plugin v27.5 - https:\/\/yoast.com\/product\/yoast-seo-wordpress\/ -->\n<title>HL Transport, VTC Melun chauffeur priv\u00e9, r\u00e9servation en ligne<\/title>\n<meta name=\"description\" content=\"Notre soci\u00e9t\u00e9 assure le transport des personnes et c&#039;est gr\u00e2ce \u00e0 des chauffeurs VTC tr\u00e8s professionnel partout \u00e0 Melun.\" \/>\n<meta name=\"robots\" content=\"index, follow, max-snippet:-1, max-image-preview:large, max-video-preview:-1\" \/>\n<link rel=\"canonical\" href=\"https:\/\/www.chauffeurtaxi91.fr\/fr\/vtc-melun\/\" \/>\n<meta property=\"og:locale\" content=\"fr_FR\" \/>\n<meta property=\"og:type\" content=\"article\" \/>\n<meta property=\"og:title\" content=\"HL Transport, VTC Melun chauffeur priv\u00e9, r\u00e9servation en ligne\" \/>\n<meta property=\"og:description\" content=\"Notre soci\u00e9t\u00e9 assure le transport des personnes et c&#039;est gr\u00e2ce \u00e0 des chauffeurs VTC tr\u00e8s professionnel partout \u00e0 Melun.\" \/>\n<meta property=\"og:url\" content=\"https:\/\/www.chauffeurtaxi91.fr\/fr\/vtc-melun\/\" \/>\n<meta property=\"og:site_name\" content=\"Chauffeur Taxi | \u00cele-de-France | Essonne (91) &amp; Seine-et-marne (77)\" \/>\n<meta property=\"article:modified_time\" content=\"2022-02-14T11:12:18+00:00\" \/>\n<meta property=\"og:image\" content=\"https:\/\/www.chauffeurtaxi91.fr\/wp-content\/uploads\/2022\/02\/MELUN-OK-min.jpg\" \/>\n<meta name=\"twitter:card\" content=\"summary_large_image\" \/>\n<meta name=\"twitter:label1\" content=\"Dur\u00e9e de lecture estim\u00e9e\" \/>\n\t<meta name=\"twitter:data1\" content=\"3 minutes\" \/>\n<script type=\"application\/ld+json\" class=\"yoast-schema-graph\">{\"@context\":\"https:\\\/\\\/schema.org\",\"@graph\":[{\"@type\":\"WebPage\",\"@id\":\"https:\\\/\\\/www.chauffeurtaxi91.fr\\\/vtc-melun\\\/\",\"url\":\"https:\\\/\\\/www.chauffeurtaxi91.fr\\\/vtc-melun\\\/\",\"name\":\"HL Transport, VTC Melun chauffeur priv\u00e9, r\u00e9servation en ligne\",\"isPartOf\":{\"@id\":\"https:\\\/\\\/www.chauffeurtaxi91.fr\\\/#website\"},\"primaryImageOfPage\":{\"@id\":\"https:\\\/\\\/www.chauffeurtaxi91.fr\\\/vtc-melun\\\/#primaryimage\"},\"image\":{\"@id\":\"https:\\\/\\\/www.chauffeurtaxi91.fr\\\/vtc-melun\\\/#primaryimage\"},\"thumbnailUrl\":\"https:\\\/\\\/www.chauffeurtaxi91.fr\\\/wp-content\\\/uploads\\\/2022\\\/02\\\/MELUN-OK-min.jpg\",\"datePublished\":\"2022-02-11T14:27:16+00:00\",\"dateModified\":\"2022-02-14T11:12:18+00:00\",\"description\":\"Notre soci\u00e9t\u00e9 assure le transport des personnes et c'est gr\u00e2ce \u00e0 des chauffeurs VTC tr\u00e8s professionnel partout \u00e0 Melun.\",\"breadcrumb\":{\"@id\":\"https:\\\/\\\/www.chauffeurtaxi91.fr\\\/vtc-melun\\\/#breadcrumb\"},\"inLanguage\":\"fr-FR\",\"potentialAction\":[{\"@type\":\"ReadAction\",\"target\":[\"https:\\\/\\\/www.chauffeurtaxi91.fr\\\/vtc-melun\\\/\"]}]},{\"@type\":\"ImageObject\",\"inLanguage\":\"fr-FR\",\"@id\":\"https:\\\/\\\/www.chauffeurtaxi91.fr\\\/vtc-melun\\\/#primaryimage\",\"url\":\"https:\\\/\\\/www.chauffeurtaxi91.fr\\\/wp-content\\\/uploads\\\/2022\\\/02\\\/MELUN-OK-min.jpg\",\"contentUrl\":\"https:\\\/\\\/www.chauffeurtaxi91.fr\\\/wp-content\\\/uploads\\\/2022\\\/02\\\/MELUN-OK-min.jpg\"},{\"@type\":\"BreadcrumbList\",\"@id\":\"https:\\\/\\\/www.chauffeurtaxi91.fr\\\/vtc-melun\\\/#breadcrumb\",\"itemListElement\":[{\"@type\":\"ListItem\",\"position\":1,\"name\":\"Accueil\",\"item\":\"https:\\\/\\\/www.chauffeurtaxi91.fr\\\/fr\\\/\"},{\"@type\":\"ListItem\",\"position\":2,\"name\":\"VTC Melun\"}]},{\"@type\":\"WebSite\",\"@id\":\"https:\\\/\\\/www.chauffeurtaxi91.fr\\\/#website\",\"url\":\"https:\\\/\\\/www.chauffeurtaxi91.fr\\\/\",\"name\":\"Chauffeur Taxi | \u00cele-de-France | Essonne (91) &amp; Seine-et-marne (77)\",\"description\":\"R\u00e9servez votre taxi | 24h\\\/24 7j\\\/7\",\"publisher\":{\"@id\":\"https:\\\/\\\/www.chauffeurtaxi91.fr\\\/#organization\"},\"potentialAction\":[{\"@type\":\"SearchAction\",\"target\":{\"@type\":\"EntryPoint\",\"urlTemplate\":\"https:\\\/\\\/www.chauffeurtaxi91.fr\\\/?s={search_term_string}\"},\"query-input\":{\"@type\":\"PropertyValueSpecification\",\"valueRequired\":true,\"valueName\":\"search_term_string\"}}],\"inLanguage\":\"fr-FR\"},{\"@type\":\"Organization\",\"@id\":\"https:\\\/\\\/www.chauffeurtaxi91.fr\\\/#organization\",\"name\":\"HL TRANSPORT\",\"url\":\"https:\\\/\\\/www.chauffeurtaxi91.fr\\\/\",\"logo\":{\"@type\":\"ImageObject\",\"inLanguage\":\"fr-FR\",\"@id\":\"https:\\\/\\\/www.chauffeurtaxi91.fr\\\/#\\\/schema\\\/logo\\\/image\\\/\",\"url\":\"https:\\\/\\\/chauffeurtaxi91.fr\\\/wp-content\\\/uploads\\\/2021\\\/07\\\/cropped-4eec4f87-4fce-4ff6-bbdf-932a1b0f000e-1.jpg\",\"contentUrl\":\"https:\\\/\\\/chauffeurtaxi91.fr\\\/wp-content\\\/uploads\\\/2021\\\/07\\\/cropped-4eec4f87-4fce-4ff6-bbdf-932a1b0f000e-1.jpg\",\"width\":512,\"height\":512,\"caption\":\"HL TRANSPORT\"},\"image\":{\"@id\":\"https:\\\/\\\/www.chauffeurtaxi91.fr\\\/#\\\/schema\\\/logo\\\/image\\\/\"}}]}<\/script>\n<!-- \/ Yoast SEO plugin. -->","yoast_head_json":{"title":"HL Transport, VTC Melun chauffeur priv\u00e9, r\u00e9servation en ligne","description":"Notre soci\u00e9t\u00e9 assure le transport des personnes et c'est gr\u00e2ce \u00e0 des chauffeurs VTC tr\u00e8s professionnel partout \u00e0 Melun.","robots":{"index":"index","follow":"follow","max-snippet":"max-snippet:-1","max-image-preview":"max-image-preview:large","max-video-preview":"max-video-preview:-1"},"canonical":"https:\/\/www.chauffeurtaxi91.fr\/fr\/vtc-melun\/","og_locale":"fr_FR","og_type":"article","og_title":"HL Transport, VTC Melun chauffeur priv\u00e9, r\u00e9servation en ligne","og_description":"Notre soci\u00e9t\u00e9 assure le transport des personnes et c'est gr\u00e2ce \u00e0 des chauffeurs VTC tr\u00e8s professionnel partout \u00e0 Melun.","og_url":"https:\/\/www.chauffeurtaxi91.fr\/fr\/vtc-melun\/","og_site_name":"Chauffeur Taxi | \u00cele-de-France | Essonne (91) &amp; Seine-et-marne (77)","article_modified_time":"2022-02-14T11:12:18+00:00","og_image":[{"url":"https:\/\/www.chauffeurtaxi91.fr\/wp-content\/uploads\/2022\/02\/MELUN-OK-min.jpg","type":"","width":"","height":""}],"twitter_card":"summary_large_image","twitter_misc":{"Dur\u00e9e de lecture estim\u00e9e":"3 minutes"},"schema":{"@context":"https:\/\/schema.org","@graph":[{"@type":"WebPage","@id":"https:\/\/www.chauffeurtaxi91.fr\/vtc-melun\/","url":"https:\/\/www.chauffeurtaxi91.fr\/vtc-melun\/","name":"HL Transport, VTC Melun chauffeur priv\u00e9, r\u00e9servation en ligne","isPartOf":{"@id":"https:\/\/www.chauffeurtaxi91.fr\/#website"},"primaryImageOfPage":{"@id":"https:\/\/www.chauffeurtaxi91.fr\/vtc-melun\/#primaryimage"},"image":{"@id":"https:\/\/www.chauffeurtaxi91.fr\/vtc-melun\/#primaryimage"},"thumbnailUrl":"https:\/\/www.chauffeurtaxi91.fr\/wp-content\/uploads\/2022\/02\/MELUN-OK-min.jpg","datePublished":"2022-02-11T14:27:16+00:00","dateModified":"2022-02-14T11:12:18+00:00","description":"Notre soci\u00e9t\u00e9 assure le transport des personnes et c'est gr\u00e2ce \u00e0 des chauffeurs VTC tr\u00e8s professionnel partout \u00e0 Melun.","breadcrumb":{"@id":"https:\/\/www.chauffeurtaxi91.fr\/vtc-melun\/#breadcrumb"},"inLanguage":"fr-FR","potentialAction":[{"@type":"ReadAction","target":["https:\/\/www.chauffeurtaxi91.fr\/vtc-melun\/"]}]},{"@type":"ImageObject","inLanguage":"fr-FR","@id":"https:\/\/www.chauffeurtaxi91.fr\/vtc-melun\/#primaryimage","url":"https:\/\/www.chauffeurtaxi91.fr\/wp-content\/uploads\/2022\/02\/MELUN-OK-min.jpg","contentUrl":"https:\/\/www.chauffeurtaxi91.fr\/wp-content\/uploads\/2022\/02\/MELUN-OK-min.jpg"},{"@type":"BreadcrumbList","@id":"https:\/\/www.chauffeurtaxi91.fr\/vtc-melun\/#breadcrumb","itemListElement":[{"@type":"ListItem","position":1,"name":"Accueil","item":"https:\/\/www.chauffeurtaxi91.fr\/fr\/"},{"@type":"ListItem","position":2,"name":"VTC Melun"}]},{"@type":"WebSite","@id":"https:\/\/www.chauffeurtaxi91.fr\/#website","url":"https:\/\/www.chauffeurtaxi91.fr\/","name":"Chauffeur Taxi | \u00cele-de-France | Essonne (91) &amp; Seine-et-marne (77)","description":"R\u00e9servez votre taxi | 24h\/24 7j\/7","publisher":{"@id":"https:\/\/www.chauffeurtaxi91.fr\/#organization"},"potentialAction":[{"@type":"SearchAction","target":{"@type":"EntryPoint","urlTemplate":"https:\/\/www.chauffeurtaxi91.fr\/?s={search_term_string}"},"query-input":{"@type":"PropertyValueSpecification","valueRequired":true,"valueName":"search_term_string"}}],"inLanguage":"fr-FR"},{"@type":"Organization","@id":"https:\/\/www.chauffeurtaxi91.fr\/#organization","name":"HL TRANSPORT","url":"https:\/\/www.chauffeurtaxi91.fr\/","logo":{"@type":"ImageObject","inLanguage":"fr-FR","@id":"https:\/\/www.chauffeurtaxi91.fr\/#\/schema\/logo\/image\/","url":"https:\/\/chauffeurtaxi91.fr\/wp-content\/uploads\/2021\/07\/cropped-4eec4f87-4fce-4ff6-bbdf-932a1b0f000e-1.jpg","contentUrl":"https:\/\/chauffeurtaxi91.fr\/wp-content\/uploads\/2021\/07\/cropped-4eec4f87-4fce-4ff6-bbdf-932a1b0f000e-1.jpg","width":512,"height":512,"caption":"HL TRANSPORT"},"image":{"@id":"https:\/\/www.chauffeurtaxi91.fr\/#\/schema\/logo\/image\/"}}]}},"_links":{"self":[{"href":"https:\/\/www.chauffeurtaxi91.fr\/fr\/wp-json\/wp\/v2\/pages\/517","targetHints":{"allow":["GET"]}}],"collection":[{"href":"https:\/\/www.chauffeurtaxi91.fr\/fr\/wp-json\/wp\/v2\/pages"}],"about":[{"href":"https:\/\/www.chauffeurtaxi91.fr\/fr\/wp-json\/wp\/v2\/types\/page"}],"author":[{"embeddable":true,"href":"https:\/\/www.chauffeurtaxi91.fr\/fr\/wp-json\/wp\/v2\/users\/1"}],"replies":[{"embeddable":true,"href":"https:\/\/www.chauffeurtaxi91.fr\/fr\/wp-json\/wp\/v2\/comments?post=517"}],"version-history":[{"count":0,"href":"https:\/\/www.chauffeurtaxi91.fr\/fr\/wp-json\/wp\/v2\/pages\/517\/revisions"}],"wp:attachment":[{"href":"https:\/\/www.chauffeurtaxi91.fr\/fr\/wp-json\/wp\/v2\/media?parent=517"}],"curies":[{"name":"wp","href":"https:\/\/api.w.org\/{rel}","templated":true}]}}