{"id":521,"date":"2022-02-11T15:32:40","date_gmt":"2022-02-11T14:32:40","guid":{"rendered":"https:\/\/www.chauffeurtaxi91.fr\/?page_id=521"},"modified":"2022-02-14T12:41:06","modified_gmt":"2022-02-14T11:41:06","slug":"vtc-vaux-le-penil","status":"publish","type":"page","link":"https:\/\/www.chauffeurtaxi91.fr\/fr\/vtc-vaux-le-penil\/","title":{"rendered":"VTC Vaux-le-P\u00e9nil"},"content":{"rendered":"\n<p>Circuler dans les villes fran\u00e7aises est de plus en plus difficile. Privil\u00e9gier un taxi ou un chauffeur VTC pour vos d\u00e9placements depuis et vers Vaux-le-P\u00e9nil est une v\u00e9ritable solution qui vous permettra de gagner un temps consid\u00e9rable afin d\u2019arriver \u00e0 l\u2019heure \u00e0 vos r\u00e9unions ou \u00e0 vos rendez-vous.<\/p>\n\n\n\n<p>Depuis sa cr\u00e9ation, HL Transport met \u00e0 la disposition de sa client\u00e8le une large gamme de v\u00e9hicules sobre et banalis\u00e9e pour assurer votre d\u00e9placement \u00e0 l\u2019endroit que vous souhaitiez. Parce que votre satisfaction est notre grand souci, vous restez au petit soin de nos chauffeurs tout le long de votre trajet.<\/p>\n\n\n\n<h2 class=\"wp-block-heading\" id=\"la-qualite-de-votre-chauffeur-fera-la-qualite-de-votre-deplacement\"><strong>La qualit\u00e9 de votre chauffeur fera la qualit\u00e9 de votre d\u00e9placement&nbsp;:<\/strong><\/h2>\n\n\n\n<p>HL Transport&nbsp;a su se d\u00e9marquer des autres entreprises de&nbsp;transport gr\u00e2ce aux retours positifs de ses clients. Nos services sont personnalisables et de qualit\u00e9 irr\u00e9prochable. Venez tester pas nos services et vous ne serez jamais d\u00e9\u00e7u !<\/p>\n\n\n\n<p>Les&nbsp;chauffeurs priv\u00e9s d\u2019HL Transport sont tr\u00e8s&nbsp;attentifs et bienveillant. Ils sont \u00e0 votre \u00e9coute depuis la r\u00e9servation jusqu\u2019\u00e0 votre arriv\u00e9e. Ils sont pr\u00e9sentables et bien costum\u00e9s afin de respecter toutes les r\u00e8gles standards du service \u00e0 la personne. Les chauffeurs d\u2019HL Transport sont d\u2019une ponctualit\u00e9 irr\u00e9prochable vous ne pourrez jamais rater votre vol ou votre train \u00e0 n\u2019importe quel moment de la journ\u00e9e.<\/p>\n\n\n\n<p>Nos&nbsp;chauffeurs VTC&nbsp;sont form\u00e9s d\u2019une fa\u00e7on continue pour assurer un service prestigieux \u00e0 tous nos clients. &nbsp;Ils &nbsp;vous prodigueront les meilleurs conseils concernant votre prochaine destination. Il est possible d\u2019opter pour une&nbsp;mise \u00e0 disposition d\u2019un conducteur VTC \u00e0 la journ\u00e9e toute enti\u00e8re ou \u00e0 la demi-journ\u00e9e, selon vos besoins.<\/p>\n\n\n\n<h2 class=\"wp-block-heading\" id=\"optez-pour-un-chauffeur-vtc-disponible-sur-reservation\"><strong>Optez pour un&nbsp;chauffeur VTC disponible sur r\u00e9servation&nbsp;:<\/strong><\/h2>\n\n\n\n<p>Le service de transport est en pleine croissance. Les voyageurs sont de plus en plus convaincus par le VTC vu que le service est personnalisable. En outre, les clients &nbsp;d\u00e9pensent bien pour un service de transfert avec chauffeur de qualit\u00e9. N\u2019h\u00e9sitez pas \u00e0 tester les services d\u2019HL Transport dont leschauffeurs VTC deVaux-le-P\u00e9nil&nbsp;sont continuellement disponibles sur r\u00e9servation. Notre soci\u00e9t\u00e9 compte pr\u00e8s de 50&nbsp;chauffeurs priv\u00e9s<strong>,<\/strong>&nbsp;sympathiques, ponctuels et discrets pour &nbsp;mieux vous faire profiter d\u2019un&nbsp;service VTC&nbsp;qui allie qualit\u00e9, confort et surtout s\u00e9curit\u00e9.<\/p>\n\n\n\n<p>Vous \u00eates \u00e0 la recherche d\u2019un moyen de&nbsp;transport priv\u00e9 par Taxi&nbsp;pour vous rendre \u00e0 la gare ou \u00e0 l\u2019a\u00e9roport? Ou besoin d\u2019un&nbsp;chauffeur priv\u00e9 VTC surVaux-le-P\u00e9nilou ses alentours pour assurer vos d\u00e9placements ? HL Transport vous offre la possibilit\u00e9 de choisir une&nbsp;berline&nbsp;ou un&nbsp;VAN&nbsp;selon le nombre des personnes qui vous accompagnent et selon les bagages que vous transportez avec vous. Notre soci\u00e9t\u00e9 se chargera de vous planifier le moyen et les \u00e9quipements qui s\u2019adaptent parfaitement \u00e0 votre cas. Cela vous apportera un maximum de confort \u00e0 bord.<\/p>\n\n\n\n<p>Pour plus d\u2019information sur nos prestations n\u2019h\u00e9sitez pas \u00e0 nous contacter par t\u00e9l\u00e9phone ou \u00e0 travers le formulaire mise \u00e0 votre disposition en ligne. Nous avons l\u2019honneur de r\u00e9pondre \u00e0 toutes vos questions. Des tarifs tr\u00e8s comp\u00e9titifs sont bien r\u00e9serv\u00e9s pour vous\u00a0!<\/p>\n\n\n\n<div class=\"wp-block-columns is-layout-flex wp-container-core-columns-is-layout-9d6595d7 wp-block-columns-is-layout-flex\">\n<div class=\"wp-block-column is-layout-flow wp-block-column-is-layout-flow\">\n<figure class=\"wp-block-image size-full is-resized\"><img loading=\"lazy\" decoding=\"async\" src=\"https:\/\/www.chauffeurtaxi91.fr\/wp-content\/uploads\/2022\/02\/Vaux-le-penil-c-bon-min.jpg\" alt=\"VTC Vaux-le-P\u00e9nil \" class=\"wp-image-575\" width=\"408\" height=\"271\"\/><\/figure>\n<\/div>\n\n\n\n<div class=\"wp-block-column is-layout-flow wp-block-column-is-layout-flow\">\n<iframe src=\"https:\/\/www.google.com\/maps\/embed?pb=!1m18!1m12!1m3!1d21139.75737040098!2d2.6809930697800404!3d48.52423022237842!2m3!1f0!2f0!3f0!3m2!1i1024!2i768!4f13.1!3m3!1m2!1s0x47e5f754f0fa2ae3%3A0x40b82c3688c4850!2s77000%20Vaux-le-P%C3%A9nil%2C%20France!5e0!3m2!1sfr!2stn!4v1644838338615!5m2!1sfr!2stn\" width=\"600\" height=\"300\" style=\"border:0;\" allowfullscreen=\"\" loading=\"lazy\"><\/iframe>\n<\/div>\n<\/div>\n","protected":false},"excerpt":{"rendered":"<p>Circuler dans les villes fran\u00e7aises est de plus en plus difficile. Privil\u00e9gier un taxi ou un chauffeur VTC pour vos d\u00e9placements depuis et vers Vaux-le-P\u00e9nil est une v\u00e9ritable solution qui vous permettra de gagner un temps consid\u00e9rable afin d\u2019arriver \u00e0 l\u2019heure \u00e0 vos r\u00e9unions ou \u00e0 vos rendez-vous. Depuis sa cr\u00e9ation, HL Transport met \u00e0 [&hellip;]<\/p>\n","protected":false},"author":1,"featured_media":0,"parent":0,"menu_order":0,"comment_status":"closed","ping_status":"closed","template":"","meta":{"_et_pb_use_builder":"","_et_pb_old_content":"","_et_gb_content_width":"","footnotes":""},"class_list":["post-521","page","type-page","status-publish","hentry"],"yoast_head":"<!-- This site is optimized with the Yoast SEO plugin v27.4 - https:\/\/yoast.com\/product\/yoast-seo-wordpress\/ -->\n<title>VTC Vaux-le-P\u00e9nil, r\u00e9servation chauffeur VTC priv\u00e9 \u00e0 tout moment<\/title>\n<meta name=\"description\" content=\"Avec VTC Vaux-le-P\u00e9nil ne vous inqui\u00e9tez pas, c&#039;est la v\u00e9ritable solution qui vous permettra de gagner le temps.\" \/>\n<meta name=\"robots\" content=\"index, follow, max-snippet:-1, max-image-preview:large, max-video-preview:-1\" \/>\n<link rel=\"canonical\" href=\"https:\/\/www.chauffeurtaxi91.fr\/fr\/vtc-vaux-le-penil\/\" \/>\n<meta property=\"og:locale\" content=\"fr_FR\" \/>\n<meta property=\"og:type\" content=\"article\" \/>\n<meta property=\"og:title\" content=\"VTC Vaux-le-P\u00e9nil, r\u00e9servation chauffeur VTC priv\u00e9 \u00e0 tout moment\" \/>\n<meta property=\"og:description\" content=\"Avec VTC Vaux-le-P\u00e9nil ne vous inqui\u00e9tez pas, c&#039;est la v\u00e9ritable solution qui vous permettra de gagner le temps.\" \/>\n<meta property=\"og:url\" content=\"https:\/\/www.chauffeurtaxi91.fr\/fr\/vtc-vaux-le-penil\/\" \/>\n<meta property=\"og:site_name\" content=\"Chauffeur Taxi | \u00cele-de-France | Essonne (91) &amp; Seine-et-marne (77)\" \/>\n<meta property=\"article:modified_time\" content=\"2022-02-14T11:41:06+00:00\" \/>\n<meta property=\"og:image\" content=\"https:\/\/www.chauffeurtaxi91.fr\/wp-content\/uploads\/2022\/02\/Vaux-le-penil-c-bon-min.jpg\" \/>\n<meta name=\"twitter:card\" content=\"summary_large_image\" \/>\n<meta name=\"twitter:label1\" content=\"Dur\u00e9e de lecture estim\u00e9e\" \/>\n\t<meta name=\"twitter:data1\" content=\"3 minutes\" \/>\n<script type=\"application\/ld+json\" class=\"yoast-schema-graph\">{\"@context\":\"https:\\\/\\\/schema.org\",\"@graph\":[{\"@type\":\"WebPage\",\"@id\":\"https:\\\/\\\/www.chauffeurtaxi91.fr\\\/vtc-vaux-le-penil\\\/\",\"url\":\"https:\\\/\\\/www.chauffeurtaxi91.fr\\\/vtc-vaux-le-penil\\\/\",\"name\":\"VTC Vaux-le-P\u00e9nil, r\u00e9servation chauffeur VTC priv\u00e9 \u00e0 tout moment\",\"isPartOf\":{\"@id\":\"https:\\\/\\\/www.chauffeurtaxi91.fr\\\/#website\"},\"primaryImageOfPage\":{\"@id\":\"https:\\\/\\\/www.chauffeurtaxi91.fr\\\/vtc-vaux-le-penil\\\/#primaryimage\"},\"image\":{\"@id\":\"https:\\\/\\\/www.chauffeurtaxi91.fr\\\/vtc-vaux-le-penil\\\/#primaryimage\"},\"thumbnailUrl\":\"https:\\\/\\\/www.chauffeurtaxi91.fr\\\/wp-content\\\/uploads\\\/2022\\\/02\\\/Vaux-le-penil-c-bon-min.jpg\",\"datePublished\":\"2022-02-11T14:32:40+00:00\",\"dateModified\":\"2022-02-14T11:41:06+00:00\",\"description\":\"Avec VTC Vaux-le-P\u00e9nil ne vous inqui\u00e9tez pas, c'est la v\u00e9ritable solution qui vous permettra de gagner le temps.\",\"breadcrumb\":{\"@id\":\"https:\\\/\\\/www.chauffeurtaxi91.fr\\\/vtc-vaux-le-penil\\\/#breadcrumb\"},\"inLanguage\":\"fr-FR\",\"potentialAction\":[{\"@type\":\"ReadAction\",\"target\":[\"https:\\\/\\\/www.chauffeurtaxi91.fr\\\/vtc-vaux-le-penil\\\/\"]}]},{\"@type\":\"ImageObject\",\"inLanguage\":\"fr-FR\",\"@id\":\"https:\\\/\\\/www.chauffeurtaxi91.fr\\\/vtc-vaux-le-penil\\\/#primaryimage\",\"url\":\"https:\\\/\\\/www.chauffeurtaxi91.fr\\\/wp-content\\\/uploads\\\/2022\\\/02\\\/Vaux-le-penil-c-bon-min.jpg\",\"contentUrl\":\"https:\\\/\\\/www.chauffeurtaxi91.fr\\\/wp-content\\\/uploads\\\/2022\\\/02\\\/Vaux-le-penil-c-bon-min.jpg\"},{\"@type\":\"BreadcrumbList\",\"@id\":\"https:\\\/\\\/www.chauffeurtaxi91.fr\\\/vtc-vaux-le-penil\\\/#breadcrumb\",\"itemListElement\":[{\"@type\":\"ListItem\",\"position\":1,\"name\":\"Accueil\",\"item\":\"https:\\\/\\\/www.chauffeurtaxi91.fr\\\/fr\\\/\"},{\"@type\":\"ListItem\",\"position\":2,\"name\":\"VTC Vaux-le-P\u00e9nil\"}]},{\"@type\":\"WebSite\",\"@id\":\"https:\\\/\\\/www.chauffeurtaxi91.fr\\\/#website\",\"url\":\"https:\\\/\\\/www.chauffeurtaxi91.fr\\\/\",\"name\":\"Chauffeur Taxi | \u00cele-de-France | Essonne (91) &amp; Seine-et-marne (77)\",\"description\":\"R\u00e9servez votre taxi | 24h\\\/24 7j\\\/7\",\"publisher\":{\"@id\":\"https:\\\/\\\/www.chauffeurtaxi91.fr\\\/#organization\"},\"potentialAction\":[{\"@type\":\"SearchAction\",\"target\":{\"@type\":\"EntryPoint\",\"urlTemplate\":\"https:\\\/\\\/www.chauffeurtaxi91.fr\\\/?s={search_term_string}\"},\"query-input\":{\"@type\":\"PropertyValueSpecification\",\"valueRequired\":true,\"valueName\":\"search_term_string\"}}],\"inLanguage\":\"fr-FR\"},{\"@type\":\"Organization\",\"@id\":\"https:\\\/\\\/www.chauffeurtaxi91.fr\\\/#organization\",\"name\":\"HL TRANSPORT\",\"url\":\"https:\\\/\\\/www.chauffeurtaxi91.fr\\\/\",\"logo\":{\"@type\":\"ImageObject\",\"inLanguage\":\"fr-FR\",\"@id\":\"https:\\\/\\\/www.chauffeurtaxi91.fr\\\/#\\\/schema\\\/logo\\\/image\\\/\",\"url\":\"https:\\\/\\\/chauffeurtaxi91.fr\\\/wp-content\\\/uploads\\\/2021\\\/07\\\/cropped-4eec4f87-4fce-4ff6-bbdf-932a1b0f000e-1.jpg\",\"contentUrl\":\"https:\\\/\\\/chauffeurtaxi91.fr\\\/wp-content\\\/uploads\\\/2021\\\/07\\\/cropped-4eec4f87-4fce-4ff6-bbdf-932a1b0f000e-1.jpg\",\"width\":512,\"height\":512,\"caption\":\"HL TRANSPORT\"},\"image\":{\"@id\":\"https:\\\/\\\/www.chauffeurtaxi91.fr\\\/#\\\/schema\\\/logo\\\/image\\\/\"}}]}<\/script>\n<!-- \/ Yoast SEO plugin. -->","yoast_head_json":{"title":"VTC Vaux-le-P\u00e9nil, r\u00e9servation chauffeur VTC priv\u00e9 \u00e0 tout moment","description":"Avec VTC Vaux-le-P\u00e9nil ne vous inqui\u00e9tez pas, c'est la v\u00e9ritable solution qui vous permettra de gagner le temps.","robots":{"index":"index","follow":"follow","max-snippet":"max-snippet:-1","max-image-preview":"max-image-preview:large","max-video-preview":"max-video-preview:-1"},"canonical":"https:\/\/www.chauffeurtaxi91.fr\/fr\/vtc-vaux-le-penil\/","og_locale":"fr_FR","og_type":"article","og_title":"VTC Vaux-le-P\u00e9nil, r\u00e9servation chauffeur VTC priv\u00e9 \u00e0 tout moment","og_description":"Avec VTC Vaux-le-P\u00e9nil ne vous inqui\u00e9tez pas, c'est la v\u00e9ritable solution qui vous permettra de gagner le temps.","og_url":"https:\/\/www.chauffeurtaxi91.fr\/fr\/vtc-vaux-le-penil\/","og_site_name":"Chauffeur Taxi | \u00cele-de-France | Essonne (91) &amp; Seine-et-marne (77)","article_modified_time":"2022-02-14T11:41:06+00:00","og_image":[{"url":"https:\/\/www.chauffeurtaxi91.fr\/wp-content\/uploads\/2022\/02\/Vaux-le-penil-c-bon-min.jpg","type":"","width":"","height":""}],"twitter_card":"summary_large_image","twitter_misc":{"Dur\u00e9e de lecture estim\u00e9e":"3 minutes"},"schema":{"@context":"https:\/\/schema.org","@graph":[{"@type":"WebPage","@id":"https:\/\/www.chauffeurtaxi91.fr\/vtc-vaux-le-penil\/","url":"https:\/\/www.chauffeurtaxi91.fr\/vtc-vaux-le-penil\/","name":"VTC Vaux-le-P\u00e9nil, r\u00e9servation chauffeur VTC priv\u00e9 \u00e0 tout moment","isPartOf":{"@id":"https:\/\/www.chauffeurtaxi91.fr\/#website"},"primaryImageOfPage":{"@id":"https:\/\/www.chauffeurtaxi91.fr\/vtc-vaux-le-penil\/#primaryimage"},"image":{"@id":"https:\/\/www.chauffeurtaxi91.fr\/vtc-vaux-le-penil\/#primaryimage"},"thumbnailUrl":"https:\/\/www.chauffeurtaxi91.fr\/wp-content\/uploads\/2022\/02\/Vaux-le-penil-c-bon-min.jpg","datePublished":"2022-02-11T14:32:40+00:00","dateModified":"2022-02-14T11:41:06+00:00","description":"Avec VTC Vaux-le-P\u00e9nil ne vous inqui\u00e9tez pas, c'est la v\u00e9ritable solution qui vous permettra de gagner le temps.","breadcrumb":{"@id":"https:\/\/www.chauffeurtaxi91.fr\/vtc-vaux-le-penil\/#breadcrumb"},"inLanguage":"fr-FR","potentialAction":[{"@type":"ReadAction","target":["https:\/\/www.chauffeurtaxi91.fr\/vtc-vaux-le-penil\/"]}]},{"@type":"ImageObject","inLanguage":"fr-FR","@id":"https:\/\/www.chauffeurtaxi91.fr\/vtc-vaux-le-penil\/#primaryimage","url":"https:\/\/www.chauffeurtaxi91.fr\/wp-content\/uploads\/2022\/02\/Vaux-le-penil-c-bon-min.jpg","contentUrl":"https:\/\/www.chauffeurtaxi91.fr\/wp-content\/uploads\/2022\/02\/Vaux-le-penil-c-bon-min.jpg"},{"@type":"BreadcrumbList","@id":"https:\/\/www.chauffeurtaxi91.fr\/vtc-vaux-le-penil\/#breadcrumb","itemListElement":[{"@type":"ListItem","position":1,"name":"Accueil","item":"https:\/\/www.chauffeurtaxi91.fr\/fr\/"},{"@type":"ListItem","position":2,"name":"VTC Vaux-le-P\u00e9nil"}]},{"@type":"WebSite","@id":"https:\/\/www.chauffeurtaxi91.fr\/#website","url":"https:\/\/www.chauffeurtaxi91.fr\/","name":"Chauffeur Taxi | \u00cele-de-France | Essonne (91) &amp; Seine-et-marne (77)","description":"R\u00e9servez votre taxi | 24h\/24 7j\/7","publisher":{"@id":"https:\/\/www.chauffeurtaxi91.fr\/#organization"},"potentialAction":[{"@type":"SearchAction","target":{"@type":"EntryPoint","urlTemplate":"https:\/\/www.chauffeurtaxi91.fr\/?s={search_term_string}"},"query-input":{"@type":"PropertyValueSpecification","valueRequired":true,"valueName":"search_term_string"}}],"inLanguage":"fr-FR"},{"@type":"Organization","@id":"https:\/\/www.chauffeurtaxi91.fr\/#organization","name":"HL TRANSPORT","url":"https:\/\/www.chauffeurtaxi91.fr\/","logo":{"@type":"ImageObject","inLanguage":"fr-FR","@id":"https:\/\/www.chauffeurtaxi91.fr\/#\/schema\/logo\/image\/","url":"https:\/\/chauffeurtaxi91.fr\/wp-content\/uploads\/2021\/07\/cropped-4eec4f87-4fce-4ff6-bbdf-932a1b0f000e-1.jpg","contentUrl":"https:\/\/chauffeurtaxi91.fr\/wp-content\/uploads\/2021\/07\/cropped-4eec4f87-4fce-4ff6-bbdf-932a1b0f000e-1.jpg","width":512,"height":512,"caption":"HL TRANSPORT"},"image":{"@id":"https:\/\/www.chauffeurtaxi91.fr\/#\/schema\/logo\/image\/"}}]}},"_links":{"self":[{"href":"https:\/\/www.chauffeurtaxi91.fr\/fr\/wp-json\/wp\/v2\/pages\/521","targetHints":{"allow":["GET"]}}],"collection":[{"href":"https:\/\/www.chauffeurtaxi91.fr\/fr\/wp-json\/wp\/v2\/pages"}],"about":[{"href":"https:\/\/www.chauffeurtaxi91.fr\/fr\/wp-json\/wp\/v2\/types\/page"}],"author":[{"embeddable":true,"href":"https:\/\/www.chauffeurtaxi91.fr\/fr\/wp-json\/wp\/v2\/users\/1"}],"replies":[{"embeddable":true,"href":"https:\/\/www.chauffeurtaxi91.fr\/fr\/wp-json\/wp\/v2\/comments?post=521"}],"version-history":[{"count":0,"href":"https:\/\/www.chauffeurtaxi91.fr\/fr\/wp-json\/wp\/v2\/pages\/521\/revisions"}],"wp:attachment":[{"href":"https:\/\/www.chauffeurtaxi91.fr\/fr\/wp-json\/wp\/v2\/media?parent=521"}],"curies":[{"name":"wp","href":"https:\/\/api.w.org\/{rel}","templated":true}]}}