{"id":525,"date":"2022-02-11T15:42:10","date_gmt":"2022-02-11T14:42:10","guid":{"rendered":"https:\/\/www.chauffeurtaxi91.fr\/?page_id=525"},"modified":"2022-02-14T14:55:34","modified_gmt":"2022-02-14T13:55:34","slug":"vtc-savigny-le-temple","status":"publish","type":"page","link":"https:\/\/www.chauffeurtaxi91.fr\/fr\/vtc-savigny-le-temple\/","title":{"rendered":"VTC Savigny-le-Temple"},"content":{"rendered":"\n<p>HL Transport propose pour tous vos d\u00e9placements priv\u00e9s, personnels &nbsp;ou professionnel des v\u00e9hicules avec chauffeur disponibles tous les jours pour vous servir. Ces v\u00e9hicules vous accompagneront dans vos trajets courts et longs et vous assurent une v\u00e9ritable confortabilit\u00e9.<\/p>\n\n\n\n<p>Nos v\u00e9hicules sont continuellement d\u00e9sinfect\u00e9s gr\u00e2ce \u00e0 un spray bact\u00e9ricide. Dans le cas o\u00f9 vous souhaitez r\u00e9server un taxi ou un chauffeur &nbsp;notre tarification vous sera annonc\u00e9e imm\u00e9diatement. Cette derni\u00e8re est fixe sans aucun frais suppl\u00e9mentaire&nbsp;!<\/p>\n\n\n\n<h2 class=\"wp-block-heading\" id=\"deplacez-vous-aisement-en-vtc-a-savigny-le-temple\"><strong>D\u00e9placez-vous ais\u00e9ment en VTC \u00e0 Savigny-le-Temple<\/strong><\/h2>\n\n\n\n<p>Pour tous vos d\u00e9placements professionnels ou personnels en taxi VTC, il vous faut simplement de nous pr\u00e9ciser votre localisation \u00e0 Savigny-le-Temple et votre lieu d\u2019arriver. Un chauffeur vous joindra rapidement pour vous aider \u00e0 joindre votre endroit souhait\u00e9 \u00e0 temps. <strong><\/strong><\/p>\n\n\n\n<p>Nos chauffeurs VTC \u00e0 Savigny-le-Temple sont continuellement disponibles et n\u2019attendent qu\u2019une simple demande de votre part. Vous pouvez les joindre par t\u00e9l\u00e9phone (iOS, android, SMS\u2026) ou \u00e0 travers notre module de r\u00e9servation en ligne.<\/p>\n\n\n\n<p>En choisissant HL Transport vous \u00eates garanti de&nbsp;:<\/p>\n\n\n\n<h3 class=\"wp-block-heading\" id=\"transport-haut-standing\"><strong>Transport haut standing<\/strong><\/h3>\n\n\n\n<p>Venez nous confier tous vos d\u00e9placements \u00e0 Savigny-le-Temple &nbsp;que ce soit pour une courte ou pour une longue distance. Faites nous parvenir vos coordonn\u00e9es ainsi que les d\u00e9tails de votre transfert qui peuvent le rendre plus agr\u00e9able. Nous sommes \u00e0 votre \u00e9coute et en mesure de r\u00e9pondre \u00e0 tous vos besoins en mati\u00e8re des d\u00e9placements.<\/p>\n\n\n\n<h3 class=\"wp-block-heading\" id=\"large-choix-de-service-vtc-a-savigny-le-temple\"><strong>Large choix de service VTC \u00e0 Savigny-le-Temple<\/strong><\/h3>\n\n\n\n<p>Les conducteurs d\u2019HL Transport connaissent parfaitement la r\u00e9gion de Savigny-le-Temple &nbsp;et sauront bien vous emmener rapidement et en toute s\u00e9curit\u00e9 vers l\u2019endroit que vous souhaitiez. Notre soci\u00e9t\u00e9 dispose de plusieurs types de v\u00e9hicules (berline, minibus,\u2026) pour s\u2019adapter \u00e0 tous vos envies. Que vous soyez individuel ou en groupe, les conducteurs de HL Transport sont d\u2019une ponctualit\u00e9 sans faille, ils vous aideront \u00e0 regagner votre domicile, l\u2019a\u00e9roport ou tout autre bout du pays, une simple r\u00e9servation de votre part suffit\u2009!<\/p>\n\n\n\n<h3 class=\"wp-block-heading\" id=\"deplacez-vous-aisement-en-vtc-a-savigny-le-temple-1\"><strong>D\u00e9placez-vous ais\u00e9ment en VTC \u00e0 Savigny-le-Temple<\/strong><\/h3>\n\n\n\n<p>Pour r\u00e9server un taxi VTC, on vous invite \u00e0 pr\u00e9ciser le lieu de prise en charge ainsi que votre lieu de destination, la date choisie et le nombre des passagers qui vous accompagnent. Vous recevrez imm\u00e9diatement votre devis fixe et sans aucun frais en arri\u00e8re.<\/p>\n\n\n\n<p>Lors de votre transfert professionnel en taxi VTC, notre conducteur priv\u00e9 sera \u00e0 votre enti\u00e8re disposition. Il vous communiquera des conseils utiles sur la r\u00e9gion, les activit\u00e9s culturelles, les magasins, les activit\u00e9s de d\u00e9tente, les \u00e9tablissements ainsi que les centres commerciaux.&nbsp;<\/p>\n\n\n\n<p>Gagnez votre temps pr\u00e9cieux et faites appel \u00e0 votre chauffeur professionnel d\u00e8s maintenant\u00a0! Votre chauffeur peut d\u00e9corer la voiture sur demande pour valoriser vos \u00e9v\u00e9nements sp\u00e9ciaux (mariage, s\u00e9minaire,\u2026). La d\u00e9coration est personnalisable et sera r\u00e9alis\u00e9 selon votre go\u00fbt. Notre chauffeur sera \u00e0 l\u2019\u00e9coute de tous vos envies\u00a0J. Un rendez-vous dont vous devez vous rendre\u00a0? Ou un d\u00e9part en avion que vous devez le joindre\u00a0? Nos v\u00e9hicules haut de gamme, confortables et bien \u00e9quip\u00e9s sont continuellement disponibles pour vous\u00a0! La Wifi, les bouteilles d\u2019eau et de boissons fra\u00eeches, les chargeurs,\u2026 sont mis \u00e0 votre disposition pour un d\u00e9placement agr\u00e9able.<\/p>\n\n\n\n<div class=\"wp-block-columns is-layout-flex wp-container-core-columns-is-layout-9d6595d7 wp-block-columns-is-layout-flex\">\n<div class=\"wp-block-column is-layout-flow wp-block-column-is-layout-flow\">\n<figure class=\"wp-block-image size-large is-resized\"><img loading=\"lazy\" decoding=\"async\" src=\"https:\/\/www.chauffeurtaxi91.fr\/wp-content\/uploads\/2022\/02\/Savigny-le-Temple-c-bon-min-1024x683.jpg\" alt=\"VTC Savigny-le-Temple\" class=\"wp-image-589\" width=\"416\" height=\"277\"\/><\/figure>\n<\/div>\n\n\n\n<div class=\"wp-block-column is-layout-flow wp-block-column-is-layout-flow\">\n<iframe src=\"https:\/\/www.google.com\/maps\/embed?pb=!1m18!1m12!1m3!1d42229.07133828009!2d2.535015301337204!3d48.58462969083744!2m3!1f0!2f0!3f0!3m2!1i1024!2i768!4f13.1!3m3!1m2!1s0x47e5e4918672d73b%3A0xddceb79888a7fbaa!2sSavigny-le-Temple%2C%20France!5e0!3m2!1sfr!2stn!4v1644846284474!5m2!1sfr!2stn\" width=\"600\" height=\"300\" style=\"border:0;\" allowfullscreen=\"\" loading=\"lazy\"><\/iframe>\n<\/div>\n<\/div>\n","protected":false},"excerpt":{"rendered":"<p>HL Transport propose pour tous vos d\u00e9placements priv\u00e9s, personnels &nbsp;ou professionnel des v\u00e9hicules avec chauffeur disponibles tous les jours pour vous servir. Ces v\u00e9hicules vous accompagneront dans vos trajets courts et longs et vous assurent une v\u00e9ritable confortabilit\u00e9. Nos v\u00e9hicules sont continuellement d\u00e9sinfect\u00e9s gr\u00e2ce \u00e0 un spray bact\u00e9ricide. Dans le cas o\u00f9 vous souhaitez r\u00e9server [&hellip;]<\/p>\n","protected":false},"author":1,"featured_media":0,"parent":0,"menu_order":0,"comment_status":"closed","ping_status":"closed","template":"","meta":{"_et_pb_use_builder":"","_et_pb_old_content":"","_et_gb_content_width":"","footnotes":""},"class_list":["post-525","page","type-page","status-publish","hentry"],"yoast_head":"<!-- This site is optimized with the Yoast SEO plugin v27.3 - https:\/\/yoast.com\/product\/yoast-seo-wordpress\/ -->\n<title>VTC \u00e0 Savigny-le-Temple avec HL Transport r\u00e9servation de chauffeur priv\u00e9<\/title>\n<meta name=\"description\" content=\"HL Transport vous offre des chauffeurs VTC \u00e0 Savigny-le-Temple disponibles et n\u2019attendent qu\u2019une simple demande de votre part.\" \/>\n<meta name=\"robots\" content=\"index, follow, max-snippet:-1, max-image-preview:large, max-video-preview:-1\" \/>\n<link rel=\"canonical\" href=\"https:\/\/www.chauffeurtaxi91.fr\/fr\/vtc-savigny-le-temple\/\" \/>\n<meta property=\"og:locale\" content=\"fr_FR\" \/>\n<meta property=\"og:type\" content=\"article\" \/>\n<meta property=\"og:title\" content=\"VTC \u00e0 Savigny-le-Temple avec HL Transport r\u00e9servation de chauffeur priv\u00e9\" \/>\n<meta property=\"og:description\" content=\"HL Transport vous offre des chauffeurs VTC \u00e0 Savigny-le-Temple disponibles et n\u2019attendent qu\u2019une simple demande de votre part.\" \/>\n<meta property=\"og:url\" content=\"https:\/\/www.chauffeurtaxi91.fr\/fr\/vtc-savigny-le-temple\/\" \/>\n<meta property=\"og:site_name\" content=\"Chauffeur Taxi | \u00cele-de-France | Essonne (91) &amp; Seine-et-marne (77)\" \/>\n<meta property=\"article:modified_time\" content=\"2022-02-14T13:55:34+00:00\" \/>\n<meta property=\"og:image\" content=\"https:\/\/www.chauffeurtaxi91.fr\/wp-content\/uploads\/2022\/02\/Savigny-le-Temple-c-bon-min-1024x683.jpg\" \/>\n<meta name=\"twitter:card\" content=\"summary_large_image\" \/>\n<meta name=\"twitter:label1\" content=\"Dur\u00e9e de lecture estim\u00e9e\" \/>\n\t<meta name=\"twitter:data1\" content=\"3 minutes\" \/>\n<script type=\"application\/ld+json\" class=\"yoast-schema-graph\">{\"@context\":\"https:\\\/\\\/schema.org\",\"@graph\":[{\"@type\":\"WebPage\",\"@id\":\"https:\\\/\\\/www.chauffeurtaxi91.fr\\\/vtc-savigny-le-temple\\\/\",\"url\":\"https:\\\/\\\/www.chauffeurtaxi91.fr\\\/vtc-savigny-le-temple\\\/\",\"name\":\"VTC \u00e0 Savigny-le-Temple avec HL Transport r\u00e9servation de chauffeur priv\u00e9\",\"isPartOf\":{\"@id\":\"https:\\\/\\\/www.chauffeurtaxi91.fr\\\/#website\"},\"primaryImageOfPage\":{\"@id\":\"https:\\\/\\\/www.chauffeurtaxi91.fr\\\/vtc-savigny-le-temple\\\/#primaryimage\"},\"image\":{\"@id\":\"https:\\\/\\\/www.chauffeurtaxi91.fr\\\/vtc-savigny-le-temple\\\/#primaryimage\"},\"thumbnailUrl\":\"https:\\\/\\\/www.chauffeurtaxi91.fr\\\/wp-content\\\/uploads\\\/2022\\\/02\\\/Savigny-le-Temple-c-bon-min-1024x683.jpg\",\"datePublished\":\"2022-02-11T14:42:10+00:00\",\"dateModified\":\"2022-02-14T13:55:34+00:00\",\"description\":\"HL Transport vous offre des chauffeurs VTC \u00e0 Savigny-le-Temple disponibles et n\u2019attendent qu\u2019une simple demande de votre part.\",\"breadcrumb\":{\"@id\":\"https:\\\/\\\/www.chauffeurtaxi91.fr\\\/vtc-savigny-le-temple\\\/#breadcrumb\"},\"inLanguage\":\"fr-FR\",\"potentialAction\":[{\"@type\":\"ReadAction\",\"target\":[\"https:\\\/\\\/www.chauffeurtaxi91.fr\\\/vtc-savigny-le-temple\\\/\"]}]},{\"@type\":\"ImageObject\",\"inLanguage\":\"fr-FR\",\"@id\":\"https:\\\/\\\/www.chauffeurtaxi91.fr\\\/vtc-savigny-le-temple\\\/#primaryimage\",\"url\":\"https:\\\/\\\/www.chauffeurtaxi91.fr\\\/wp-content\\\/uploads\\\/2022\\\/02\\\/Savigny-le-Temple-c-bon-min-1024x683.jpg\",\"contentUrl\":\"https:\\\/\\\/www.chauffeurtaxi91.fr\\\/wp-content\\\/uploads\\\/2022\\\/02\\\/Savigny-le-Temple-c-bon-min-1024x683.jpg\"},{\"@type\":\"BreadcrumbList\",\"@id\":\"https:\\\/\\\/www.chauffeurtaxi91.fr\\\/vtc-savigny-le-temple\\\/#breadcrumb\",\"itemListElement\":[{\"@type\":\"ListItem\",\"position\":1,\"name\":\"Accueil\",\"item\":\"https:\\\/\\\/www.chauffeurtaxi91.fr\\\/fr\\\/\"},{\"@type\":\"ListItem\",\"position\":2,\"name\":\"VTC Savigny-le-Temple\"}]},{\"@type\":\"WebSite\",\"@id\":\"https:\\\/\\\/www.chauffeurtaxi91.fr\\\/#website\",\"url\":\"https:\\\/\\\/www.chauffeurtaxi91.fr\\\/\",\"name\":\"Chauffeur Taxi | \u00cele-de-France | Essonne (91) &amp; Seine-et-marne (77)\",\"description\":\"R\u00e9servez votre taxi | 24h\\\/24 7j\\\/7\",\"publisher\":{\"@id\":\"https:\\\/\\\/www.chauffeurtaxi91.fr\\\/#organization\"},\"potentialAction\":[{\"@type\":\"SearchAction\",\"target\":{\"@type\":\"EntryPoint\",\"urlTemplate\":\"https:\\\/\\\/www.chauffeurtaxi91.fr\\\/?s={search_term_string}\"},\"query-input\":{\"@type\":\"PropertyValueSpecification\",\"valueRequired\":true,\"valueName\":\"search_term_string\"}}],\"inLanguage\":\"fr-FR\"},{\"@type\":\"Organization\",\"@id\":\"https:\\\/\\\/www.chauffeurtaxi91.fr\\\/#organization\",\"name\":\"HL TRANSPORT\",\"url\":\"https:\\\/\\\/www.chauffeurtaxi91.fr\\\/\",\"logo\":{\"@type\":\"ImageObject\",\"inLanguage\":\"fr-FR\",\"@id\":\"https:\\\/\\\/www.chauffeurtaxi91.fr\\\/#\\\/schema\\\/logo\\\/image\\\/\",\"url\":\"https:\\\/\\\/chauffeurtaxi91.fr\\\/wp-content\\\/uploads\\\/2021\\\/07\\\/cropped-4eec4f87-4fce-4ff6-bbdf-932a1b0f000e-1.jpg\",\"contentUrl\":\"https:\\\/\\\/chauffeurtaxi91.fr\\\/wp-content\\\/uploads\\\/2021\\\/07\\\/cropped-4eec4f87-4fce-4ff6-bbdf-932a1b0f000e-1.jpg\",\"width\":512,\"height\":512,\"caption\":\"HL TRANSPORT\"},\"image\":{\"@id\":\"https:\\\/\\\/www.chauffeurtaxi91.fr\\\/#\\\/schema\\\/logo\\\/image\\\/\"}}]}<\/script>\n<!-- \/ Yoast SEO plugin. -->","yoast_head_json":{"title":"VTC \u00e0 Savigny-le-Temple avec HL Transport r\u00e9servation de chauffeur priv\u00e9","description":"HL Transport vous offre des chauffeurs VTC \u00e0 Savigny-le-Temple disponibles et n\u2019attendent qu\u2019une simple demande de votre part.","robots":{"index":"index","follow":"follow","max-snippet":"max-snippet:-1","max-image-preview":"max-image-preview:large","max-video-preview":"max-video-preview:-1"},"canonical":"https:\/\/www.chauffeurtaxi91.fr\/fr\/vtc-savigny-le-temple\/","og_locale":"fr_FR","og_type":"article","og_title":"VTC \u00e0 Savigny-le-Temple avec HL Transport r\u00e9servation de chauffeur priv\u00e9","og_description":"HL Transport vous offre des chauffeurs VTC \u00e0 Savigny-le-Temple disponibles et n\u2019attendent qu\u2019une simple demande de votre part.","og_url":"https:\/\/www.chauffeurtaxi91.fr\/fr\/vtc-savigny-le-temple\/","og_site_name":"Chauffeur Taxi | \u00cele-de-France | Essonne (91) &amp; Seine-et-marne (77)","article_modified_time":"2022-02-14T13:55:34+00:00","og_image":[{"url":"https:\/\/www.chauffeurtaxi91.fr\/wp-content\/uploads\/2022\/02\/Savigny-le-Temple-c-bon-min-1024x683.jpg","type":"","width":"","height":""}],"twitter_card":"summary_large_image","twitter_misc":{"Dur\u00e9e de lecture estim\u00e9e":"3 minutes"},"schema":{"@context":"https:\/\/schema.org","@graph":[{"@type":"WebPage","@id":"https:\/\/www.chauffeurtaxi91.fr\/vtc-savigny-le-temple\/","url":"https:\/\/www.chauffeurtaxi91.fr\/vtc-savigny-le-temple\/","name":"VTC \u00e0 Savigny-le-Temple avec HL Transport r\u00e9servation de chauffeur priv\u00e9","isPartOf":{"@id":"https:\/\/www.chauffeurtaxi91.fr\/#website"},"primaryImageOfPage":{"@id":"https:\/\/www.chauffeurtaxi91.fr\/vtc-savigny-le-temple\/#primaryimage"},"image":{"@id":"https:\/\/www.chauffeurtaxi91.fr\/vtc-savigny-le-temple\/#primaryimage"},"thumbnailUrl":"https:\/\/www.chauffeurtaxi91.fr\/wp-content\/uploads\/2022\/02\/Savigny-le-Temple-c-bon-min-1024x683.jpg","datePublished":"2022-02-11T14:42:10+00:00","dateModified":"2022-02-14T13:55:34+00:00","description":"HL Transport vous offre des chauffeurs VTC \u00e0 Savigny-le-Temple disponibles et n\u2019attendent qu\u2019une simple demande de votre part.","breadcrumb":{"@id":"https:\/\/www.chauffeurtaxi91.fr\/vtc-savigny-le-temple\/#breadcrumb"},"inLanguage":"fr-FR","potentialAction":[{"@type":"ReadAction","target":["https:\/\/www.chauffeurtaxi91.fr\/vtc-savigny-le-temple\/"]}]},{"@type":"ImageObject","inLanguage":"fr-FR","@id":"https:\/\/www.chauffeurtaxi91.fr\/vtc-savigny-le-temple\/#primaryimage","url":"https:\/\/www.chauffeurtaxi91.fr\/wp-content\/uploads\/2022\/02\/Savigny-le-Temple-c-bon-min-1024x683.jpg","contentUrl":"https:\/\/www.chauffeurtaxi91.fr\/wp-content\/uploads\/2022\/02\/Savigny-le-Temple-c-bon-min-1024x683.jpg"},{"@type":"BreadcrumbList","@id":"https:\/\/www.chauffeurtaxi91.fr\/vtc-savigny-le-temple\/#breadcrumb","itemListElement":[{"@type":"ListItem","position":1,"name":"Accueil","item":"https:\/\/www.chauffeurtaxi91.fr\/fr\/"},{"@type":"ListItem","position":2,"name":"VTC Savigny-le-Temple"}]},{"@type":"WebSite","@id":"https:\/\/www.chauffeurtaxi91.fr\/#website","url":"https:\/\/www.chauffeurtaxi91.fr\/","name":"Chauffeur Taxi | \u00cele-de-France | Essonne (91) &amp; Seine-et-marne (77)","description":"R\u00e9servez votre taxi | 24h\/24 7j\/7","publisher":{"@id":"https:\/\/www.chauffeurtaxi91.fr\/#organization"},"potentialAction":[{"@type":"SearchAction","target":{"@type":"EntryPoint","urlTemplate":"https:\/\/www.chauffeurtaxi91.fr\/?s={search_term_string}"},"query-input":{"@type":"PropertyValueSpecification","valueRequired":true,"valueName":"search_term_string"}}],"inLanguage":"fr-FR"},{"@type":"Organization","@id":"https:\/\/www.chauffeurtaxi91.fr\/#organization","name":"HL TRANSPORT","url":"https:\/\/www.chauffeurtaxi91.fr\/","logo":{"@type":"ImageObject","inLanguage":"fr-FR","@id":"https:\/\/www.chauffeurtaxi91.fr\/#\/schema\/logo\/image\/","url":"https:\/\/chauffeurtaxi91.fr\/wp-content\/uploads\/2021\/07\/cropped-4eec4f87-4fce-4ff6-bbdf-932a1b0f000e-1.jpg","contentUrl":"https:\/\/chauffeurtaxi91.fr\/wp-content\/uploads\/2021\/07\/cropped-4eec4f87-4fce-4ff6-bbdf-932a1b0f000e-1.jpg","width":512,"height":512,"caption":"HL TRANSPORT"},"image":{"@id":"https:\/\/www.chauffeurtaxi91.fr\/#\/schema\/logo\/image\/"}}]}},"_links":{"self":[{"href":"https:\/\/www.chauffeurtaxi91.fr\/fr\/wp-json\/wp\/v2\/pages\/525","targetHints":{"allow":["GET"]}}],"collection":[{"href":"https:\/\/www.chauffeurtaxi91.fr\/fr\/wp-json\/wp\/v2\/pages"}],"about":[{"href":"https:\/\/www.chauffeurtaxi91.fr\/fr\/wp-json\/wp\/v2\/types\/page"}],"author":[{"embeddable":true,"href":"https:\/\/www.chauffeurtaxi91.fr\/fr\/wp-json\/wp\/v2\/users\/1"}],"replies":[{"embeddable":true,"href":"https:\/\/www.chauffeurtaxi91.fr\/fr\/wp-json\/wp\/v2\/comments?post=525"}],"version-history":[{"count":0,"href":"https:\/\/www.chauffeurtaxi91.fr\/fr\/wp-json\/wp\/v2\/pages\/525\/revisions"}],"wp:attachment":[{"href":"https:\/\/www.chauffeurtaxi91.fr\/fr\/wp-json\/wp\/v2\/media?parent=525"}],"curies":[{"name":"wp","href":"https:\/\/api.w.org\/{rel}","templated":true}]}}