{"id":528,"date":"2022-02-11T15:49:37","date_gmt":"2022-02-11T14:49:37","guid":{"rendered":"https:\/\/www.chauffeurtaxi91.fr\/?page_id=528"},"modified":"2022-02-14T16:56:16","modified_gmt":"2022-02-14T15:56:16","slug":"vtc-vert-saint-denis","status":"publish","type":"page","link":"https:\/\/www.chauffeurtaxi91.fr\/fr\/vtc-vert-saint-denis\/","title":{"rendered":"VTC Vert-saint-Denis"},"content":{"rendered":"\n<p>Besoin d\u2019un chauffeur&nbsp;<strong>VTC<\/strong>ou<strong>t<\/strong><strong>axi<\/strong>&nbsp;pour joindre votre lieu de travail, un \u00e9v\u00e9nement important ou un s\u00e9minaire&nbsp;? Vous \u00eates \u00e0 la recherche d\u2019une soci\u00e9t\u00e9 fiable pour assurer votre d\u00e9placement d\u2019une fa\u00e7on rapide et efficace&nbsp;? Ne cherchez pas trop et venez contacter HL Transport qui met \u00e0 votre disposition une s\u00e9lection de voitures haut standing pour faciliter tous vos d\u00e9placements \u00e0&nbsp; Vert-saint-Denis.<\/p>\n\n\n\n<p>&nbsp;Notre soci\u00e9t\u00e9 pratique une tarification fixe et transparente qui vous sera annonc\u00e9e au moment de la r\u00e9servation. Une fois, valid\u00e9e, aucun frais suppl\u00e9mentaire ne sera appliqu\u00e9 par la suite.<\/p>\n\n\n\n<h2 class=\"wp-block-heading\" id=\"meilleur-chauffeur-vtc-a-vert-saint-denis\"><strong>Meilleur Chauffeur VTC \u00e0 Vert-saint-Denis<\/strong><\/h2>\n\n\n\n<p>Nos chauffeurs professionnels et bien exp\u00e9riment\u00e9s, vous permettent de profiter d\u2019un transfert &nbsp;confortable et ponctuel qui satisfait toutes vos attentes. Qu\u2019il s\u2019agit d\u2019un trajet long ou d\u2019un trajet court, les conducteurs d\u2019HL Transport sont continuellement disponibles de jours comme de nuit pour vous servir et veilleront \u00e0 tout pour que votre course se passe dans les meilleures conditions.<\/p>\n\n\n\n<p>Que vous soyez un VIP, un professionnel ou encore un particulier, nous vous assurons une prestation et un transport de qualit\u00e9 sup\u00e9rieur aux meilleurs tarifs du march\u00e9. HL Transport regroupe un r\u00e9seau de taxi et de VTC qui sont pr\u00e9sents sur toute la ville de Vert-saint-Denis. Ils vous assurent une continuit\u00e9 g\u00e9ographique, vous pouvez commander votre chauffeur priv\u00e9 m\u00eame pendant les weekends et les jours f\u00e9ri\u00e9s. Nos prix sont fixes et sans majoration \u00e0 l\u2019arriv\u00e9e.<\/p>\n\n\n\n<p>Notre soci\u00e9t\u00e9 HL Transport met \u00e0 votre disposition &nbsp;plusieurs types &nbsp;de v\u00e9hicules (voitures de luxes, taxis, berline, minibus,\u2026) pour r\u00e9pondre \u00e0 tous vos besoins. Ils sont capable de vous joindre n\u2019importe o\u00f9 vous \u00eates pour vous servir. Un accueil super chaleureux est bien r\u00e9serv\u00e9 pour vous. <a><\/a><\/p>\n\n\n\n<h2 class=\"wp-block-heading\" id=\"reservez-votre-vtc-au-meilleur-prix\"><strong>R\u00e9servez votre VTC au meilleur prix<\/strong><\/h2>\n\n\n\n<p>Avec HL Transport, vous pouvez r\u00e9servez un chauffeur &nbsp;VTC pr\u00e8s de chez vous \u00e0 Vert-saint-Denis<strong> <\/strong>en quelques petits clics. Vous pouvez r\u00e9servez votre chauffeur par t\u00e9l\u00e9phone \u00e0 travers plusieurs applications (iOS, android,\u2026) par SMS ou \u00e0 travers notre plateforme mise \u00e0 votre disposition en ligne.<strong><\/strong><\/p>\n\n\n\n<p>Notre soci\u00e9t\u00e9 HL Transport&nbsp;dispose d\u2019un large r\u00e9seau de partenaires VTC \u00e0 &nbsp;Vert-saint-Denis dans le but de trouver une solution adapt\u00e9e \u00e0 toutes les demandes de transports d\u2019individus. Venez profiter d\u2019un&nbsp;service de transport unique&nbsp;gr\u00e2ce \u00e0 des v\u00e9hicules haut de gamme qui vous permettent de voyager en toute tranquillit\u00e9.<\/p>\n\n\n\n<p>A la diff\u00e9rence d\u2019un service<a href=\"https:\/\/www.chauffeurlyon.com\/taxi-prive\/\">&nbsp;VTC ou taxi&nbsp;<\/a>classique, HL Transport personnalise et adapte le trajet de ses clients selon leurs envies et leur besoins. Notretarification est fixe et sans surprise.Lors de votre &nbsp;trajet \u00e0 l\u2019a\u00e9roport, \u00e0 la gareou \u00e0 lors de votre trajet \u00e0 un s\u00e9minaire, un chauffeur de notre \u00e9quipe sera toujours heureux de vous accompagner. Il est \u00e0 l\u2019\u00e9coute de vos demandes qui rendent votre circulation confortable et ais\u00e9e.<\/p>\n\n\n\n<p>En ce qui concerne le paiement, il peut \u00eatre cash ou via les cartes bancaires \u00e0 bord de toutes nos voitures avec chauffeur VTC. Votre conducteur sera \u00e0 la fin ravie de fournir une facture suite \u00e0 votre trajet r\u00e9alis\u00e9 \u00e0 bord de nos v\u00e9hicules confortables mais aussi bien \u00e9quip\u00e9s.<\/p>\n\n\n\n<div class=\"wp-block-columns is-layout-flex wp-container-core-columns-is-layout-9d6595d7 wp-block-columns-is-layout-flex\">\n<div class=\"wp-block-column is-layout-flow wp-block-column-is-layout-flow\">\n<figure class=\"wp-block-image size-large\"><img loading=\"lazy\" decoding=\"async\" width=\"1024\" height=\"627\" src=\"https:\/\/www.chauffeurtaxi91.fr\/wp-content\/uploads\/2022\/02\/vue-aerienne-ville-c-bon-ok-Copie-min-1024x627.jpg\" alt=\"VTC Vert-saint-Denis\" class=\"wp-image-598\" srcset=\"https:\/\/www.chauffeurtaxi91.fr\/wp-content\/uploads\/2022\/02\/vue-aerienne-ville-c-bon-ok-Copie-min-980x600.jpg 980w, https:\/\/www.chauffeurtaxi91.fr\/wp-content\/uploads\/2022\/02\/vue-aerienne-ville-c-bon-ok-Copie-min-480x294.jpg 480w\" sizes=\"auto, (min-width: 0px) and (max-width: 480px) 480px, (min-width: 481px) and (max-width: 980px) 980px, (min-width: 981px) 1024px, 100vw\" \/><\/figure>\n<\/div>\n\n\n\n<div class=\"wp-block-column is-layout-flow wp-block-column-is-layout-flow\">\n<iframe src=\"https:\/\/www.google.com\/maps\/embed?pb=!1m18!1m12!1m3!1d42245.18109817559!2d2.591574901152188!3d48.56534644038904!2m3!1f0!2f0!3f0!3m2!1i1024!2i768!4f13.1!3m3!1m2!1s0x47e5fad94433f9f5%3A0x40b82c3688c47e0!2sVert-Saint-Denis%2C%20France!5e0!3m2!1sfr!2stn!4v1644847052390!5m2!1sfr!2stn\" width=\"600\" height=\"300\" style=\"border:0;\" allowfullscreen=\"\" loading=\"lazy\"><\/iframe>\n<\/div>\n<\/div>\n","protected":false},"excerpt":{"rendered":"<p>Besoin d\u2019un chauffeur&nbsp;VTCoutaxi&nbsp;pour joindre votre lieu de travail, un \u00e9v\u00e9nement important ou un s\u00e9minaire&nbsp;? Vous \u00eates \u00e0 la recherche d\u2019une soci\u00e9t\u00e9 fiable pour assurer votre d\u00e9placement d\u2019une fa\u00e7on rapide et efficace&nbsp;? Ne cherchez pas trop et venez contacter HL Transport qui met \u00e0 votre disposition une s\u00e9lection de voitures haut standing pour faciliter tous vos [&hellip;]<\/p>\n","protected":false},"author":1,"featured_media":0,"parent":0,"menu_order":0,"comment_status":"closed","ping_status":"closed","template":"","meta":{"_et_pb_use_builder":"","_et_pb_old_content":"","_et_gb_content_width":"","footnotes":""},"class_list":["post-528","page","type-page","status-publish","hentry"],"yoast_head":"<!-- This site is optimized with the Yoast SEO plugin v27.4 - https:\/\/yoast.com\/product\/yoast-seo-wordpress\/ -->\n<title>HL Transport : VTC Vert-saint-Denis pour la r\u00e9servation de votre VTC<\/title>\n<meta name=\"description\" content=\"Les meilleures chauffeurs VTC Vert-saint-Denis toujours trouv\u00e9 dans notre soci\u00e9t\u00e9 HL Transport avec un tarif tr\u00e8s raisonnable.\" \/>\n<meta name=\"robots\" content=\"index, follow, max-snippet:-1, max-image-preview:large, max-video-preview:-1\" \/>\n<link rel=\"canonical\" href=\"https:\/\/www.chauffeurtaxi91.fr\/fr\/vtc-vert-saint-denis\/\" \/>\n<meta property=\"og:locale\" content=\"fr_FR\" \/>\n<meta property=\"og:type\" content=\"article\" \/>\n<meta property=\"og:title\" content=\"HL Transport : VTC Vert-saint-Denis pour la r\u00e9servation de votre VTC\" \/>\n<meta property=\"og:description\" content=\"Les meilleures chauffeurs VTC Vert-saint-Denis toujours trouv\u00e9 dans notre soci\u00e9t\u00e9 HL Transport avec un tarif tr\u00e8s raisonnable.\" \/>\n<meta property=\"og:url\" content=\"https:\/\/www.chauffeurtaxi91.fr\/fr\/vtc-vert-saint-denis\/\" \/>\n<meta property=\"og:site_name\" content=\"Chauffeur Taxi | \u00cele-de-France | Essonne (91) &amp; Seine-et-marne (77)\" \/>\n<meta property=\"article:modified_time\" content=\"2022-02-14T15:56:16+00:00\" \/>\n<meta property=\"og:image\" content=\"https:\/\/www.chauffeurtaxi91.fr\/wp-content\/uploads\/2022\/02\/vue-aerienne-ville-c-bon-ok-Copie-min-1024x627.jpg\" \/>\n<meta name=\"twitter:card\" content=\"summary_large_image\" \/>\n<meta name=\"twitter:label1\" content=\"Dur\u00e9e de lecture estim\u00e9e\" \/>\n\t<meta name=\"twitter:data1\" content=\"3 minutes\" \/>\n<script type=\"application\/ld+json\" class=\"yoast-schema-graph\">{\"@context\":\"https:\\\/\\\/schema.org\",\"@graph\":[{\"@type\":\"WebPage\",\"@id\":\"https:\\\/\\\/www.chauffeurtaxi91.fr\\\/vtc-vert-saint-denis\\\/\",\"url\":\"https:\\\/\\\/www.chauffeurtaxi91.fr\\\/vtc-vert-saint-denis\\\/\",\"name\":\"HL Transport : VTC Vert-saint-Denis pour la r\u00e9servation de votre VTC\",\"isPartOf\":{\"@id\":\"https:\\\/\\\/www.chauffeurtaxi91.fr\\\/#website\"},\"primaryImageOfPage\":{\"@id\":\"https:\\\/\\\/www.chauffeurtaxi91.fr\\\/vtc-vert-saint-denis\\\/#primaryimage\"},\"image\":{\"@id\":\"https:\\\/\\\/www.chauffeurtaxi91.fr\\\/vtc-vert-saint-denis\\\/#primaryimage\"},\"thumbnailUrl\":\"https:\\\/\\\/www.chauffeurtaxi91.fr\\\/wp-content\\\/uploads\\\/2022\\\/02\\\/vue-aerienne-ville-c-bon-ok-Copie-min-1024x627.jpg\",\"datePublished\":\"2022-02-11T14:49:37+00:00\",\"dateModified\":\"2022-02-14T15:56:16+00:00\",\"description\":\"Les meilleures chauffeurs VTC Vert-saint-Denis toujours trouv\u00e9 dans notre soci\u00e9t\u00e9 HL Transport avec un tarif tr\u00e8s raisonnable.\",\"breadcrumb\":{\"@id\":\"https:\\\/\\\/www.chauffeurtaxi91.fr\\\/vtc-vert-saint-denis\\\/#breadcrumb\"},\"inLanguage\":\"fr-FR\",\"potentialAction\":[{\"@type\":\"ReadAction\",\"target\":[\"https:\\\/\\\/www.chauffeurtaxi91.fr\\\/vtc-vert-saint-denis\\\/\"]}]},{\"@type\":\"ImageObject\",\"inLanguage\":\"fr-FR\",\"@id\":\"https:\\\/\\\/www.chauffeurtaxi91.fr\\\/vtc-vert-saint-denis\\\/#primaryimage\",\"url\":\"https:\\\/\\\/www.chauffeurtaxi91.fr\\\/wp-content\\\/uploads\\\/2022\\\/02\\\/vue-aerienne-ville-c-bon-ok-Copie-min-1024x627.jpg\",\"contentUrl\":\"https:\\\/\\\/www.chauffeurtaxi91.fr\\\/wp-content\\\/uploads\\\/2022\\\/02\\\/vue-aerienne-ville-c-bon-ok-Copie-min-1024x627.jpg\"},{\"@type\":\"BreadcrumbList\",\"@id\":\"https:\\\/\\\/www.chauffeurtaxi91.fr\\\/vtc-vert-saint-denis\\\/#breadcrumb\",\"itemListElement\":[{\"@type\":\"ListItem\",\"position\":1,\"name\":\"Accueil\",\"item\":\"https:\\\/\\\/www.chauffeurtaxi91.fr\\\/fr\\\/\"},{\"@type\":\"ListItem\",\"position\":2,\"name\":\"VTC Vert-saint-Denis\"}]},{\"@type\":\"WebSite\",\"@id\":\"https:\\\/\\\/www.chauffeurtaxi91.fr\\\/#website\",\"url\":\"https:\\\/\\\/www.chauffeurtaxi91.fr\\\/\",\"name\":\"Chauffeur Taxi | \u00cele-de-France | Essonne (91) &amp; Seine-et-marne (77)\",\"description\":\"R\u00e9servez votre taxi | 24h\\\/24 7j\\\/7\",\"publisher\":{\"@id\":\"https:\\\/\\\/www.chauffeurtaxi91.fr\\\/#organization\"},\"potentialAction\":[{\"@type\":\"SearchAction\",\"target\":{\"@type\":\"EntryPoint\",\"urlTemplate\":\"https:\\\/\\\/www.chauffeurtaxi91.fr\\\/?s={search_term_string}\"},\"query-input\":{\"@type\":\"PropertyValueSpecification\",\"valueRequired\":true,\"valueName\":\"search_term_string\"}}],\"inLanguage\":\"fr-FR\"},{\"@type\":\"Organization\",\"@id\":\"https:\\\/\\\/www.chauffeurtaxi91.fr\\\/#organization\",\"name\":\"HL TRANSPORT\",\"url\":\"https:\\\/\\\/www.chauffeurtaxi91.fr\\\/\",\"logo\":{\"@type\":\"ImageObject\",\"inLanguage\":\"fr-FR\",\"@id\":\"https:\\\/\\\/www.chauffeurtaxi91.fr\\\/#\\\/schema\\\/logo\\\/image\\\/\",\"url\":\"https:\\\/\\\/chauffeurtaxi91.fr\\\/wp-content\\\/uploads\\\/2021\\\/07\\\/cropped-4eec4f87-4fce-4ff6-bbdf-932a1b0f000e-1.jpg\",\"contentUrl\":\"https:\\\/\\\/chauffeurtaxi91.fr\\\/wp-content\\\/uploads\\\/2021\\\/07\\\/cropped-4eec4f87-4fce-4ff6-bbdf-932a1b0f000e-1.jpg\",\"width\":512,\"height\":512,\"caption\":\"HL TRANSPORT\"},\"image\":{\"@id\":\"https:\\\/\\\/www.chauffeurtaxi91.fr\\\/#\\\/schema\\\/logo\\\/image\\\/\"}}]}<\/script>\n<!-- \/ Yoast SEO plugin. -->","yoast_head_json":{"title":"HL Transport : VTC Vert-saint-Denis pour la r\u00e9servation de votre VTC","description":"Les meilleures chauffeurs VTC Vert-saint-Denis toujours trouv\u00e9 dans notre soci\u00e9t\u00e9 HL Transport avec un tarif tr\u00e8s raisonnable.","robots":{"index":"index","follow":"follow","max-snippet":"max-snippet:-1","max-image-preview":"max-image-preview:large","max-video-preview":"max-video-preview:-1"},"canonical":"https:\/\/www.chauffeurtaxi91.fr\/fr\/vtc-vert-saint-denis\/","og_locale":"fr_FR","og_type":"article","og_title":"HL Transport : VTC Vert-saint-Denis pour la r\u00e9servation de votre VTC","og_description":"Les meilleures chauffeurs VTC Vert-saint-Denis toujours trouv\u00e9 dans notre soci\u00e9t\u00e9 HL Transport avec un tarif tr\u00e8s raisonnable.","og_url":"https:\/\/www.chauffeurtaxi91.fr\/fr\/vtc-vert-saint-denis\/","og_site_name":"Chauffeur Taxi | \u00cele-de-France | Essonne (91) &amp; Seine-et-marne (77)","article_modified_time":"2022-02-14T15:56:16+00:00","og_image":[{"url":"https:\/\/www.chauffeurtaxi91.fr\/wp-content\/uploads\/2022\/02\/vue-aerienne-ville-c-bon-ok-Copie-min-1024x627.jpg","type":"","width":"","height":""}],"twitter_card":"summary_large_image","twitter_misc":{"Dur\u00e9e de lecture estim\u00e9e":"3 minutes"},"schema":{"@context":"https:\/\/schema.org","@graph":[{"@type":"WebPage","@id":"https:\/\/www.chauffeurtaxi91.fr\/vtc-vert-saint-denis\/","url":"https:\/\/www.chauffeurtaxi91.fr\/vtc-vert-saint-denis\/","name":"HL Transport : VTC Vert-saint-Denis pour la r\u00e9servation de votre VTC","isPartOf":{"@id":"https:\/\/www.chauffeurtaxi91.fr\/#website"},"primaryImageOfPage":{"@id":"https:\/\/www.chauffeurtaxi91.fr\/vtc-vert-saint-denis\/#primaryimage"},"image":{"@id":"https:\/\/www.chauffeurtaxi91.fr\/vtc-vert-saint-denis\/#primaryimage"},"thumbnailUrl":"https:\/\/www.chauffeurtaxi91.fr\/wp-content\/uploads\/2022\/02\/vue-aerienne-ville-c-bon-ok-Copie-min-1024x627.jpg","datePublished":"2022-02-11T14:49:37+00:00","dateModified":"2022-02-14T15:56:16+00:00","description":"Les meilleures chauffeurs VTC Vert-saint-Denis toujours trouv\u00e9 dans notre soci\u00e9t\u00e9 HL Transport avec un tarif tr\u00e8s raisonnable.","breadcrumb":{"@id":"https:\/\/www.chauffeurtaxi91.fr\/vtc-vert-saint-denis\/#breadcrumb"},"inLanguage":"fr-FR","potentialAction":[{"@type":"ReadAction","target":["https:\/\/www.chauffeurtaxi91.fr\/vtc-vert-saint-denis\/"]}]},{"@type":"ImageObject","inLanguage":"fr-FR","@id":"https:\/\/www.chauffeurtaxi91.fr\/vtc-vert-saint-denis\/#primaryimage","url":"https:\/\/www.chauffeurtaxi91.fr\/wp-content\/uploads\/2022\/02\/vue-aerienne-ville-c-bon-ok-Copie-min-1024x627.jpg","contentUrl":"https:\/\/www.chauffeurtaxi91.fr\/wp-content\/uploads\/2022\/02\/vue-aerienne-ville-c-bon-ok-Copie-min-1024x627.jpg"},{"@type":"BreadcrumbList","@id":"https:\/\/www.chauffeurtaxi91.fr\/vtc-vert-saint-denis\/#breadcrumb","itemListElement":[{"@type":"ListItem","position":1,"name":"Accueil","item":"https:\/\/www.chauffeurtaxi91.fr\/fr\/"},{"@type":"ListItem","position":2,"name":"VTC Vert-saint-Denis"}]},{"@type":"WebSite","@id":"https:\/\/www.chauffeurtaxi91.fr\/#website","url":"https:\/\/www.chauffeurtaxi91.fr\/","name":"Chauffeur Taxi | \u00cele-de-France | Essonne (91) &amp; Seine-et-marne (77)","description":"R\u00e9servez votre taxi | 24h\/24 7j\/7","publisher":{"@id":"https:\/\/www.chauffeurtaxi91.fr\/#organization"},"potentialAction":[{"@type":"SearchAction","target":{"@type":"EntryPoint","urlTemplate":"https:\/\/www.chauffeurtaxi91.fr\/?s={search_term_string}"},"query-input":{"@type":"PropertyValueSpecification","valueRequired":true,"valueName":"search_term_string"}}],"inLanguage":"fr-FR"},{"@type":"Organization","@id":"https:\/\/www.chauffeurtaxi91.fr\/#organization","name":"HL TRANSPORT","url":"https:\/\/www.chauffeurtaxi91.fr\/","logo":{"@type":"ImageObject","inLanguage":"fr-FR","@id":"https:\/\/www.chauffeurtaxi91.fr\/#\/schema\/logo\/image\/","url":"https:\/\/chauffeurtaxi91.fr\/wp-content\/uploads\/2021\/07\/cropped-4eec4f87-4fce-4ff6-bbdf-932a1b0f000e-1.jpg","contentUrl":"https:\/\/chauffeurtaxi91.fr\/wp-content\/uploads\/2021\/07\/cropped-4eec4f87-4fce-4ff6-bbdf-932a1b0f000e-1.jpg","width":512,"height":512,"caption":"HL TRANSPORT"},"image":{"@id":"https:\/\/www.chauffeurtaxi91.fr\/#\/schema\/logo\/image\/"}}]}},"_links":{"self":[{"href":"https:\/\/www.chauffeurtaxi91.fr\/fr\/wp-json\/wp\/v2\/pages\/528","targetHints":{"allow":["GET"]}}],"collection":[{"href":"https:\/\/www.chauffeurtaxi91.fr\/fr\/wp-json\/wp\/v2\/pages"}],"about":[{"href":"https:\/\/www.chauffeurtaxi91.fr\/fr\/wp-json\/wp\/v2\/types\/page"}],"author":[{"embeddable":true,"href":"https:\/\/www.chauffeurtaxi91.fr\/fr\/wp-json\/wp\/v2\/users\/1"}],"replies":[{"embeddable":true,"href":"https:\/\/www.chauffeurtaxi91.fr\/fr\/wp-json\/wp\/v2\/comments?post=528"}],"version-history":[{"count":0,"href":"https:\/\/www.chauffeurtaxi91.fr\/fr\/wp-json\/wp\/v2\/pages\/528\/revisions"}],"wp:attachment":[{"href":"https:\/\/www.chauffeurtaxi91.fr\/fr\/wp-json\/wp\/v2\/media?parent=528"}],"curies":[{"name":"wp","href":"https:\/\/api.w.org\/{rel}","templated":true}]}}