{"id":667,"date":"2022-02-15T13:33:51","date_gmt":"2022-02-15T12:33:51","guid":{"rendered":"https:\/\/www.chauffeurtaxi91.fr\/?page_id=667"},"modified":"2022-02-22T15:02:11","modified_gmt":"2022-02-22T14:02:11","slug":"vtc-lieusaint","status":"publish","type":"page","link":"https:\/\/www.chauffeurtaxi91.fr\/fr\/vtc-lieusaint\/","title":{"rendered":"VTC Lieusaint"},"content":{"rendered":"\n<p>Les taxis ainsi que les VTC d\u2019HL Transport vous accueilleront \u00e0 Lieu saint et ses alentours. Nos chauffeurs priv\u00e9s sont des conducteurs hautement qualifi\u00e9s &nbsp;confirm\u00e9 et disponible 24h\/24 et 7j\/7.<\/p>\n\n\n\n<p>Venez profiter d\u2019un d\u00e9placement toutes distances \u00e0 des tarifs tr\u00e8s avantageux et adapt\u00e9s. Nos prestations sont sur mesure et vous permettent de voyager avec un esprit bien tranquille.<\/p>\n\n\n\n<h2 class=\"wp-block-heading\" id=\"des-taxi-et-des-vtc-au-choix\">Des Taxi et des VTC &nbsp;au choix<\/h2>\n\n\n\n<p>Notre soci\u00e9t\u00e9 de&nbsp;<a href=\"https:\/\/www.chauffeurtaxi91.fr\/\">chauffeurs VTC<\/a>&nbsp;est leader sur le march\u00e9. Elle est reconnue pour la qualit\u00e9 de ses prestations et d\u2019organisation lui permettant de r\u00e9pondre \u00e0 toutes sortes de demandes :<\/p>\n\n\n\n<h2 class=\"wp-block-heading\" id=\"meilleur-chauffeur-vtc-a-lieusaint\">Meilleur chauffeur VTC \u00e0 Lieusaint&nbsp;:<\/h2>\n\n\n\n<p>HL Transport vous propose une large gamme de services de transport pour faciliter votre circulation \u00e0 Lieusaint et ses alentours, n\u2019h\u00e9sitez pas \u00e0 nous contacter \u00e0 n\u2019importe quel moment de la journ\u00e9e pour profiter d\u2019un service impeccable qui allie rapidit\u00e9, confort et qualit\u00e9.<\/p>\n\n\n\n<p>Pour faciliter le contact avec nos clients, nous mettons \u00e0 leur disposition une plateforme bien organis\u00e9e. Il vous suffit de remplir les champs du formulaire mis \u00e0 votre disposition en ligne pour recevoir un devis gratuit de notre part.<\/p>\n\n\n\n<p>Nous sommes parfois sollicit\u00e9s&nbsp; par des c\u00e9l\u00e9brit\u00e9s ainsi que des personnalit\u00e9s officielles pour ceci, nous mettons \u00e0 votre disposition un service client VIP qui est bien personnalis\u00e9. Vous pouvez choisir toutes les options que vous souhaitiez pour rendre votre transfert confort et \u00e0 la hauteur de toutes vos ambitions.<\/p>\n\n\n\n<p>Nos voitures sont soigneusement s\u00e9lectionn\u00e9es et sont tr\u00e8s bien \u00e9quip\u00e9s pour vous apporter un maximum de confortabilit\u00e9 tout le long de votre trajet.<\/p>\n\n\n\n<p>La meilleure garantie qu\u2019offre notre soci\u00e9t\u00e9 sur la qualit\u00e9 de ses prestations vient des diff\u00e9rents avis positifs et des appr\u00e9ciations de nos clients fid\u00e8les. Nous sommes sollicit\u00e9s par ceux qui cherchent un service de transport qui allie professionnalisme, rapidit\u00e9 et propret\u00e9.<\/p>\n\n\n\n<p>Qu\u2019il s\u2019agit d\u2019un trajet court ou long, venez, sollicitez notre service professionnel et vous ne serez jamais d\u00e9\u00e7u. Vous pouvez <a href=\"https:\/\/www.chauffeurtaxi91.fr\/reservation-chauffeur-taxi\/\" target=\"_blank\" rel=\"noreferrer noopener\">r\u00e9server votre taxi ou votre chauffeur<\/a> \u00e0 travers plusieurs applications (iOS, Android,\u2026), \u00e0 travers <a href=\"https:\/\/wa.me\/33668824129\" target=\"_blank\" rel=\"noreferrer noopener\">Whatsapp<\/a>, notre site web, ou tout simplement via votre <a href=\"tel:0668824129\" target=\"_blank\" rel=\"noreferrer noopener\">ligne t\u00e9l\u00e9phonique<\/a>. Tous nos chauffeurs professionnels sont continuellement disponibles pour r\u00e9pondre \u00e0 tous vos besoins et vous orienter vers le meilleur service qui s\u2019adapte parfaitement \u00e0 vos envies. Un accueil super chaleureux est bien r\u00e9serv\u00e9 pour vous. \u00a0<\/p>\n\n\n\n<div class=\"wp-block-columns is-layout-flex wp-container-core-columns-is-layout-9d6595d7 wp-block-columns-is-layout-flex\">\n<div class=\"wp-block-column is-layout-flow wp-block-column-is-layout-flow\">\n<figure class=\"wp-block-image size-large\"><img loading=\"lazy\" decoding=\"async\" width=\"1024\" height=\"680\" src=\"https:\/\/www.chauffeurtaxi91.fr\/wp-content\/uploads\/2022\/02\/VTC-Lieusaint-c-bon-min-1024x680.jpg\" alt=\"VTC Lieusaint\" class=\"wp-image-669\" srcset=\"https:\/\/www.chauffeurtaxi91.fr\/wp-content\/uploads\/2022\/02\/VTC-Lieusaint-c-bon-min-1024x680.jpg 1024w, https:\/\/www.chauffeurtaxi91.fr\/wp-content\/uploads\/2022\/02\/VTC-Lieusaint-c-bon-min-980x651.jpg 980w, https:\/\/www.chauffeurtaxi91.fr\/wp-content\/uploads\/2022\/02\/VTC-Lieusaint-c-bon-min-480x319.jpg 480w\" sizes=\"auto, (min-width: 0px) and (max-width: 480px) 480px, (min-width: 481px) and (max-width: 980px) 980px, (min-width: 981px) 1024px, 100vw\" \/><\/figure>\n<\/div>\n\n\n\n<div class=\"wp-block-column is-layout-flow wp-block-column-is-layout-flow\">\n<iframe src=\"https:\/\/www.google.com\/maps\/embed?pb=!1m18!1m12!1m3!1d42193.08122968879!2d2.5139713517505684!3d48.6276888918473!2m3!1f0!2f0!3f0!3m2!1i1024!2i768!4f13.1!3m3!1m2!1s0x47e5e3be3e4b6955%3A0x13e90cb0060018cf!2sLieusaint%2C%20France!5e0!3m2!1sfr!2stn!4v1644929704358!5m2!1sfr!2stn\" width=\"600\" height=\"300\" style=\"border:0;\" allowfullscreen=\"\" loading=\"lazy\"><\/iframe>\n<\/div>\n<\/div>\n","protected":false},"excerpt":{"rendered":"<p>Les taxis ainsi que les VTC d\u2019HL Transport vous accueilleront \u00e0 Lieu saint et ses alentours. Nos chauffeurs priv\u00e9s sont des conducteurs hautement qualifi\u00e9s &nbsp;confirm\u00e9 et disponible 24h\/24 et 7j\/7. Venez profiter d\u2019un d\u00e9placement toutes distances \u00e0 des tarifs tr\u00e8s avantageux et adapt\u00e9s. Nos prestations sont sur mesure et vous permettent de voyager avec un [&hellip;]<\/p>\n","protected":false},"author":1,"featured_media":0,"parent":0,"menu_order":0,"comment_status":"closed","ping_status":"closed","template":"","meta":{"_et_pb_use_builder":"","_et_pb_old_content":"","_et_gb_content_width":"","footnotes":""},"class_list":["post-667","page","type-page","status-publish","hentry"],"yoast_head":"<!-- This site is optimized with the Yoast SEO plugin v27.4 - https:\/\/yoast.com\/product\/yoast-seo-wordpress\/ -->\n<title>VTC Lieusaint r\u00e9servation chauffeur priv\u00e9 en ligne, taxi priv\u00e9<\/title>\n<meta name=\"description\" content=\"HL Transport offre a ses clients des chauffeurs VTC tr\u00e8s professionnel disponible 24h\/24 et 7j\/7 \u00e0 Lieusaint.\" \/>\n<meta name=\"robots\" content=\"index, follow, max-snippet:-1, max-image-preview:large, max-video-preview:-1\" \/>\n<link rel=\"canonical\" href=\"https:\/\/www.chauffeurtaxi91.fr\/fr\/vtc-lieusaint\/\" \/>\n<meta property=\"og:locale\" content=\"fr_FR\" \/>\n<meta property=\"og:type\" content=\"article\" \/>\n<meta property=\"og:title\" content=\"VTC Lieusaint r\u00e9servation chauffeur priv\u00e9 en ligne, taxi priv\u00e9\" \/>\n<meta property=\"og:description\" content=\"HL Transport offre a ses clients des chauffeurs VTC tr\u00e8s professionnel disponible 24h\/24 et 7j\/7 \u00e0 Lieusaint.\" \/>\n<meta property=\"og:url\" content=\"https:\/\/www.chauffeurtaxi91.fr\/fr\/vtc-lieusaint\/\" \/>\n<meta property=\"og:site_name\" content=\"Chauffeur Taxi | \u00cele-de-France | Essonne (91) &amp; Seine-et-marne (77)\" \/>\n<meta property=\"article:modified_time\" content=\"2022-02-22T14:02:11+00:00\" \/>\n<meta property=\"og:image\" content=\"https:\/\/www.chauffeurtaxi91.fr\/wp-content\/uploads\/2022\/02\/VTC-Lieusaint-c-bon-min-1024x680.jpg\" \/>\n<meta name=\"twitter:card\" content=\"summary_large_image\" \/>\n<meta name=\"twitter:label1\" content=\"Dur\u00e9e de lecture estim\u00e9e\" \/>\n\t<meta name=\"twitter:data1\" content=\"3 minutes\" \/>\n<script type=\"application\/ld+json\" class=\"yoast-schema-graph\">{\"@context\":\"https:\\\/\\\/schema.org\",\"@graph\":[{\"@type\":\"WebPage\",\"@id\":\"https:\\\/\\\/www.chauffeurtaxi91.fr\\\/vtc-lieusaint\\\/\",\"url\":\"https:\\\/\\\/www.chauffeurtaxi91.fr\\\/vtc-lieusaint\\\/\",\"name\":\"VTC Lieusaint r\u00e9servation chauffeur priv\u00e9 en ligne, taxi priv\u00e9\",\"isPartOf\":{\"@id\":\"https:\\\/\\\/www.chauffeurtaxi91.fr\\\/#website\"},\"primaryImageOfPage\":{\"@id\":\"https:\\\/\\\/www.chauffeurtaxi91.fr\\\/vtc-lieusaint\\\/#primaryimage\"},\"image\":{\"@id\":\"https:\\\/\\\/www.chauffeurtaxi91.fr\\\/vtc-lieusaint\\\/#primaryimage\"},\"thumbnailUrl\":\"https:\\\/\\\/www.chauffeurtaxi91.fr\\\/wp-content\\\/uploads\\\/2022\\\/02\\\/VTC-Lieusaint-c-bon-min-1024x680.jpg\",\"datePublished\":\"2022-02-15T12:33:51+00:00\",\"dateModified\":\"2022-02-22T14:02:11+00:00\",\"description\":\"HL Transport offre a ses clients des chauffeurs VTC tr\u00e8s professionnel disponible 24h\\\/24 et 7j\\\/7 \u00e0 Lieusaint.\",\"breadcrumb\":{\"@id\":\"https:\\\/\\\/www.chauffeurtaxi91.fr\\\/vtc-lieusaint\\\/#breadcrumb\"},\"inLanguage\":\"fr-FR\",\"potentialAction\":[{\"@type\":\"ReadAction\",\"target\":[\"https:\\\/\\\/www.chauffeurtaxi91.fr\\\/vtc-lieusaint\\\/\"]}]},{\"@type\":\"ImageObject\",\"inLanguage\":\"fr-FR\",\"@id\":\"https:\\\/\\\/www.chauffeurtaxi91.fr\\\/vtc-lieusaint\\\/#primaryimage\",\"url\":\"https:\\\/\\\/www.chauffeurtaxi91.fr\\\/wp-content\\\/uploads\\\/2022\\\/02\\\/VTC-Lieusaint-c-bon-min-1024x680.jpg\",\"contentUrl\":\"https:\\\/\\\/www.chauffeurtaxi91.fr\\\/wp-content\\\/uploads\\\/2022\\\/02\\\/VTC-Lieusaint-c-bon-min-1024x680.jpg\"},{\"@type\":\"BreadcrumbList\",\"@id\":\"https:\\\/\\\/www.chauffeurtaxi91.fr\\\/vtc-lieusaint\\\/#breadcrumb\",\"itemListElement\":[{\"@type\":\"ListItem\",\"position\":1,\"name\":\"Accueil\",\"item\":\"https:\\\/\\\/www.chauffeurtaxi91.fr\\\/fr\\\/\"},{\"@type\":\"ListItem\",\"position\":2,\"name\":\"VTC Lieusaint\"}]},{\"@type\":\"WebSite\",\"@id\":\"https:\\\/\\\/www.chauffeurtaxi91.fr\\\/#website\",\"url\":\"https:\\\/\\\/www.chauffeurtaxi91.fr\\\/\",\"name\":\"Chauffeur Taxi | \u00cele-de-France | Essonne (91) &amp; Seine-et-marne (77)\",\"description\":\"R\u00e9servez votre taxi | 24h\\\/24 7j\\\/7\",\"publisher\":{\"@id\":\"https:\\\/\\\/www.chauffeurtaxi91.fr\\\/#organization\"},\"potentialAction\":[{\"@type\":\"SearchAction\",\"target\":{\"@type\":\"EntryPoint\",\"urlTemplate\":\"https:\\\/\\\/www.chauffeurtaxi91.fr\\\/?s={search_term_string}\"},\"query-input\":{\"@type\":\"PropertyValueSpecification\",\"valueRequired\":true,\"valueName\":\"search_term_string\"}}],\"inLanguage\":\"fr-FR\"},{\"@type\":\"Organization\",\"@id\":\"https:\\\/\\\/www.chauffeurtaxi91.fr\\\/#organization\",\"name\":\"HL TRANSPORT\",\"url\":\"https:\\\/\\\/www.chauffeurtaxi91.fr\\\/\",\"logo\":{\"@type\":\"ImageObject\",\"inLanguage\":\"fr-FR\",\"@id\":\"https:\\\/\\\/www.chauffeurtaxi91.fr\\\/#\\\/schema\\\/logo\\\/image\\\/\",\"url\":\"https:\\\/\\\/chauffeurtaxi91.fr\\\/wp-content\\\/uploads\\\/2021\\\/07\\\/cropped-4eec4f87-4fce-4ff6-bbdf-932a1b0f000e-1.jpg\",\"contentUrl\":\"https:\\\/\\\/chauffeurtaxi91.fr\\\/wp-content\\\/uploads\\\/2021\\\/07\\\/cropped-4eec4f87-4fce-4ff6-bbdf-932a1b0f000e-1.jpg\",\"width\":512,\"height\":512,\"caption\":\"HL TRANSPORT\"},\"image\":{\"@id\":\"https:\\\/\\\/www.chauffeurtaxi91.fr\\\/#\\\/schema\\\/logo\\\/image\\\/\"}}]}<\/script>\n<!-- \/ Yoast SEO plugin. -->","yoast_head_json":{"title":"VTC Lieusaint r\u00e9servation chauffeur priv\u00e9 en ligne, taxi priv\u00e9","description":"HL Transport offre a ses clients des chauffeurs VTC tr\u00e8s professionnel disponible 24h\/24 et 7j\/7 \u00e0 Lieusaint.","robots":{"index":"index","follow":"follow","max-snippet":"max-snippet:-1","max-image-preview":"max-image-preview:large","max-video-preview":"max-video-preview:-1"},"canonical":"https:\/\/www.chauffeurtaxi91.fr\/fr\/vtc-lieusaint\/","og_locale":"fr_FR","og_type":"article","og_title":"VTC Lieusaint r\u00e9servation chauffeur priv\u00e9 en ligne, taxi priv\u00e9","og_description":"HL Transport offre a ses clients des chauffeurs VTC tr\u00e8s professionnel disponible 24h\/24 et 7j\/7 \u00e0 Lieusaint.","og_url":"https:\/\/www.chauffeurtaxi91.fr\/fr\/vtc-lieusaint\/","og_site_name":"Chauffeur Taxi | \u00cele-de-France | Essonne (91) &amp; Seine-et-marne (77)","article_modified_time":"2022-02-22T14:02:11+00:00","og_image":[{"url":"https:\/\/www.chauffeurtaxi91.fr\/wp-content\/uploads\/2022\/02\/VTC-Lieusaint-c-bon-min-1024x680.jpg","type":"","width":"","height":""}],"twitter_card":"summary_large_image","twitter_misc":{"Dur\u00e9e de lecture estim\u00e9e":"3 minutes"},"schema":{"@context":"https:\/\/schema.org","@graph":[{"@type":"WebPage","@id":"https:\/\/www.chauffeurtaxi91.fr\/vtc-lieusaint\/","url":"https:\/\/www.chauffeurtaxi91.fr\/vtc-lieusaint\/","name":"VTC Lieusaint r\u00e9servation chauffeur priv\u00e9 en ligne, taxi priv\u00e9","isPartOf":{"@id":"https:\/\/www.chauffeurtaxi91.fr\/#website"},"primaryImageOfPage":{"@id":"https:\/\/www.chauffeurtaxi91.fr\/vtc-lieusaint\/#primaryimage"},"image":{"@id":"https:\/\/www.chauffeurtaxi91.fr\/vtc-lieusaint\/#primaryimage"},"thumbnailUrl":"https:\/\/www.chauffeurtaxi91.fr\/wp-content\/uploads\/2022\/02\/VTC-Lieusaint-c-bon-min-1024x680.jpg","datePublished":"2022-02-15T12:33:51+00:00","dateModified":"2022-02-22T14:02:11+00:00","description":"HL Transport offre a ses clients des chauffeurs VTC tr\u00e8s professionnel disponible 24h\/24 et 7j\/7 \u00e0 Lieusaint.","breadcrumb":{"@id":"https:\/\/www.chauffeurtaxi91.fr\/vtc-lieusaint\/#breadcrumb"},"inLanguage":"fr-FR","potentialAction":[{"@type":"ReadAction","target":["https:\/\/www.chauffeurtaxi91.fr\/vtc-lieusaint\/"]}]},{"@type":"ImageObject","inLanguage":"fr-FR","@id":"https:\/\/www.chauffeurtaxi91.fr\/vtc-lieusaint\/#primaryimage","url":"https:\/\/www.chauffeurtaxi91.fr\/wp-content\/uploads\/2022\/02\/VTC-Lieusaint-c-bon-min-1024x680.jpg","contentUrl":"https:\/\/www.chauffeurtaxi91.fr\/wp-content\/uploads\/2022\/02\/VTC-Lieusaint-c-bon-min-1024x680.jpg"},{"@type":"BreadcrumbList","@id":"https:\/\/www.chauffeurtaxi91.fr\/vtc-lieusaint\/#breadcrumb","itemListElement":[{"@type":"ListItem","position":1,"name":"Accueil","item":"https:\/\/www.chauffeurtaxi91.fr\/fr\/"},{"@type":"ListItem","position":2,"name":"VTC Lieusaint"}]},{"@type":"WebSite","@id":"https:\/\/www.chauffeurtaxi91.fr\/#website","url":"https:\/\/www.chauffeurtaxi91.fr\/","name":"Chauffeur Taxi | \u00cele-de-France | Essonne (91) &amp; Seine-et-marne (77)","description":"R\u00e9servez votre taxi | 24h\/24 7j\/7","publisher":{"@id":"https:\/\/www.chauffeurtaxi91.fr\/#organization"},"potentialAction":[{"@type":"SearchAction","target":{"@type":"EntryPoint","urlTemplate":"https:\/\/www.chauffeurtaxi91.fr\/?s={search_term_string}"},"query-input":{"@type":"PropertyValueSpecification","valueRequired":true,"valueName":"search_term_string"}}],"inLanguage":"fr-FR"},{"@type":"Organization","@id":"https:\/\/www.chauffeurtaxi91.fr\/#organization","name":"HL TRANSPORT","url":"https:\/\/www.chauffeurtaxi91.fr\/","logo":{"@type":"ImageObject","inLanguage":"fr-FR","@id":"https:\/\/www.chauffeurtaxi91.fr\/#\/schema\/logo\/image\/","url":"https:\/\/chauffeurtaxi91.fr\/wp-content\/uploads\/2021\/07\/cropped-4eec4f87-4fce-4ff6-bbdf-932a1b0f000e-1.jpg","contentUrl":"https:\/\/chauffeurtaxi91.fr\/wp-content\/uploads\/2021\/07\/cropped-4eec4f87-4fce-4ff6-bbdf-932a1b0f000e-1.jpg","width":512,"height":512,"caption":"HL TRANSPORT"},"image":{"@id":"https:\/\/www.chauffeurtaxi91.fr\/#\/schema\/logo\/image\/"}}]}},"_links":{"self":[{"href":"https:\/\/www.chauffeurtaxi91.fr\/fr\/wp-json\/wp\/v2\/pages\/667","targetHints":{"allow":["GET"]}}],"collection":[{"href":"https:\/\/www.chauffeurtaxi91.fr\/fr\/wp-json\/wp\/v2\/pages"}],"about":[{"href":"https:\/\/www.chauffeurtaxi91.fr\/fr\/wp-json\/wp\/v2\/types\/page"}],"author":[{"embeddable":true,"href":"https:\/\/www.chauffeurtaxi91.fr\/fr\/wp-json\/wp\/v2\/users\/1"}],"replies":[{"embeddable":true,"href":"https:\/\/www.chauffeurtaxi91.fr\/fr\/wp-json\/wp\/v2\/comments?post=667"}],"version-history":[{"count":0,"href":"https:\/\/www.chauffeurtaxi91.fr\/fr\/wp-json\/wp\/v2\/pages\/667\/revisions"}],"wp:attachment":[{"href":"https:\/\/www.chauffeurtaxi91.fr\/fr\/wp-json\/wp\/v2\/media?parent=667"}],"curies":[{"name":"wp","href":"https:\/\/api.w.org\/{rel}","templated":true}]}}