{"id":784,"date":"2022-02-22T10:03:22","date_gmt":"2022-02-22T09:03:22","guid":{"rendered":"https:\/\/www.chauffeurtaxi91.fr\/?page_id=784"},"modified":"2022-02-22T16:43:29","modified_gmt":"2022-02-22T15:43:29","slug":"vtc-bois-le-roi","status":"publish","type":"page","link":"https:\/\/www.chauffeurtaxi91.fr\/fr\/vtc-bois-le-roi\/","title":{"rendered":"VTC Bois-le-roi"},"content":{"rendered":"\n<p>Besoin d\u2019un Taxi ou d\u2019un chauffeur VTC \u00e0 Qu\u2019il s\u2019agit d\u2019un d\u00e9placement personnel ou professionnel, venez contacter HL Transport qui vous permet de profiter d\u2019une course confortable et impeccable qui satisfait toutes vos attentes.<\/p>\n\n\n\n<p>Venez r\u00e9server votre chauffeur VTC en ligne pour vous rendre \u00e0 la gare ou \u00e0 l\u2019a\u00e9roport. Notre application vous permet de connaitre le montant que vous allez payer \u00e0 l\u2019avance. Ce montant est fixe avec TTC. Aucune majoration ne sera appliqu\u00e9e par la suite.<\/p>\n\n\n\n<h2 class=\"wp-block-heading\" id=\"deplacement-sur-rendez-vous-reservez-des-maintenant\"><strong>D\u00e9placement sur rendez-vous, R\u00e9servez d\u00e8s maintenant&nbsp;:<\/strong><\/h2>\n\n\n\n<p>Une fois la r\u00e9servation est valid\u00e9, notre chauffeur VTC viendra vous chercher \u00e0 votre lieu de d\u00e9parts et vous d\u00e9posera \u00e0 l\u2019endroit d\u2019arriv\u00e9e que vous avez pr\u00e9cis\u00e9e. <a href=\"https:\/\/www.chauffeurtaxi91.fr\/reservation-chauffeur-taxi\/\" target=\"_blank\" rel=\"noreferrer noopener\">R\u00e9server un chauffeur VTC \u00e0 Bois-le-roi<\/a> constitue une v\u00e9ritable solution de d\u00e9placement qui vous permettra de profiter d\u2019une course confortable en toute s\u00e9curit\u00e9.<\/p>\n\n\n\n<p>Nos chauffeurs sont d\u2019une ponctualit\u00e9 irr\u00e9prochable, ils vous permettent d\u2019arriver en temps et en heure.<strong> <\/strong>Le prix de votre course en Taxi ou en voiture touristique avec chauffeur est fix\u00e9 \u00e0 l\u2019avance. <strong><\/strong><\/p>\n\n\n\n<p>Nous proposons une large gamme de v\u00e9hicule pour transporter les passagers&nbsp;:<\/p>\n\n\n\n<ul class=\"wp-block-list\"><li>Les berlines&nbsp;: des v\u00e9hicules confortables capables d&#8217;emporter 4 passagers (enfant compris).<\/li><li>Les VAN&nbsp;: ce sont des v\u00e9hicules qui sont capables de transporter entre 6 et 8 passagers. Ils sont id\u00e9als pour les d\u00e9placements comportant beaucoup de bagages.<\/li><\/ul>\n\n\n\n<p>N&rsquo;h\u00e9sitez pas \u00e0 nous communiqu\u00e9 le type de v\u00e9hicule dont vous avez besoin avec un maximum de d\u00e9tail (bagage, enfants,\u2026). Cela nous permettra de mieux vous servir.<\/p>\n\n\n\n<h2 class=\"wp-block-heading\" id=\"demandez-un-devis-vtc-a-bois-le-roi\"><strong>Demandez un devis VTC \u00e0 Bois-le-roi<\/strong><\/h2>\n\n\n\n<p>La satisfaction de nos clients est notre grand souci. Pour y parvenir, notre soci\u00e9t\u00e9 met tout en \u0153uvre pour vous proposer des services de qualit\u00e9 sup\u00e9rieure qui correspond parfaitement \u00e0 vos demandes. Nous pratiquons des prix tr\u00e8s comp\u00e9titifs qui figurent parmi les meilleurs du march\u00e9. Nos chauffeurs VTC feront de leur mieux pour remplir tous leurs fonctions avec sourire et professionnalisme. N\u2019h\u00e9sitez plus et contactez-nous afin de demander un devis gratuit.<\/p>\n\n\n\n<p>La quasi-totalit\u00e9 de nos clients appr\u00e9cient la qualit\u00e9 de nos services. Le professionnalisme de nos chauffeurs, le confort de nos voitures et la diversit\u00e9 des options que nous mettions \u00e0 leur disposition, nous rendent l\u2019une des soci\u00e9t\u00e9s de transport les plus sollicit\u00e9s \u00e0&nbsp; <a href=\"https:\/\/www.ville-boisleroi.fr\/\" target=\"_blank\" rel=\"noreferrer noopener\">Bois-le-roi<\/a>.<\/p>\n\n\n\n<p>Vous \u00eates un touriste&nbsp;? Vous ne connaissez pas la r\u00e9gion de Bois-le-roi&nbsp;? &nbsp;HL Transport finis votre temps perdu dans la recherche et vous invite \u00e0 s\u2019installer confortablement dans l\u2019une de ses voitures et profitez du confort apport\u00e9s par son service sur-mesure.<\/p>\n\n\n\n<p>Avec <a href=\"https:\/\/www.chauffeurtaxi91.fr\/\" target=\"_blank\" rel=\"noreferrer noopener\">HL Transport<\/a>, les contraintes seront balay\u00e9es, cher client, vous n\u2019avez qu\u2019\u00e0 profiter pleinement de votre course en toute s\u00e9r\u00e9nit\u00e9. Pour toute information compl\u00e9mentaire ou pour avoir plus d\u2019informations sur nos services, n\u2019h\u00e9sitez pas \u00e0 nous contacter \u00e0 n\u2019importe quel moment de la journ\u00e9e via notre <a href=\"https:\/\/wa.me\/33668824129\" target=\"_blank\" rel=\"noreferrer noopener\">whatsapp<\/a>. Nous sommes continuellement \u00e0 votre \u00e9coute pour vous prodiguer nos meilleurs conseils qui rendent votre course impeccable et \u00e0 la hauteur de toutes vos ambitions. Un grand professionnalisme et des tarifs tr\u00e8s avantageux sont bien r\u00e9serv\u00e9s pour vous.<\/p>\n\n\n\n<div class=\"wp-block-columns is-layout-flex wp-container-core-columns-is-layout-9d6595d7 wp-block-columns-is-layout-flex\">\n<div class=\"wp-block-column is-layout-flow wp-block-column-is-layout-flow\">\n<figure class=\"wp-block-image size-full\"><img loading=\"lazy\" decoding=\"async\" width=\"900\" height=\"612\" src=\"https:\/\/www.chauffeurtaxi91.fr\/wp-content\/uploads\/2022\/02\/Bois-le-roi-c-bon-min.jpg\" alt=\"VTC Bois-le-roi\" class=\"wp-image-789\" srcset=\"https:\/\/www.chauffeurtaxi91.fr\/wp-content\/uploads\/2022\/02\/Bois-le-roi-c-bon-min.jpg 900w, https:\/\/www.chauffeurtaxi91.fr\/wp-content\/uploads\/2022\/02\/Bois-le-roi-c-bon-min-480x326.jpg 480w\" sizes=\"auto, (min-width: 0px) and (max-width: 480px) 480px, (min-width: 481px) 900px, 100vw\" \/><\/figure>\n<\/div>\n\n\n\n<div class=\"wp-block-column is-layout-flow wp-block-column-is-layout-flow\">\n<iframe src=\"https:\/\/www.google.com\/maps\/embed?pb=!1m18!1m12!1m3!1d21160.93981233775!2d2.6915938196591433!3d48.47346022208959!2m3!1f0!2f0!3f0!3m2!1i1024!2i768!4f13.1!3m3!1m2!1s0x47e5f6c39445281d%3A0x40b82c3688c6390!2s77590%20Bois-le-Roi%2C%20France!5e0!3m2!1sfr!2stn!4v1645521415456!5m2!1sfr!2stn\" width=\"600\" height=\"300\" style=\"border:0;\" allowfullscreen=\"\" loading=\"lazy\"><\/iframe>\n<\/div>\n<\/div>\n","protected":false},"excerpt":{"rendered":"<p>Besoin d\u2019un Taxi ou d\u2019un chauffeur VTC \u00e0 Qu\u2019il s\u2019agit d\u2019un d\u00e9placement personnel ou professionnel, venez contacter HL Transport qui vous permet de profiter d\u2019une course confortable et impeccable qui satisfait toutes vos attentes. Venez r\u00e9server votre chauffeur VTC en ligne pour vous rendre \u00e0 la gare ou \u00e0 l\u2019a\u00e9roport. Notre application vous permet de [&hellip;]<\/p>\n","protected":false},"author":1,"featured_media":0,"parent":0,"menu_order":0,"comment_status":"closed","ping_status":"closed","template":"","meta":{"_et_pb_use_builder":"","_et_pb_old_content":"","_et_gb_content_width":"","footnotes":""},"class_list":["post-784","page","type-page","status-publish","hentry"],"yoast_head":"<!-- This site is optimized with the Yoast SEO plugin v27.3 - https:\/\/yoast.com\/product\/yoast-seo-wordpress\/ -->\n<title>VTC Bois-le-roi, r\u00e9servation rapide, chauffeur qualifi\u00e9s.<\/title>\n<meta name=\"description\" content=\"HL Transport, Nos professionnels exp\u00e9riment\u00e9s, vous assurent le confort, la s\u00e9curit\u00e9, la ponctualit\u00e9 et le professionnalisme.\" \/>\n<meta name=\"robots\" content=\"index, follow, max-snippet:-1, max-image-preview:large, max-video-preview:-1\" \/>\n<link rel=\"canonical\" href=\"https:\/\/www.chauffeurtaxi91.fr\/fr\/vtc-bois-le-roi\/\" \/>\n<meta property=\"og:locale\" content=\"fr_FR\" \/>\n<meta property=\"og:type\" content=\"article\" \/>\n<meta property=\"og:title\" content=\"VTC Bois-le-roi, r\u00e9servation rapide, chauffeur qualifi\u00e9s.\" \/>\n<meta property=\"og:description\" content=\"HL Transport, Nos professionnels exp\u00e9riment\u00e9s, vous assurent le confort, la s\u00e9curit\u00e9, la ponctualit\u00e9 et le professionnalisme.\" \/>\n<meta property=\"og:url\" content=\"https:\/\/www.chauffeurtaxi91.fr\/fr\/vtc-bois-le-roi\/\" \/>\n<meta property=\"og:site_name\" content=\"Chauffeur Taxi | \u00cele-de-France | Essonne (91) &amp; Seine-et-marne (77)\" \/>\n<meta property=\"article:modified_time\" content=\"2022-02-22T15:43:29+00:00\" \/>\n<meta property=\"og:image\" content=\"https:\/\/www.chauffeurtaxi91.fr\/wp-content\/uploads\/2022\/02\/Bois-le-roi-c-bon-min.jpg\" \/>\n<meta name=\"twitter:card\" content=\"summary_large_image\" \/>\n<meta name=\"twitter:label1\" content=\"Dur\u00e9e de lecture estim\u00e9e\" \/>\n\t<meta name=\"twitter:data1\" content=\"3 minutes\" \/>\n<script type=\"application\/ld+json\" class=\"yoast-schema-graph\">{\"@context\":\"https:\\\/\\\/schema.org\",\"@graph\":[{\"@type\":\"WebPage\",\"@id\":\"https:\\\/\\\/www.chauffeurtaxi91.fr\\\/vtc-bois-le-roi\\\/\",\"url\":\"https:\\\/\\\/www.chauffeurtaxi91.fr\\\/vtc-bois-le-roi\\\/\",\"name\":\"VTC Bois-le-roi, r\u00e9servation rapide, chauffeur qualifi\u00e9s.\",\"isPartOf\":{\"@id\":\"https:\\\/\\\/www.chauffeurtaxi91.fr\\\/#website\"},\"primaryImageOfPage\":{\"@id\":\"https:\\\/\\\/www.chauffeurtaxi91.fr\\\/vtc-bois-le-roi\\\/#primaryimage\"},\"image\":{\"@id\":\"https:\\\/\\\/www.chauffeurtaxi91.fr\\\/vtc-bois-le-roi\\\/#primaryimage\"},\"thumbnailUrl\":\"https:\\\/\\\/www.chauffeurtaxi91.fr\\\/wp-content\\\/uploads\\\/2022\\\/02\\\/Bois-le-roi-c-bon-min.jpg\",\"datePublished\":\"2022-02-22T09:03:22+00:00\",\"dateModified\":\"2022-02-22T15:43:29+00:00\",\"description\":\"HL Transport, Nos professionnels exp\u00e9riment\u00e9s, vous assurent le confort, la s\u00e9curit\u00e9, la ponctualit\u00e9 et le professionnalisme.\",\"breadcrumb\":{\"@id\":\"https:\\\/\\\/www.chauffeurtaxi91.fr\\\/vtc-bois-le-roi\\\/#breadcrumb\"},\"inLanguage\":\"fr-FR\",\"potentialAction\":[{\"@type\":\"ReadAction\",\"target\":[\"https:\\\/\\\/www.chauffeurtaxi91.fr\\\/vtc-bois-le-roi\\\/\"]}]},{\"@type\":\"ImageObject\",\"inLanguage\":\"fr-FR\",\"@id\":\"https:\\\/\\\/www.chauffeurtaxi91.fr\\\/vtc-bois-le-roi\\\/#primaryimage\",\"url\":\"https:\\\/\\\/www.chauffeurtaxi91.fr\\\/wp-content\\\/uploads\\\/2022\\\/02\\\/Bois-le-roi-c-bon-min.jpg\",\"contentUrl\":\"https:\\\/\\\/www.chauffeurtaxi91.fr\\\/wp-content\\\/uploads\\\/2022\\\/02\\\/Bois-le-roi-c-bon-min.jpg\"},{\"@type\":\"BreadcrumbList\",\"@id\":\"https:\\\/\\\/www.chauffeurtaxi91.fr\\\/vtc-bois-le-roi\\\/#breadcrumb\",\"itemListElement\":[{\"@type\":\"ListItem\",\"position\":1,\"name\":\"Accueil\",\"item\":\"https:\\\/\\\/www.chauffeurtaxi91.fr\\\/fr\\\/\"},{\"@type\":\"ListItem\",\"position\":2,\"name\":\"VTC Bois-le-roi\"}]},{\"@type\":\"WebSite\",\"@id\":\"https:\\\/\\\/www.chauffeurtaxi91.fr\\\/#website\",\"url\":\"https:\\\/\\\/www.chauffeurtaxi91.fr\\\/\",\"name\":\"Chauffeur Taxi | \u00cele-de-France | Essonne (91) &amp; Seine-et-marne (77)\",\"description\":\"R\u00e9servez votre taxi | 24h\\\/24 7j\\\/7\",\"publisher\":{\"@id\":\"https:\\\/\\\/www.chauffeurtaxi91.fr\\\/#organization\"},\"potentialAction\":[{\"@type\":\"SearchAction\",\"target\":{\"@type\":\"EntryPoint\",\"urlTemplate\":\"https:\\\/\\\/www.chauffeurtaxi91.fr\\\/?s={search_term_string}\"},\"query-input\":{\"@type\":\"PropertyValueSpecification\",\"valueRequired\":true,\"valueName\":\"search_term_string\"}}],\"inLanguage\":\"fr-FR\"},{\"@type\":\"Organization\",\"@id\":\"https:\\\/\\\/www.chauffeurtaxi91.fr\\\/#organization\",\"name\":\"HL TRANSPORT\",\"url\":\"https:\\\/\\\/www.chauffeurtaxi91.fr\\\/\",\"logo\":{\"@type\":\"ImageObject\",\"inLanguage\":\"fr-FR\",\"@id\":\"https:\\\/\\\/www.chauffeurtaxi91.fr\\\/#\\\/schema\\\/logo\\\/image\\\/\",\"url\":\"https:\\\/\\\/chauffeurtaxi91.fr\\\/wp-content\\\/uploads\\\/2021\\\/07\\\/cropped-4eec4f87-4fce-4ff6-bbdf-932a1b0f000e-1.jpg\",\"contentUrl\":\"https:\\\/\\\/chauffeurtaxi91.fr\\\/wp-content\\\/uploads\\\/2021\\\/07\\\/cropped-4eec4f87-4fce-4ff6-bbdf-932a1b0f000e-1.jpg\",\"width\":512,\"height\":512,\"caption\":\"HL TRANSPORT\"},\"image\":{\"@id\":\"https:\\\/\\\/www.chauffeurtaxi91.fr\\\/#\\\/schema\\\/logo\\\/image\\\/\"}}]}<\/script>\n<!-- \/ Yoast SEO plugin. -->","yoast_head_json":{"title":"VTC Bois-le-roi, r\u00e9servation rapide, chauffeur qualifi\u00e9s.","description":"HL Transport, Nos professionnels exp\u00e9riment\u00e9s, vous assurent le confort, la s\u00e9curit\u00e9, la ponctualit\u00e9 et le professionnalisme.","robots":{"index":"index","follow":"follow","max-snippet":"max-snippet:-1","max-image-preview":"max-image-preview:large","max-video-preview":"max-video-preview:-1"},"canonical":"https:\/\/www.chauffeurtaxi91.fr\/fr\/vtc-bois-le-roi\/","og_locale":"fr_FR","og_type":"article","og_title":"VTC Bois-le-roi, r\u00e9servation rapide, chauffeur qualifi\u00e9s.","og_description":"HL Transport, Nos professionnels exp\u00e9riment\u00e9s, vous assurent le confort, la s\u00e9curit\u00e9, la ponctualit\u00e9 et le professionnalisme.","og_url":"https:\/\/www.chauffeurtaxi91.fr\/fr\/vtc-bois-le-roi\/","og_site_name":"Chauffeur Taxi | \u00cele-de-France | Essonne (91) &amp; Seine-et-marne (77)","article_modified_time":"2022-02-22T15:43:29+00:00","og_image":[{"url":"https:\/\/www.chauffeurtaxi91.fr\/wp-content\/uploads\/2022\/02\/Bois-le-roi-c-bon-min.jpg","type":"","width":"","height":""}],"twitter_card":"summary_large_image","twitter_misc":{"Dur\u00e9e de lecture estim\u00e9e":"3 minutes"},"schema":{"@context":"https:\/\/schema.org","@graph":[{"@type":"WebPage","@id":"https:\/\/www.chauffeurtaxi91.fr\/vtc-bois-le-roi\/","url":"https:\/\/www.chauffeurtaxi91.fr\/vtc-bois-le-roi\/","name":"VTC Bois-le-roi, r\u00e9servation rapide, chauffeur qualifi\u00e9s.","isPartOf":{"@id":"https:\/\/www.chauffeurtaxi91.fr\/#website"},"primaryImageOfPage":{"@id":"https:\/\/www.chauffeurtaxi91.fr\/vtc-bois-le-roi\/#primaryimage"},"image":{"@id":"https:\/\/www.chauffeurtaxi91.fr\/vtc-bois-le-roi\/#primaryimage"},"thumbnailUrl":"https:\/\/www.chauffeurtaxi91.fr\/wp-content\/uploads\/2022\/02\/Bois-le-roi-c-bon-min.jpg","datePublished":"2022-02-22T09:03:22+00:00","dateModified":"2022-02-22T15:43:29+00:00","description":"HL Transport, Nos professionnels exp\u00e9riment\u00e9s, vous assurent le confort, la s\u00e9curit\u00e9, la ponctualit\u00e9 et le professionnalisme.","breadcrumb":{"@id":"https:\/\/www.chauffeurtaxi91.fr\/vtc-bois-le-roi\/#breadcrumb"},"inLanguage":"fr-FR","potentialAction":[{"@type":"ReadAction","target":["https:\/\/www.chauffeurtaxi91.fr\/vtc-bois-le-roi\/"]}]},{"@type":"ImageObject","inLanguage":"fr-FR","@id":"https:\/\/www.chauffeurtaxi91.fr\/vtc-bois-le-roi\/#primaryimage","url":"https:\/\/www.chauffeurtaxi91.fr\/wp-content\/uploads\/2022\/02\/Bois-le-roi-c-bon-min.jpg","contentUrl":"https:\/\/www.chauffeurtaxi91.fr\/wp-content\/uploads\/2022\/02\/Bois-le-roi-c-bon-min.jpg"},{"@type":"BreadcrumbList","@id":"https:\/\/www.chauffeurtaxi91.fr\/vtc-bois-le-roi\/#breadcrumb","itemListElement":[{"@type":"ListItem","position":1,"name":"Accueil","item":"https:\/\/www.chauffeurtaxi91.fr\/fr\/"},{"@type":"ListItem","position":2,"name":"VTC Bois-le-roi"}]},{"@type":"WebSite","@id":"https:\/\/www.chauffeurtaxi91.fr\/#website","url":"https:\/\/www.chauffeurtaxi91.fr\/","name":"Chauffeur Taxi | \u00cele-de-France | Essonne (91) &amp; Seine-et-marne (77)","description":"R\u00e9servez votre taxi | 24h\/24 7j\/7","publisher":{"@id":"https:\/\/www.chauffeurtaxi91.fr\/#organization"},"potentialAction":[{"@type":"SearchAction","target":{"@type":"EntryPoint","urlTemplate":"https:\/\/www.chauffeurtaxi91.fr\/?s={search_term_string}"},"query-input":{"@type":"PropertyValueSpecification","valueRequired":true,"valueName":"search_term_string"}}],"inLanguage":"fr-FR"},{"@type":"Organization","@id":"https:\/\/www.chauffeurtaxi91.fr\/#organization","name":"HL TRANSPORT","url":"https:\/\/www.chauffeurtaxi91.fr\/","logo":{"@type":"ImageObject","inLanguage":"fr-FR","@id":"https:\/\/www.chauffeurtaxi91.fr\/#\/schema\/logo\/image\/","url":"https:\/\/chauffeurtaxi91.fr\/wp-content\/uploads\/2021\/07\/cropped-4eec4f87-4fce-4ff6-bbdf-932a1b0f000e-1.jpg","contentUrl":"https:\/\/chauffeurtaxi91.fr\/wp-content\/uploads\/2021\/07\/cropped-4eec4f87-4fce-4ff6-bbdf-932a1b0f000e-1.jpg","width":512,"height":512,"caption":"HL TRANSPORT"},"image":{"@id":"https:\/\/www.chauffeurtaxi91.fr\/#\/schema\/logo\/image\/"}}]}},"_links":{"self":[{"href":"https:\/\/www.chauffeurtaxi91.fr\/fr\/wp-json\/wp\/v2\/pages\/784","targetHints":{"allow":["GET"]}}],"collection":[{"href":"https:\/\/www.chauffeurtaxi91.fr\/fr\/wp-json\/wp\/v2\/pages"}],"about":[{"href":"https:\/\/www.chauffeurtaxi91.fr\/fr\/wp-json\/wp\/v2\/types\/page"}],"author":[{"embeddable":true,"href":"https:\/\/www.chauffeurtaxi91.fr\/fr\/wp-json\/wp\/v2\/users\/1"}],"replies":[{"embeddable":true,"href":"https:\/\/www.chauffeurtaxi91.fr\/fr\/wp-json\/wp\/v2\/comments?post=784"}],"version-history":[{"count":0,"href":"https:\/\/www.chauffeurtaxi91.fr\/fr\/wp-json\/wp\/v2\/pages\/784\/revisions"}],"wp:attachment":[{"href":"https:\/\/www.chauffeurtaxi91.fr\/fr\/wp-json\/wp\/v2\/media?parent=784"}],"curies":[{"name":"wp","href":"https:\/\/api.w.org\/{rel}","templated":true}]}}