{"id":797,"date":"2022-02-22T11:22:14","date_gmt":"2022-02-22T10:22:14","guid":{"rendered":"https:\/\/www.chauffeurtaxi91.fr\/?page_id=797"},"modified":"2022-02-22T16:44:08","modified_gmt":"2022-02-22T15:44:08","slug":"vtc-fontainebleau","status":"publish","type":"page","link":"https:\/\/www.chauffeurtaxi91.fr\/fr\/vtc-fontainebleau\/","title":{"rendered":"VTC Fontainebleau"},"content":{"rendered":"\n<p>Vous \u00eates \u00e0 la recherche d\u2019un taxi ou d\u2019un chauffeur VTC ou d\u2019un chauffeur &nbsp;priv\u00e9 de grande remise ? HL Transport vous propose une liste de prestations sur mesure avec une qualit\u00e9 in\u00e9galable garantie.<\/p>\n\n\n\n<p>Nous assurerons votre transfert dans toute la r\u00e9gion de Fontainebleau (circuit touristique, gare, a\u00e9roport, mise \u00e0 disposition, circuits touristiques, etc. Nos chauffeurs sont continuellement joignables pour accueillir toutes vos demandes. Ils vous garantissent un service rapide mais aussi efficace.<\/p>\n\n\n\n<h2 class=\"wp-block-heading\" id=\"des-chauffeurs-vtc-pour-toutes-vos-occasions\">Des chauffeurs VTC pour toutes vos occasions<\/h2>\n\n\n\n<p>Depuis sa cr\u00e9ation, notre soci\u00e9t\u00e9 propose des services de transport \u00e0 un excellent rapport qualit\u00e9\/prix. En fait, en sollicitant nos chauffeurs vous \u00eates garantie de&nbsp;: &nbsp;<\/p>\n\n\n\n<ul class=\"wp-block-list\"><li>Des&nbsp;tarifs gourmands, transparents et invariables ;<\/li><li>Attente gratuite en a\u00e9roport ou \u00e0 la gare et sans stress (environ 1 heure)&nbsp;;<\/li><li>Service fiable et de qualit\u00e9&nbsp;;<\/li><li>Une prestation discr\u00e8te&nbsp;;<\/li><li>Une course confortable et \u00e0 la hauteur de toutes vos attentes&nbsp;;<\/li><\/ul>\n\n\n\n<p>Notre soci\u00e9t\u00e9 met \u00e0 votre disposition des chauffeurs hautement qualifi\u00e9s au d\u00e9part ou \u00e0 destination de la gare ou de l&rsquo;A\u00e9roport. Vous pouvez ainsi, <a href=\"https:\/\/www.chauffeurtaxi91.fr\/reservation-chauffeur-taxi\/\" target=\"_blank\" rel=\"noreferrer noopener\">r\u00e9server votre chauffeur en toute s\u00e9curit\u00e9<\/a> \u00e0 un tarif fixe et sans surprises<\/p>\n\n\n\n<p>La r\u00e9servation se fait tr\u00e8s&nbsp;facilement&nbsp;\u00e0 travers votre ligne t\u00e9l\u00e9phonique, notre application&nbsp;Smartphone ou \u00e0 travers notre site internet.<\/p>\n\n\n\n<p>Nous sommes disponibles&nbsp;tous les jours 24h\/24 m\u00eame pendant les jours f\u00e9ri\u00e9s. Nos tarifs sont d\u00e9finis&nbsp; \u00e0 l\u2019avance. Ils sont fixes, transparents mais aussi comp\u00e9titifs.<\/p>\n\n\n\n<p>Venez choisir le meilleur sp\u00e9cialiste du transport \u00e0 <a href=\"https:\/\/www.fontainebleau-tourisme.com\/fr\/decouvrir-la-region\/\" target=\"_blank\" rel=\"noreferrer noopener\">Fontainebleau<\/a> pour toutes les destinations. Profitez d\u2019une exp\u00e9rience entre confort et discr\u00e9tion.<\/p>\n\n\n\n<p><a href=\"https:\/\/www.chauffeurtaxi91.fr\/\" target=\"_blank\" rel=\"noreferrer noopener\">Nos chauffeurs VTC<\/a> vous accueilleront \u00e0 n\u2019importe quel endroit \u00e0 Fontainebleau et vous proposez des prestations \u00ab&nbsp;door-to-door&nbsp;\u00bb pour tous vos d\u00e9placements. Ils feront de leur mieux pour que votre transfert se d\u00e9roule dans les meilleures conditions.<\/p>\n\n\n\n<p>Avec HL Transport vous disposez&nbsp;:<\/p>\n\n\n\n<ul class=\"wp-block-list\"><li>D\u2019un service confortable&nbsp;;<\/li><li>D\u2019une attente sans stresse&nbsp;;<\/li><li>D\u2019une annulation gratuite \u00e0 3h \u00e0 l\u2019avance<\/li><li>D\u2019une plateforme de gestion de r\u00e9servations.<\/li><\/ul>\n\n\n\n<h2 class=\"wp-block-heading\" id=\"reservez-votre-chauffeur-vtc-et-gardez-votre-esprit-tranquille\">R\u00e9servez votre chauffeur VTC et gardez votre esprit tranquille<\/h2>\n\n\n\n<p>HL Transport met toute son attention et ses efforts \u00e0 vous offrir des services au confort optimal. Avec nous vous \u00eates garantie de&nbsp;:<\/p>\n\n\n\n<ul class=\"wp-block-list\"><li>Un service de transport de qualit\u00e9 sup\u00e9rieure&nbsp;;<\/li><li>Une soci\u00e9t\u00e9, souci de votre confort&nbsp;;<\/li><li>Un r\u00e9seau de chauffeurs disponibles et \u00e0 votre \u00e9coute&nbsp;;<\/li><li>Une r\u00e9servation simple en quelques clics&nbsp;;<\/li><li>Des \u00e9quipements en option en cas de besoin&nbsp;;<\/li><li>Des v\u00e9hicules hauts de gammes et bien \u00e9quip\u00e9s&nbsp;;<\/li><li>Prise en charge de tous vos bagages&nbsp;;<\/li><li>Possibilit\u00e9 de r\u00e9server un v\u00e9hicule selon le nombre des passagers&nbsp;;<\/li><li>Une large gamme de services de transport personnalis\u00e9s et sur mesure&nbsp;;<\/li><li>Une tarification souple et sans surprises&nbsp;;<\/li><li>Un service de transport qui couvre toute la r\u00e9gion de Fontainebleau&nbsp;;<\/li><li>Un devis gratuit et sans engagement&nbsp;;<\/li><\/ul>\n\n\n\n<p>Venez r\u00e9servez votre taxi ou votre chauffeur VTC et vous serez ravis de voyager avec nous. Nous sommes \u00e0 votre \u00e9coute, n\u2019h\u00e9sitez pas \u00e0 nous contacter \u00e0 n\u2019importe quel moment de la journ\u00e9e via la <a href=\"tel:0668824129\" target=\"_blank\" rel=\"noreferrer noopener\">ligne t\u00e9l\u00e9phonique<\/a>  pour profiter de nos conseils et d\u2019un devis gratuit.<\/p>\n\n\n\n<div class=\"wp-block-columns is-layout-flex wp-container-core-columns-is-layout-9d6595d7 wp-block-columns-is-layout-flex\">\n<div class=\"wp-block-column is-layout-flow wp-block-column-is-layout-flow\">\n<figure class=\"wp-block-image size-full\"><img loading=\"lazy\" decoding=\"async\" width=\"1024\" height=\"672\" src=\"https:\/\/www.chauffeurtaxi91.fr\/wp-content\/uploads\/2022\/02\/Fontainebleau-c-bon-min.jpg\" alt=\"VTC Fontainebleau\" class=\"wp-image-800\" srcset=\"https:\/\/www.chauffeurtaxi91.fr\/wp-content\/uploads\/2022\/02\/Fontainebleau-c-bon-min.jpg 1024w, https:\/\/www.chauffeurtaxi91.fr\/wp-content\/uploads\/2022\/02\/Fontainebleau-c-bon-min-980x643.jpg 980w, https:\/\/www.chauffeurtaxi91.fr\/wp-content\/uploads\/2022\/02\/Fontainebleau-c-bon-min-480x315.jpg 480w\" sizes=\"auto, (min-width: 0px) and (max-width: 480px) 480px, (min-width: 481px) and (max-width: 980px) 980px, (min-width: 981px) 1024px, 100vw\" \/><\/figure>\n<\/div>\n\n\n\n<div class=\"wp-block-column is-layout-flow wp-block-column-is-layout-flow\">\n<iframe src=\"https:\/\/www.google.com\/maps\/embed?pb=!1m18!1m12!1m3!1d84726.97810788454!2d2.611704346838939!3d48.42355674808308!2m3!1f0!2f0!3f0!3m2!1i1024!2i768!4f13.1!3m3!1m2!1s0x47e5f38bf6baad81%3A0x40b82c3688c5a90!2s77300%20Fontainebleau%2C%20France!5e0!3m2!1sfr!2stn!4v1645525444624!5m2!1sfr!2stn\" width=\"600\" height=\"300\" style=\"border:0;\" allowfullscreen=\"\" loading=\"lazy\"><\/iframe>\n<\/div>\n<\/div>\n","protected":false},"excerpt":{"rendered":"<p>Vous \u00eates \u00e0 la recherche d\u2019un taxi ou d\u2019un chauffeur VTC ou d\u2019un chauffeur &nbsp;priv\u00e9 de grande remise ? HL Transport vous propose une liste de prestations sur mesure avec une qualit\u00e9 in\u00e9galable garantie. Nous assurerons votre transfert dans toute la r\u00e9gion de Fontainebleau (circuit touristique, gare, a\u00e9roport, mise \u00e0 disposition, circuits touristiques, etc. Nos [&hellip;]<\/p>\n","protected":false},"author":1,"featured_media":0,"parent":0,"menu_order":0,"comment_status":"closed","ping_status":"closed","template":"","meta":{"_et_pb_use_builder":"","_et_pb_old_content":"","_et_gb_content_width":"","footnotes":""},"class_list":["post-797","page","type-page","status-publish","hentry"],"yoast_head":"<!-- This site is optimized with the Yoast SEO plugin v27.4 - https:\/\/yoast.com\/product\/yoast-seo-wordpress\/ -->\n<title>VTC Fontainebleau, r\u00e9servation chauffeur priv\u00e9 en ligne, taxi priv\u00e9.<\/title>\n<meta name=\"description\" content=\"HL Transport, la meilleur soci\u00e9t\u00e9 du service de transport a Fontainebleau, Confort, rapidit\u00e9 et et des chauffeurs professionnels.\" \/>\n<meta name=\"robots\" content=\"index, follow, max-snippet:-1, max-image-preview:large, max-video-preview:-1\" \/>\n<link rel=\"canonical\" href=\"https:\/\/www.chauffeurtaxi91.fr\/fr\/vtc-fontainebleau\/\" \/>\n<meta property=\"og:locale\" content=\"fr_FR\" \/>\n<meta property=\"og:type\" content=\"article\" \/>\n<meta property=\"og:title\" content=\"VTC Fontainebleau, r\u00e9servation chauffeur priv\u00e9 en ligne, taxi priv\u00e9.\" \/>\n<meta property=\"og:description\" content=\"HL Transport, la meilleur soci\u00e9t\u00e9 du service de transport a Fontainebleau, Confort, rapidit\u00e9 et et des chauffeurs professionnels.\" \/>\n<meta property=\"og:url\" content=\"https:\/\/www.chauffeurtaxi91.fr\/fr\/vtc-fontainebleau\/\" \/>\n<meta property=\"og:site_name\" content=\"Chauffeur Taxi | \u00cele-de-France | Essonne (91) &amp; Seine-et-marne (77)\" \/>\n<meta property=\"article:modified_time\" content=\"2022-02-22T15:44:08+00:00\" \/>\n<meta property=\"og:image\" content=\"https:\/\/www.chauffeurtaxi91.fr\/wp-content\/uploads\/2022\/02\/Fontainebleau-c-bon-min.jpg\" \/>\n<meta name=\"twitter:card\" content=\"summary_large_image\" \/>\n<meta name=\"twitter:label1\" content=\"Dur\u00e9e de lecture estim\u00e9e\" \/>\n\t<meta name=\"twitter:data1\" content=\"3 minutes\" \/>\n<script type=\"application\/ld+json\" class=\"yoast-schema-graph\">{\"@context\":\"https:\\\/\\\/schema.org\",\"@graph\":[{\"@type\":\"WebPage\",\"@id\":\"https:\\\/\\\/www.chauffeurtaxi91.fr\\\/vtc-fontainebleau\\\/\",\"url\":\"https:\\\/\\\/www.chauffeurtaxi91.fr\\\/vtc-fontainebleau\\\/\",\"name\":\"VTC Fontainebleau, r\u00e9servation chauffeur priv\u00e9 en ligne, taxi priv\u00e9.\",\"isPartOf\":{\"@id\":\"https:\\\/\\\/www.chauffeurtaxi91.fr\\\/#website\"},\"primaryImageOfPage\":{\"@id\":\"https:\\\/\\\/www.chauffeurtaxi91.fr\\\/vtc-fontainebleau\\\/#primaryimage\"},\"image\":{\"@id\":\"https:\\\/\\\/www.chauffeurtaxi91.fr\\\/vtc-fontainebleau\\\/#primaryimage\"},\"thumbnailUrl\":\"https:\\\/\\\/www.chauffeurtaxi91.fr\\\/wp-content\\\/uploads\\\/2022\\\/02\\\/Fontainebleau-c-bon-min.jpg\",\"datePublished\":\"2022-02-22T10:22:14+00:00\",\"dateModified\":\"2022-02-22T15:44:08+00:00\",\"description\":\"HL Transport, la meilleur soci\u00e9t\u00e9 du service de transport a Fontainebleau, Confort, rapidit\u00e9 et et des chauffeurs professionnels.\",\"breadcrumb\":{\"@id\":\"https:\\\/\\\/www.chauffeurtaxi91.fr\\\/vtc-fontainebleau\\\/#breadcrumb\"},\"inLanguage\":\"fr-FR\",\"potentialAction\":[{\"@type\":\"ReadAction\",\"target\":[\"https:\\\/\\\/www.chauffeurtaxi91.fr\\\/vtc-fontainebleau\\\/\"]}]},{\"@type\":\"ImageObject\",\"inLanguage\":\"fr-FR\",\"@id\":\"https:\\\/\\\/www.chauffeurtaxi91.fr\\\/vtc-fontainebleau\\\/#primaryimage\",\"url\":\"https:\\\/\\\/www.chauffeurtaxi91.fr\\\/wp-content\\\/uploads\\\/2022\\\/02\\\/Fontainebleau-c-bon-min.jpg\",\"contentUrl\":\"https:\\\/\\\/www.chauffeurtaxi91.fr\\\/wp-content\\\/uploads\\\/2022\\\/02\\\/Fontainebleau-c-bon-min.jpg\"},{\"@type\":\"BreadcrumbList\",\"@id\":\"https:\\\/\\\/www.chauffeurtaxi91.fr\\\/vtc-fontainebleau\\\/#breadcrumb\",\"itemListElement\":[{\"@type\":\"ListItem\",\"position\":1,\"name\":\"Accueil\",\"item\":\"https:\\\/\\\/www.chauffeurtaxi91.fr\\\/fr\\\/\"},{\"@type\":\"ListItem\",\"position\":2,\"name\":\"VTC Fontainebleau\"}]},{\"@type\":\"WebSite\",\"@id\":\"https:\\\/\\\/www.chauffeurtaxi91.fr\\\/#website\",\"url\":\"https:\\\/\\\/www.chauffeurtaxi91.fr\\\/\",\"name\":\"Chauffeur Taxi | \u00cele-de-France | Essonne (91) &amp; Seine-et-marne (77)\",\"description\":\"R\u00e9servez votre taxi | 24h\\\/24 7j\\\/7\",\"publisher\":{\"@id\":\"https:\\\/\\\/www.chauffeurtaxi91.fr\\\/#organization\"},\"potentialAction\":[{\"@type\":\"SearchAction\",\"target\":{\"@type\":\"EntryPoint\",\"urlTemplate\":\"https:\\\/\\\/www.chauffeurtaxi91.fr\\\/?s={search_term_string}\"},\"query-input\":{\"@type\":\"PropertyValueSpecification\",\"valueRequired\":true,\"valueName\":\"search_term_string\"}}],\"inLanguage\":\"fr-FR\"},{\"@type\":\"Organization\",\"@id\":\"https:\\\/\\\/www.chauffeurtaxi91.fr\\\/#organization\",\"name\":\"HL TRANSPORT\",\"url\":\"https:\\\/\\\/www.chauffeurtaxi91.fr\\\/\",\"logo\":{\"@type\":\"ImageObject\",\"inLanguage\":\"fr-FR\",\"@id\":\"https:\\\/\\\/www.chauffeurtaxi91.fr\\\/#\\\/schema\\\/logo\\\/image\\\/\",\"url\":\"https:\\\/\\\/chauffeurtaxi91.fr\\\/wp-content\\\/uploads\\\/2021\\\/07\\\/cropped-4eec4f87-4fce-4ff6-bbdf-932a1b0f000e-1.jpg\",\"contentUrl\":\"https:\\\/\\\/chauffeurtaxi91.fr\\\/wp-content\\\/uploads\\\/2021\\\/07\\\/cropped-4eec4f87-4fce-4ff6-bbdf-932a1b0f000e-1.jpg\",\"width\":512,\"height\":512,\"caption\":\"HL TRANSPORT\"},\"image\":{\"@id\":\"https:\\\/\\\/www.chauffeurtaxi91.fr\\\/#\\\/schema\\\/logo\\\/image\\\/\"}}]}<\/script>\n<!-- \/ Yoast SEO plugin. -->","yoast_head_json":{"title":"VTC Fontainebleau, r\u00e9servation chauffeur priv\u00e9 en ligne, taxi priv\u00e9.","description":"HL Transport, la meilleur soci\u00e9t\u00e9 du service de transport a Fontainebleau, Confort, rapidit\u00e9 et et des chauffeurs professionnels.","robots":{"index":"index","follow":"follow","max-snippet":"max-snippet:-1","max-image-preview":"max-image-preview:large","max-video-preview":"max-video-preview:-1"},"canonical":"https:\/\/www.chauffeurtaxi91.fr\/fr\/vtc-fontainebleau\/","og_locale":"fr_FR","og_type":"article","og_title":"VTC Fontainebleau, r\u00e9servation chauffeur priv\u00e9 en ligne, taxi priv\u00e9.","og_description":"HL Transport, la meilleur soci\u00e9t\u00e9 du service de transport a Fontainebleau, Confort, rapidit\u00e9 et et des chauffeurs professionnels.","og_url":"https:\/\/www.chauffeurtaxi91.fr\/fr\/vtc-fontainebleau\/","og_site_name":"Chauffeur Taxi | \u00cele-de-France | Essonne (91) &amp; Seine-et-marne (77)","article_modified_time":"2022-02-22T15:44:08+00:00","og_image":[{"url":"https:\/\/www.chauffeurtaxi91.fr\/wp-content\/uploads\/2022\/02\/Fontainebleau-c-bon-min.jpg","type":"","width":"","height":""}],"twitter_card":"summary_large_image","twitter_misc":{"Dur\u00e9e de lecture estim\u00e9e":"3 minutes"},"schema":{"@context":"https:\/\/schema.org","@graph":[{"@type":"WebPage","@id":"https:\/\/www.chauffeurtaxi91.fr\/vtc-fontainebleau\/","url":"https:\/\/www.chauffeurtaxi91.fr\/vtc-fontainebleau\/","name":"VTC Fontainebleau, r\u00e9servation chauffeur priv\u00e9 en ligne, taxi priv\u00e9.","isPartOf":{"@id":"https:\/\/www.chauffeurtaxi91.fr\/#website"},"primaryImageOfPage":{"@id":"https:\/\/www.chauffeurtaxi91.fr\/vtc-fontainebleau\/#primaryimage"},"image":{"@id":"https:\/\/www.chauffeurtaxi91.fr\/vtc-fontainebleau\/#primaryimage"},"thumbnailUrl":"https:\/\/www.chauffeurtaxi91.fr\/wp-content\/uploads\/2022\/02\/Fontainebleau-c-bon-min.jpg","datePublished":"2022-02-22T10:22:14+00:00","dateModified":"2022-02-22T15:44:08+00:00","description":"HL Transport, la meilleur soci\u00e9t\u00e9 du service de transport a Fontainebleau, Confort, rapidit\u00e9 et et des chauffeurs professionnels.","breadcrumb":{"@id":"https:\/\/www.chauffeurtaxi91.fr\/vtc-fontainebleau\/#breadcrumb"},"inLanguage":"fr-FR","potentialAction":[{"@type":"ReadAction","target":["https:\/\/www.chauffeurtaxi91.fr\/vtc-fontainebleau\/"]}]},{"@type":"ImageObject","inLanguage":"fr-FR","@id":"https:\/\/www.chauffeurtaxi91.fr\/vtc-fontainebleau\/#primaryimage","url":"https:\/\/www.chauffeurtaxi91.fr\/wp-content\/uploads\/2022\/02\/Fontainebleau-c-bon-min.jpg","contentUrl":"https:\/\/www.chauffeurtaxi91.fr\/wp-content\/uploads\/2022\/02\/Fontainebleau-c-bon-min.jpg"},{"@type":"BreadcrumbList","@id":"https:\/\/www.chauffeurtaxi91.fr\/vtc-fontainebleau\/#breadcrumb","itemListElement":[{"@type":"ListItem","position":1,"name":"Accueil","item":"https:\/\/www.chauffeurtaxi91.fr\/fr\/"},{"@type":"ListItem","position":2,"name":"VTC Fontainebleau"}]},{"@type":"WebSite","@id":"https:\/\/www.chauffeurtaxi91.fr\/#website","url":"https:\/\/www.chauffeurtaxi91.fr\/","name":"Chauffeur Taxi | \u00cele-de-France | Essonne (91) &amp; Seine-et-marne (77)","description":"R\u00e9servez votre taxi | 24h\/24 7j\/7","publisher":{"@id":"https:\/\/www.chauffeurtaxi91.fr\/#organization"},"potentialAction":[{"@type":"SearchAction","target":{"@type":"EntryPoint","urlTemplate":"https:\/\/www.chauffeurtaxi91.fr\/?s={search_term_string}"},"query-input":{"@type":"PropertyValueSpecification","valueRequired":true,"valueName":"search_term_string"}}],"inLanguage":"fr-FR"},{"@type":"Organization","@id":"https:\/\/www.chauffeurtaxi91.fr\/#organization","name":"HL TRANSPORT","url":"https:\/\/www.chauffeurtaxi91.fr\/","logo":{"@type":"ImageObject","inLanguage":"fr-FR","@id":"https:\/\/www.chauffeurtaxi91.fr\/#\/schema\/logo\/image\/","url":"https:\/\/chauffeurtaxi91.fr\/wp-content\/uploads\/2021\/07\/cropped-4eec4f87-4fce-4ff6-bbdf-932a1b0f000e-1.jpg","contentUrl":"https:\/\/chauffeurtaxi91.fr\/wp-content\/uploads\/2021\/07\/cropped-4eec4f87-4fce-4ff6-bbdf-932a1b0f000e-1.jpg","width":512,"height":512,"caption":"HL TRANSPORT"},"image":{"@id":"https:\/\/www.chauffeurtaxi91.fr\/#\/schema\/logo\/image\/"}}]}},"_links":{"self":[{"href":"https:\/\/www.chauffeurtaxi91.fr\/fr\/wp-json\/wp\/v2\/pages\/797","targetHints":{"allow":["GET"]}}],"collection":[{"href":"https:\/\/www.chauffeurtaxi91.fr\/fr\/wp-json\/wp\/v2\/pages"}],"about":[{"href":"https:\/\/www.chauffeurtaxi91.fr\/fr\/wp-json\/wp\/v2\/types\/page"}],"author":[{"embeddable":true,"href":"https:\/\/www.chauffeurtaxi91.fr\/fr\/wp-json\/wp\/v2\/users\/1"}],"replies":[{"embeddable":true,"href":"https:\/\/www.chauffeurtaxi91.fr\/fr\/wp-json\/wp\/v2\/comments?post=797"}],"version-history":[{"count":0,"href":"https:\/\/www.chauffeurtaxi91.fr\/fr\/wp-json\/wp\/v2\/pages\/797\/revisions"}],"wp:attachment":[{"href":"https:\/\/www.chauffeurtaxi91.fr\/fr\/wp-json\/wp\/v2\/media?parent=797"}],"curies":[{"name":"wp","href":"https:\/\/api.w.org\/{rel}","templated":true}]}}