{"id":811,"date":"2022-02-22T12:36:35","date_gmt":"2022-02-22T11:36:35","guid":{"rendered":"https:\/\/www.chauffeurtaxi91.fr\/?page_id=811"},"modified":"2022-02-22T13:05:49","modified_gmt":"2022-02-22T12:05:49","slug":"vtc-ozoir-la-ferriere","status":"publish","type":"page","link":"https:\/\/www.chauffeurtaxi91.fr\/fr\/vtc-ozoir-la-ferriere\/","title":{"rendered":"VTC Ozoir-la-ferri\u00e8re"},"content":{"rendered":"\n<p>Notre service sur r\u00e9servation est dynamique et toujours actif vous pouvez choisir les options (nombre de passagers, nombre d\u2019enfants, bagages,\u2026) qui vous conviennent parfaitement et qui r\u00e9pondent parfaitement \u00e0 vos envies.<\/p>\n\n\n\n<p>Notre parc est compos\u00e9 de v\u00e9hicules r\u00e9centes et confortables de type&nbsp;BERLINE&nbsp;et&nbsp;VAN. Elles sont conduites par des chauffeurs professionnels et agr\u00e9\u00e9s. Nos services couvrent toute la r\u00e9gion d\u2019Ozoir-la-Ferri\u00e8re. Venez profiter d\u2019un service haut de gamme avec de nombreux services \u00e0 bord.<\/p>\n\n\n\n<p>Des chauffeurs professionnels et une flotte de v\u00e9hicules confortable \u00e0 votre disposition !<\/p>\n\n\n\n<p>Que vous souhaitiez visiter un parc de loisir, des monuments historiques ou des centres commerciaux&nbsp;: <a href=\"https:\/\/www.chauffeurtaxi91.fr\/reservation-chauffeur-taxi\/\" target=\"_blank\" rel=\"noreferrer noopener\">il suffit de r\u00e9server&nbsp;un chauffeur VTC<\/a> pour que vous vous sentiez calme mais aussi collectionn\u00e9. Nous mettions \u00e0 votre disposition trois cat\u00e9gories de v\u00e9hicules (berline, van et minibus), c\u2019est \u00e0 vous de choisir la bonne voiture qui r\u00e9pond \u00e0 vos besoins et qui s\u2019adapte parfaitement \u00e0 votre budgets de voyage.<\/p>\n\n\n\n<p id=\"prix-tout-compris-avec-hl-transport-vous-profitiez-des-tarifs-transparents-et-tout-compris-que-vous-pouvez-confirmes-avant-la-reservation\">\u00b7&nbsp;&nbsp;&nbsp;&nbsp;&nbsp;&nbsp;&nbsp;&nbsp; Prix tout compris&nbsp;: <a href=\"https:\/\/www.chauffeurtaxi91.fr\/\" target=\"_blank\" rel=\"noreferrer noopener\">avec HL Transport vous profitiez des tarifs transparents<\/a> et tout compris que vous pouvez confirm\u00e9s avant la r\u00e9servation.<\/p>\n\n\n\n<p id=\"transferts-aeroport-sans-heurts-les-chauffeurs-de-notre-societe-assure-la-suivi-de-votre-vol-et-avec-eux-vous-detendez-vous-avec-toute-une-1h-d-attente-gratuite\">\u00b7&nbsp;&nbsp;&nbsp;&nbsp;&nbsp;&nbsp;&nbsp;&nbsp; Transferts a\u00e9roport sans heurts&nbsp;: les chauffeurs de notre soci\u00e9t\u00e9 assure la suivi de votre vol et avec eux vous d\u00e9tendez-vous avec toute une 1h d&rsquo;attente gratuite.<\/p>\n\n\n\n<p id=\"flexibilite-nous-offrons-des-services-de-transport-flexibles-il-est-facile-et-rapide-de-modifier-votre-course-ou-de-l-annuler\">\u00b7&nbsp;&nbsp;&nbsp;&nbsp;&nbsp;&nbsp;&nbsp;&nbsp; Flexibilit\u00e9&nbsp;: nous offrons des services de transport flexibles. Il est facile et rapide de modifier votre course ou de l\u2019annuler.<\/p>\n\n\n\n<p id=\"une-grande-expertise-dans-le-domaine-notre-equipe-dispose-d-un-grand-savoir-faire-et-d-une-grande-experience-dans-le-domaine-pour-rendre-votre-deplacement-souple-et-confortable\">\u00b7&nbsp;&nbsp;&nbsp;&nbsp;&nbsp;&nbsp;&nbsp;&nbsp; Une grande expertise dans le domaine&nbsp;: notre \u00e9quipe dispose d\u2019un grand savoir-faire et d\u2019une grande exp\u00e9rience dans le domaine pour rendre votre d\u00e9placement souple et confortable. <a><\/a><\/p>\n\n\n\n<p id=\"large-disponibilite-nos-chauffeurs-sont-largement-disponibles-pour-repondre-a-tous-vos-besoins-en-matiere-de-deplacement\">\u00b7&nbsp;&nbsp;&nbsp;&nbsp;&nbsp;&nbsp;&nbsp;&nbsp; Large disponibilit\u00e9&nbsp;: nos chauffeurs sont largement disponibles pour r\u00e9pondre \u00e0 tous vos besoins en mati\u00e8re de d\u00e9placement.<\/p>\n\n\n\n<p id=\"des-equipements-en-option-a-bord-nous-proposons-plusieurs-equipements-a-bord-siege-auto-friandises-eau-connexion-wifi-pour-vous-apporter-un-maximum-de-confortabilite\">\u00b7&nbsp;&nbsp;&nbsp;&nbsp;&nbsp;&nbsp;&nbsp;&nbsp; Des \u00e9quipements en option \u00e0 bord&nbsp;: nous proposons plusieurs \u00e9quipements \u00e0 bord (si\u00e8ge auto, friandises, eau, connexion WIFI,\u2026) pour vous apporter un maximum de confortabilit\u00e9.<\/p>\n\n\n\n<p id=\"une-large-gamme-de-vehicules-nous-mettons-a-votre-disposition-une-large-gamme-de-vehicules-pour-que-vous-puissiez-selectionner-celui-qui-correspond-parfaitement-a-vos-besoins\">\u00b7&nbsp;&nbsp;&nbsp;&nbsp;&nbsp;&nbsp;&nbsp;&nbsp; Une large gamme de v\u00e9hicules&nbsp;: nous mettons \u00e0 votre disposition une large gamme de v\u00e9hicules pour que vous puissiez s\u00e9lectionner celui qui correspond parfaitement \u00e0 vos besoins.&nbsp;<\/p>\n\n\n\n<p id=\"sentiment-de-vip-nos-chauffeurs-sont-qualifies-et-elegants-ils-assureront-votre-deplacement-en-voitures-luxueuses\">\u00b7&nbsp;&nbsp;&nbsp;&nbsp;&nbsp;&nbsp;&nbsp;&nbsp; Sentiment de VIP&nbsp;: Nos chauffeurs sont qualifi\u00e9s et \u00e9l\u00e9gants, ils assureront votre d\u00e9placement en voitures luxueuses.<\/p>\n\n\n\n<p>Notre service de transport rendra votre vie tr\u00e8s facile. Il est possible de r\u00e9server votre chauffeur VTC plusieurs mois \u00e0 l&rsquo;avance. Avec nous, vous pouvez jouir votre voyage sans faille depuis l&rsquo;a\u00e9roport ou la gare. Nous vous accueillerons imm\u00e9diatement \u00e0 la porte et vous serez assist\u00e9 avec vos accompagnons et vos bagages. En ce qui concerne, les retards occasionn\u00e9s dans les vols ne sont plus pr\u00e9occupants pour nos clients, car tous nos&nbsp;transferts comprennent 1h d&rsquo;attente gratuite.<\/p>\n\n\n\n<p>N\u2019h\u00e9sitez pas \u00e0 r\u00e9server votre chauffeur VTC d\u00e8s aujourd\u2019hui, c\u2019est facile et se fait en quelques petits clics via notre application ou via notre site web ou sur <a href=\"https:\/\/wa.me\/33668824129\" target=\"_blank\" rel=\"noreferrer noopener\">le whatsapp<\/a>.<\/p>\n\n\n\n<p>Aussi, n\u2019h\u00e9sitez pas \u00e0 nous faire parvenir tous les d\u00e9tails pour que nous puissions vous orienter vers le meilleur moyen de transport qui rend votre d\u00e9placement facile.<\/p>\n\n\n\n<p>Nos taxis ainsi que nos chauffeurs VTC sont joignables tous les jours m\u00eame pendant les weekends et les jours f\u00e9ri\u00e9s. Ils sont \u00e0 votre \u00e9coute, n\u2019h\u00e9sitez pas \u00e0 les contacter \u00e0 n\u2019importe quel moment de la journ\u00e9e pour profiter de leur expertise dans le domaine de transport.<\/p>\n\n\n\n<div class=\"wp-block-columns is-layout-flex wp-container-core-columns-is-layout-9d6595d7 wp-block-columns-is-layout-flex\">\n<div class=\"wp-block-column is-layout-flow wp-block-column-is-layout-flow\">\n<figure class=\"wp-block-image size-full\"><img loading=\"lazy\" decoding=\"async\" width=\"640\" height=\"427\" src=\"https:\/\/www.chauffeurtaxi91.fr\/wp-content\/uploads\/2022\/02\/Ozoir-la-ferriere-c-bon-min.jpg\" alt=\"VTC Ozoir-la-ferri\u00e8re\" class=\"wp-image-830\" srcset=\"https:\/\/www.chauffeurtaxi91.fr\/wp-content\/uploads\/2022\/02\/Ozoir-la-ferriere-c-bon-min.jpg 640w, https:\/\/www.chauffeurtaxi91.fr\/wp-content\/uploads\/2022\/02\/Ozoir-la-ferriere-c-bon-min-480x320.jpg 480w\" sizes=\"auto, (min-width: 0px) and (max-width: 480px) 480px, (min-width: 481px) 640px, 100vw\" \/><\/figure>\n<\/div>\n\n\n\n<div class=\"wp-block-column is-layout-flow wp-block-column-is-layout-flow\">\n<iframe src=\"https:\/\/www.google.com\/maps\/embed?pb=!1m18!1m12!1m3!1d21039.860051761043!2d2.657775920350308!3d48.76313037379355!2m3!1f0!2f0!3f0!3m2!1i1024!2i768!4f13.1!3m3!1m2!1s0x47e605d55a9d71f5%3A0xa06bbe0e725acbf0!2sOzoir-la-Ferri%C3%A8re%2C%20France!5e0!3m2!1sfr!2stn!4v1645530619272!5m2!1sfr!2stn\" width=\"600\" height=\"300\" style=\"border:0;\" allowfullscreen=\"\" loading=\"lazy\"><\/iframe>\n<\/div>\n<\/div>\n","protected":false},"excerpt":{"rendered":"<p>Notre service sur r\u00e9servation est dynamique et toujours actif vous pouvez choisir les options (nombre de passagers, nombre d\u2019enfants, bagages,\u2026) qui vous conviennent parfaitement et qui r\u00e9pondent parfaitement \u00e0 vos envies. Notre parc est compos\u00e9 de v\u00e9hicules r\u00e9centes et confortables de type&nbsp;BERLINE&nbsp;et&nbsp;VAN. Elles sont conduites par des chauffeurs professionnels et agr\u00e9\u00e9s. Nos services couvrent toute [&hellip;]<\/p>\n","protected":false},"author":1,"featured_media":0,"parent":0,"menu_order":0,"comment_status":"closed","ping_status":"closed","template":"","meta":{"_et_pb_use_builder":"","_et_pb_old_content":"","_et_gb_content_width":"","footnotes":""},"class_list":["post-811","page","type-page","status-publish","hentry"],"yoast_head":"<!-- This site is optimized with the Yoast SEO plugin v27.4 - https:\/\/yoast.com\/product\/yoast-seo-wordpress\/ -->\n<title>VTC Ozoir-la-ferri\u00e8re service sur r\u00e9servation, dynamique et toujours actif.<\/title>\n<meta name=\"description\" content=\"HL Transport vous offre des VTC \u00e0 Ozoir-la-ferri\u00e8re, avec seulement un clic vous pouvez r\u00e9server un VTC qualifi\u00e9s et professionnel.\" \/>\n<meta name=\"robots\" content=\"index, follow, max-snippet:-1, max-image-preview:large, max-video-preview:-1\" \/>\n<link rel=\"canonical\" href=\"https:\/\/www.chauffeurtaxi91.fr\/fr\/vtc-ozoir-la-ferriere\/\" \/>\n<meta property=\"og:locale\" content=\"fr_FR\" \/>\n<meta property=\"og:type\" content=\"article\" \/>\n<meta property=\"og:title\" content=\"VTC Ozoir-la-ferri\u00e8re service sur r\u00e9servation, dynamique et toujours actif.\" \/>\n<meta property=\"og:description\" content=\"HL Transport vous offre des VTC \u00e0 Ozoir-la-ferri\u00e8re, avec seulement un clic vous pouvez r\u00e9server un VTC qualifi\u00e9s et professionnel.\" \/>\n<meta property=\"og:url\" content=\"https:\/\/www.chauffeurtaxi91.fr\/fr\/vtc-ozoir-la-ferriere\/\" \/>\n<meta property=\"og:site_name\" content=\"Chauffeur Taxi | \u00cele-de-France | Essonne (91) &amp; Seine-et-marne (77)\" \/>\n<meta property=\"article:modified_time\" content=\"2022-02-22T12:05:49+00:00\" \/>\n<meta property=\"og:image\" content=\"https:\/\/www.chauffeurtaxi91.fr\/wp-content\/uploads\/2022\/02\/Ozoir-la-ferriere-c-bon-min.jpg\" \/>\n<meta name=\"twitter:card\" content=\"summary_large_image\" \/>\n<meta name=\"twitter:label1\" content=\"Dur\u00e9e de lecture estim\u00e9e\" \/>\n\t<meta name=\"twitter:data1\" content=\"3 minutes\" \/>\n<script type=\"application\/ld+json\" class=\"yoast-schema-graph\">{\"@context\":\"https:\\\/\\\/schema.org\",\"@graph\":[{\"@type\":\"WebPage\",\"@id\":\"https:\\\/\\\/www.chauffeurtaxi91.fr\\\/vtc-ozoir-la-ferriere\\\/\",\"url\":\"https:\\\/\\\/www.chauffeurtaxi91.fr\\\/vtc-ozoir-la-ferriere\\\/\",\"name\":\"VTC Ozoir-la-ferri\u00e8re service sur r\u00e9servation, dynamique et toujours actif.\",\"isPartOf\":{\"@id\":\"https:\\\/\\\/www.chauffeurtaxi91.fr\\\/#website\"},\"primaryImageOfPage\":{\"@id\":\"https:\\\/\\\/www.chauffeurtaxi91.fr\\\/vtc-ozoir-la-ferriere\\\/#primaryimage\"},\"image\":{\"@id\":\"https:\\\/\\\/www.chauffeurtaxi91.fr\\\/vtc-ozoir-la-ferriere\\\/#primaryimage\"},\"thumbnailUrl\":\"https:\\\/\\\/www.chauffeurtaxi91.fr\\\/wp-content\\\/uploads\\\/2022\\\/02\\\/Ozoir-la-ferriere-c-bon-min.jpg\",\"datePublished\":\"2022-02-22T11:36:35+00:00\",\"dateModified\":\"2022-02-22T12:05:49+00:00\",\"description\":\"HL Transport vous offre des VTC \u00e0 Ozoir-la-ferri\u00e8re, avec seulement un clic vous pouvez r\u00e9server un VTC qualifi\u00e9s et professionnel.\",\"breadcrumb\":{\"@id\":\"https:\\\/\\\/www.chauffeurtaxi91.fr\\\/vtc-ozoir-la-ferriere\\\/#breadcrumb\"},\"inLanguage\":\"fr-FR\",\"potentialAction\":[{\"@type\":\"ReadAction\",\"target\":[\"https:\\\/\\\/www.chauffeurtaxi91.fr\\\/vtc-ozoir-la-ferriere\\\/\"]}]},{\"@type\":\"ImageObject\",\"inLanguage\":\"fr-FR\",\"@id\":\"https:\\\/\\\/www.chauffeurtaxi91.fr\\\/vtc-ozoir-la-ferriere\\\/#primaryimage\",\"url\":\"https:\\\/\\\/www.chauffeurtaxi91.fr\\\/wp-content\\\/uploads\\\/2022\\\/02\\\/Ozoir-la-ferriere-c-bon-min.jpg\",\"contentUrl\":\"https:\\\/\\\/www.chauffeurtaxi91.fr\\\/wp-content\\\/uploads\\\/2022\\\/02\\\/Ozoir-la-ferriere-c-bon-min.jpg\"},{\"@type\":\"BreadcrumbList\",\"@id\":\"https:\\\/\\\/www.chauffeurtaxi91.fr\\\/vtc-ozoir-la-ferriere\\\/#breadcrumb\",\"itemListElement\":[{\"@type\":\"ListItem\",\"position\":1,\"name\":\"Accueil\",\"item\":\"https:\\\/\\\/www.chauffeurtaxi91.fr\\\/fr\\\/\"},{\"@type\":\"ListItem\",\"position\":2,\"name\":\"VTC Ozoir-la-ferri\u00e8re\"}]},{\"@type\":\"WebSite\",\"@id\":\"https:\\\/\\\/www.chauffeurtaxi91.fr\\\/#website\",\"url\":\"https:\\\/\\\/www.chauffeurtaxi91.fr\\\/\",\"name\":\"Chauffeur Taxi | \u00cele-de-France | Essonne (91) &amp; Seine-et-marne (77)\",\"description\":\"R\u00e9servez votre taxi | 24h\\\/24 7j\\\/7\",\"publisher\":{\"@id\":\"https:\\\/\\\/www.chauffeurtaxi91.fr\\\/#organization\"},\"potentialAction\":[{\"@type\":\"SearchAction\",\"target\":{\"@type\":\"EntryPoint\",\"urlTemplate\":\"https:\\\/\\\/www.chauffeurtaxi91.fr\\\/?s={search_term_string}\"},\"query-input\":{\"@type\":\"PropertyValueSpecification\",\"valueRequired\":true,\"valueName\":\"search_term_string\"}}],\"inLanguage\":\"fr-FR\"},{\"@type\":\"Organization\",\"@id\":\"https:\\\/\\\/www.chauffeurtaxi91.fr\\\/#organization\",\"name\":\"HL TRANSPORT\",\"url\":\"https:\\\/\\\/www.chauffeurtaxi91.fr\\\/\",\"logo\":{\"@type\":\"ImageObject\",\"inLanguage\":\"fr-FR\",\"@id\":\"https:\\\/\\\/www.chauffeurtaxi91.fr\\\/#\\\/schema\\\/logo\\\/image\\\/\",\"url\":\"https:\\\/\\\/chauffeurtaxi91.fr\\\/wp-content\\\/uploads\\\/2021\\\/07\\\/cropped-4eec4f87-4fce-4ff6-bbdf-932a1b0f000e-1.jpg\",\"contentUrl\":\"https:\\\/\\\/chauffeurtaxi91.fr\\\/wp-content\\\/uploads\\\/2021\\\/07\\\/cropped-4eec4f87-4fce-4ff6-bbdf-932a1b0f000e-1.jpg\",\"width\":512,\"height\":512,\"caption\":\"HL TRANSPORT\"},\"image\":{\"@id\":\"https:\\\/\\\/www.chauffeurtaxi91.fr\\\/#\\\/schema\\\/logo\\\/image\\\/\"}}]}<\/script>\n<!-- \/ Yoast SEO plugin. -->","yoast_head_json":{"title":"VTC Ozoir-la-ferri\u00e8re service sur r\u00e9servation, dynamique et toujours actif.","description":"HL Transport vous offre des VTC \u00e0 Ozoir-la-ferri\u00e8re, avec seulement un clic vous pouvez r\u00e9server un VTC qualifi\u00e9s et professionnel.","robots":{"index":"index","follow":"follow","max-snippet":"max-snippet:-1","max-image-preview":"max-image-preview:large","max-video-preview":"max-video-preview:-1"},"canonical":"https:\/\/www.chauffeurtaxi91.fr\/fr\/vtc-ozoir-la-ferriere\/","og_locale":"fr_FR","og_type":"article","og_title":"VTC Ozoir-la-ferri\u00e8re service sur r\u00e9servation, dynamique et toujours actif.","og_description":"HL Transport vous offre des VTC \u00e0 Ozoir-la-ferri\u00e8re, avec seulement un clic vous pouvez r\u00e9server un VTC qualifi\u00e9s et professionnel.","og_url":"https:\/\/www.chauffeurtaxi91.fr\/fr\/vtc-ozoir-la-ferriere\/","og_site_name":"Chauffeur Taxi | \u00cele-de-France | Essonne (91) &amp; Seine-et-marne (77)","article_modified_time":"2022-02-22T12:05:49+00:00","og_image":[{"url":"https:\/\/www.chauffeurtaxi91.fr\/wp-content\/uploads\/2022\/02\/Ozoir-la-ferriere-c-bon-min.jpg","type":"","width":"","height":""}],"twitter_card":"summary_large_image","twitter_misc":{"Dur\u00e9e de lecture estim\u00e9e":"3 minutes"},"schema":{"@context":"https:\/\/schema.org","@graph":[{"@type":"WebPage","@id":"https:\/\/www.chauffeurtaxi91.fr\/vtc-ozoir-la-ferriere\/","url":"https:\/\/www.chauffeurtaxi91.fr\/vtc-ozoir-la-ferriere\/","name":"VTC Ozoir-la-ferri\u00e8re service sur r\u00e9servation, dynamique et toujours actif.","isPartOf":{"@id":"https:\/\/www.chauffeurtaxi91.fr\/#website"},"primaryImageOfPage":{"@id":"https:\/\/www.chauffeurtaxi91.fr\/vtc-ozoir-la-ferriere\/#primaryimage"},"image":{"@id":"https:\/\/www.chauffeurtaxi91.fr\/vtc-ozoir-la-ferriere\/#primaryimage"},"thumbnailUrl":"https:\/\/www.chauffeurtaxi91.fr\/wp-content\/uploads\/2022\/02\/Ozoir-la-ferriere-c-bon-min.jpg","datePublished":"2022-02-22T11:36:35+00:00","dateModified":"2022-02-22T12:05:49+00:00","description":"HL Transport vous offre des VTC \u00e0 Ozoir-la-ferri\u00e8re, avec seulement un clic vous pouvez r\u00e9server un VTC qualifi\u00e9s et professionnel.","breadcrumb":{"@id":"https:\/\/www.chauffeurtaxi91.fr\/vtc-ozoir-la-ferriere\/#breadcrumb"},"inLanguage":"fr-FR","potentialAction":[{"@type":"ReadAction","target":["https:\/\/www.chauffeurtaxi91.fr\/vtc-ozoir-la-ferriere\/"]}]},{"@type":"ImageObject","inLanguage":"fr-FR","@id":"https:\/\/www.chauffeurtaxi91.fr\/vtc-ozoir-la-ferriere\/#primaryimage","url":"https:\/\/www.chauffeurtaxi91.fr\/wp-content\/uploads\/2022\/02\/Ozoir-la-ferriere-c-bon-min.jpg","contentUrl":"https:\/\/www.chauffeurtaxi91.fr\/wp-content\/uploads\/2022\/02\/Ozoir-la-ferriere-c-bon-min.jpg"},{"@type":"BreadcrumbList","@id":"https:\/\/www.chauffeurtaxi91.fr\/vtc-ozoir-la-ferriere\/#breadcrumb","itemListElement":[{"@type":"ListItem","position":1,"name":"Accueil","item":"https:\/\/www.chauffeurtaxi91.fr\/fr\/"},{"@type":"ListItem","position":2,"name":"VTC Ozoir-la-ferri\u00e8re"}]},{"@type":"WebSite","@id":"https:\/\/www.chauffeurtaxi91.fr\/#website","url":"https:\/\/www.chauffeurtaxi91.fr\/","name":"Chauffeur Taxi | \u00cele-de-France | Essonne (91) &amp; Seine-et-marne (77)","description":"R\u00e9servez votre taxi | 24h\/24 7j\/7","publisher":{"@id":"https:\/\/www.chauffeurtaxi91.fr\/#organization"},"potentialAction":[{"@type":"SearchAction","target":{"@type":"EntryPoint","urlTemplate":"https:\/\/www.chauffeurtaxi91.fr\/?s={search_term_string}"},"query-input":{"@type":"PropertyValueSpecification","valueRequired":true,"valueName":"search_term_string"}}],"inLanguage":"fr-FR"},{"@type":"Organization","@id":"https:\/\/www.chauffeurtaxi91.fr\/#organization","name":"HL TRANSPORT","url":"https:\/\/www.chauffeurtaxi91.fr\/","logo":{"@type":"ImageObject","inLanguage":"fr-FR","@id":"https:\/\/www.chauffeurtaxi91.fr\/#\/schema\/logo\/image\/","url":"https:\/\/chauffeurtaxi91.fr\/wp-content\/uploads\/2021\/07\/cropped-4eec4f87-4fce-4ff6-bbdf-932a1b0f000e-1.jpg","contentUrl":"https:\/\/chauffeurtaxi91.fr\/wp-content\/uploads\/2021\/07\/cropped-4eec4f87-4fce-4ff6-bbdf-932a1b0f000e-1.jpg","width":512,"height":512,"caption":"HL TRANSPORT"},"image":{"@id":"https:\/\/www.chauffeurtaxi91.fr\/#\/schema\/logo\/image\/"}}]}},"_links":{"self":[{"href":"https:\/\/www.chauffeurtaxi91.fr\/fr\/wp-json\/wp\/v2\/pages\/811","targetHints":{"allow":["GET"]}}],"collection":[{"href":"https:\/\/www.chauffeurtaxi91.fr\/fr\/wp-json\/wp\/v2\/pages"}],"about":[{"href":"https:\/\/www.chauffeurtaxi91.fr\/fr\/wp-json\/wp\/v2\/types\/page"}],"author":[{"embeddable":true,"href":"https:\/\/www.chauffeurtaxi91.fr\/fr\/wp-json\/wp\/v2\/users\/1"}],"replies":[{"embeddable":true,"href":"https:\/\/www.chauffeurtaxi91.fr\/fr\/wp-json\/wp\/v2\/comments?post=811"}],"version-history":[{"count":0,"href":"https:\/\/www.chauffeurtaxi91.fr\/fr\/wp-json\/wp\/v2\/pages\/811\/revisions"}],"wp:attachment":[{"href":"https:\/\/www.chauffeurtaxi91.fr\/fr\/wp-json\/wp\/v2\/media?parent=811"}],"curies":[{"name":"wp","href":"https:\/\/api.w.org\/{rel}","templated":true}]}}