{"id":812,"date":"2022-02-22T11:49:58","date_gmt":"2022-02-22T10:49:58","guid":{"rendered":"https:\/\/www.chauffeurtaxi91.fr\/?page_id=812"},"modified":"2022-02-22T16:49:25","modified_gmt":"2022-02-22T15:49:25","slug":"vtc-roissy-en-brie","status":"publish","type":"page","link":"https:\/\/www.chauffeurtaxi91.fr\/fr\/vtc-roissy-en-brie\/","title":{"rendered":"VTC Roissy-en-Brie"},"content":{"rendered":"\n<p>Besoin d\u2019un taxi&nbsp;? Ou d\u2019un chauffeur VTC pour vos d\u00e9placements \u00e0 Roissy-en-Brie ? Notre soci\u00e9t\u00e9 HL Transport met \u00e0 votre disposition une large gamme d\u2019options avantageuses qui vous permettent de profiter d\u2019un d\u00e9placement impeccable et sans contraintes qui satisfait toutes vos attentes. &nbsp;<\/p>\n\n\n\n<p>Venez profiter de notre service de transport professionnel et vous allez s\u00fbrement l\u2019appr\u00e9cier. Vous pourriez choisir parmi les v\u00e9hicules et les chauffeurs VTC agr\u00e9\u00e9s que nous mettions \u00e0 votre disposition. Un accueil chaleureux est bien r\u00e9serv\u00e9 pour vous.<\/p>\n\n\n\n<h2 class=\"wp-block-heading\" id=\"un-chauffeur-professionnel-est-a-votre-service-une-fois-a-toulouse\">Un chauffeur professionnel est \u00e0 votre service une fois \u00e0 Toulouse<\/h2>\n\n\n\n<p>HL Transport vous offre la possibilit\u00e9 de choisir le bon service VTC sur mesure qui vous permet de profiter d\u2019un d\u00e9placement facile et confortable. Venez passer votre r\u00e9servation d\u00e9s l\u2019instant et b\u00e9n\u00e9ficier d\u2019un tarif attractif qui d\u00e9fit toute concurrence. Un&nbsp;chauffeur priv\u00e9 vous&nbsp; attend \u00e0 Roissy-en-Brie en berline, en van ou en d\u2019autres v\u00e9hicules confortables.<\/p>\n\n\n\n<p>Qu\u2019il s\u2019agit d\u2019un d\u00e9placement priv\u00e9 ou professionnel, <a href=\"https:\/\/www.chauffeurtaxi91.fr\/\" target=\"_blank\" rel=\"noreferrer noopener\">HL Transport<\/a> veille \u00e0 ce que vous profitiez d\u2019un d\u00e9placement plaisant \u00e0 bord d\u2019un v\u00e9hicule luxueux. La r\u00e9servation est simple et s\u2019effectue en quelques petits clics. Il suffit de remplir le formulaire de notre site en ligne ou de consulter notre application pour <a href=\"https:\/\/www.chauffeurtaxi91.fr\/reservation-chauffeur-taxi\/\" target=\"_blank\" rel=\"noreferrer noopener\">r\u00e9server votre taxi ou votre chauffeur priv\u00e9<\/a>.<\/p>\n\n\n\n<p>Une fois la commande est valid\u00e9e, nos chauffeurs sp\u00e9cialis\u00e9s vous joindront dans votre lieu de d\u00e9part et vous accompagneront en toute s\u00e9curit\u00e9 \u00e0 votre lieu d\u2019arriv\u00e9e. Ils sont en mesure de vous accompagner pour un mariage, une soir\u00e9e ou tout autre \u00e9v\u00e8nement important.<\/p>\n\n\n\n<h2 class=\"wp-block-heading\" id=\"beneficiez-du-confort-d-un-vtc-avec-hl-transport\">B\u00e9n\u00e9ficiez du confort d\u2019un VTC avec HL Transport<\/h2>\n\n\n\n<p>Avec HL Transport, vos courses seront des plus agr\u00e9ables et vous b\u00e9n\u00e9ficierez de plusieurs atouts&nbsp;:<\/p>\n\n\n\n<ul class=\"wp-block-list\"><li><strong>Des tarifs raisonnables&nbsp;: <\/strong>pour vos s\u00e9jours touristiques, pour votre transfert \u00e0 la gare ou \u00e0 l\u2019a\u00e9roport, notre entreprise propose des tarifs tr\u00e8s attractifs qui figurent parmi les meilleurs du march\u00e9. Ces derniers sont connus \u00e0 l\u2019avance pour \u00e9viter les malentendus par la suite.<\/li><li><strong>Des chauffeurs professionnels et discrets&nbsp;: <\/strong>avec nos chauffeurs priv\u00e9s votre vie sera plus souple avec les services multiples qu\u2019ils proposent (accompagnement pour des \u00e9v\u00e9nements professionnels et priv\u00e9s, accompagnement \u00e0 l\u2019a\u00e9roport, accompagnement \u00e0 la gare, etc.).<\/li><\/ul>\n\n\n\n<ul class=\"wp-block-list\"><li><strong>Service professionnel et \u00e0 la hauteur de toutes vos ambitions&nbsp;:<\/strong> depuis sa cr\u00e9ation notre soci\u00e9t\u00e9 propose des services de transport diversifi\u00e9s et de qualit\u00e9 pour r\u00e9pondre aux envies et aux besoins de tous ses clients. &nbsp;Nous avons l\u2019honneur de vous proposer &nbsp;un confort optimal tout en r\u00e9duisant votre stress.<\/li><\/ul>\n\n\n\n<ul class=\"wp-block-list\"><li><strong>V\u00e9hicule de votre choix&nbsp;:<\/strong> pour que vos d\u00e9placements se d\u00e9roulent \u00e0 merveille, nous vous proposons une large gamme de v\u00e9hicule (VAN, Berline, mini-bus,\u2026). C\u2019est \u00e0 vous choisir le v\u00e9hicule qui convient \u00e0 votre bagage et au nombre de vos compagnons.<\/li><\/ul>\n\n\n\n<ul class=\"wp-block-list\"><li><strong>Garantie Hygi\u00e8ne et Propret\u00e9 de nos VTC&nbsp;: <\/strong>notre soci\u00e9t\u00e9 accorde une grande attention \u00e0 la propret\u00e9 de ses v\u00e9hicules. Rassurez-vous tout sera mis en \u0153uvre pour vous garantir un environnement s\u00fbr et bien propre.<\/li><\/ul>\n\n\n\n<p>Nos chauffeurs sont disponible 24h\/24 et 7j\/7 pour accueillir toutes vos demandes. N\u2019h\u00e9sitez pas \u00e0 les contact\u00e9s via le <a href=\"tel:0668824129\" target=\"_blank\" rel=\"noreferrer noopener\">t\u00e9l\u00e9phone<\/a> pour leur d\u00e9crire tous vos besoins en mati\u00e8re de transport.<\/p>\n\n\n\n<div class=\"wp-block-columns is-layout-flex wp-container-core-columns-is-layout-9d6595d7 wp-block-columns-is-layout-flex\">\n<div class=\"wp-block-column is-layout-flow wp-block-column-is-layout-flow\">\n<figure class=\"wp-block-image size-full\"><img loading=\"lazy\" decoding=\"async\" width=\"903\" height=\"596\" src=\"https:\/\/www.chauffeurtaxi91.fr\/wp-content\/uploads\/2022\/02\/VTC-Roissy-en-Brie-c-bon-min.jpg\" alt=\"VTC Roissy-en-Brie\" class=\"wp-image-818\" srcset=\"https:\/\/www.chauffeurtaxi91.fr\/wp-content\/uploads\/2022\/02\/VTC-Roissy-en-Brie-c-bon-min.jpg 903w, https:\/\/www.chauffeurtaxi91.fr\/wp-content\/uploads\/2022\/02\/VTC-Roissy-en-Brie-c-bon-min-480x317.jpg 480w\" sizes=\"auto, (min-width: 0px) and (max-width: 480px) 480px, (min-width: 481px) 903px, 100vw\" \/><\/figure>\n<\/div>\n\n\n\n<div class=\"wp-block-column is-layout-flow wp-block-column-is-layout-flow\">\n<iframe src=\"https:\/\/www.google.com\/maps\/embed?pb=!1m18!1m12!1m3!1d42056.09810462343!2d2.6296827533237632!3d48.791318095794274!2m3!1f0!2f0!3f0!3m2!1i1024!2i768!4f13.1!3m3!1m2!1s0x47e605b9cd4f77cd%3A0x40b82c3688c4e50!2s77680%20Roissy-en-Brie%2C%20France!5e0!3m2!1sfr!2stn!4v1645528928474!5m2!1sfr!2stn\" width=\"600\" height=\"300\" style=\"border:0;\" allowfullscreen=\"\" loading=\"lazy\"><\/iframe>\n<\/div>\n<\/div>\n","protected":false},"excerpt":{"rendered":"<p>Besoin d\u2019un taxi&nbsp;? Ou d\u2019un chauffeur VTC pour vos d\u00e9placements \u00e0 Roissy-en-Brie ? Notre soci\u00e9t\u00e9 HL Transport met \u00e0 votre disposition une large gamme d\u2019options avantageuses qui vous permettent de profiter d\u2019un d\u00e9placement impeccable et sans contraintes qui satisfait toutes vos attentes. &nbsp; Venez profiter de notre service de transport professionnel et vous allez s\u00fbrement [&hellip;]<\/p>\n","protected":false},"author":1,"featured_media":0,"parent":0,"menu_order":0,"comment_status":"closed","ping_status":"closed","template":"","meta":{"_et_pb_use_builder":"","_et_pb_old_content":"","_et_gb_content_width":"","footnotes":""},"class_list":["post-812","page","type-page","status-publish","hentry"],"yoast_head":"<!-- This site is optimized with the Yoast SEO plugin v27.4 - https:\/\/yoast.com\/product\/yoast-seo-wordpress\/ -->\n<title>VTC Roissy-en-Brie, disponible 24h\/24 et 7j\/7.<\/title>\n<meta name=\"description\" content=\"HL Transport vous offre des VTC Roissy-en-Brie, n\u2019h\u00e9sitez pas a nous contacter a n&#039;importe quel moment de la journ\u00e9e.\" \/>\n<meta name=\"robots\" content=\"index, follow, max-snippet:-1, max-image-preview:large, max-video-preview:-1\" \/>\n<link rel=\"canonical\" href=\"https:\/\/www.chauffeurtaxi91.fr\/fr\/vtc-roissy-en-brie\/\" \/>\n<meta property=\"og:locale\" content=\"fr_FR\" \/>\n<meta property=\"og:type\" content=\"article\" \/>\n<meta property=\"og:title\" content=\"VTC Roissy-en-Brie, disponible 24h\/24 et 7j\/7.\" \/>\n<meta property=\"og:description\" content=\"HL Transport vous offre des VTC Roissy-en-Brie, n\u2019h\u00e9sitez pas a nous contacter a n&#039;importe quel moment de la journ\u00e9e.\" \/>\n<meta property=\"og:url\" content=\"https:\/\/www.chauffeurtaxi91.fr\/fr\/vtc-roissy-en-brie\/\" \/>\n<meta property=\"og:site_name\" content=\"Chauffeur Taxi | \u00cele-de-France | Essonne (91) &amp; Seine-et-marne (77)\" \/>\n<meta property=\"article:modified_time\" content=\"2022-02-22T15:49:25+00:00\" \/>\n<meta property=\"og:image\" content=\"https:\/\/www.chauffeurtaxi91.fr\/wp-content\/uploads\/2022\/02\/VTC-Roissy-en-Brie-c-bon-min.jpg\" \/>\n<meta name=\"twitter:card\" content=\"summary_large_image\" \/>\n<meta name=\"twitter:label1\" content=\"Dur\u00e9e de lecture estim\u00e9e\" \/>\n\t<meta name=\"twitter:data1\" content=\"3 minutes\" \/>\n<script type=\"application\/ld+json\" class=\"yoast-schema-graph\">{\"@context\":\"https:\\\/\\\/schema.org\",\"@graph\":[{\"@type\":\"WebPage\",\"@id\":\"https:\\\/\\\/www.chauffeurtaxi91.fr\\\/vtc-roissy-en-brie\\\/\",\"url\":\"https:\\\/\\\/www.chauffeurtaxi91.fr\\\/vtc-roissy-en-brie\\\/\",\"name\":\"VTC Roissy-en-Brie, disponible 24h\\\/24 et 7j\\\/7.\",\"isPartOf\":{\"@id\":\"https:\\\/\\\/www.chauffeurtaxi91.fr\\\/#website\"},\"primaryImageOfPage\":{\"@id\":\"https:\\\/\\\/www.chauffeurtaxi91.fr\\\/vtc-roissy-en-brie\\\/#primaryimage\"},\"image\":{\"@id\":\"https:\\\/\\\/www.chauffeurtaxi91.fr\\\/vtc-roissy-en-brie\\\/#primaryimage\"},\"thumbnailUrl\":\"https:\\\/\\\/www.chauffeurtaxi91.fr\\\/wp-content\\\/uploads\\\/2022\\\/02\\\/VTC-Roissy-en-Brie-c-bon-min.jpg\",\"datePublished\":\"2022-02-22T10:49:58+00:00\",\"dateModified\":\"2022-02-22T15:49:25+00:00\",\"description\":\"HL Transport vous offre des VTC Roissy-en-Brie, n\u2019h\u00e9sitez pas a nous contacter a n'importe quel moment de la journ\u00e9e.\",\"breadcrumb\":{\"@id\":\"https:\\\/\\\/www.chauffeurtaxi91.fr\\\/vtc-roissy-en-brie\\\/#breadcrumb\"},\"inLanguage\":\"fr-FR\",\"potentialAction\":[{\"@type\":\"ReadAction\",\"target\":[\"https:\\\/\\\/www.chauffeurtaxi91.fr\\\/vtc-roissy-en-brie\\\/\"]}]},{\"@type\":\"ImageObject\",\"inLanguage\":\"fr-FR\",\"@id\":\"https:\\\/\\\/www.chauffeurtaxi91.fr\\\/vtc-roissy-en-brie\\\/#primaryimage\",\"url\":\"https:\\\/\\\/www.chauffeurtaxi91.fr\\\/wp-content\\\/uploads\\\/2022\\\/02\\\/VTC-Roissy-en-Brie-c-bon-min.jpg\",\"contentUrl\":\"https:\\\/\\\/www.chauffeurtaxi91.fr\\\/wp-content\\\/uploads\\\/2022\\\/02\\\/VTC-Roissy-en-Brie-c-bon-min.jpg\"},{\"@type\":\"BreadcrumbList\",\"@id\":\"https:\\\/\\\/www.chauffeurtaxi91.fr\\\/vtc-roissy-en-brie\\\/#breadcrumb\",\"itemListElement\":[{\"@type\":\"ListItem\",\"position\":1,\"name\":\"Accueil\",\"item\":\"https:\\\/\\\/www.chauffeurtaxi91.fr\\\/fr\\\/\"},{\"@type\":\"ListItem\",\"position\":2,\"name\":\"VTC Roissy-en-Brie\"}]},{\"@type\":\"WebSite\",\"@id\":\"https:\\\/\\\/www.chauffeurtaxi91.fr\\\/#website\",\"url\":\"https:\\\/\\\/www.chauffeurtaxi91.fr\\\/\",\"name\":\"Chauffeur Taxi | \u00cele-de-France | Essonne (91) &amp; Seine-et-marne (77)\",\"description\":\"R\u00e9servez votre taxi | 24h\\\/24 7j\\\/7\",\"publisher\":{\"@id\":\"https:\\\/\\\/www.chauffeurtaxi91.fr\\\/#organization\"},\"potentialAction\":[{\"@type\":\"SearchAction\",\"target\":{\"@type\":\"EntryPoint\",\"urlTemplate\":\"https:\\\/\\\/www.chauffeurtaxi91.fr\\\/?s={search_term_string}\"},\"query-input\":{\"@type\":\"PropertyValueSpecification\",\"valueRequired\":true,\"valueName\":\"search_term_string\"}}],\"inLanguage\":\"fr-FR\"},{\"@type\":\"Organization\",\"@id\":\"https:\\\/\\\/www.chauffeurtaxi91.fr\\\/#organization\",\"name\":\"HL TRANSPORT\",\"url\":\"https:\\\/\\\/www.chauffeurtaxi91.fr\\\/\",\"logo\":{\"@type\":\"ImageObject\",\"inLanguage\":\"fr-FR\",\"@id\":\"https:\\\/\\\/www.chauffeurtaxi91.fr\\\/#\\\/schema\\\/logo\\\/image\\\/\",\"url\":\"https:\\\/\\\/chauffeurtaxi91.fr\\\/wp-content\\\/uploads\\\/2021\\\/07\\\/cropped-4eec4f87-4fce-4ff6-bbdf-932a1b0f000e-1.jpg\",\"contentUrl\":\"https:\\\/\\\/chauffeurtaxi91.fr\\\/wp-content\\\/uploads\\\/2021\\\/07\\\/cropped-4eec4f87-4fce-4ff6-bbdf-932a1b0f000e-1.jpg\",\"width\":512,\"height\":512,\"caption\":\"HL TRANSPORT\"},\"image\":{\"@id\":\"https:\\\/\\\/www.chauffeurtaxi91.fr\\\/#\\\/schema\\\/logo\\\/image\\\/\"}}]}<\/script>\n<!-- \/ Yoast SEO plugin. -->","yoast_head_json":{"title":"VTC Roissy-en-Brie, disponible 24h\/24 et 7j\/7.","description":"HL Transport vous offre des VTC Roissy-en-Brie, n\u2019h\u00e9sitez pas a nous contacter a n'importe quel moment de la journ\u00e9e.","robots":{"index":"index","follow":"follow","max-snippet":"max-snippet:-1","max-image-preview":"max-image-preview:large","max-video-preview":"max-video-preview:-1"},"canonical":"https:\/\/www.chauffeurtaxi91.fr\/fr\/vtc-roissy-en-brie\/","og_locale":"fr_FR","og_type":"article","og_title":"VTC Roissy-en-Brie, disponible 24h\/24 et 7j\/7.","og_description":"HL Transport vous offre des VTC Roissy-en-Brie, n\u2019h\u00e9sitez pas a nous contacter a n'importe quel moment de la journ\u00e9e.","og_url":"https:\/\/www.chauffeurtaxi91.fr\/fr\/vtc-roissy-en-brie\/","og_site_name":"Chauffeur Taxi | \u00cele-de-France | Essonne (91) &amp; Seine-et-marne (77)","article_modified_time":"2022-02-22T15:49:25+00:00","og_image":[{"url":"https:\/\/www.chauffeurtaxi91.fr\/wp-content\/uploads\/2022\/02\/VTC-Roissy-en-Brie-c-bon-min.jpg","type":"","width":"","height":""}],"twitter_card":"summary_large_image","twitter_misc":{"Dur\u00e9e de lecture estim\u00e9e":"3 minutes"},"schema":{"@context":"https:\/\/schema.org","@graph":[{"@type":"WebPage","@id":"https:\/\/www.chauffeurtaxi91.fr\/vtc-roissy-en-brie\/","url":"https:\/\/www.chauffeurtaxi91.fr\/vtc-roissy-en-brie\/","name":"VTC Roissy-en-Brie, disponible 24h\/24 et 7j\/7.","isPartOf":{"@id":"https:\/\/www.chauffeurtaxi91.fr\/#website"},"primaryImageOfPage":{"@id":"https:\/\/www.chauffeurtaxi91.fr\/vtc-roissy-en-brie\/#primaryimage"},"image":{"@id":"https:\/\/www.chauffeurtaxi91.fr\/vtc-roissy-en-brie\/#primaryimage"},"thumbnailUrl":"https:\/\/www.chauffeurtaxi91.fr\/wp-content\/uploads\/2022\/02\/VTC-Roissy-en-Brie-c-bon-min.jpg","datePublished":"2022-02-22T10:49:58+00:00","dateModified":"2022-02-22T15:49:25+00:00","description":"HL Transport vous offre des VTC Roissy-en-Brie, n\u2019h\u00e9sitez pas a nous contacter a n'importe quel moment de la journ\u00e9e.","breadcrumb":{"@id":"https:\/\/www.chauffeurtaxi91.fr\/vtc-roissy-en-brie\/#breadcrumb"},"inLanguage":"fr-FR","potentialAction":[{"@type":"ReadAction","target":["https:\/\/www.chauffeurtaxi91.fr\/vtc-roissy-en-brie\/"]}]},{"@type":"ImageObject","inLanguage":"fr-FR","@id":"https:\/\/www.chauffeurtaxi91.fr\/vtc-roissy-en-brie\/#primaryimage","url":"https:\/\/www.chauffeurtaxi91.fr\/wp-content\/uploads\/2022\/02\/VTC-Roissy-en-Brie-c-bon-min.jpg","contentUrl":"https:\/\/www.chauffeurtaxi91.fr\/wp-content\/uploads\/2022\/02\/VTC-Roissy-en-Brie-c-bon-min.jpg"},{"@type":"BreadcrumbList","@id":"https:\/\/www.chauffeurtaxi91.fr\/vtc-roissy-en-brie\/#breadcrumb","itemListElement":[{"@type":"ListItem","position":1,"name":"Accueil","item":"https:\/\/www.chauffeurtaxi91.fr\/fr\/"},{"@type":"ListItem","position":2,"name":"VTC Roissy-en-Brie"}]},{"@type":"WebSite","@id":"https:\/\/www.chauffeurtaxi91.fr\/#website","url":"https:\/\/www.chauffeurtaxi91.fr\/","name":"Chauffeur Taxi | \u00cele-de-France | Essonne (91) &amp; Seine-et-marne (77)","description":"R\u00e9servez votre taxi | 24h\/24 7j\/7","publisher":{"@id":"https:\/\/www.chauffeurtaxi91.fr\/#organization"},"potentialAction":[{"@type":"SearchAction","target":{"@type":"EntryPoint","urlTemplate":"https:\/\/www.chauffeurtaxi91.fr\/?s={search_term_string}"},"query-input":{"@type":"PropertyValueSpecification","valueRequired":true,"valueName":"search_term_string"}}],"inLanguage":"fr-FR"},{"@type":"Organization","@id":"https:\/\/www.chauffeurtaxi91.fr\/#organization","name":"HL TRANSPORT","url":"https:\/\/www.chauffeurtaxi91.fr\/","logo":{"@type":"ImageObject","inLanguage":"fr-FR","@id":"https:\/\/www.chauffeurtaxi91.fr\/#\/schema\/logo\/image\/","url":"https:\/\/chauffeurtaxi91.fr\/wp-content\/uploads\/2021\/07\/cropped-4eec4f87-4fce-4ff6-bbdf-932a1b0f000e-1.jpg","contentUrl":"https:\/\/chauffeurtaxi91.fr\/wp-content\/uploads\/2021\/07\/cropped-4eec4f87-4fce-4ff6-bbdf-932a1b0f000e-1.jpg","width":512,"height":512,"caption":"HL TRANSPORT"},"image":{"@id":"https:\/\/www.chauffeurtaxi91.fr\/#\/schema\/logo\/image\/"}}]}},"_links":{"self":[{"href":"https:\/\/www.chauffeurtaxi91.fr\/fr\/wp-json\/wp\/v2\/pages\/812","targetHints":{"allow":["GET"]}}],"collection":[{"href":"https:\/\/www.chauffeurtaxi91.fr\/fr\/wp-json\/wp\/v2\/pages"}],"about":[{"href":"https:\/\/www.chauffeurtaxi91.fr\/fr\/wp-json\/wp\/v2\/types\/page"}],"author":[{"embeddable":true,"href":"https:\/\/www.chauffeurtaxi91.fr\/fr\/wp-json\/wp\/v2\/users\/1"}],"replies":[{"embeddable":true,"href":"https:\/\/www.chauffeurtaxi91.fr\/fr\/wp-json\/wp\/v2\/comments?post=812"}],"version-history":[{"count":0,"href":"https:\/\/www.chauffeurtaxi91.fr\/fr\/wp-json\/wp\/v2\/pages\/812\/revisions"}],"wp:attachment":[{"href":"https:\/\/www.chauffeurtaxi91.fr\/fr\/wp-json\/wp\/v2\/media?parent=812"}],"curies":[{"name":"wp","href":"https:\/\/api.w.org\/{rel}","templated":true}]}}