{"id":841,"date":"2022-02-22T13:08:21","date_gmt":"2022-02-22T12:08:21","guid":{"rendered":"https:\/\/www.chauffeurtaxi91.fr\/?page_id=841"},"modified":"2022-02-22T14:56:27","modified_gmt":"2022-02-22T13:56:27","slug":"vtc-samois-sur-seine","status":"publish","type":"page","link":"https:\/\/www.chauffeurtaxi91.fr\/fr\/vtc-samois-sur-seine\/","title":{"rendered":"VTC Samois sur Seine"},"content":{"rendered":"\n<p>HL Transport est&nbsp;un consortium de taxi et de chauffeurs VTC professionnels et hautement qualifi\u00e9s dans samois sur seine. Soucieuse de proposer la meilleure qualit\u00e9 de prestation possible, notre entreprise s\u00e9lectionne ses voitures ainsi que ses chauffeurs d\u2019une fa\u00e7on minutieuse.<\/p>\n\n\n\n<p>Nous proposons des trajets sur mesure qui s\u2019adaptent parfaitement \u00e0 vos envies. Les d\u00e9placements s\u2019effectuent \u00e0 bord de v\u00e9hicules confortables et luxueuses. Vous serez accompagn\u00e9s par nos chauffeurs, s\u00e9lectionn\u00e9s pour leur discr\u00e9tion, leur sympathie et leur ponctualit\u00e9.<strong><\/strong><\/p>\n\n\n\n<h2 class=\"wp-block-heading\" id=\"reservez-votre-chauffeur-vtc-a-samois-sur-seine\">R\u00e9servez votre chauffeur VTC \u00e0 Samois sur S\u00e9ine<\/h2>\n\n\n\n<p>Avec HL Transport <a href=\"https:\/\/www.chauffeurtaxi91.fr\/reservation-chauffeur-taxi\/\" target=\"_blank\" rel=\"noreferrer noopener\">r\u00e9servez votre Taxi ou votre v\u00e9hicule&nbsp;VTC pour tous vos trajets priv\u00e9s et professionnels<\/a>. Nous proposons des services de qualit\u00e9 irr\u00e9prochable, &nbsp;nos chauffeurs priv\u00e9s VTC assureront votre transfert depuis ou vers la ville de Samois \u00e0 des prix fixes et sans aucune surprise. &nbsp;<\/p>\n\n\n\n<ul class=\"wp-block-list\"><li><strong>Transferts VTC \u00e0 Samois&nbsp;:<\/strong><\/li><\/ul>\n\n\n\n<p>Au c\u0153ur de Samois, r\u00e9server un chauffeur priv\u00e9 VTC vous permet de profiter d\u2019un tr\u00e8s grand confort lors de vos d\u00e9placements courts et longs. En outre, les v\u00e9hicules haut de gamme de notre soci\u00e9t\u00e9 assurent vos d\u00e9placements en toute s\u00e9curit\u00e9 et vous lib\u00e8rent de vos bagages et de toute autre contrainte. <\/p>\n\n\n\n<ul class=\"wp-block-list\"><li><strong>Circuits Touristiques avec chauffeur priv\u00e9&nbsp;:<\/strong><\/li><\/ul>\n\n\n\n<p>Fiers de nos chauffeurs qui connaissent parfaitement la r\u00e9gion de Samois, nous vous proposons un circuit touristique qui vous permet de d\u00e9couvrir la r\u00e9gion. Que vous soyez seul, ou entre vos amis, n\u2019h\u00e9sitez pas \u00e0 nous contacter pour nous d\u00e9crire vos envies.<\/p>\n\n\n\n<ul class=\"wp-block-list\"><li><strong>Transport \u00e0 vos \u00e9v\u00e8nements<\/strong><\/li><\/ul>\n\n\n\n<p>HL Transport propose un large de services de transfert pour vous et vos invit\u00e9s, \u00e0 l&rsquo;occasion de vos \u00e9v\u00e9nements professionnels ou priv\u00e9s.<\/p>\n\n\n\n<ul class=\"wp-block-list\"><li><strong>D\u00e9placements sur-mesure Sammois<\/strong><\/li><\/ul>\n\n\n\n<p>Pour tout type de d\u00e9placements, <a href=\"https:\/\/www.chauffeurtaxi91.fr\/\" target=\"_blank\" rel=\"noreferrer noopener\">nos chauffeurs  VTC professionnels et hautement qualifi\u00e9s<\/a> vous permettent de profiter d\u2019un service de qualit\u00e9 sup\u00e9rieur \u00e0 des tarifs d\u00e9finis \u00e0 l&rsquo;avance. Nous vous offrons la possibilit\u00e9 d\u2019avoir une prestation sur-mesure selon vos besoins (si\u00e8ge b\u00e9b\u00e9, journal, Wifi,\u2026).<\/p>\n\n\n\n<ul class=\"wp-block-list\"><li><strong>Location d&rsquo;une voiture avec chauffeur pour votre mariage<\/strong><\/li><\/ul>\n\n\n\n<p>Pour valoriser le plus beau jour de votre vie, HL Transport met \u00e0 votre disposition une large gamme de voitures luxueuses avec chauffeur. Ils restent \u00e0 votre enti\u00e8re disposition pour vous ravir le jour de votre mariage.&nbsp;&nbsp;<\/p>\n\n\n\n<h2 class=\"wp-block-heading\" id=\"vous-serez-ravis-de-voyager-avec-hl-transport\">Vous serez ravis de voyager avec HL Transport<\/h2>\n\n\n\n<p>Venez nous confier &nbsp;vos d\u00e9placements, vos excursions touristiques ainsi que vos transferts \u00e0 nos chauffeurs professionnels. Vous pouvez aussi demandez une mise \u00e0 disposition pour vos \u00e9v\u00e9nements importants, vos soir\u00e9es ou pour votre mariage, vous ne regrettez jamais&nbsp;!<\/p>\n\n\n\n<p>Vous \u00eates \u00e0 la recherche d\u2019un taxi ou d\u2019un chauffeur VTC \u00e0 Samois ? Nos chauffeurs vous accompagneront pour tous vos trajets que ce soit en&nbsp;<strong>berline ou en VAN<\/strong>. Nous vous proposons un&nbsp;<strong>large choix<\/strong>&nbsp;de prestations de qualit\u00e9 in\u00e9galable :transferts \u00e0 l\u2019a\u00e9roport, transfert \u00e0 la gare, circuits touristiques, etc\u2026 HL Transport met toute son attention \u00e0 vous offrir une prestation au confort optimal. N\u2019h\u00e9sitez pas \u00e0 nous contacter sur <a href=\"https:\/\/wa.me\/33668824129\" target=\"_blank\" rel=\"noreferrer noopener\">le whatsapp<\/a> ou par un <a href=\"tel:0668824129\" target=\"_blank\" rel=\"noreferrer noopener\">appel t\u00e9l\u00e9phonique<\/a>  pour r\u00e9server votre taxi ou chauffeurs VTC. Ils sont \u00e0 votre disposition tous les jours m\u00eame pendant les weekends et les jours f\u00e9ri\u00e9s. Un service professionnel, fiable et rapide est bien r\u00e9serv\u00e9 pour vous.<\/p>\n\n\n\n<div class=\"wp-block-columns is-layout-flex wp-container-core-columns-is-layout-9d6595d7 wp-block-columns-is-layout-flex\">\n<div class=\"wp-block-column is-layout-flow wp-block-column-is-layout-flow\">\n<figure class=\"wp-block-image size-full is-resized\"><img loading=\"lazy\" decoding=\"async\" src=\"https:\/\/www.chauffeurtaxi91.fr\/wp-content\/uploads\/2022\/02\/Samois-c-bon-min.jpg\" alt=\"VTC Samois sur Seine\" class=\"wp-image-847\" width=\"387\" height=\"257\"\/><\/figure>\n<\/div>\n\n\n\n<div class=\"wp-block-column is-layout-flow wp-block-column-is-layout-flow\">\n<iframe src=\"https:\/\/www.google.com\/maps\/embed?pb=!1m18!1m12!1m3!1d42338.581092066066!2d2.718469097381937!3d48.4534342639787!2m3!1f0!2f0!3f0!3m2!1i1024!2i768!4f13.1!3m3!1m2!1s0x47e5f67453e4d94b%3A0x40b82c3688c4b30!2sSamois-sur-Seine%2C%20France!5e0!3m2!1sfr!2stn!4v1645532712794!5m2!1sfr!2stn\" width=\"600\" height=\"300\" style=\"border:0;\" allowfullscreen=\"\" loading=\"lazy\"><\/iframe>\n<\/div>\n<\/div>\n","protected":false},"excerpt":{"rendered":"<p>HL Transport est&nbsp;un consortium de taxi et de chauffeurs VTC professionnels et hautement qualifi\u00e9s dans samois sur seine. Soucieuse de proposer la meilleure qualit\u00e9 de prestation possible, notre entreprise s\u00e9lectionne ses voitures ainsi que ses chauffeurs d\u2019une fa\u00e7on minutieuse. Nous proposons des trajets sur mesure qui s\u2019adaptent parfaitement \u00e0 vos envies. Les d\u00e9placements s\u2019effectuent \u00e0 [&hellip;]<\/p>\n","protected":false},"author":1,"featured_media":0,"parent":0,"menu_order":0,"comment_status":"closed","ping_status":"closed","template":"","meta":{"_et_pb_use_builder":"","_et_pb_old_content":"","_et_gb_content_width":"","footnotes":""},"class_list":["post-841","page","type-page","status-publish","hentry"],"yoast_head":"<!-- This site is optimized with the Yoast SEO plugin v27.4 - https:\/\/yoast.com\/product\/yoast-seo-wordpress\/ -->\n<title>VTC Samois, r\u00e9servez votre Taxi ou votre v\u00e9hicule \u00e0 tout moment.<\/title>\n<meta name=\"description\" content=\"Notre soci\u00e9t\u00e9 garantit des VTC \u00e0 Samois tr\u00e8s performant avec des v\u00e9hicules confortables et luxueuses, n\u2019h\u00e9siter pas a nous contacter.\" \/>\n<meta name=\"robots\" content=\"index, follow, max-snippet:-1, max-image-preview:large, max-video-preview:-1\" \/>\n<link rel=\"canonical\" href=\"https:\/\/www.chauffeurtaxi91.fr\/fr\/vtc-samois-sur-seine\/\" \/>\n<meta property=\"og:locale\" content=\"fr_FR\" \/>\n<meta property=\"og:type\" content=\"article\" \/>\n<meta property=\"og:title\" content=\"VTC Samois, r\u00e9servez votre Taxi ou votre v\u00e9hicule \u00e0 tout moment.\" \/>\n<meta property=\"og:description\" content=\"Notre soci\u00e9t\u00e9 garantit des VTC \u00e0 Samois tr\u00e8s performant avec des v\u00e9hicules confortables et luxueuses, n\u2019h\u00e9siter pas a nous contacter.\" \/>\n<meta property=\"og:url\" content=\"https:\/\/www.chauffeurtaxi91.fr\/fr\/vtc-samois-sur-seine\/\" \/>\n<meta property=\"og:site_name\" content=\"Chauffeur Taxi | \u00cele-de-France | Essonne (91) &amp; Seine-et-marne (77)\" \/>\n<meta property=\"article:modified_time\" content=\"2022-02-22T13:56:27+00:00\" \/>\n<meta property=\"og:image\" content=\"https:\/\/www.chauffeurtaxi91.fr\/wp-content\/uploads\/2022\/02\/Samois-c-bon-min.jpg\" \/>\n<meta name=\"twitter:card\" content=\"summary_large_image\" \/>\n<meta name=\"twitter:label1\" content=\"Dur\u00e9e de lecture estim\u00e9e\" \/>\n\t<meta name=\"twitter:data1\" content=\"3 minutes\" \/>\n<script type=\"application\/ld+json\" class=\"yoast-schema-graph\">{\"@context\":\"https:\\\/\\\/schema.org\",\"@graph\":[{\"@type\":\"WebPage\",\"@id\":\"https:\\\/\\\/www.chauffeurtaxi91.fr\\\/vtc-samois-sur-seine\\\/\",\"url\":\"https:\\\/\\\/www.chauffeurtaxi91.fr\\\/vtc-samois-sur-seine\\\/\",\"name\":\"VTC Samois, r\u00e9servez votre Taxi ou votre v\u00e9hicule \u00e0 tout moment.\",\"isPartOf\":{\"@id\":\"https:\\\/\\\/www.chauffeurtaxi91.fr\\\/#website\"},\"primaryImageOfPage\":{\"@id\":\"https:\\\/\\\/www.chauffeurtaxi91.fr\\\/vtc-samois-sur-seine\\\/#primaryimage\"},\"image\":{\"@id\":\"https:\\\/\\\/www.chauffeurtaxi91.fr\\\/vtc-samois-sur-seine\\\/#primaryimage\"},\"thumbnailUrl\":\"https:\\\/\\\/www.chauffeurtaxi91.fr\\\/wp-content\\\/uploads\\\/2022\\\/02\\\/Samois-c-bon-min.jpg\",\"datePublished\":\"2022-02-22T12:08:21+00:00\",\"dateModified\":\"2022-02-22T13:56:27+00:00\",\"description\":\"Notre soci\u00e9t\u00e9 garantit des VTC \u00e0 Samois tr\u00e8s performant avec des v\u00e9hicules confortables et luxueuses, n\u2019h\u00e9siter pas a nous contacter.\",\"breadcrumb\":{\"@id\":\"https:\\\/\\\/www.chauffeurtaxi91.fr\\\/vtc-samois-sur-seine\\\/#breadcrumb\"},\"inLanguage\":\"fr-FR\",\"potentialAction\":[{\"@type\":\"ReadAction\",\"target\":[\"https:\\\/\\\/www.chauffeurtaxi91.fr\\\/vtc-samois-sur-seine\\\/\"]}]},{\"@type\":\"ImageObject\",\"inLanguage\":\"fr-FR\",\"@id\":\"https:\\\/\\\/www.chauffeurtaxi91.fr\\\/vtc-samois-sur-seine\\\/#primaryimage\",\"url\":\"https:\\\/\\\/www.chauffeurtaxi91.fr\\\/wp-content\\\/uploads\\\/2022\\\/02\\\/Samois-c-bon-min.jpg\",\"contentUrl\":\"https:\\\/\\\/www.chauffeurtaxi91.fr\\\/wp-content\\\/uploads\\\/2022\\\/02\\\/Samois-c-bon-min.jpg\"},{\"@type\":\"BreadcrumbList\",\"@id\":\"https:\\\/\\\/www.chauffeurtaxi91.fr\\\/vtc-samois-sur-seine\\\/#breadcrumb\",\"itemListElement\":[{\"@type\":\"ListItem\",\"position\":1,\"name\":\"Accueil\",\"item\":\"https:\\\/\\\/www.chauffeurtaxi91.fr\\\/fr\\\/\"},{\"@type\":\"ListItem\",\"position\":2,\"name\":\"VTC Samois sur Seine\"}]},{\"@type\":\"WebSite\",\"@id\":\"https:\\\/\\\/www.chauffeurtaxi91.fr\\\/#website\",\"url\":\"https:\\\/\\\/www.chauffeurtaxi91.fr\\\/\",\"name\":\"Chauffeur Taxi | \u00cele-de-France | Essonne (91) &amp; Seine-et-marne (77)\",\"description\":\"R\u00e9servez votre taxi | 24h\\\/24 7j\\\/7\",\"publisher\":{\"@id\":\"https:\\\/\\\/www.chauffeurtaxi91.fr\\\/#organization\"},\"potentialAction\":[{\"@type\":\"SearchAction\",\"target\":{\"@type\":\"EntryPoint\",\"urlTemplate\":\"https:\\\/\\\/www.chauffeurtaxi91.fr\\\/?s={search_term_string}\"},\"query-input\":{\"@type\":\"PropertyValueSpecification\",\"valueRequired\":true,\"valueName\":\"search_term_string\"}}],\"inLanguage\":\"fr-FR\"},{\"@type\":\"Organization\",\"@id\":\"https:\\\/\\\/www.chauffeurtaxi91.fr\\\/#organization\",\"name\":\"HL TRANSPORT\",\"url\":\"https:\\\/\\\/www.chauffeurtaxi91.fr\\\/\",\"logo\":{\"@type\":\"ImageObject\",\"inLanguage\":\"fr-FR\",\"@id\":\"https:\\\/\\\/www.chauffeurtaxi91.fr\\\/#\\\/schema\\\/logo\\\/image\\\/\",\"url\":\"https:\\\/\\\/chauffeurtaxi91.fr\\\/wp-content\\\/uploads\\\/2021\\\/07\\\/cropped-4eec4f87-4fce-4ff6-bbdf-932a1b0f000e-1.jpg\",\"contentUrl\":\"https:\\\/\\\/chauffeurtaxi91.fr\\\/wp-content\\\/uploads\\\/2021\\\/07\\\/cropped-4eec4f87-4fce-4ff6-bbdf-932a1b0f000e-1.jpg\",\"width\":512,\"height\":512,\"caption\":\"HL TRANSPORT\"},\"image\":{\"@id\":\"https:\\\/\\\/www.chauffeurtaxi91.fr\\\/#\\\/schema\\\/logo\\\/image\\\/\"}}]}<\/script>\n<!-- \/ Yoast SEO plugin. -->","yoast_head_json":{"title":"VTC Samois, r\u00e9servez votre Taxi ou votre v\u00e9hicule \u00e0 tout moment.","description":"Notre soci\u00e9t\u00e9 garantit des VTC \u00e0 Samois tr\u00e8s performant avec des v\u00e9hicules confortables et luxueuses, n\u2019h\u00e9siter pas a nous contacter.","robots":{"index":"index","follow":"follow","max-snippet":"max-snippet:-1","max-image-preview":"max-image-preview:large","max-video-preview":"max-video-preview:-1"},"canonical":"https:\/\/www.chauffeurtaxi91.fr\/fr\/vtc-samois-sur-seine\/","og_locale":"fr_FR","og_type":"article","og_title":"VTC Samois, r\u00e9servez votre Taxi ou votre v\u00e9hicule \u00e0 tout moment.","og_description":"Notre soci\u00e9t\u00e9 garantit des VTC \u00e0 Samois tr\u00e8s performant avec des v\u00e9hicules confortables et luxueuses, n\u2019h\u00e9siter pas a nous contacter.","og_url":"https:\/\/www.chauffeurtaxi91.fr\/fr\/vtc-samois-sur-seine\/","og_site_name":"Chauffeur Taxi | \u00cele-de-France | Essonne (91) &amp; Seine-et-marne (77)","article_modified_time":"2022-02-22T13:56:27+00:00","og_image":[{"url":"https:\/\/www.chauffeurtaxi91.fr\/wp-content\/uploads\/2022\/02\/Samois-c-bon-min.jpg","type":"","width":"","height":""}],"twitter_card":"summary_large_image","twitter_misc":{"Dur\u00e9e de lecture estim\u00e9e":"3 minutes"},"schema":{"@context":"https:\/\/schema.org","@graph":[{"@type":"WebPage","@id":"https:\/\/www.chauffeurtaxi91.fr\/vtc-samois-sur-seine\/","url":"https:\/\/www.chauffeurtaxi91.fr\/vtc-samois-sur-seine\/","name":"VTC Samois, r\u00e9servez votre Taxi ou votre v\u00e9hicule \u00e0 tout moment.","isPartOf":{"@id":"https:\/\/www.chauffeurtaxi91.fr\/#website"},"primaryImageOfPage":{"@id":"https:\/\/www.chauffeurtaxi91.fr\/vtc-samois-sur-seine\/#primaryimage"},"image":{"@id":"https:\/\/www.chauffeurtaxi91.fr\/vtc-samois-sur-seine\/#primaryimage"},"thumbnailUrl":"https:\/\/www.chauffeurtaxi91.fr\/wp-content\/uploads\/2022\/02\/Samois-c-bon-min.jpg","datePublished":"2022-02-22T12:08:21+00:00","dateModified":"2022-02-22T13:56:27+00:00","description":"Notre soci\u00e9t\u00e9 garantit des VTC \u00e0 Samois tr\u00e8s performant avec des v\u00e9hicules confortables et luxueuses, n\u2019h\u00e9siter pas a nous contacter.","breadcrumb":{"@id":"https:\/\/www.chauffeurtaxi91.fr\/vtc-samois-sur-seine\/#breadcrumb"},"inLanguage":"fr-FR","potentialAction":[{"@type":"ReadAction","target":["https:\/\/www.chauffeurtaxi91.fr\/vtc-samois-sur-seine\/"]}]},{"@type":"ImageObject","inLanguage":"fr-FR","@id":"https:\/\/www.chauffeurtaxi91.fr\/vtc-samois-sur-seine\/#primaryimage","url":"https:\/\/www.chauffeurtaxi91.fr\/wp-content\/uploads\/2022\/02\/Samois-c-bon-min.jpg","contentUrl":"https:\/\/www.chauffeurtaxi91.fr\/wp-content\/uploads\/2022\/02\/Samois-c-bon-min.jpg"},{"@type":"BreadcrumbList","@id":"https:\/\/www.chauffeurtaxi91.fr\/vtc-samois-sur-seine\/#breadcrumb","itemListElement":[{"@type":"ListItem","position":1,"name":"Accueil","item":"https:\/\/www.chauffeurtaxi91.fr\/fr\/"},{"@type":"ListItem","position":2,"name":"VTC Samois sur Seine"}]},{"@type":"WebSite","@id":"https:\/\/www.chauffeurtaxi91.fr\/#website","url":"https:\/\/www.chauffeurtaxi91.fr\/","name":"Chauffeur Taxi | \u00cele-de-France | Essonne (91) &amp; Seine-et-marne (77)","description":"R\u00e9servez votre taxi | 24h\/24 7j\/7","publisher":{"@id":"https:\/\/www.chauffeurtaxi91.fr\/#organization"},"potentialAction":[{"@type":"SearchAction","target":{"@type":"EntryPoint","urlTemplate":"https:\/\/www.chauffeurtaxi91.fr\/?s={search_term_string}"},"query-input":{"@type":"PropertyValueSpecification","valueRequired":true,"valueName":"search_term_string"}}],"inLanguage":"fr-FR"},{"@type":"Organization","@id":"https:\/\/www.chauffeurtaxi91.fr\/#organization","name":"HL TRANSPORT","url":"https:\/\/www.chauffeurtaxi91.fr\/","logo":{"@type":"ImageObject","inLanguage":"fr-FR","@id":"https:\/\/www.chauffeurtaxi91.fr\/#\/schema\/logo\/image\/","url":"https:\/\/chauffeurtaxi91.fr\/wp-content\/uploads\/2021\/07\/cropped-4eec4f87-4fce-4ff6-bbdf-932a1b0f000e-1.jpg","contentUrl":"https:\/\/chauffeurtaxi91.fr\/wp-content\/uploads\/2021\/07\/cropped-4eec4f87-4fce-4ff6-bbdf-932a1b0f000e-1.jpg","width":512,"height":512,"caption":"HL TRANSPORT"},"image":{"@id":"https:\/\/www.chauffeurtaxi91.fr\/#\/schema\/logo\/image\/"}}]}},"_links":{"self":[{"href":"https:\/\/www.chauffeurtaxi91.fr\/fr\/wp-json\/wp\/v2\/pages\/841","targetHints":{"allow":["GET"]}}],"collection":[{"href":"https:\/\/www.chauffeurtaxi91.fr\/fr\/wp-json\/wp\/v2\/pages"}],"about":[{"href":"https:\/\/www.chauffeurtaxi91.fr\/fr\/wp-json\/wp\/v2\/types\/page"}],"author":[{"embeddable":true,"href":"https:\/\/www.chauffeurtaxi91.fr\/fr\/wp-json\/wp\/v2\/users\/1"}],"replies":[{"embeddable":true,"href":"https:\/\/www.chauffeurtaxi91.fr\/fr\/wp-json\/wp\/v2\/comments?post=841"}],"version-history":[{"count":0,"href":"https:\/\/www.chauffeurtaxi91.fr\/fr\/wp-json\/wp\/v2\/pages\/841\/revisions"}],"wp:attachment":[{"href":"https:\/\/www.chauffeurtaxi91.fr\/fr\/wp-json\/wp\/v2\/media?parent=841"}],"curies":[{"name":"wp","href":"https:\/\/api.w.org\/{rel}","templated":true}]}}