{"id":875,"date":"2022-02-22T14:07:13","date_gmt":"2022-02-22T13:07:13","guid":{"rendered":"https:\/\/www.chauffeurtaxi91.fr\/?page_id=875"},"modified":"2022-03-16T15:12:39","modified_gmt":"2022-03-16T14:12:39","slug":"vtc-vulaines-sur-seine","status":"publish","type":"page","link":"https:\/\/www.chauffeurtaxi91.fr\/fr\/vtc-vulaines-sur-seine\/","title":{"rendered":"VTC Vulaines sur seine"},"content":{"rendered":"\n<p>Besoin d\u2019un chauffeur pour vous emmener \u00e0 l\u2019a\u00e9roport&nbsp;ou \u00e0 la gare&nbsp;? Vous \u00eates \u00e0 la recherche d\u2019une soci\u00e9t\u00e9 fiable et de grande renomm\u00e9e pour vous accompagner en toute s\u00e9curit\u00e9&nbsp;? Ne cherchez pas trop et venez contacter HL Transport qui vous garantit un service de transport confortable et ponctuel sans failles.<\/p>\n\n\n\n<p>Nos chauffeurs VTC sont disponibles 7j\/7 et 24h\/24, ils<a><\/a> vous accompagneront dans tous vos d\u00e9placements VTC. Ils vous garantissent une course de qualit\u00e9 qui satisfait toutes vos attentes. Nos tarifs sont tr\u00e8s comp\u00e9titifs et figurent parmi les meilleurs du march\u00e9.<\/p>\n\n\n\n<h2 class=\"wp-block-heading\" id=\"votre-chauffeur-vtc-est-a-vulaines-sur-seine\">Votre chauffeur VTC est \u00e0 Vulaines sur seine<\/h2>\n\n\n\n<p>Votre chauffeur priv\u00e9 vous accompagnera dans tous vos d\u00e9placements \u00e0 Vulaines sur seine<strong> <\/strong>et ses limitrophes.&nbsp; En outre, il vous aidera \u00e0 joindre votre train ou votre vol \u00e0 temps &nbsp;et&nbsp;\u00e0 des prix fixes et attractifs qui d\u00e9firent toute concurrence. <strong><\/strong><\/p>\n\n\n\n<p>Se d\u00e9placer avec votre chauffeur VTC constitue la meilleure alternative aux taxis. A bord de ces derniers vous profitiez d\u2019un confort in\u00e9galable. Nos chauffeurs vous emmenez vers vos loisirs et vos centres d\u2019int\u00e9r\u00eats. Ils n\u2019h\u00e9siteront pas \u00e0 vous prodiguer les meilleurs conseils sur toute la r\u00e9gion de Vulaines sur seine.<\/p>\n\n\n\n<p>Pour un d\u00e9placement souple confortable et sans contraintes, \u00e9vitez les bus ainsi que les stations de m\u00e9tros et commandez votre chauffeur VTC en quelques clics. La diff\u00e9rence principale entre le chauffeur de taxi et le chauffeur VTC se situe dans la seconde partie de la d\u00e9finition du m\u00e9tier de VTC.&nbsp;<\/p>\n\n\n\n<p>Pour <a href=\"https:\/\/www.chauffeurtaxi91.fr\/reservation-chauffeur-taxi\/\" target=\"_blank\" rel=\"noreferrer noopener\">r\u00e9server votre chauffeur priv\u00e9<\/a>, il suffit de consulter notre application ou notre site mise \u00e0 votre disposition en ligne et d\u00e9finir votre lieu de d\u00e9part, votre lieu d\u2019arriv\u00e9e, les d\u00e9tails de votre course (type de voiture, bagage, nombre de passagers, nombre d\u2019enfants,\u2026) ainsi que le temps pour&nbsp; recevoir un devis gratuit de notre part. Une fois la r\u00e9servation est valid\u00e9e, votre chauffeur sera \u00e0 votre disposition pour vous accompagner l\u00e0 o\u00f9 vous souhaitiez.<\/p>\n\n\n\n<h2 class=\"wp-block-heading\" id=\"meilleure-societe-de-chauffeur-prive\">Meilleure soci\u00e9t\u00e9 de chauffeur priv\u00e9<\/h2>\n\n\n\n<p>Pour s\u2019adapter \u00e0 tous vos besoins, nous mettons plusieurs types de v\u00e9hicules \u00e0 votre disposition. En revanche, pas de limite pour le bagage que vous pouvez emporter, la seule limite est la capacit\u00e9 de la voiture. Pour ceci, on vous invite de solliciter la fiche du chauffeur pour conna\u00eetre \u00e0 l\u2019avance la capacit\u00e9 du coffre de votre v\u00e9hicule.<\/p>\n\n\n\n<p>Contrairement aux tarifs des taxis qui varient selon le trajet,&nbsp;les tarifs de la course en VTC est fixe et connue au moment de la commande. Le prix est TTC et ne comprend aucune majoration au moment de l\u2019arriv\u00e9e.<\/p>\n\n\n\n<p>Pour toute information suppl\u00e9mentaire, n\u2019h\u00e9sitez pas \u00e0 nous contacter par <a href=\"tel:0668824129\" target=\"_blank\" rel=\"noreferrer noopener\">t\u00e9l\u00e9phone<\/a>, par mail ou en remplissant <a href=\"https:\/\/www.chauffeurtaxi91.fr\/\" target=\"_blank\" rel=\"noreferrer noopener\">les champs du formulaire mise \u00e0 votre disposition en ligne<\/a>. Notre \u00e9quipe n\u2019h\u00e9sitera pas \u00e0 vous prodiguer ses meilleurs conseils professionnels et \u00e0 vous orienter vers les bonnes solutions qui rendent votre d\u00e9placement facile, confortable et sans contraintes.<\/p>\n\n\n\n<p>Un grand professionnalisme, une grande r\u00e9activit\u00e9 et un accueil chaleureux sont bien r\u00e9serv\u00e9s pour vous.<\/p>\n\n\n\n<div class=\"wp-block-columns is-layout-flex wp-container-core-columns-is-layout-9d6595d7 wp-block-columns-is-layout-flex\">\n<div class=\"wp-block-column is-layout-flow wp-block-column-is-layout-flow\">\n<figure class=\"wp-block-image size-full is-resized\"><img loading=\"lazy\" decoding=\"async\" src=\"https:\/\/www.chauffeurtaxi91.fr\/wp-content\/uploads\/2022\/02\/VTC-Vulaines-sur-seine-1.jpg\" alt=\"Vulaines sur seine\" class=\"wp-image-891\" width=\"397\" height=\"299\"\/><\/figure>\n<\/div>\n\n\n\n<div class=\"wp-block-column is-layout-flow wp-block-column-is-layout-flow\">\n<iframe src=\"https:\/\/www.google.com\/maps\/embed?pb=!1m18!1m12!1m3!1d21177.62270259539!2d2.7586080695638944!3d48.43344667186487!2m3!1f0!2f0!3f0!3m2!1i1024!2i768!4f13.1!3m3!1m2!1s0x47e5f5f7c5f500f9%3A0x40b82c3688c45c0!2s77870%20Vulaines-sur-Seine%2C%20France!5e0!3m2!1sfr!2stn!4v1645535285798!5m2!1sfr!2stn\" width=\"600\" height=\"300\" style=\"border:0;\" allowfullscreen=\"\" loading=\"lazy\"><\/iframe>\n<\/div>\n<\/div>\n\n\n\n<p><br><br><\/p>\n","protected":false},"excerpt":{"rendered":"<p>Besoin d\u2019un chauffeur pour vous emmener \u00e0 l\u2019a\u00e9roport&nbsp;ou \u00e0 la gare&nbsp;? Vous \u00eates \u00e0 la recherche d\u2019une soci\u00e9t\u00e9 fiable et de grande renomm\u00e9e pour vous accompagner en toute s\u00e9curit\u00e9&nbsp;? Ne cherchez pas trop et venez contacter HL Transport qui vous garantit un service de transport confortable et ponctuel sans failles. Nos chauffeurs VTC sont disponibles [&hellip;]<\/p>\n","protected":false},"author":1,"featured_media":0,"parent":0,"menu_order":0,"comment_status":"closed","ping_status":"closed","template":"","meta":{"_et_pb_use_builder":"","_et_pb_old_content":"","_et_gb_content_width":"","footnotes":""},"class_list":["post-875","page","type-page","status-publish","hentry"],"yoast_head":"<!-- This site is optimized with the Yoast SEO plugin v27.3 - https:\/\/yoast.com\/product\/yoast-seo-wordpress\/ -->\n<title>VTC Vulaines sur seine, r\u00e9servez votre chauffeur a tout moment.<\/title>\n<meta name=\"description\" content=\"Notre soci\u00e9t\u00e9 offre plusieurs chaufeurs VTC \u00e0 Vulaines sur seine avec des tarifs tr\u00e9s raisonnable et logique.\" \/>\n<meta name=\"robots\" content=\"index, follow, max-snippet:-1, max-image-preview:large, max-video-preview:-1\" \/>\n<link rel=\"canonical\" href=\"https:\/\/www.chauffeurtaxi91.fr\/fr\/vtc-vulaines-sur-seine\/\" \/>\n<meta property=\"og:locale\" content=\"fr_FR\" \/>\n<meta property=\"og:type\" content=\"article\" \/>\n<meta property=\"og:title\" content=\"VTC Vulaines sur seine, r\u00e9servez votre chauffeur a tout moment.\" \/>\n<meta property=\"og:description\" content=\"Notre soci\u00e9t\u00e9 offre plusieurs chaufeurs VTC \u00e0 Vulaines sur seine avec des tarifs tr\u00e9s raisonnable et logique.\" \/>\n<meta property=\"og:url\" content=\"https:\/\/www.chauffeurtaxi91.fr\/fr\/vtc-vulaines-sur-seine\/\" \/>\n<meta property=\"og:site_name\" content=\"Chauffeur Taxi | \u00cele-de-France | Essonne (91) &amp; Seine-et-marne (77)\" \/>\n<meta property=\"article:modified_time\" content=\"2022-03-16T14:12:39+00:00\" \/>\n<meta property=\"og:image\" content=\"https:\/\/www.chauffeurtaxi91.fr\/wp-content\/uploads\/2022\/02\/VTC-Vulaines-sur-seine-1.jpg\" \/>\n<meta name=\"twitter:card\" content=\"summary_large_image\" \/>\n<meta name=\"twitter:label1\" content=\"Dur\u00e9e de lecture estim\u00e9e\" \/>\n\t<meta name=\"twitter:data1\" content=\"3 minutes\" \/>\n<script type=\"application\/ld+json\" class=\"yoast-schema-graph\">{\"@context\":\"https:\\\/\\\/schema.org\",\"@graph\":[{\"@type\":\"WebPage\",\"@id\":\"https:\\\/\\\/www.chauffeurtaxi91.fr\\\/vtc-vulaines-sur-seine\\\/\",\"url\":\"https:\\\/\\\/www.chauffeurtaxi91.fr\\\/vtc-vulaines-sur-seine\\\/\",\"name\":\"VTC Vulaines sur seine, r\u00e9servez votre chauffeur a tout moment.\",\"isPartOf\":{\"@id\":\"https:\\\/\\\/www.chauffeurtaxi91.fr\\\/#website\"},\"primaryImageOfPage\":{\"@id\":\"https:\\\/\\\/www.chauffeurtaxi91.fr\\\/vtc-vulaines-sur-seine\\\/#primaryimage\"},\"image\":{\"@id\":\"https:\\\/\\\/www.chauffeurtaxi91.fr\\\/vtc-vulaines-sur-seine\\\/#primaryimage\"},\"thumbnailUrl\":\"https:\\\/\\\/www.chauffeurtaxi91.fr\\\/wp-content\\\/uploads\\\/2022\\\/02\\\/VTC-Vulaines-sur-seine-1.jpg\",\"datePublished\":\"2022-02-22T13:07:13+00:00\",\"dateModified\":\"2022-03-16T14:12:39+00:00\",\"description\":\"Notre soci\u00e9t\u00e9 offre plusieurs chaufeurs VTC \u00e0 Vulaines sur seine avec des tarifs tr\u00e9s raisonnable et logique.\",\"breadcrumb\":{\"@id\":\"https:\\\/\\\/www.chauffeurtaxi91.fr\\\/vtc-vulaines-sur-seine\\\/#breadcrumb\"},\"inLanguage\":\"fr-FR\",\"potentialAction\":[{\"@type\":\"ReadAction\",\"target\":[\"https:\\\/\\\/www.chauffeurtaxi91.fr\\\/vtc-vulaines-sur-seine\\\/\"]}]},{\"@type\":\"ImageObject\",\"inLanguage\":\"fr-FR\",\"@id\":\"https:\\\/\\\/www.chauffeurtaxi91.fr\\\/vtc-vulaines-sur-seine\\\/#primaryimage\",\"url\":\"https:\\\/\\\/www.chauffeurtaxi91.fr\\\/wp-content\\\/uploads\\\/2022\\\/02\\\/VTC-Vulaines-sur-seine-1.jpg\",\"contentUrl\":\"https:\\\/\\\/www.chauffeurtaxi91.fr\\\/wp-content\\\/uploads\\\/2022\\\/02\\\/VTC-Vulaines-sur-seine-1.jpg\"},{\"@type\":\"BreadcrumbList\",\"@id\":\"https:\\\/\\\/www.chauffeurtaxi91.fr\\\/vtc-vulaines-sur-seine\\\/#breadcrumb\",\"itemListElement\":[{\"@type\":\"ListItem\",\"position\":1,\"name\":\"Accueil\",\"item\":\"https:\\\/\\\/www.chauffeurtaxi91.fr\\\/fr\\\/\"},{\"@type\":\"ListItem\",\"position\":2,\"name\":\"VTC Vulaines sur seine\"}]},{\"@type\":\"WebSite\",\"@id\":\"https:\\\/\\\/www.chauffeurtaxi91.fr\\\/#website\",\"url\":\"https:\\\/\\\/www.chauffeurtaxi91.fr\\\/\",\"name\":\"Chauffeur Taxi | \u00cele-de-France | Essonne (91) &amp; Seine-et-marne (77)\",\"description\":\"R\u00e9servez votre taxi | 24h\\\/24 7j\\\/7\",\"publisher\":{\"@id\":\"https:\\\/\\\/www.chauffeurtaxi91.fr\\\/#organization\"},\"potentialAction\":[{\"@type\":\"SearchAction\",\"target\":{\"@type\":\"EntryPoint\",\"urlTemplate\":\"https:\\\/\\\/www.chauffeurtaxi91.fr\\\/?s={search_term_string}\"},\"query-input\":{\"@type\":\"PropertyValueSpecification\",\"valueRequired\":true,\"valueName\":\"search_term_string\"}}],\"inLanguage\":\"fr-FR\"},{\"@type\":\"Organization\",\"@id\":\"https:\\\/\\\/www.chauffeurtaxi91.fr\\\/#organization\",\"name\":\"HL TRANSPORT\",\"url\":\"https:\\\/\\\/www.chauffeurtaxi91.fr\\\/\",\"logo\":{\"@type\":\"ImageObject\",\"inLanguage\":\"fr-FR\",\"@id\":\"https:\\\/\\\/www.chauffeurtaxi91.fr\\\/#\\\/schema\\\/logo\\\/image\\\/\",\"url\":\"https:\\\/\\\/chauffeurtaxi91.fr\\\/wp-content\\\/uploads\\\/2021\\\/07\\\/cropped-4eec4f87-4fce-4ff6-bbdf-932a1b0f000e-1.jpg\",\"contentUrl\":\"https:\\\/\\\/chauffeurtaxi91.fr\\\/wp-content\\\/uploads\\\/2021\\\/07\\\/cropped-4eec4f87-4fce-4ff6-bbdf-932a1b0f000e-1.jpg\",\"width\":512,\"height\":512,\"caption\":\"HL TRANSPORT\"},\"image\":{\"@id\":\"https:\\\/\\\/www.chauffeurtaxi91.fr\\\/#\\\/schema\\\/logo\\\/image\\\/\"}}]}<\/script>\n<!-- \/ Yoast SEO plugin. -->","yoast_head_json":{"title":"VTC Vulaines sur seine, r\u00e9servez votre chauffeur a tout moment.","description":"Notre soci\u00e9t\u00e9 offre plusieurs chaufeurs VTC \u00e0 Vulaines sur seine avec des tarifs tr\u00e9s raisonnable et logique.","robots":{"index":"index","follow":"follow","max-snippet":"max-snippet:-1","max-image-preview":"max-image-preview:large","max-video-preview":"max-video-preview:-1"},"canonical":"https:\/\/www.chauffeurtaxi91.fr\/fr\/vtc-vulaines-sur-seine\/","og_locale":"fr_FR","og_type":"article","og_title":"VTC Vulaines sur seine, r\u00e9servez votre chauffeur a tout moment.","og_description":"Notre soci\u00e9t\u00e9 offre plusieurs chaufeurs VTC \u00e0 Vulaines sur seine avec des tarifs tr\u00e9s raisonnable et logique.","og_url":"https:\/\/www.chauffeurtaxi91.fr\/fr\/vtc-vulaines-sur-seine\/","og_site_name":"Chauffeur Taxi | \u00cele-de-France | Essonne (91) &amp; Seine-et-marne (77)","article_modified_time":"2022-03-16T14:12:39+00:00","og_image":[{"url":"https:\/\/www.chauffeurtaxi91.fr\/wp-content\/uploads\/2022\/02\/VTC-Vulaines-sur-seine-1.jpg","type":"","width":"","height":""}],"twitter_card":"summary_large_image","twitter_misc":{"Dur\u00e9e de lecture estim\u00e9e":"3 minutes"},"schema":{"@context":"https:\/\/schema.org","@graph":[{"@type":"WebPage","@id":"https:\/\/www.chauffeurtaxi91.fr\/vtc-vulaines-sur-seine\/","url":"https:\/\/www.chauffeurtaxi91.fr\/vtc-vulaines-sur-seine\/","name":"VTC Vulaines sur seine, r\u00e9servez votre chauffeur a tout moment.","isPartOf":{"@id":"https:\/\/www.chauffeurtaxi91.fr\/#website"},"primaryImageOfPage":{"@id":"https:\/\/www.chauffeurtaxi91.fr\/vtc-vulaines-sur-seine\/#primaryimage"},"image":{"@id":"https:\/\/www.chauffeurtaxi91.fr\/vtc-vulaines-sur-seine\/#primaryimage"},"thumbnailUrl":"https:\/\/www.chauffeurtaxi91.fr\/wp-content\/uploads\/2022\/02\/VTC-Vulaines-sur-seine-1.jpg","datePublished":"2022-02-22T13:07:13+00:00","dateModified":"2022-03-16T14:12:39+00:00","description":"Notre soci\u00e9t\u00e9 offre plusieurs chaufeurs VTC \u00e0 Vulaines sur seine avec des tarifs tr\u00e9s raisonnable et logique.","breadcrumb":{"@id":"https:\/\/www.chauffeurtaxi91.fr\/vtc-vulaines-sur-seine\/#breadcrumb"},"inLanguage":"fr-FR","potentialAction":[{"@type":"ReadAction","target":["https:\/\/www.chauffeurtaxi91.fr\/vtc-vulaines-sur-seine\/"]}]},{"@type":"ImageObject","inLanguage":"fr-FR","@id":"https:\/\/www.chauffeurtaxi91.fr\/vtc-vulaines-sur-seine\/#primaryimage","url":"https:\/\/www.chauffeurtaxi91.fr\/wp-content\/uploads\/2022\/02\/VTC-Vulaines-sur-seine-1.jpg","contentUrl":"https:\/\/www.chauffeurtaxi91.fr\/wp-content\/uploads\/2022\/02\/VTC-Vulaines-sur-seine-1.jpg"},{"@type":"BreadcrumbList","@id":"https:\/\/www.chauffeurtaxi91.fr\/vtc-vulaines-sur-seine\/#breadcrumb","itemListElement":[{"@type":"ListItem","position":1,"name":"Accueil","item":"https:\/\/www.chauffeurtaxi91.fr\/fr\/"},{"@type":"ListItem","position":2,"name":"VTC Vulaines sur seine"}]},{"@type":"WebSite","@id":"https:\/\/www.chauffeurtaxi91.fr\/#website","url":"https:\/\/www.chauffeurtaxi91.fr\/","name":"Chauffeur Taxi | \u00cele-de-France | Essonne (91) &amp; Seine-et-marne (77)","description":"R\u00e9servez votre taxi | 24h\/24 7j\/7","publisher":{"@id":"https:\/\/www.chauffeurtaxi91.fr\/#organization"},"potentialAction":[{"@type":"SearchAction","target":{"@type":"EntryPoint","urlTemplate":"https:\/\/www.chauffeurtaxi91.fr\/?s={search_term_string}"},"query-input":{"@type":"PropertyValueSpecification","valueRequired":true,"valueName":"search_term_string"}}],"inLanguage":"fr-FR"},{"@type":"Organization","@id":"https:\/\/www.chauffeurtaxi91.fr\/#organization","name":"HL TRANSPORT","url":"https:\/\/www.chauffeurtaxi91.fr\/","logo":{"@type":"ImageObject","inLanguage":"fr-FR","@id":"https:\/\/www.chauffeurtaxi91.fr\/#\/schema\/logo\/image\/","url":"https:\/\/chauffeurtaxi91.fr\/wp-content\/uploads\/2021\/07\/cropped-4eec4f87-4fce-4ff6-bbdf-932a1b0f000e-1.jpg","contentUrl":"https:\/\/chauffeurtaxi91.fr\/wp-content\/uploads\/2021\/07\/cropped-4eec4f87-4fce-4ff6-bbdf-932a1b0f000e-1.jpg","width":512,"height":512,"caption":"HL TRANSPORT"},"image":{"@id":"https:\/\/www.chauffeurtaxi91.fr\/#\/schema\/logo\/image\/"}}]}},"_links":{"self":[{"href":"https:\/\/www.chauffeurtaxi91.fr\/fr\/wp-json\/wp\/v2\/pages\/875","targetHints":{"allow":["GET"]}}],"collection":[{"href":"https:\/\/www.chauffeurtaxi91.fr\/fr\/wp-json\/wp\/v2\/pages"}],"about":[{"href":"https:\/\/www.chauffeurtaxi91.fr\/fr\/wp-json\/wp\/v2\/types\/page"}],"author":[{"embeddable":true,"href":"https:\/\/www.chauffeurtaxi91.fr\/fr\/wp-json\/wp\/v2\/users\/1"}],"replies":[{"embeddable":true,"href":"https:\/\/www.chauffeurtaxi91.fr\/fr\/wp-json\/wp\/v2\/comments?post=875"}],"version-history":[{"count":0,"href":"https:\/\/www.chauffeurtaxi91.fr\/fr\/wp-json\/wp\/v2\/pages\/875\/revisions"}],"wp:attachment":[{"href":"https:\/\/www.chauffeurtaxi91.fr\/fr\/wp-json\/wp\/v2\/media?parent=875"}],"curies":[{"name":"wp","href":"https:\/\/api.w.org\/{rel}","templated":true}]}}