{"id":985,"date":"2022-03-16T15:20:54","date_gmt":"2022-03-16T14:20:54","guid":{"rendered":"https:\/\/www.chauffeurtaxi91.fr\/?page_id=985"},"modified":"2022-03-17T09:15:31","modified_gmt":"2022-03-17T08:15:31","slug":"vtc-egreville","status":"publish","type":"page","link":"https:\/\/www.chauffeurtaxi91.fr\/fr\/vtc-egreville\/","title":{"rendered":"VTC Egreville"},"content":{"rendered":"\n<p>Besoin d\u2019un transport depuis ou vers Egreville&nbsp;? Vous \u00eates \u00e0 la recherche d\u2019un chauffeur de confiance pour vous accompagner tout le long de votre trajet&nbsp;? Ne perdez pas votre temps pr\u00e9cieux et venez contacter&nbsp;HL Transport qui met \u00e0 votre disposition une \u00e9quipe hautement qualifi\u00e9e pour assurer votre transport en toute s\u00e9r\u00e9nit\u00e9.<\/p>\n\n\n\n<p>Quelle que soit votre besoin, nous sommes \u00e0 votre service, vous pouvez confirmer votre r\u00e9servation en quelques petits clics \u00e0 travers notre site, notre application, ou encore \u00e0 travers votre ligne t\u00e9l\u00e9phonique.<\/p>\n\n\n\n<h2 class=\"wp-block-heading\">Un chauffeur VTC \u00e0 Egreville, O\u00f9 que vous soyez<\/h2>\n\n\n\n<p>Depuis sa cr\u00e9ation, HL Transport propose des prestations richement vari\u00e9es \u00e0 un excellent rapport qualit\u00e9\/prix&nbsp;:<\/p>\n\n\n\n<p>Navette VTC en toute s\u00e9curit\u00e9<strong>&nbsp;<\/strong>: apr\u00e8s une longue journ\u00e9e de distraction et de fatigue, un chauffeur VTC attendra votre sortie pour vous ramener chez vous.&nbsp; En outre, &nbsp;il vous suffit d\u2019indiquer l\u2019heure de votre d\u00e9part et le type de v\u00e9hicule que vous souhaitiez pour que votre chauffeur puisse vous joindre \u00e0 temps et sans failles. &nbsp;<\/p>\n\n\n\n<p>\u00b7&nbsp;&nbsp;&nbsp;&nbsp;&nbsp; Des trajets toute distance&nbsp;: qu\u2019il s\u2019agit d\u2019un long ou d\u2019un court trajet, vous allez jouir votre temps au sein de nos v\u00e9hicules luxueuses. Nos chauffeurs sont professionnels et discrets, ils vous offriront un environnement confortable, vous pouvez ainsi, passez vos coups de fils importants, r\u00e9pondre \u00e0 vos emails ou \u00e0 vos messages.<\/p>\n\n\n\n<p>\u00b7&nbsp;&nbsp;&nbsp;&nbsp;&nbsp; Mise \u00e0 disposition de chauffeur pour la journ\u00e9e et\/ou la nuit&nbsp;: pour tous vos \u00e9v\u00e9nements, nos chauffeurs vous conduiront avec grand plaisir. Ils sont disponibles tous les jours 7j\/7 et 24h\/24 pour vous servir. Vous pouvez r\u00e9server ce genre de vos services \u00e0 vos clients. Ils appr\u00e9cieront certainement ce genre de gestes.<\/p>\n\n\n\n<p>Vous \u00eates libres de commander votre taxi ou votre chauffeur VTC depuis&nbsp;( l&rsquo;application mobile&nbsp;iOS&nbsp;ou&nbsp;Android, notre plateforme de r\u00e9servation&nbsp;en ligne ou notre ligne t\u00e9l\u00e9phonique). Nous sommes \u00e0 votre \u00e9coute et toujours pr\u00eats pour vous servir. &nbsp;<\/p>\n\n\n\n<h2 class=\"wp-block-heading\">R\u00e9servez votre VTC \u00e0 Egreville<\/h2>\n\n\n\n<p><a href=\"https:\/\/www.chauffeurtaxi91.fr\/\" target=\"_blank\" rel=\"noreferrer noopener\">Notre soci\u00e9t\u00e9<\/a> est bien connue pour sa transparence totale pour ceci, elle vous permet de conna\u00eetre le co\u00fbt de votre trajet \u00e0 l\u2019avance, au moment de la r\u00e9servation. Une fois la r\u00e9servation est confirm\u00e9e, votre chauffeur VTC vous joindra \u00e0 temps. Il vous attendra jusqu\u2019\u00e0 une heure plus tard, ce qui vous permettra d\u2019\u00eatre tranquille m\u00eame en cas de retard.<\/p>\n\n\n\n<p>Le paiement peut \u00eatre r\u00e9alis\u00e9 par carte bancaire ou cash. Celui-ci est totalement s\u00e9curis\u00e9 et transparent. Vous ne payez que le montant annonc\u00e9 au moment de la r\u00e9servation.<\/p>\n\n\n\n<p>En choisissant HL Transport vous \u00eates garantit de&nbsp;:<\/p>\n\n\n\n<p>\u00b7&nbsp;&nbsp;&nbsp;&nbsp;&nbsp;&nbsp;&nbsp;&nbsp; Un service rapide et efficace&nbsp;;<\/p>\n\n\n\n<p>\u00b7&nbsp;&nbsp;&nbsp;&nbsp;&nbsp;&nbsp;&nbsp;&nbsp; Une \u00e9quipe \u00e0 votre \u00e9coute m\u00eame pendant les weekends et les jours f\u00e9ri\u00e9s&nbsp;;<\/p>\n\n\n\n<p>\u00b7&nbsp;&nbsp;&nbsp;&nbsp;&nbsp;&nbsp;&nbsp;&nbsp; Une transparence totale&nbsp;;<\/p>\n\n\n\n<p>\u00b7&nbsp;&nbsp;&nbsp;&nbsp;&nbsp;&nbsp;&nbsp;&nbsp; Une r\u00e9servation simple et rapide en quelques petits clics&nbsp;;<\/p>\n\n\n\n<p>\u00b7&nbsp;&nbsp;&nbsp;&nbsp;&nbsp;&nbsp;&nbsp;&nbsp; Une grande expertise dans le domaine de transport&nbsp;;<\/p>\n\n\n\n<p>\u00b7&nbsp;&nbsp;&nbsp;&nbsp;&nbsp;&nbsp;&nbsp;&nbsp; Annulation possible avant 3 heures de l\u2019heure de d\u00e9part&nbsp;;<\/p>\n\n\n\n<p>\u00b7&nbsp;&nbsp;&nbsp;&nbsp;&nbsp;&nbsp;&nbsp;&nbsp; Des chauffeurs professionnels et discrets&nbsp;;<\/p>\n\n\n\n<p>\u00b7&nbsp;&nbsp;&nbsp;&nbsp;&nbsp;&nbsp;&nbsp;&nbsp; Meilleurs tarifs du march\u00e9&nbsp;;<\/p>\n\n\n\n<p>\u00b7&nbsp;&nbsp;&nbsp;&nbsp;&nbsp;&nbsp;&nbsp;&nbsp; Et encore plus.<\/p>\n","protected":false},"excerpt":{"rendered":"<p>Besoin d\u2019un transport depuis ou vers Egreville&nbsp;? Vous \u00eates \u00e0 la recherche d\u2019un chauffeur de confiance pour vous accompagner tout le long de votre trajet&nbsp;? Ne perdez pas votre temps pr\u00e9cieux et venez contacter&nbsp;HL Transport qui met \u00e0 votre disposition une \u00e9quipe hautement qualifi\u00e9e pour assurer votre transport en toute s\u00e9r\u00e9nit\u00e9. Quelle que soit votre [&hellip;]<\/p>\n","protected":false},"author":1,"featured_media":0,"parent":0,"menu_order":0,"comment_status":"closed","ping_status":"closed","template":"","meta":{"_et_pb_use_builder":"","_et_pb_old_content":"","_et_gb_content_width":"","footnotes":""},"class_list":["post-985","page","type-page","status-publish","hentry"],"yoast_head":"<!-- This site is optimized with the Yoast SEO plugin v27.4 - https:\/\/yoast.com\/product\/yoast-seo-wordpress\/ -->\n<title>VTC Egreville, R\u00e9servation chauffeur VTC.<\/title>\n<meta name=\"description\" content=\"Depuis sa cr\u00e9ation, HL Transport propose des prestations richement vari\u00e9es \u00e0 un excellent rapport qualit\u00e9-prix, des chauffeurs VTC Egreville.\" \/>\n<meta name=\"robots\" content=\"index, follow, max-snippet:-1, max-image-preview:large, max-video-preview:-1\" \/>\n<link rel=\"canonical\" href=\"https:\/\/www.chauffeurtaxi91.fr\/fr\/vtc-egreville\/\" \/>\n<meta property=\"og:locale\" content=\"fr_FR\" \/>\n<meta property=\"og:type\" content=\"article\" \/>\n<meta property=\"og:title\" content=\"VTC Egreville, R\u00e9servation chauffeur VTC.\" \/>\n<meta property=\"og:description\" content=\"Depuis sa cr\u00e9ation, HL Transport propose des prestations richement vari\u00e9es \u00e0 un excellent rapport qualit\u00e9-prix, des chauffeurs VTC Egreville.\" \/>\n<meta property=\"og:url\" content=\"https:\/\/www.chauffeurtaxi91.fr\/fr\/vtc-egreville\/\" \/>\n<meta property=\"og:site_name\" content=\"Chauffeur Taxi | \u00cele-de-France | Essonne (91) &amp; Seine-et-marne (77)\" \/>\n<meta property=\"article:modified_time\" content=\"2022-03-17T08:15:31+00:00\" \/>\n<meta name=\"twitter:card\" content=\"summary_large_image\" \/>\n<meta name=\"twitter:label1\" content=\"Dur\u00e9e de lecture estim\u00e9e\" \/>\n\t<meta name=\"twitter:data1\" content=\"3 minutes\" \/>\n<script type=\"application\/ld+json\" class=\"yoast-schema-graph\">{\"@context\":\"https:\\\/\\\/schema.org\",\"@graph\":[{\"@type\":\"WebPage\",\"@id\":\"https:\\\/\\\/www.chauffeurtaxi91.fr\\\/vtc-egreville\\\/\",\"url\":\"https:\\\/\\\/www.chauffeurtaxi91.fr\\\/vtc-egreville\\\/\",\"name\":\"VTC Egreville, R\u00e9servation chauffeur VTC.\",\"isPartOf\":{\"@id\":\"https:\\\/\\\/www.chauffeurtaxi91.fr\\\/#website\"},\"datePublished\":\"2022-03-16T14:20:54+00:00\",\"dateModified\":\"2022-03-17T08:15:31+00:00\",\"description\":\"Depuis sa cr\u00e9ation, HL Transport propose des prestations richement vari\u00e9es \u00e0 un excellent rapport qualit\u00e9-prix, des chauffeurs VTC Egreville.\",\"breadcrumb\":{\"@id\":\"https:\\\/\\\/www.chauffeurtaxi91.fr\\\/vtc-egreville\\\/#breadcrumb\"},\"inLanguage\":\"fr-FR\",\"potentialAction\":[{\"@type\":\"ReadAction\",\"target\":[\"https:\\\/\\\/www.chauffeurtaxi91.fr\\\/vtc-egreville\\\/\"]}]},{\"@type\":\"BreadcrumbList\",\"@id\":\"https:\\\/\\\/www.chauffeurtaxi91.fr\\\/vtc-egreville\\\/#breadcrumb\",\"itemListElement\":[{\"@type\":\"ListItem\",\"position\":1,\"name\":\"Accueil\",\"item\":\"https:\\\/\\\/www.chauffeurtaxi91.fr\\\/fr\\\/\"},{\"@type\":\"ListItem\",\"position\":2,\"name\":\"VTC Egreville\"}]},{\"@type\":\"WebSite\",\"@id\":\"https:\\\/\\\/www.chauffeurtaxi91.fr\\\/#website\",\"url\":\"https:\\\/\\\/www.chauffeurtaxi91.fr\\\/\",\"name\":\"Chauffeur Taxi | \u00cele-de-France | Essonne (91) &amp; Seine-et-marne (77)\",\"description\":\"R\u00e9servez votre taxi | 24h\\\/24 7j\\\/7\",\"publisher\":{\"@id\":\"https:\\\/\\\/www.chauffeurtaxi91.fr\\\/#organization\"},\"potentialAction\":[{\"@type\":\"SearchAction\",\"target\":{\"@type\":\"EntryPoint\",\"urlTemplate\":\"https:\\\/\\\/www.chauffeurtaxi91.fr\\\/?s={search_term_string}\"},\"query-input\":{\"@type\":\"PropertyValueSpecification\",\"valueRequired\":true,\"valueName\":\"search_term_string\"}}],\"inLanguage\":\"fr-FR\"},{\"@type\":\"Organization\",\"@id\":\"https:\\\/\\\/www.chauffeurtaxi91.fr\\\/#organization\",\"name\":\"HL TRANSPORT\",\"url\":\"https:\\\/\\\/www.chauffeurtaxi91.fr\\\/\",\"logo\":{\"@type\":\"ImageObject\",\"inLanguage\":\"fr-FR\",\"@id\":\"https:\\\/\\\/www.chauffeurtaxi91.fr\\\/#\\\/schema\\\/logo\\\/image\\\/\",\"url\":\"https:\\\/\\\/chauffeurtaxi91.fr\\\/wp-content\\\/uploads\\\/2021\\\/07\\\/cropped-4eec4f87-4fce-4ff6-bbdf-932a1b0f000e-1.jpg\",\"contentUrl\":\"https:\\\/\\\/chauffeurtaxi91.fr\\\/wp-content\\\/uploads\\\/2021\\\/07\\\/cropped-4eec4f87-4fce-4ff6-bbdf-932a1b0f000e-1.jpg\",\"width\":512,\"height\":512,\"caption\":\"HL TRANSPORT\"},\"image\":{\"@id\":\"https:\\\/\\\/www.chauffeurtaxi91.fr\\\/#\\\/schema\\\/logo\\\/image\\\/\"}}]}<\/script>\n<!-- \/ Yoast SEO plugin. -->","yoast_head_json":{"title":"VTC Egreville, R\u00e9servation chauffeur VTC.","description":"Depuis sa cr\u00e9ation, HL Transport propose des prestations richement vari\u00e9es \u00e0 un excellent rapport qualit\u00e9-prix, des chauffeurs VTC Egreville.","robots":{"index":"index","follow":"follow","max-snippet":"max-snippet:-1","max-image-preview":"max-image-preview:large","max-video-preview":"max-video-preview:-1"},"canonical":"https:\/\/www.chauffeurtaxi91.fr\/fr\/vtc-egreville\/","og_locale":"fr_FR","og_type":"article","og_title":"VTC Egreville, R\u00e9servation chauffeur VTC.","og_description":"Depuis sa cr\u00e9ation, HL Transport propose des prestations richement vari\u00e9es \u00e0 un excellent rapport qualit\u00e9-prix, des chauffeurs VTC Egreville.","og_url":"https:\/\/www.chauffeurtaxi91.fr\/fr\/vtc-egreville\/","og_site_name":"Chauffeur Taxi | \u00cele-de-France | Essonne (91) &amp; Seine-et-marne (77)","article_modified_time":"2022-03-17T08:15:31+00:00","twitter_card":"summary_large_image","twitter_misc":{"Dur\u00e9e de lecture estim\u00e9e":"3 minutes"},"schema":{"@context":"https:\/\/schema.org","@graph":[{"@type":"WebPage","@id":"https:\/\/www.chauffeurtaxi91.fr\/vtc-egreville\/","url":"https:\/\/www.chauffeurtaxi91.fr\/vtc-egreville\/","name":"VTC Egreville, R\u00e9servation chauffeur VTC.","isPartOf":{"@id":"https:\/\/www.chauffeurtaxi91.fr\/#website"},"datePublished":"2022-03-16T14:20:54+00:00","dateModified":"2022-03-17T08:15:31+00:00","description":"Depuis sa cr\u00e9ation, HL Transport propose des prestations richement vari\u00e9es \u00e0 un excellent rapport qualit\u00e9-prix, des chauffeurs VTC Egreville.","breadcrumb":{"@id":"https:\/\/www.chauffeurtaxi91.fr\/vtc-egreville\/#breadcrumb"},"inLanguage":"fr-FR","potentialAction":[{"@type":"ReadAction","target":["https:\/\/www.chauffeurtaxi91.fr\/vtc-egreville\/"]}]},{"@type":"BreadcrumbList","@id":"https:\/\/www.chauffeurtaxi91.fr\/vtc-egreville\/#breadcrumb","itemListElement":[{"@type":"ListItem","position":1,"name":"Accueil","item":"https:\/\/www.chauffeurtaxi91.fr\/fr\/"},{"@type":"ListItem","position":2,"name":"VTC Egreville"}]},{"@type":"WebSite","@id":"https:\/\/www.chauffeurtaxi91.fr\/#website","url":"https:\/\/www.chauffeurtaxi91.fr\/","name":"Chauffeur Taxi | \u00cele-de-France | Essonne (91) &amp; Seine-et-marne (77)","description":"R\u00e9servez votre taxi | 24h\/24 7j\/7","publisher":{"@id":"https:\/\/www.chauffeurtaxi91.fr\/#organization"},"potentialAction":[{"@type":"SearchAction","target":{"@type":"EntryPoint","urlTemplate":"https:\/\/www.chauffeurtaxi91.fr\/?s={search_term_string}"},"query-input":{"@type":"PropertyValueSpecification","valueRequired":true,"valueName":"search_term_string"}}],"inLanguage":"fr-FR"},{"@type":"Organization","@id":"https:\/\/www.chauffeurtaxi91.fr\/#organization","name":"HL TRANSPORT","url":"https:\/\/www.chauffeurtaxi91.fr\/","logo":{"@type":"ImageObject","inLanguage":"fr-FR","@id":"https:\/\/www.chauffeurtaxi91.fr\/#\/schema\/logo\/image\/","url":"https:\/\/chauffeurtaxi91.fr\/wp-content\/uploads\/2021\/07\/cropped-4eec4f87-4fce-4ff6-bbdf-932a1b0f000e-1.jpg","contentUrl":"https:\/\/chauffeurtaxi91.fr\/wp-content\/uploads\/2021\/07\/cropped-4eec4f87-4fce-4ff6-bbdf-932a1b0f000e-1.jpg","width":512,"height":512,"caption":"HL TRANSPORT"},"image":{"@id":"https:\/\/www.chauffeurtaxi91.fr\/#\/schema\/logo\/image\/"}}]}},"_links":{"self":[{"href":"https:\/\/www.chauffeurtaxi91.fr\/fr\/wp-json\/wp\/v2\/pages\/985","targetHints":{"allow":["GET"]}}],"collection":[{"href":"https:\/\/www.chauffeurtaxi91.fr\/fr\/wp-json\/wp\/v2\/pages"}],"about":[{"href":"https:\/\/www.chauffeurtaxi91.fr\/fr\/wp-json\/wp\/v2\/types\/page"}],"author":[{"embeddable":true,"href":"https:\/\/www.chauffeurtaxi91.fr\/fr\/wp-json\/wp\/v2\/users\/1"}],"replies":[{"embeddable":true,"href":"https:\/\/www.chauffeurtaxi91.fr\/fr\/wp-json\/wp\/v2\/comments?post=985"}],"version-history":[{"count":0,"href":"https:\/\/www.chauffeurtaxi91.fr\/fr\/wp-json\/wp\/v2\/pages\/985\/revisions"}],"wp:attachment":[{"href":"https:\/\/www.chauffeurtaxi91.fr\/fr\/wp-json\/wp\/v2\/media?parent=985"}],"curies":[{"name":"wp","href":"https:\/\/api.w.org\/{rel}","templated":true}]}}