{"id":993,"date":"2022-03-16T15:51:36","date_gmt":"2022-03-16T14:51:36","guid":{"rendered":"https:\/\/www.chauffeurtaxi91.fr\/?page_id=993"},"modified":"2022-03-17T09:24:16","modified_gmt":"2022-03-17T08:24:16","slug":"vtc-meaux","status":"publish","type":"page","link":"https:\/\/www.chauffeurtaxi91.fr\/fr\/vtc-meaux\/","title":{"rendered":"VTC Meaux"},"content":{"rendered":"\n<p>Chauffeur&nbsp;<strong>VTC A\u00e9roport Nice<\/strong>-M\u00e9diterran\u00e9e<\/p>\n\n\n\n<p>Que vous vous rendiez \u00e0 l\u2019<strong>A\u00e9roport de Nice-M\u00e9diterran\u00e9e<\/strong>\u00a0ou que vous y atterrissiez, nous serons votre prestataire sp\u00e9cialis\u00e9 pour ce transfert. Cet <a href=\"https:\/\/www.chauffeurtaxi91.fr\/aeroports\/\" target=\"_blank\" rel=\"noreferrer noopener\">a\u00e9roport<\/a> est le 2\u00e8me plus important en France en termes de voyageur. C\u2019est un lieu incontournable si vous souhaitez vous rendre dans une autre ville fran\u00e7aise ou dans le monde. Il s\u2019agit \u00e9galement de la porte d\u2019entr\u00e9e vers le soleil de la m\u00e9diterran\u00e9e.<\/p>\n\n\n\n<p>A votre arriv\u00e9e, nous vous r\u00e9serverons le meilleur accueil dans les meilleures conditions. Lors de votre d\u00e9part, vous n\u2019aurez plus aucune crainte d\u2019arriver en retard et de subir les al\u00e9as du transport en commun. Nous serons ponctuels et vous profiterez d\u2019une qualit\u00e9 de service vous permettant de vous reposer dans un espace luxueux. Vous appr\u00e9cierez ce service, nous vous le garantissons.<\/p>\n\n\n\n<p>Vous voulez vous promener dans la vieille ville, dans les quartiers de M\u00e9decin, rue de France ou Gambetta ? Ce sont des lieux pris\u00e9s par les touristes mais \u00e9galement les Ni\u00e7ois. Vous avez envie de d\u00e9couvrir ou red\u00e9couvrir la Promenade des anglais \u00e0 travers les quartiers de Fabron et de la Madeleine ? Nous vous am\u00e8nerons \u00e0 destination sans que vous ayez \u00e0 vous soucier du stationnement et de la circulation. Nous vous ferons d\u00e9couvrir des endroits somptueux et qui seront source d\u2019inspiration et de d\u00e9tente.<\/p>\n\n\n\n<p>Nice est une ville passionnante et avec un patrimoine historique et architectural exceptionnel ! Laissez-vous vous faire conduire \u00e0 travers la Ville avec <a href=\"https:\/\/cotedazurvtc.com\/\"><strong>C\u00f4te-d\u2019Azur VTC<\/strong><\/a>, vous n\u2019aurez que des avantages !<\/p>\n","protected":false},"excerpt":{"rendered":"<p>Chauffeur&nbsp;VTC A\u00e9roport Nice-M\u00e9diterran\u00e9e Que vous vous rendiez \u00e0 l\u2019A\u00e9roport de Nice-M\u00e9diterran\u00e9e\u00a0ou que vous y atterrissiez, nous serons votre prestataire sp\u00e9cialis\u00e9 pour ce transfert. Cet a\u00e9roport est le 2\u00e8me plus important en France en termes de voyageur. C\u2019est un lieu incontournable si vous souhaitez vous rendre dans une autre ville fran\u00e7aise ou dans le monde. Il [&hellip;]<\/p>\n","protected":false},"author":1,"featured_media":0,"parent":0,"menu_order":0,"comment_status":"closed","ping_status":"closed","template":"","meta":{"_et_pb_use_builder":"","_et_pb_old_content":"","_et_gb_content_width":"","footnotes":""},"class_list":["post-993","page","type-page","status-publish","hentry"],"yoast_head":"<!-- This site is optimized with the Yoast SEO plugin v27.5 - https:\/\/yoast.com\/product\/yoast-seo-wordpress\/ -->\n<title>VTC Meaux, Chauffeur\u00a0VTC A\u00e9roport Nice-M\u00e9diterran\u00e9e.<\/title>\n<meta name=\"description\" content=\"Nous vous r\u00e9serverons le meilleur accueil dans les meilleures conditions. Lors de votre d\u00e9part, chez HL Transport tout est r\u00e9solu.\" \/>\n<meta name=\"robots\" content=\"index, follow, max-snippet:-1, max-image-preview:large, max-video-preview:-1\" \/>\n<link rel=\"canonical\" href=\"https:\/\/www.chauffeurtaxi91.fr\/fr\/vtc-meaux\/\" \/>\n<meta property=\"og:locale\" content=\"fr_FR\" \/>\n<meta property=\"og:type\" content=\"article\" \/>\n<meta property=\"og:title\" content=\"VTC Meaux, Chauffeur\u00a0VTC A\u00e9roport Nice-M\u00e9diterran\u00e9e.\" \/>\n<meta property=\"og:description\" content=\"Nous vous r\u00e9serverons le meilleur accueil dans les meilleures conditions. Lors de votre d\u00e9part, chez HL Transport tout est r\u00e9solu.\" \/>\n<meta property=\"og:url\" content=\"https:\/\/www.chauffeurtaxi91.fr\/fr\/vtc-meaux\/\" \/>\n<meta property=\"og:site_name\" content=\"Chauffeur Taxi | \u00cele-de-France | Essonne (91) &amp; Seine-et-marne (77)\" \/>\n<meta property=\"article:modified_time\" content=\"2022-03-17T08:24:16+00:00\" \/>\n<meta name=\"twitter:card\" content=\"summary_large_image\" \/>\n<meta name=\"twitter:label1\" content=\"Dur\u00e9e de lecture estim\u00e9e\" \/>\n\t<meta name=\"twitter:data1\" content=\"2 minutes\" \/>\n<script type=\"application\/ld+json\" class=\"yoast-schema-graph\">{\"@context\":\"https:\\\/\\\/schema.org\",\"@graph\":[{\"@type\":\"WebPage\",\"@id\":\"https:\\\/\\\/www.chauffeurtaxi91.fr\\\/vtc-meaux\\\/\",\"url\":\"https:\\\/\\\/www.chauffeurtaxi91.fr\\\/vtc-meaux\\\/\",\"name\":\"VTC Meaux, Chauffeur\u00a0VTC A\u00e9roport Nice-M\u00e9diterran\u00e9e.\",\"isPartOf\":{\"@id\":\"https:\\\/\\\/www.chauffeurtaxi91.fr\\\/#website\"},\"datePublished\":\"2022-03-16T14:51:36+00:00\",\"dateModified\":\"2022-03-17T08:24:16+00:00\",\"description\":\"Nous vous r\u00e9serverons le meilleur accueil dans les meilleures conditions. Lors de votre d\u00e9part, chez HL Transport tout est r\u00e9solu.\",\"breadcrumb\":{\"@id\":\"https:\\\/\\\/www.chauffeurtaxi91.fr\\\/vtc-meaux\\\/#breadcrumb\"},\"inLanguage\":\"fr-FR\",\"potentialAction\":[{\"@type\":\"ReadAction\",\"target\":[\"https:\\\/\\\/www.chauffeurtaxi91.fr\\\/vtc-meaux\\\/\"]}]},{\"@type\":\"BreadcrumbList\",\"@id\":\"https:\\\/\\\/www.chauffeurtaxi91.fr\\\/vtc-meaux\\\/#breadcrumb\",\"itemListElement\":[{\"@type\":\"ListItem\",\"position\":1,\"name\":\"Accueil\",\"item\":\"https:\\\/\\\/www.chauffeurtaxi91.fr\\\/fr\\\/\"},{\"@type\":\"ListItem\",\"position\":2,\"name\":\"VTC Meaux\"}]},{\"@type\":\"WebSite\",\"@id\":\"https:\\\/\\\/www.chauffeurtaxi91.fr\\\/#website\",\"url\":\"https:\\\/\\\/www.chauffeurtaxi91.fr\\\/\",\"name\":\"Chauffeur Taxi | \u00cele-de-France | Essonne (91) &amp; Seine-et-marne (77)\",\"description\":\"R\u00e9servez votre taxi | 24h\\\/24 7j\\\/7\",\"publisher\":{\"@id\":\"https:\\\/\\\/www.chauffeurtaxi91.fr\\\/#organization\"},\"potentialAction\":[{\"@type\":\"SearchAction\",\"target\":{\"@type\":\"EntryPoint\",\"urlTemplate\":\"https:\\\/\\\/www.chauffeurtaxi91.fr\\\/?s={search_term_string}\"},\"query-input\":{\"@type\":\"PropertyValueSpecification\",\"valueRequired\":true,\"valueName\":\"search_term_string\"}}],\"inLanguage\":\"fr-FR\"},{\"@type\":\"Organization\",\"@id\":\"https:\\\/\\\/www.chauffeurtaxi91.fr\\\/#organization\",\"name\":\"HL TRANSPORT\",\"url\":\"https:\\\/\\\/www.chauffeurtaxi91.fr\\\/\",\"logo\":{\"@type\":\"ImageObject\",\"inLanguage\":\"fr-FR\",\"@id\":\"https:\\\/\\\/www.chauffeurtaxi91.fr\\\/#\\\/schema\\\/logo\\\/image\\\/\",\"url\":\"https:\\\/\\\/chauffeurtaxi91.fr\\\/wp-content\\\/uploads\\\/2021\\\/07\\\/cropped-4eec4f87-4fce-4ff6-bbdf-932a1b0f000e-1.jpg\",\"contentUrl\":\"https:\\\/\\\/chauffeurtaxi91.fr\\\/wp-content\\\/uploads\\\/2021\\\/07\\\/cropped-4eec4f87-4fce-4ff6-bbdf-932a1b0f000e-1.jpg\",\"width\":512,\"height\":512,\"caption\":\"HL TRANSPORT\"},\"image\":{\"@id\":\"https:\\\/\\\/www.chauffeurtaxi91.fr\\\/#\\\/schema\\\/logo\\\/image\\\/\"}}]}<\/script>\n<!-- \/ Yoast SEO plugin. -->","yoast_head_json":{"title":"VTC Meaux, Chauffeur\u00a0VTC A\u00e9roport Nice-M\u00e9diterran\u00e9e.","description":"Nous vous r\u00e9serverons le meilleur accueil dans les meilleures conditions. Lors de votre d\u00e9part, chez HL Transport tout est r\u00e9solu.","robots":{"index":"index","follow":"follow","max-snippet":"max-snippet:-1","max-image-preview":"max-image-preview:large","max-video-preview":"max-video-preview:-1"},"canonical":"https:\/\/www.chauffeurtaxi91.fr\/fr\/vtc-meaux\/","og_locale":"fr_FR","og_type":"article","og_title":"VTC Meaux, Chauffeur\u00a0VTC A\u00e9roport Nice-M\u00e9diterran\u00e9e.","og_description":"Nous vous r\u00e9serverons le meilleur accueil dans les meilleures conditions. Lors de votre d\u00e9part, chez HL Transport tout est r\u00e9solu.","og_url":"https:\/\/www.chauffeurtaxi91.fr\/fr\/vtc-meaux\/","og_site_name":"Chauffeur Taxi | \u00cele-de-France | Essonne (91) &amp; Seine-et-marne (77)","article_modified_time":"2022-03-17T08:24:16+00:00","twitter_card":"summary_large_image","twitter_misc":{"Dur\u00e9e de lecture estim\u00e9e":"2 minutes"},"schema":{"@context":"https:\/\/schema.org","@graph":[{"@type":"WebPage","@id":"https:\/\/www.chauffeurtaxi91.fr\/vtc-meaux\/","url":"https:\/\/www.chauffeurtaxi91.fr\/vtc-meaux\/","name":"VTC Meaux, Chauffeur\u00a0VTC A\u00e9roport Nice-M\u00e9diterran\u00e9e.","isPartOf":{"@id":"https:\/\/www.chauffeurtaxi91.fr\/#website"},"datePublished":"2022-03-16T14:51:36+00:00","dateModified":"2022-03-17T08:24:16+00:00","description":"Nous vous r\u00e9serverons le meilleur accueil dans les meilleures conditions. Lors de votre d\u00e9part, chez HL Transport tout est r\u00e9solu.","breadcrumb":{"@id":"https:\/\/www.chauffeurtaxi91.fr\/vtc-meaux\/#breadcrumb"},"inLanguage":"fr-FR","potentialAction":[{"@type":"ReadAction","target":["https:\/\/www.chauffeurtaxi91.fr\/vtc-meaux\/"]}]},{"@type":"BreadcrumbList","@id":"https:\/\/www.chauffeurtaxi91.fr\/vtc-meaux\/#breadcrumb","itemListElement":[{"@type":"ListItem","position":1,"name":"Accueil","item":"https:\/\/www.chauffeurtaxi91.fr\/fr\/"},{"@type":"ListItem","position":2,"name":"VTC Meaux"}]},{"@type":"WebSite","@id":"https:\/\/www.chauffeurtaxi91.fr\/#website","url":"https:\/\/www.chauffeurtaxi91.fr\/","name":"Chauffeur Taxi | \u00cele-de-France | Essonne (91) &amp; Seine-et-marne (77)","description":"R\u00e9servez votre taxi | 24h\/24 7j\/7","publisher":{"@id":"https:\/\/www.chauffeurtaxi91.fr\/#organization"},"potentialAction":[{"@type":"SearchAction","target":{"@type":"EntryPoint","urlTemplate":"https:\/\/www.chauffeurtaxi91.fr\/?s={search_term_string}"},"query-input":{"@type":"PropertyValueSpecification","valueRequired":true,"valueName":"search_term_string"}}],"inLanguage":"fr-FR"},{"@type":"Organization","@id":"https:\/\/www.chauffeurtaxi91.fr\/#organization","name":"HL TRANSPORT","url":"https:\/\/www.chauffeurtaxi91.fr\/","logo":{"@type":"ImageObject","inLanguage":"fr-FR","@id":"https:\/\/www.chauffeurtaxi91.fr\/#\/schema\/logo\/image\/","url":"https:\/\/chauffeurtaxi91.fr\/wp-content\/uploads\/2021\/07\/cropped-4eec4f87-4fce-4ff6-bbdf-932a1b0f000e-1.jpg","contentUrl":"https:\/\/chauffeurtaxi91.fr\/wp-content\/uploads\/2021\/07\/cropped-4eec4f87-4fce-4ff6-bbdf-932a1b0f000e-1.jpg","width":512,"height":512,"caption":"HL TRANSPORT"},"image":{"@id":"https:\/\/www.chauffeurtaxi91.fr\/#\/schema\/logo\/image\/"}}]}},"_links":{"self":[{"href":"https:\/\/www.chauffeurtaxi91.fr\/fr\/wp-json\/wp\/v2\/pages\/993","targetHints":{"allow":["GET"]}}],"collection":[{"href":"https:\/\/www.chauffeurtaxi91.fr\/fr\/wp-json\/wp\/v2\/pages"}],"about":[{"href":"https:\/\/www.chauffeurtaxi91.fr\/fr\/wp-json\/wp\/v2\/types\/page"}],"author":[{"embeddable":true,"href":"https:\/\/www.chauffeurtaxi91.fr\/fr\/wp-json\/wp\/v2\/users\/1"}],"replies":[{"embeddable":true,"href":"https:\/\/www.chauffeurtaxi91.fr\/fr\/wp-json\/wp\/v2\/comments?post=993"}],"version-history":[{"count":0,"href":"https:\/\/www.chauffeurtaxi91.fr\/fr\/wp-json\/wp\/v2\/pages\/993\/revisions"}],"wp:attachment":[{"href":"https:\/\/www.chauffeurtaxi91.fr\/fr\/wp-json\/wp\/v2\/media?parent=993"}],"curies":[{"name":"wp","href":"https:\/\/api.w.org\/{rel}","templated":true}]}}