{"id":995,"date":"2022-03-16T15:53:47","date_gmt":"2022-03-16T14:53:47","guid":{"rendered":"https:\/\/www.chauffeurtaxi91.fr\/?page_id=995"},"modified":"2022-03-17T09:26:30","modified_gmt":"2022-03-17T08:26:30","slug":"vtc-moissy-cramayel","status":"publish","type":"page","link":"https:\/\/www.chauffeurtaxi91.fr\/fr\/vtc-moissy-cramayel\/","title":{"rendered":"VTC Moissy-cramayel"},"content":{"rendered":"\n<p>Que vous soyez particulier, VIP, que vous rendiez \u00e0 la gare ou \u00e0 l\u2019A\u00e9roport, nos chauffeurs seront votre prestataire sp\u00e9cialis\u00e9 pour r\u00e9aliser ce transfert. Ils vous r\u00e9serveront le meilleur accueil et les meilleures conditions.<\/p>\n\n\n\n<p>Nos chauffeurs seront d\u2019une ponctualit\u00e9 irr\u00e9prochable. Avec eux, vous \u00eates garanti d\u2019une qualit\u00e9 de service irr\u00e9prochable au sein d\u2019un espace luxueux que vous allez s\u00fbrement l\u2019appr\u00e9ci\u00e9.<\/p>\n\n\n\n<h2 class=\"wp-block-heading\">Chauffeur&nbsp;VTC \u00e0 Moissy-cramayel<\/h2>\n\n\n\n<p>Vous \u00eates touriste&nbsp;? Vous voulez vous promener dans la ville de Moissy-cramayel<strong> <\/strong>? Les chauffeurs d\u2019HL Transport sont vos meilleurs partenaires&nbsp;! Ils vous conduiront vers les lieux pr\u00e9cis\u00e9s et vous prodigueront les meilleurs conseils qui concernent la r\u00e9gion pour une meilleure d\u00e9couverte.<\/p>\n\n\n\n<p>Avec notre soci\u00e9t\u00e9 vous n\u2019avez pas \u00e0 vous soucier \u00e0 propos le stationnement ainsi que la circulation. Nous sommes en mesure de vous faire d\u00e9couvrir des endroits somptueux et stup\u00e9fiants qui seront votre source d\u2019inspiration mais aussi de d\u00e9tente.<\/p>\n\n\n\n<p>Notre soci\u00e9t\u00e9 met \u00e0 votre disposition une s\u00e9lection de voitures hauts de gamme qui sont continuellement renouvel\u00e9s et entretenus pour assurer votre transfert en toute s\u00e9r\u00e9nit\u00e9 et en toute s\u00e9curit\u00e9.<\/p>\n\n\n\n<p>Qu\u2019il s\u2019agit d\u2019une c\u00e9r\u00e9monie, d\u2019un mariage, d\u2019un congr\u00e8s ou encore d\u2019un s\u00e9minaire \u00e0 assister venez solliciter les services d\u2019HL Transport et vous ne serez jamais d\u00e9\u00e7u&nbsp;! Nous vous garantissons un transfert de qualit\u00e9 irr\u00e9prochable qui satisfait toutes vos attentes.<a><\/a><\/p>\n\n\n\n<p>HL Transport vous invite \u00e0 vous faire conduire \u00e0 travers toute la ville de Moissy-cramayel, vous n\u2019aurez que des avantages ! Vous pouvez choisir une&nbsp;berline&nbsp;ou un&nbsp;VAN&nbsp;suivant le nombre de vos compagnons et vos bagages \u00e0 transporter.<\/p>\n\n\n\n<h2 class=\"wp-block-heading\">Chauffeur&nbsp;priv\u00e9 et Taxi &nbsp;\u00e0 Moissy-cramayel 7j\/7 et 24h\/24<\/h2>\n\n\n\n<p>Pour r\u00e9server votre taxi ou votre chauffeur VTC, il vous suffit de r\u00e9server votre place en ligne, par SMS ou via les applications t\u00e9l\u00e9phoniques comme Androide et iOS. N\u2019h\u00e9sitez pas \u00e0 nous faire parvenir un maximum d\u2019informations, notre service client se chargera par la suite de vous planifier le meilleur v\u00e9hicule adapt\u00e9 \u00e0 votre cas. Cela, vous permettra de profiter d\u2019un &nbsp;maximum de confort \u00e0 bord. Par ailleurs, n\u2019h\u00e9sitez pas de commander plusieurs v\u00e9hicules en cas de besoin, cela est possible chez notre soci\u00e9t\u00e9.<\/p>\n\n\n\n<p>Notre soci\u00e9t\u00e9 <a href=\"https:\/\/www.chauffeurtaxi91.fr\/\" target=\"_blank\" rel=\"noreferrer noopener\">HL Transport <\/a>pense bien \u00e0 votre poche&nbsp; et vous proposera le meilleur rapport qualit\u00e9\/prix. Nous vous fixerons le prix \u00e0 payer \u00e0 l\u2019avance. Ce prix est tous taxes compris et ne comprend aucune surprise par la suite. Vous allez admirer votre transfert sans \u00eatre soucieux du montant \u00e0 payer par la suite. Nos prestations seront \u00e0 la hauteur de toutes vos envies avec une ponctualit\u00e9 \u00e0 toute \u00e9preuve.<\/p>\n\n\n\n<p>Notre \u00e9quipe HL Transport est \u00e0 votre \u00e9coute. Elle vous servira du jour comme de nuit. Nos chauffeurs vous conduiront depuis et vers la ville de Moissy-cramayel en toute tranquillit\u00e9. Ils vous attendront jusqu\u2019\u00e0 une heure plus tard. Pour ceci, vous n\u2019avez pas \u00e0 paniquer en ce qui concerne les atterrissages retard\u00e9s. Venez profiter du meilleur service de transport \u00e0 Moissy-Cramayel. Votre r\u00e9servation est simple et s\u2019effectue en quelques petits clics&nbsp;!<\/p>\n","protected":false},"excerpt":{"rendered":"<p>Que vous soyez particulier, VIP, que vous rendiez \u00e0 la gare ou \u00e0 l\u2019A\u00e9roport, nos chauffeurs seront votre prestataire sp\u00e9cialis\u00e9 pour r\u00e9aliser ce transfert. Ils vous r\u00e9serveront le meilleur accueil et les meilleures conditions. Nos chauffeurs seront d\u2019une ponctualit\u00e9 irr\u00e9prochable. Avec eux, vous \u00eates garanti d\u2019une qualit\u00e9 de service irr\u00e9prochable au sein d\u2019un espace luxueux [&hellip;]<\/p>\n","protected":false},"author":1,"featured_media":0,"parent":0,"menu_order":0,"comment_status":"closed","ping_status":"closed","template":"","meta":{"_et_pb_use_builder":"","_et_pb_old_content":"","_et_gb_content_width":"","footnotes":""},"class_list":["post-995","page","type-page","status-publish","hentry"],"yoast_head":"<!-- This site is optimized with the Yoast SEO plugin v27.4 - https:\/\/yoast.com\/product\/yoast-seo-wordpress\/ -->\n<title>VTC Moissy-cramayel, r\u00e9servation chauffeur priv\u00e9 en ligne, taxi priv\u00e9.<\/title>\n<meta name=\"description\" content=\"VTC Moissy-cramayel Pour r\u00e9server votre taxi ou votre chauffeur VTC, il vous suffit de r\u00e9server votre place en ligne ou par t\u00e9lephone.\" \/>\n<meta name=\"robots\" content=\"index, follow, max-snippet:-1, max-image-preview:large, max-video-preview:-1\" \/>\n<link rel=\"canonical\" href=\"https:\/\/www.chauffeurtaxi91.fr\/fr\/vtc-moissy-cramayel\/\" \/>\n<meta property=\"og:locale\" content=\"fr_FR\" \/>\n<meta property=\"og:type\" content=\"article\" \/>\n<meta property=\"og:title\" content=\"VTC Moissy-cramayel, r\u00e9servation chauffeur priv\u00e9 en ligne, taxi priv\u00e9.\" \/>\n<meta property=\"og:description\" content=\"VTC Moissy-cramayel Pour r\u00e9server votre taxi ou votre chauffeur VTC, il vous suffit de r\u00e9server votre place en ligne ou par t\u00e9lephone.\" \/>\n<meta property=\"og:url\" content=\"https:\/\/www.chauffeurtaxi91.fr\/fr\/vtc-moissy-cramayel\/\" \/>\n<meta property=\"og:site_name\" content=\"Chauffeur Taxi | \u00cele-de-France | Essonne (91) &amp; Seine-et-marne (77)\" \/>\n<meta property=\"article:modified_time\" content=\"2022-03-17T08:26:30+00:00\" \/>\n<meta name=\"twitter:card\" content=\"summary_large_image\" \/>\n<meta name=\"twitter:label1\" content=\"Dur\u00e9e de lecture estim\u00e9e\" \/>\n\t<meta name=\"twitter:data1\" content=\"3 minutes\" \/>\n<script type=\"application\/ld+json\" class=\"yoast-schema-graph\">{\"@context\":\"https:\\\/\\\/schema.org\",\"@graph\":[{\"@type\":\"WebPage\",\"@id\":\"https:\\\/\\\/www.chauffeurtaxi91.fr\\\/vtc-moissy-cramayel\\\/\",\"url\":\"https:\\\/\\\/www.chauffeurtaxi91.fr\\\/vtc-moissy-cramayel\\\/\",\"name\":\"VTC Moissy-cramayel, r\u00e9servation chauffeur priv\u00e9 en ligne, taxi priv\u00e9.\",\"isPartOf\":{\"@id\":\"https:\\\/\\\/www.chauffeurtaxi91.fr\\\/#website\"},\"datePublished\":\"2022-03-16T14:53:47+00:00\",\"dateModified\":\"2022-03-17T08:26:30+00:00\",\"description\":\"VTC Moissy-cramayel Pour r\u00e9server votre taxi ou votre chauffeur VTC, il vous suffit de r\u00e9server votre place en ligne ou par t\u00e9lephone.\",\"breadcrumb\":{\"@id\":\"https:\\\/\\\/www.chauffeurtaxi91.fr\\\/vtc-moissy-cramayel\\\/#breadcrumb\"},\"inLanguage\":\"fr-FR\",\"potentialAction\":[{\"@type\":\"ReadAction\",\"target\":[\"https:\\\/\\\/www.chauffeurtaxi91.fr\\\/vtc-moissy-cramayel\\\/\"]}]},{\"@type\":\"BreadcrumbList\",\"@id\":\"https:\\\/\\\/www.chauffeurtaxi91.fr\\\/vtc-moissy-cramayel\\\/#breadcrumb\",\"itemListElement\":[{\"@type\":\"ListItem\",\"position\":1,\"name\":\"Accueil\",\"item\":\"https:\\\/\\\/www.chauffeurtaxi91.fr\\\/fr\\\/\"},{\"@type\":\"ListItem\",\"position\":2,\"name\":\"VTC Moissy-cramayel\"}]},{\"@type\":\"WebSite\",\"@id\":\"https:\\\/\\\/www.chauffeurtaxi91.fr\\\/#website\",\"url\":\"https:\\\/\\\/www.chauffeurtaxi91.fr\\\/\",\"name\":\"Chauffeur Taxi | \u00cele-de-France | Essonne (91) &amp; Seine-et-marne (77)\",\"description\":\"R\u00e9servez votre taxi | 24h\\\/24 7j\\\/7\",\"publisher\":{\"@id\":\"https:\\\/\\\/www.chauffeurtaxi91.fr\\\/#organization\"},\"potentialAction\":[{\"@type\":\"SearchAction\",\"target\":{\"@type\":\"EntryPoint\",\"urlTemplate\":\"https:\\\/\\\/www.chauffeurtaxi91.fr\\\/?s={search_term_string}\"},\"query-input\":{\"@type\":\"PropertyValueSpecification\",\"valueRequired\":true,\"valueName\":\"search_term_string\"}}],\"inLanguage\":\"fr-FR\"},{\"@type\":\"Organization\",\"@id\":\"https:\\\/\\\/www.chauffeurtaxi91.fr\\\/#organization\",\"name\":\"HL TRANSPORT\",\"url\":\"https:\\\/\\\/www.chauffeurtaxi91.fr\\\/\",\"logo\":{\"@type\":\"ImageObject\",\"inLanguage\":\"fr-FR\",\"@id\":\"https:\\\/\\\/www.chauffeurtaxi91.fr\\\/#\\\/schema\\\/logo\\\/image\\\/\",\"url\":\"https:\\\/\\\/chauffeurtaxi91.fr\\\/wp-content\\\/uploads\\\/2021\\\/07\\\/cropped-4eec4f87-4fce-4ff6-bbdf-932a1b0f000e-1.jpg\",\"contentUrl\":\"https:\\\/\\\/chauffeurtaxi91.fr\\\/wp-content\\\/uploads\\\/2021\\\/07\\\/cropped-4eec4f87-4fce-4ff6-bbdf-932a1b0f000e-1.jpg\",\"width\":512,\"height\":512,\"caption\":\"HL TRANSPORT\"},\"image\":{\"@id\":\"https:\\\/\\\/www.chauffeurtaxi91.fr\\\/#\\\/schema\\\/logo\\\/image\\\/\"}}]}<\/script>\n<!-- \/ Yoast SEO plugin. -->","yoast_head_json":{"title":"VTC Moissy-cramayel, r\u00e9servation chauffeur priv\u00e9 en ligne, taxi priv\u00e9.","description":"VTC Moissy-cramayel Pour r\u00e9server votre taxi ou votre chauffeur VTC, il vous suffit de r\u00e9server votre place en ligne ou par t\u00e9lephone.","robots":{"index":"index","follow":"follow","max-snippet":"max-snippet:-1","max-image-preview":"max-image-preview:large","max-video-preview":"max-video-preview:-1"},"canonical":"https:\/\/www.chauffeurtaxi91.fr\/fr\/vtc-moissy-cramayel\/","og_locale":"fr_FR","og_type":"article","og_title":"VTC Moissy-cramayel, r\u00e9servation chauffeur priv\u00e9 en ligne, taxi priv\u00e9.","og_description":"VTC Moissy-cramayel Pour r\u00e9server votre taxi ou votre chauffeur VTC, il vous suffit de r\u00e9server votre place en ligne ou par t\u00e9lephone.","og_url":"https:\/\/www.chauffeurtaxi91.fr\/fr\/vtc-moissy-cramayel\/","og_site_name":"Chauffeur Taxi | \u00cele-de-France | Essonne (91) &amp; Seine-et-marne (77)","article_modified_time":"2022-03-17T08:26:30+00:00","twitter_card":"summary_large_image","twitter_misc":{"Dur\u00e9e de lecture estim\u00e9e":"3 minutes"},"schema":{"@context":"https:\/\/schema.org","@graph":[{"@type":"WebPage","@id":"https:\/\/www.chauffeurtaxi91.fr\/vtc-moissy-cramayel\/","url":"https:\/\/www.chauffeurtaxi91.fr\/vtc-moissy-cramayel\/","name":"VTC Moissy-cramayel, r\u00e9servation chauffeur priv\u00e9 en ligne, taxi priv\u00e9.","isPartOf":{"@id":"https:\/\/www.chauffeurtaxi91.fr\/#website"},"datePublished":"2022-03-16T14:53:47+00:00","dateModified":"2022-03-17T08:26:30+00:00","description":"VTC Moissy-cramayel Pour r\u00e9server votre taxi ou votre chauffeur VTC, il vous suffit de r\u00e9server votre place en ligne ou par t\u00e9lephone.","breadcrumb":{"@id":"https:\/\/www.chauffeurtaxi91.fr\/vtc-moissy-cramayel\/#breadcrumb"},"inLanguage":"fr-FR","potentialAction":[{"@type":"ReadAction","target":["https:\/\/www.chauffeurtaxi91.fr\/vtc-moissy-cramayel\/"]}]},{"@type":"BreadcrumbList","@id":"https:\/\/www.chauffeurtaxi91.fr\/vtc-moissy-cramayel\/#breadcrumb","itemListElement":[{"@type":"ListItem","position":1,"name":"Accueil","item":"https:\/\/www.chauffeurtaxi91.fr\/fr\/"},{"@type":"ListItem","position":2,"name":"VTC Moissy-cramayel"}]},{"@type":"WebSite","@id":"https:\/\/www.chauffeurtaxi91.fr\/#website","url":"https:\/\/www.chauffeurtaxi91.fr\/","name":"Chauffeur Taxi | \u00cele-de-France | Essonne (91) &amp; Seine-et-marne (77)","description":"R\u00e9servez votre taxi | 24h\/24 7j\/7","publisher":{"@id":"https:\/\/www.chauffeurtaxi91.fr\/#organization"},"potentialAction":[{"@type":"SearchAction","target":{"@type":"EntryPoint","urlTemplate":"https:\/\/www.chauffeurtaxi91.fr\/?s={search_term_string}"},"query-input":{"@type":"PropertyValueSpecification","valueRequired":true,"valueName":"search_term_string"}}],"inLanguage":"fr-FR"},{"@type":"Organization","@id":"https:\/\/www.chauffeurtaxi91.fr\/#organization","name":"HL TRANSPORT","url":"https:\/\/www.chauffeurtaxi91.fr\/","logo":{"@type":"ImageObject","inLanguage":"fr-FR","@id":"https:\/\/www.chauffeurtaxi91.fr\/#\/schema\/logo\/image\/","url":"https:\/\/chauffeurtaxi91.fr\/wp-content\/uploads\/2021\/07\/cropped-4eec4f87-4fce-4ff6-bbdf-932a1b0f000e-1.jpg","contentUrl":"https:\/\/chauffeurtaxi91.fr\/wp-content\/uploads\/2021\/07\/cropped-4eec4f87-4fce-4ff6-bbdf-932a1b0f000e-1.jpg","width":512,"height":512,"caption":"HL TRANSPORT"},"image":{"@id":"https:\/\/www.chauffeurtaxi91.fr\/#\/schema\/logo\/image\/"}}]}},"_links":{"self":[{"href":"https:\/\/www.chauffeurtaxi91.fr\/fr\/wp-json\/wp\/v2\/pages\/995","targetHints":{"allow":["GET"]}}],"collection":[{"href":"https:\/\/www.chauffeurtaxi91.fr\/fr\/wp-json\/wp\/v2\/pages"}],"about":[{"href":"https:\/\/www.chauffeurtaxi91.fr\/fr\/wp-json\/wp\/v2\/types\/page"}],"author":[{"embeddable":true,"href":"https:\/\/www.chauffeurtaxi91.fr\/fr\/wp-json\/wp\/v2\/users\/1"}],"replies":[{"embeddable":true,"href":"https:\/\/www.chauffeurtaxi91.fr\/fr\/wp-json\/wp\/v2\/comments?post=995"}],"version-history":[{"count":0,"href":"https:\/\/www.chauffeurtaxi91.fr\/fr\/wp-json\/wp\/v2\/pages\/995\/revisions"}],"wp:attachment":[{"href":"https:\/\/www.chauffeurtaxi91.fr\/fr\/wp-json\/wp\/v2\/media?parent=995"}],"curies":[{"name":"wp","href":"https:\/\/api.w.org\/{rel}","templated":true}]}}